
{"id":38823,"date":"2024-09-04T10:42:32","date_gmt":"2024-09-04T10:42:32","guid":{"rendered":"https:\/\/mypalmleaf.com\/prices\/lasning-med-palmbladsbiblioteket-pa-bali\/"},"modified":"2025-08-28T10:21:44","modified_gmt":"2025-08-28T10:21:44","slug":"lasning-med-palmbladsbiblioteket-pa-bali","status":"publish","type":"product","link":"https:\/\/mypalmleaf.com\/sv\/prices\/lasning-med-palmbladsbiblioteket-pa-bali\/","title":{"rendered":"L\u00e4sning med palmbladsbiblioteket p\u00e5 Bali"},"content":{"rendered":"<p><strong>Nuvarande v\u00e4ntetid \u00e4r cirka 6 m\u00e5nader<\/strong><\/p>\n<ul>\n<li>Ditt palmblad l\u00e4ses och spelas in f\u00f6r dig i palmbladsbiblioteket p\u00e5 Bali<\/li>\n<li>Videoinspelning av din l\u00e4sning<\/li>\n<\/ul>\n","protected":false},"excerpt":{"rendered":"<ul>\n<li>Ditt palmblad l\u00e4ses och spelas in f\u00f6r dig i palmbladsbiblioteket p\u00e5 Bali<\/li>\n<li>Videoinspelning av din l\u00e4sning<\/li>\n<\/ul>\n","protected":false},"featured_media":10141,"comment_status":"open","ping_status":"closed","template":"","meta":{"_acf_changed":false},"product_brand":[],"product_cat":[360],"product_tag":[],"class_list":{"0":"post-38823","1":"product","2":"type-product","3":"status-publish","4":"has-post-thumbnail","6":"product_cat-okategoriserade","8":"first","9":"instock","10":"taxable","11":"shipping-taxable","12":"purchasable","13":"product-type-variable"},"exclude_global_add_ons":[],"addons":[],"acf":[],"yoast_head":"<!-- This site is optimized with the Yoast SEO plugin v26.4 - https:\/\/yoast.com\/wordpress\/plugins\/seo\/ -->\n<title>Palm Leaf Library Bali | My Palm Leaf<\/title>\n<meta name=\"description\" content=\"Uppt\u00e4ck Balis heliga palmbladsbibliotek och l\u00e5s upp ur\u00e5ldrig visdom. Utforska andliga insikter genom palmbladsavl\u00e4sningar - boka din transformativa session nu!\" \/>\n<meta name=\"robots\" content=\"index, follow, max-snippet:-1, max-image-preview:large, max-video-preview:-1\" \/>\n<link rel=\"canonical\" href=\"https:\/\/mypalmleaf.com\/sv\/prices\/lasning-med-palmbladsbiblioteket-pa-bali\/\" \/>\n<meta property=\"og:locale\" content=\"sv_SE\" \/>\n<meta property=\"og:type\" content=\"article\" \/>\n<meta property=\"og:title\" content=\"Palm Leaf Library Bali | My Palm Leaf\" \/>\n<meta property=\"og:description\" content=\"Uppt\u00e4ck Balis heliga palmbladsbibliotek och l\u00e5s upp ur\u00e5ldrig visdom. Utforska andliga insikter genom palmbladsavl\u00e4sningar - boka din transformativa session nu!\" \/>\n<meta property=\"og:url\" content=\"https:\/\/mypalmleaf.com\/sv\/prices\/lasning-med-palmbladsbiblioteket-pa-bali\/\" \/>\n<meta property=\"og:site_name\" content=\"My Palm Leaf\" \/>\n<meta property=\"article:modified_time\" content=\"2025-08-28T10:21:44+00:00\" \/>\n<meta property=\"og:image\" content=\"https:\/\/mypalmleaf.com\/wp-content\/uploads\/2024\/09\/mantra-product-page-7-1.jpg\" \/>\n\t<meta property=\"og:image:width\" content=\"800\" \/>\n\t<meta property=\"og:image:height\" content=\"444\" \/>\n\t<meta property=\"og:image:type\" content=\"image\/jpeg\" \/>\n<meta name=\"twitter:card\" content=\"summary_large_image\" \/>\n<meta name=\"twitter:label1\" content=\"Ber\u00e4knad l\u00e4stid\" \/>\n\t<meta name=\"twitter:data1\" content=\"1 minut\" \/>\n<script type=\"application\/ld+json\" class=\"yoast-schema-graph\">{\"@context\":\"https:\/\/schema.org\",\"@graph\":[{\"@type\":\"WebPage\",\"@id\":\"https:\/\/mypalmleaf.com\/sv\/prices\/lasning-med-palmbladsbiblioteket-pa-bali\/\",\"url\":\"https:\/\/mypalmleaf.com\/sv\/prices\/lasning-med-palmbladsbiblioteket-pa-bali\/\",\"name\":\"Palm Leaf Library Bali | My Palm Leaf\",\"isPartOf\":{\"@id\":\"https:\/\/mypalmleaf.com\/#website\"},\"primaryImageOfPage\":{\"@id\":\"https:\/\/mypalmleaf.com\/sv\/prices\/lasning-med-palmbladsbiblioteket-pa-bali\/#primaryimage\"},\"image\":{\"@id\":\"https:\/\/mypalmleaf.com\/sv\/prices\/lasning-med-palmbladsbiblioteket-pa-bali\/#primaryimage\"},\"thumbnailUrl\":\"https:\/\/mypalmleaf.com\/wp-content\/uploads\/2024\/09\/mantra-product-page-7-1.jpg\",\"datePublished\":\"2024-09-04T10:42:32+00:00\",\"dateModified\":\"2025-08-28T10:21:44+00:00\",\"description\":\"Uppt\u00e4ck Balis heliga palmbladsbibliotek och l\u00e5s upp ur\u00e5ldrig visdom. Utforska andliga insikter genom palmbladsavl\u00e4sningar - boka din transformativa session nu!\",\"breadcrumb\":{\"@id\":\"https:\/\/mypalmleaf.com\/sv\/prices\/lasning-med-palmbladsbiblioteket-pa-bali\/#breadcrumb\"},\"inLanguage\":\"sv-SE\",\"potentialAction\":[{\"@type\":\"ReadAction\",\"target\":[\"https:\/\/mypalmleaf.com\/sv\/prices\/lasning-med-palmbladsbiblioteket-pa-bali\/\"]}]},{\"@type\":\"ImageObject\",\"inLanguage\":\"sv-SE\",\"@id\":\"https:\/\/mypalmleaf.com\/sv\/prices\/lasning-med-palmbladsbiblioteket-pa-bali\/#primaryimage\",\"url\":\"https:\/\/mypalmleaf.com\/wp-content\/uploads\/2024\/09\/mantra-product-page-7-1.jpg\",\"contentUrl\":\"https:\/\/mypalmleaf.com\/wp-content\/uploads\/2024\/09\/mantra-product-page-7-1.jpg\",\"width\":800,\"height\":444,\"caption\":\"Palm Leaf library in Bali-01\"},{\"@type\":\"BreadcrumbList\",\"@id\":\"https:\/\/mypalmleaf.com\/sv\/prices\/lasning-med-palmbladsbiblioteket-pa-bali\/#breadcrumb\",\"itemListElement\":[{\"@type\":\"ListItem\",\"position\":1,\"name\":\"Home\",\"item\":\"https:\/\/mypalmleaf.com\/sv\/\"},{\"@type\":\"ListItem\",\"position\":2,\"name\":\"Shop\",\"item\":\"https:\/\/mypalmleaf.com\/et\/shop\/\"},{\"@type\":\"ListItem\",\"position\":3,\"name\":\"L\u00e4sning med palmbladsbiblioteket p\u00e5 Bali\"}]},{\"@type\":\"WebSite\",\"@id\":\"https:\/\/mypalmleaf.com\/#website\",\"url\":\"https:\/\/mypalmleaf.com\/\",\"name\":\"My Palm Leaf\",\"description\":\"\",\"potentialAction\":[{\"@type\":\"SearchAction\",\"target\":{\"@type\":\"EntryPoint\",\"urlTemplate\":\"https:\/\/mypalmleaf.com\/?s={search_term_string}\"},\"query-input\":{\"@type\":\"PropertyValueSpecification\",\"valueRequired\":true,\"valueName\":\"search_term_string\"}}],\"inLanguage\":\"sv-SE\"}]}<\/script>\n<!-- \/ Yoast SEO plugin. -->","yoast_head_json":{"title":"Palm Leaf Library Bali | My Palm Leaf","description":"Uppt\u00e4ck Balis heliga palmbladsbibliotek och l\u00e5s upp ur\u00e5ldrig visdom. Utforska andliga insikter genom palmbladsavl\u00e4sningar - boka din transformativa session nu!","robots":{"index":"index","follow":"follow","max-snippet":"max-snippet:-1","max-image-preview":"max-image-preview:large","max-video-preview":"max-video-preview:-1"},"canonical":"https:\/\/mypalmleaf.com\/sv\/prices\/lasning-med-palmbladsbiblioteket-pa-bali\/","og_locale":"sv_SE","og_type":"article","og_title":"Palm Leaf Library Bali | My Palm Leaf","og_description":"Uppt\u00e4ck Balis heliga palmbladsbibliotek och l\u00e5s upp ur\u00e5ldrig visdom. Utforska andliga insikter genom palmbladsavl\u00e4sningar - boka din transformativa session nu!","og_url":"https:\/\/mypalmleaf.com\/sv\/prices\/lasning-med-palmbladsbiblioteket-pa-bali\/","og_site_name":"My Palm Leaf","article_modified_time":"2025-08-28T10:21:44+00:00","og_image":[{"width":800,"height":444,"url":"https:\/\/mypalmleaf.com\/wp-content\/uploads\/2024\/09\/mantra-product-page-7-1.jpg","type":"image\/jpeg"}],"twitter_card":"summary_large_image","twitter_misc":{"Ber\u00e4knad l\u00e4stid":"1 minut"},"schema":{"@context":"https:\/\/schema.org","@graph":[{"@type":"WebPage","@id":"https:\/\/mypalmleaf.com\/sv\/prices\/lasning-med-palmbladsbiblioteket-pa-bali\/","url":"https:\/\/mypalmleaf.com\/sv\/prices\/lasning-med-palmbladsbiblioteket-pa-bali\/","name":"Palm Leaf Library Bali | My Palm Leaf","isPartOf":{"@id":"https:\/\/mypalmleaf.com\/#website"},"primaryImageOfPage":{"@id":"https:\/\/mypalmleaf.com\/sv\/prices\/lasning-med-palmbladsbiblioteket-pa-bali\/#primaryimage"},"image":{"@id":"https:\/\/mypalmleaf.com\/sv\/prices\/lasning-med-palmbladsbiblioteket-pa-bali\/#primaryimage"},"thumbnailUrl":"https:\/\/mypalmleaf.com\/wp-content\/uploads\/2024\/09\/mantra-product-page-7-1.jpg","datePublished":"2024-09-04T10:42:32+00:00","dateModified":"2025-08-28T10:21:44+00:00","description":"Uppt\u00e4ck Balis heliga palmbladsbibliotek och l\u00e5s upp ur\u00e5ldrig visdom. Utforska andliga insikter genom palmbladsavl\u00e4sningar - boka din transformativa session nu!","breadcrumb":{"@id":"https:\/\/mypalmleaf.com\/sv\/prices\/lasning-med-palmbladsbiblioteket-pa-bali\/#breadcrumb"},"inLanguage":"sv-SE","potentialAction":[{"@type":"ReadAction","target":["https:\/\/mypalmleaf.com\/sv\/prices\/lasning-med-palmbladsbiblioteket-pa-bali\/"]}]},{"@type":"ImageObject","inLanguage":"sv-SE","@id":"https:\/\/mypalmleaf.com\/sv\/prices\/lasning-med-palmbladsbiblioteket-pa-bali\/#primaryimage","url":"https:\/\/mypalmleaf.com\/wp-content\/uploads\/2024\/09\/mantra-product-page-7-1.jpg","contentUrl":"https:\/\/mypalmleaf.com\/wp-content\/uploads\/2024\/09\/mantra-product-page-7-1.jpg","width":800,"height":444,"caption":"Palm Leaf library in Bali-01"},{"@type":"BreadcrumbList","@id":"https:\/\/mypalmleaf.com\/sv\/prices\/lasning-med-palmbladsbiblioteket-pa-bali\/#breadcrumb","itemListElement":[{"@type":"ListItem","position":1,"name":"Home","item":"https:\/\/mypalmleaf.com\/sv\/"},{"@type":"ListItem","position":2,"name":"Shop","item":"https:\/\/mypalmleaf.com\/et\/shop\/"},{"@type":"ListItem","position":3,"name":"L\u00e4sning med palmbladsbiblioteket p\u00e5 Bali"}]},{"@type":"WebSite","@id":"https:\/\/mypalmleaf.com\/#website","url":"https:\/\/mypalmleaf.com\/","name":"My Palm Leaf","description":"","potentialAction":[{"@type":"SearchAction","target":{"@type":"EntryPoint","urlTemplate":"https:\/\/mypalmleaf.com\/?s={search_term_string}"},"query-input":{"@type":"PropertyValueSpecification","valueRequired":true,"valueName":"search_term_string"}}],"inLanguage":"sv-SE"}]}},"_links":{"self":[{"href":"https:\/\/mypalmleaf.com\/sv\/wp-json\/wp\/v2\/product\/38823","targetHints":{"allow":["GET"]}}],"collection":[{"href":"https:\/\/mypalmleaf.com\/sv\/wp-json\/wp\/v2\/product"}],"about":[{"href":"https:\/\/mypalmleaf.com\/sv\/wp-json\/wp\/v2\/types\/product"}],"replies":[{"embeddable":true,"href":"https:\/\/mypalmleaf.com\/sv\/wp-json\/wp\/v2\/comments?post=38823"}],"wp:featuredmedia":[{"embeddable":true,"href":"https:\/\/mypalmleaf.com\/sv\/wp-json\/wp\/v2\/media\/10141"}],"wp:attachment":[{"href":"https:\/\/mypalmleaf.com\/sv\/wp-json\/wp\/v2\/media?parent=38823"}],"wp:term":[{"taxonomy":"product_brand","embeddable":true,"href":"https:\/\/mypalmleaf.com\/sv\/wp-json\/wp\/v2\/product_brand?post=38823"},{"taxonomy":"product_cat","embeddable":true,"href":"https:\/\/mypalmleaf.com\/sv\/wp-json\/wp\/v2\/product_cat?post=38823"},{"taxonomy":"product_tag","embeddable":true,"href":"https:\/\/mypalmleaf.com\/sv\/wp-json\/wp\/v2\/product_tag?post=38823"}],"curies":[{"name":"wp","href":"https:\/\/api.w.org\/{rel}","templated":true}]}}