{"id":38837,"date":"2024-09-04T10:43:37","date_gmt":"2024-09-04T10:43:37","guid":{"rendered":"https:\/\/mypalmleaf.com\/prices\/boka-om-din-tid\/"},"modified":"2025-08-05T12:03:58","modified_gmt":"2025-08-05T12:03:58","slug":"boka-om-din-tid","status":"publish","type":"product","link":"https:\/\/mypalmleaf.com\/sv\/prices\/boka-om-din-tid\/","title":{"rendered":"Boka om din tid"},"content":{"rendered":"<p>Du kan boka om din tid utan kostnad fram till 48 timmar f\u00f6re den planerade tiden.<\/p>\n<p>Om du bokar om mindre \u00e4n 48 timmar f\u00f6re tiden, inte dyker upp eller \u00e4r mer \u00e4n 20 minuter f\u00f6rsenad, tillkommer en ombokningsavgift eftersom tiden har blockerats f\u00f6r dig.<\/p>\n","protected":false},"excerpt":{"rendered":"<p>Om du bokar om mindre \u00e4n 48 timmar f\u00f6re m\u00f6tet&#8230;<\/p>\n","protected":false},"featured_media":10102,"comment_status":"open","ping_status":"closed","template":"","meta":{"_acf_changed":false},"product_brand":[],"product_cat":[360],"product_tag":[],"class_list":{"0":"post-38837","1":"product","2":"type-product","3":"status-publish","4":"has-post-thumbnail","6":"product_cat-okategoriserade","8":"first","9":"instock","10":"virtual","11":"taxable","12":"purchasable","13":"product-type-simple"},"exclude_global_add_ons":[],"addons":[],"acf":[],"yoast_head":"<!-- This site is optimized with the Yoast SEO plugin v26.4 - https:\/\/yoast.com\/wordpress\/plugins\/seo\/ -->\n<title>Boka om din tid f\u00f6r palmbladsl\u00e4sning \u2013 Enkelt och snabbt<\/title>\n<meta name=\"description\" content=\"Beh\u00f6ver du \u00e4ndra din bokning? H\u00e4r kan du enkelt boka om din tid f\u00f6r en palmbladsl\u00e4sning eller andlig konsultation.\" \/>\n<meta name=\"robots\" content=\"index, follow, max-snippet:-1, max-image-preview:large, max-video-preview:-1\" \/>\n<link rel=\"canonical\" href=\"https:\/\/mypalmleaf.com\/sv\/prices\/boka-om-din-tid\/\" \/>\n<meta property=\"og:locale\" content=\"sv_SE\" \/>\n<meta property=\"og:type\" content=\"article\" \/>\n<meta property=\"og:title\" content=\"Boka om din tid f\u00f6r palmbladsl\u00e4sning \u2013 Enkelt och snabbt\" \/>\n<meta property=\"og:description\" content=\"Beh\u00f6ver du \u00e4ndra din bokning? H\u00e4r kan du enkelt boka om din tid f\u00f6r en palmbladsl\u00e4sning eller andlig konsultation.\" \/>\n<meta property=\"og:url\" content=\"https:\/\/mypalmleaf.com\/sv\/prices\/boka-om-din-tid\/\" \/>\n<meta property=\"og:site_name\" content=\"My Palm Leaf\" \/>\n<meta property=\"article:modified_time\" content=\"2025-08-05T12:03:58+00:00\" \/>\n<meta property=\"og:image\" content=\"https:\/\/mypalmleaf.com\/wp-content\/uploads\/2024\/09\/services-thumb-1-1-1.jpg\" \/>\n\t<meta property=\"og:image:width\" content=\"800\" \/>\n\t<meta property=\"og:image:height\" content=\"444\" \/>\n\t<meta property=\"og:image:type\" content=\"image\/jpeg\" \/>\n<meta name=\"twitter:card\" content=\"summary_large_image\" \/>\n<meta name=\"twitter:label1\" content=\"Ber\u00e4knad l\u00e4stid\" \/>\n\t<meta name=\"twitter:data1\" content=\"1 minut\" \/>\n<script type=\"application\/ld+json\" class=\"yoast-schema-graph\">{\"@context\":\"https:\/\/schema.org\",\"@graph\":[{\"@type\":\"WebPage\",\"@id\":\"https:\/\/mypalmleaf.com\/sv\/prices\/boka-om-din-tid\/\",\"url\":\"https:\/\/mypalmleaf.com\/sv\/prices\/boka-om-din-tid\/\",\"name\":\"Boka om din tid f\u00f6r palmbladsl\u00e4sning \u2013 Enkelt och snabbt\",\"isPartOf\":{\"@id\":\"https:\/\/mypalmleaf.com\/#website\"},\"primaryImageOfPage\":{\"@id\":\"https:\/\/mypalmleaf.com\/sv\/prices\/boka-om-din-tid\/#primaryimage\"},\"image\":{\"@id\":\"https:\/\/mypalmleaf.com\/sv\/prices\/boka-om-din-tid\/#primaryimage\"},\"thumbnailUrl\":\"https:\/\/mypalmleaf.com\/wp-content\/uploads\/2024\/09\/services-thumb-1-1-1.jpg\",\"datePublished\":\"2024-09-04T10:43:37+00:00\",\"dateModified\":\"2025-08-05T12:03:58+00:00\",\"description\":\"Beh\u00f6ver du \u00e4ndra din bokning? H\u00e4r kan du enkelt boka om din tid f\u00f6r en palmbladsl\u00e4sning eller andlig konsultation.\",\"breadcrumb\":{\"@id\":\"https:\/\/mypalmleaf.com\/sv\/prices\/boka-om-din-tid\/#breadcrumb\"},\"inLanguage\":\"sv-SE\",\"potentialAction\":[{\"@type\":\"ReadAction\",\"target\":[\"https:\/\/mypalmleaf.com\/sv\/prices\/boka-om-din-tid\/\"]}]},{\"@type\":\"ImageObject\",\"inLanguage\":\"sv-SE\",\"@id\":\"https:\/\/mypalmleaf.com\/sv\/prices\/boka-om-din-tid\/#primaryimage\",\"url\":\"https:\/\/mypalmleaf.com\/wp-content\/uploads\/2024\/09\/services-thumb-1-1-1.jpg\",\"contentUrl\":\"https:\/\/mypalmleaf.com\/wp-content\/uploads\/2024\/09\/services-thumb-1-1-1.jpg\",\"width\":800,\"height\":444,\"caption\":\"Nadi astrology-01\"},{\"@type\":\"BreadcrumbList\",\"@id\":\"https:\/\/mypalmleaf.com\/sv\/prices\/boka-om-din-tid\/#breadcrumb\",\"itemListElement\":[{\"@type\":\"ListItem\",\"position\":1,\"name\":\"Home\",\"item\":\"https:\/\/mypalmleaf.com\/sv\/\"},{\"@type\":\"ListItem\",\"position\":2,\"name\":\"Shop\",\"item\":\"https:\/\/mypalmleaf.com\/et\/shop\/\"},{\"@type\":\"ListItem\",\"position\":3,\"name\":\"Boka om din tid\"}]},{\"@type\":\"WebSite\",\"@id\":\"https:\/\/mypalmleaf.com\/#website\",\"url\":\"https:\/\/mypalmleaf.com\/\",\"name\":\"My Palm Leaf\",\"description\":\"\",\"potentialAction\":[{\"@type\":\"SearchAction\",\"target\":{\"@type\":\"EntryPoint\",\"urlTemplate\":\"https:\/\/mypalmleaf.com\/?s={search_term_string}\"},\"query-input\":{\"@type\":\"PropertyValueSpecification\",\"valueRequired\":true,\"valueName\":\"search_term_string\"}}],\"inLanguage\":\"sv-SE\"}]}<\/script>\n<!-- \/ Yoast SEO plugin. -->","yoast_head_json":{"title":"Boka om din tid f\u00f6r palmbladsl\u00e4sning \u2013 Enkelt och snabbt","description":"Beh\u00f6ver du \u00e4ndra din bokning? H\u00e4r kan du enkelt boka om din tid f\u00f6r en palmbladsl\u00e4sning eller andlig konsultation.","robots":{"index":"index","follow":"follow","max-snippet":"max-snippet:-1","max-image-preview":"max-image-preview:large","max-video-preview":"max-video-preview:-1"},"canonical":"https:\/\/mypalmleaf.com\/sv\/prices\/boka-om-din-tid\/","og_locale":"sv_SE","og_type":"article","og_title":"Boka om din tid f\u00f6r palmbladsl\u00e4sning \u2013 Enkelt och snabbt","og_description":"Beh\u00f6ver du \u00e4ndra din bokning? H\u00e4r kan du enkelt boka om din tid f\u00f6r en palmbladsl\u00e4sning eller andlig konsultation.","og_url":"https:\/\/mypalmleaf.com\/sv\/prices\/boka-om-din-tid\/","og_site_name":"My Palm Leaf","article_modified_time":"2025-08-05T12:03:58+00:00","og_image":[{"width":800,"height":444,"url":"https:\/\/mypalmleaf.com\/wp-content\/uploads\/2024\/09\/services-thumb-1-1-1.jpg","type":"image\/jpeg"}],"twitter_card":"summary_large_image","twitter_misc":{"Ber\u00e4knad l\u00e4stid":"1 minut"},"schema":{"@context":"https:\/\/schema.org","@graph":[{"@type":"WebPage","@id":"https:\/\/mypalmleaf.com\/sv\/prices\/boka-om-din-tid\/","url":"https:\/\/mypalmleaf.com\/sv\/prices\/boka-om-din-tid\/","name":"Boka om din tid f\u00f6r palmbladsl\u00e4sning \u2013 Enkelt och snabbt","isPartOf":{"@id":"https:\/\/mypalmleaf.com\/#website"},"primaryImageOfPage":{"@id":"https:\/\/mypalmleaf.com\/sv\/prices\/boka-om-din-tid\/#primaryimage"},"image":{"@id":"https:\/\/mypalmleaf.com\/sv\/prices\/boka-om-din-tid\/#primaryimage"},"thumbnailUrl":"https:\/\/mypalmleaf.com\/wp-content\/uploads\/2024\/09\/services-thumb-1-1-1.jpg","datePublished":"2024-09-04T10:43:37+00:00","dateModified":"2025-08-05T12:03:58+00:00","description":"Beh\u00f6ver du \u00e4ndra din bokning? H\u00e4r kan du enkelt boka om din tid f\u00f6r en palmbladsl\u00e4sning eller andlig konsultation.","breadcrumb":{"@id":"https:\/\/mypalmleaf.com\/sv\/prices\/boka-om-din-tid\/#breadcrumb"},"inLanguage":"sv-SE","potentialAction":[{"@type":"ReadAction","target":["https:\/\/mypalmleaf.com\/sv\/prices\/boka-om-din-tid\/"]}]},{"@type":"ImageObject","inLanguage":"sv-SE","@id":"https:\/\/mypalmleaf.com\/sv\/prices\/boka-om-din-tid\/#primaryimage","url":"https:\/\/mypalmleaf.com\/wp-content\/uploads\/2024\/09\/services-thumb-1-1-1.jpg","contentUrl":"https:\/\/mypalmleaf.com\/wp-content\/uploads\/2024\/09\/services-thumb-1-1-1.jpg","width":800,"height":444,"caption":"Nadi astrology-01"},{"@type":"BreadcrumbList","@id":"https:\/\/mypalmleaf.com\/sv\/prices\/boka-om-din-tid\/#breadcrumb","itemListElement":[{"@type":"ListItem","position":1,"name":"Home","item":"https:\/\/mypalmleaf.com\/sv\/"},{"@type":"ListItem","position":2,"name":"Shop","item":"https:\/\/mypalmleaf.com\/et\/shop\/"},{"@type":"ListItem","position":3,"name":"Boka om din tid"}]},{"@type":"WebSite","@id":"https:\/\/mypalmleaf.com\/#website","url":"https:\/\/mypalmleaf.com\/","name":"My Palm Leaf","description":"","potentialAction":[{"@type":"SearchAction","target":{"@type":"EntryPoint","urlTemplate":"https:\/\/mypalmleaf.com\/?s={search_term_string}"},"query-input":{"@type":"PropertyValueSpecification","valueRequired":true,"valueName":"search_term_string"}}],"inLanguage":"sv-SE"}]}},"_links":{"self":[{"href":"https:\/\/mypalmleaf.com\/sv\/wp-json\/wp\/v2\/product\/38837","targetHints":{"allow":["GET"]}}],"collection":[{"href":"https:\/\/mypalmleaf.com\/sv\/wp-json\/wp\/v2\/product"}],"about":[{"href":"https:\/\/mypalmleaf.com\/sv\/wp-json\/wp\/v2\/types\/product"}],"replies":[{"embeddable":true,"href":"https:\/\/mypalmleaf.com\/sv\/wp-json\/wp\/v2\/comments?post=38837"}],"wp:featuredmedia":[{"embeddable":true,"href":"https:\/\/mypalmleaf.com\/sv\/wp-json\/wp\/v2\/media\/10102"}],"wp:attachment":[{"href":"https:\/\/mypalmleaf.com\/sv\/wp-json\/wp\/v2\/media?parent=38837"}],"wp:term":[{"taxonomy":"product_brand","embeddable":true,"href":"https:\/\/mypalmleaf.com\/sv\/wp-json\/wp\/v2\/product_brand?post=38837"},{"taxonomy":"product_cat","embeddable":true,"href":"https:\/\/mypalmleaf.com\/sv\/wp-json\/wp\/v2\/product_cat?post=38837"},{"taxonomy":"product_tag","embeddable":true,"href":"https:\/\/mypalmleaf.com\/sv\/wp-json\/wp\/v2\/product_tag?post=38837"}],"curies":[{"name":"wp","href":"https:\/\/api.w.org\/{rel}","templated":true}]}}