
{"id":38850,"date":"2024-09-04T10:44:34","date_gmt":"2024-09-04T10:44:34","guid":{"rendered":"https:\/\/mypalmleaf.com\/prices\/malas-handgjorda-bonparlor\/"},"modified":"2025-08-28T10:20:26","modified_gmt":"2025-08-28T10:20:26","slug":"malas-handgjorda-bonparlor","status":"publish","type":"product","link":"https:\/\/mypalmleaf.com\/sv\/prices\/malas-handgjorda-bonparlor\/","title":{"rendered":"Malas &#8211; handgjorda b\u00f6np\u00e4rlor"},"content":{"rendered":"<p>En Mala, eller b\u00f6np\u00e4rla, \u00e4r ett kraftfullt verktyg i mantraut\u00f6vningen, utformat f\u00f6r att hj\u00e4lpa dig att beh\u00e5lla fokus och f\u00f6rdjupa din meditation. Varje Mala \u00e4r fylld med energin fr\u00e5n din \u00f6vning och fungerar som en andlig f\u00f6ljeslagare p\u00e5 din resa. Vi erbjuder tv\u00e5 unika varianter, var och en tillverkad med omsorg och syfte:<\/p>\n<ul>\n<li><strong>Rudraksha Mala fr\u00e5n Himalaya<\/strong><br \/>\nDenna traditionella Mala \u00e4r gjord av heliga Rudraksha-fr\u00f6n, v\u00f6rdade f\u00f6r sin andliga betydelse och koppling till Shiva. Dessa p\u00e4rlor \u00e4r k\u00e4nda f\u00f6r sin f\u00f6rm\u00e5ga att st\u00f6dja djup meditation och \u00e4r noggrant h\u00e4mtade fr\u00e5n Himalaya-regionen och tros f\u00f6rb\u00e4ttra andlig tillv\u00e4xt och skydd. Din Rudraksha Mala kommer att skickas till din tr\u00f6skel och b\u00e4ra den heliga energin fr\u00e5n sitt ursprung.<\/li>\n<li><strong>Handgjord Mala av v\u00e5r hantverkare, Spanda<\/strong><br \/>\nF\u00f6r en mer personlig upplevelse, v\u00e4lj en premium, handgjord Mala gjord av v\u00e5r Mala-konstn\u00e4r, Spanda. Innan han b\u00f6rjar skapa din Mala kommer Spanda att h\u00e5lla ett videosamtal med dig f\u00f6r att diskutera dina avsikter, de energier du vill bjuda in i ditt liv och dina preferenser f\u00f6r halv\u00e4delstenar. Han kommer sedan att tillverka Mala specifikt f\u00f6r dig och fylla den med v\u00e4lsignelser och andlig energi innan han skickar den till dig. Denna anpassade Mala \u00e4r mer \u00e4n ett meditationsverktyg; det \u00e4r en \u00e5terspegling av din personliga andliga resa.<\/li>\n<\/ul>\n","protected":false},"excerpt":{"rendered":"<p>En Mala, eller b\u00f6np\u00e4rla, \u00e4r ett kraftfullt verktyg i mantra\u00f6vningen, utformat f\u00f6r att hj\u00e4lpa dig att beh\u00e5lla fokus och f\u00f6rdjupa din meditation.<\/p>\n","protected":false},"featured_media":4194,"comment_status":"open","ping_status":"closed","template":"","meta":{"_acf_changed":false},"product_brand":[],"product_cat":[360],"product_tag":[],"class_list":{"0":"post-38850","1":"product","2":"type-product","3":"status-publish","4":"has-post-thumbnail","6":"product_cat-okategoriserade","7":"product_shipping_class-fysisk-produkt-sv","9":"first","10":"instock","11":"taxable","12":"shipping-taxable","13":"purchasable","14":"product-type-variable"},"exclude_global_add_ons":[],"addons":[],"acf":[],"yoast_head":"<!-- This site is optimized with the Yoast SEO plugin v26.4 - https:\/\/yoast.com\/wordpress\/plugins\/seo\/ -->\n<title>Handgjorda b\u00f6nperlor: Unika smycken f\u00f6r meditation<\/title>\n<meta name=\"description\" content=\"Uppt\u00e4ck handknutna malas \u2013 b\u00f6nekransar med 108 p\u00e4rlor f\u00f6r meditation och mindfulness. Skapa inre frid och fokus. Best\u00e4ll din unika mala idag!\" \/>\n<meta name=\"robots\" content=\"index, follow, max-snippet:-1, max-image-preview:large, max-video-preview:-1\" \/>\n<link rel=\"canonical\" href=\"https:\/\/mypalmleaf.com\/sv\/prices\/malas-handgjorda-bonparlor\/\" \/>\n<meta property=\"og:locale\" content=\"sv_SE\" \/>\n<meta property=\"og:type\" content=\"article\" \/>\n<meta property=\"og:title\" content=\"Handgjorda b\u00f6nperlor: Unika smycken f\u00f6r meditation\" \/>\n<meta property=\"og:description\" content=\"Uppt\u00e4ck handknutna malas \u2013 b\u00f6nekransar med 108 p\u00e4rlor f\u00f6r meditation och mindfulness. Skapa inre frid och fokus. Best\u00e4ll din unika mala idag!\" \/>\n<meta property=\"og:url\" content=\"https:\/\/mypalmleaf.com\/sv\/prices\/malas-handgjorda-bonparlor\/\" \/>\n<meta property=\"og:site_name\" content=\"My Palm Leaf\" \/>\n<meta property=\"article:modified_time\" content=\"2025-08-28T10:20:26+00:00\" \/>\n<meta property=\"og:image\" content=\"https:\/\/mypalmleaf.com\/wp-content\/uploads\/2024\/09\/mala.jpg\" \/>\n\t<meta property=\"og:image:width\" content=\"1280\" \/>\n\t<meta property=\"og:image:height\" content=\"720\" \/>\n\t<meta property=\"og:image:type\" content=\"image\/jpeg\" \/>\n<meta name=\"twitter:card\" content=\"summary_large_image\" \/>\n<meta name=\"twitter:label1\" content=\"Ber\u00e4knad l\u00e4stid\" \/>\n\t<meta name=\"twitter:data1\" content=\"2 minuter\" \/>\n<script type=\"application\/ld+json\" class=\"yoast-schema-graph\">{\"@context\":\"https:\/\/schema.org\",\"@graph\":[{\"@type\":\"WebPage\",\"@id\":\"https:\/\/mypalmleaf.com\/sv\/prices\/malas-handgjorda-bonparlor\/\",\"url\":\"https:\/\/mypalmleaf.com\/sv\/prices\/malas-handgjorda-bonparlor\/\",\"name\":\"Handgjorda b\u00f6nperlor: Unika smycken f\u00f6r meditation\",\"isPartOf\":{\"@id\":\"https:\/\/mypalmleaf.com\/#website\"},\"primaryImageOfPage\":{\"@id\":\"https:\/\/mypalmleaf.com\/sv\/prices\/malas-handgjorda-bonparlor\/#primaryimage\"},\"image\":{\"@id\":\"https:\/\/mypalmleaf.com\/sv\/prices\/malas-handgjorda-bonparlor\/#primaryimage\"},\"thumbnailUrl\":\"https:\/\/mypalmleaf.com\/wp-content\/uploads\/2024\/09\/mala.jpg\",\"datePublished\":\"2024-09-04T10:44:34+00:00\",\"dateModified\":\"2025-08-28T10:20:26+00:00\",\"description\":\"Uppt\u00e4ck handknutna malas \u2013 b\u00f6nekransar med 108 p\u00e4rlor f\u00f6r meditation och mindfulness. Skapa inre frid och fokus. Best\u00e4ll din unika mala idag!\",\"breadcrumb\":{\"@id\":\"https:\/\/mypalmleaf.com\/sv\/prices\/malas-handgjorda-bonparlor\/#breadcrumb\"},\"inLanguage\":\"sv-SE\",\"potentialAction\":[{\"@type\":\"ReadAction\",\"target\":[\"https:\/\/mypalmleaf.com\/sv\/prices\/malas-handgjorda-bonparlor\/\"]}]},{\"@type\":\"ImageObject\",\"inLanguage\":\"sv-SE\",\"@id\":\"https:\/\/mypalmleaf.com\/sv\/prices\/malas-handgjorda-bonparlor\/#primaryimage\",\"url\":\"https:\/\/mypalmleaf.com\/wp-content\/uploads\/2024\/09\/mala.jpg\",\"contentUrl\":\"https:\/\/mypalmleaf.com\/wp-content\/uploads\/2024\/09\/mala.jpg\",\"width\":1280,\"height\":720,\"caption\":\"mala\"},{\"@type\":\"BreadcrumbList\",\"@id\":\"https:\/\/mypalmleaf.com\/sv\/prices\/malas-handgjorda-bonparlor\/#breadcrumb\",\"itemListElement\":[{\"@type\":\"ListItem\",\"position\":1,\"name\":\"Home\",\"item\":\"https:\/\/mypalmleaf.com\/sv\/\"},{\"@type\":\"ListItem\",\"position\":2,\"name\":\"Shop\",\"item\":\"https:\/\/mypalmleaf.com\/et\/shop\/\"},{\"@type\":\"ListItem\",\"position\":3,\"name\":\"Malas &#8211; handgjorda b\u00f6np\u00e4rlor\"}]},{\"@type\":\"WebSite\",\"@id\":\"https:\/\/mypalmleaf.com\/#website\",\"url\":\"https:\/\/mypalmleaf.com\/\",\"name\":\"My Palm Leaf\",\"description\":\"\",\"potentialAction\":[{\"@type\":\"SearchAction\",\"target\":{\"@type\":\"EntryPoint\",\"urlTemplate\":\"https:\/\/mypalmleaf.com\/?s={search_term_string}\"},\"query-input\":{\"@type\":\"PropertyValueSpecification\",\"valueRequired\":true,\"valueName\":\"search_term_string\"}}],\"inLanguage\":\"sv-SE\"}]}<\/script>\n<!-- \/ Yoast SEO plugin. -->","yoast_head_json":{"title":"Handgjorda b\u00f6nperlor: Unika smycken f\u00f6r meditation","description":"Uppt\u00e4ck handknutna malas \u2013 b\u00f6nekransar med 108 p\u00e4rlor f\u00f6r meditation och mindfulness. Skapa inre frid och fokus. Best\u00e4ll din unika mala idag!","robots":{"index":"index","follow":"follow","max-snippet":"max-snippet:-1","max-image-preview":"max-image-preview:large","max-video-preview":"max-video-preview:-1"},"canonical":"https:\/\/mypalmleaf.com\/sv\/prices\/malas-handgjorda-bonparlor\/","og_locale":"sv_SE","og_type":"article","og_title":"Handgjorda b\u00f6nperlor: Unika smycken f\u00f6r meditation","og_description":"Uppt\u00e4ck handknutna malas \u2013 b\u00f6nekransar med 108 p\u00e4rlor f\u00f6r meditation och mindfulness. Skapa inre frid och fokus. Best\u00e4ll din unika mala idag!","og_url":"https:\/\/mypalmleaf.com\/sv\/prices\/malas-handgjorda-bonparlor\/","og_site_name":"My Palm Leaf","article_modified_time":"2025-08-28T10:20:26+00:00","og_image":[{"width":1280,"height":720,"url":"https:\/\/mypalmleaf.com\/wp-content\/uploads\/2024\/09\/mala.jpg","type":"image\/jpeg"}],"twitter_card":"summary_large_image","twitter_misc":{"Ber\u00e4knad l\u00e4stid":"2 minuter"},"schema":{"@context":"https:\/\/schema.org","@graph":[{"@type":"WebPage","@id":"https:\/\/mypalmleaf.com\/sv\/prices\/malas-handgjorda-bonparlor\/","url":"https:\/\/mypalmleaf.com\/sv\/prices\/malas-handgjorda-bonparlor\/","name":"Handgjorda b\u00f6nperlor: Unika smycken f\u00f6r meditation","isPartOf":{"@id":"https:\/\/mypalmleaf.com\/#website"},"primaryImageOfPage":{"@id":"https:\/\/mypalmleaf.com\/sv\/prices\/malas-handgjorda-bonparlor\/#primaryimage"},"image":{"@id":"https:\/\/mypalmleaf.com\/sv\/prices\/malas-handgjorda-bonparlor\/#primaryimage"},"thumbnailUrl":"https:\/\/mypalmleaf.com\/wp-content\/uploads\/2024\/09\/mala.jpg","datePublished":"2024-09-04T10:44:34+00:00","dateModified":"2025-08-28T10:20:26+00:00","description":"Uppt\u00e4ck handknutna malas \u2013 b\u00f6nekransar med 108 p\u00e4rlor f\u00f6r meditation och mindfulness. Skapa inre frid och fokus. Best\u00e4ll din unika mala idag!","breadcrumb":{"@id":"https:\/\/mypalmleaf.com\/sv\/prices\/malas-handgjorda-bonparlor\/#breadcrumb"},"inLanguage":"sv-SE","potentialAction":[{"@type":"ReadAction","target":["https:\/\/mypalmleaf.com\/sv\/prices\/malas-handgjorda-bonparlor\/"]}]},{"@type":"ImageObject","inLanguage":"sv-SE","@id":"https:\/\/mypalmleaf.com\/sv\/prices\/malas-handgjorda-bonparlor\/#primaryimage","url":"https:\/\/mypalmleaf.com\/wp-content\/uploads\/2024\/09\/mala.jpg","contentUrl":"https:\/\/mypalmleaf.com\/wp-content\/uploads\/2024\/09\/mala.jpg","width":1280,"height":720,"caption":"mala"},{"@type":"BreadcrumbList","@id":"https:\/\/mypalmleaf.com\/sv\/prices\/malas-handgjorda-bonparlor\/#breadcrumb","itemListElement":[{"@type":"ListItem","position":1,"name":"Home","item":"https:\/\/mypalmleaf.com\/sv\/"},{"@type":"ListItem","position":2,"name":"Shop","item":"https:\/\/mypalmleaf.com\/et\/shop\/"},{"@type":"ListItem","position":3,"name":"Malas &#8211; handgjorda b\u00f6np\u00e4rlor"}]},{"@type":"WebSite","@id":"https:\/\/mypalmleaf.com\/#website","url":"https:\/\/mypalmleaf.com\/","name":"My Palm Leaf","description":"","potentialAction":[{"@type":"SearchAction","target":{"@type":"EntryPoint","urlTemplate":"https:\/\/mypalmleaf.com\/?s={search_term_string}"},"query-input":{"@type":"PropertyValueSpecification","valueRequired":true,"valueName":"search_term_string"}}],"inLanguage":"sv-SE"}]}},"_links":{"self":[{"href":"https:\/\/mypalmleaf.com\/sv\/wp-json\/wp\/v2\/product\/38850","targetHints":{"allow":["GET"]}}],"collection":[{"href":"https:\/\/mypalmleaf.com\/sv\/wp-json\/wp\/v2\/product"}],"about":[{"href":"https:\/\/mypalmleaf.com\/sv\/wp-json\/wp\/v2\/types\/product"}],"replies":[{"embeddable":true,"href":"https:\/\/mypalmleaf.com\/sv\/wp-json\/wp\/v2\/comments?post=38850"}],"wp:featuredmedia":[{"embeddable":true,"href":"https:\/\/mypalmleaf.com\/sv\/wp-json\/wp\/v2\/media\/4194"}],"wp:attachment":[{"href":"https:\/\/mypalmleaf.com\/sv\/wp-json\/wp\/v2\/media?parent=38850"}],"wp:term":[{"taxonomy":"product_brand","embeddable":true,"href":"https:\/\/mypalmleaf.com\/sv\/wp-json\/wp\/v2\/product_brand?post=38850"},{"taxonomy":"product_cat","embeddable":true,"href":"https:\/\/mypalmleaf.com\/sv\/wp-json\/wp\/v2\/product_cat?post=38850"},{"taxonomy":"product_tag","embeddable":true,"href":"https:\/\/mypalmleaf.com\/sv\/wp-json\/wp\/v2\/product_tag?post=38850"}],"curies":[{"name":"wp","href":"https:\/\/api.w.org\/{rel}","templated":true}]}}