
{"id":38888,"date":"2024-09-04T10:45:22","date_gmt":"2024-09-04T10:45:22","guid":{"rendered":"https:\/\/mypalmleaf.com\/prices\/60-minuters-konsultationssamtal-med-en-av-vara-moderatorer\/"},"modified":"2025-03-31T11:19:08","modified_gmt":"2025-03-31T11:19:08","slug":"60-minuters-konsultationssamtal-med-en-av-vara-moderatorer","status":"publish","type":"product","link":"https:\/\/mypalmleaf.com\/sv\/prices\/60-minuters-konsultationssamtal-med-en-av-vara-moderatorer\/","title":{"rendered":"60 minuters konsultationssamtal med en av v\u00e5ra moderatorer"},"content":{"rendered":"<p>Palm Leaf-l\u00e4sningen kan initiera djupa transformationsprocesser som s\u00e5 sm\u00e5ningom kommer att leda dig till mer lycka, men kan ocks\u00e5 vara utmanande. Om du vill ha st\u00f6d i att integrera informationen och upplevelsen i ditt liv, erbjuder vi integrations- och coachningssamtal via Zoom.<\/p>\n<p><a href=\"\/integration-and-guidance-calls\/\">H\u00e4r<\/a> kan du <a href=\"\/integration-and-guidance-calls\/\">se<\/a> vilka av v\u00e5ra hj\u00e4rtcentrerade guider som \u00e4r tillg\u00e4ngliga f\u00f6r integrationssamtal. N\u00e4r du har bokat samtalet f\u00e5r du l\u00e4nkar till alla deras kalendrar och kan v\u00e4lja bland deras tillg\u00e4ngliga datum n\u00e4r du vill ha m\u00f6tet.<\/p>\n","protected":false},"excerpt":{"rendered":"<p>Palmebladsl\u00e4sningen kan s\u00e4tta ig\u00e5ng djupa omvandlingsprocesser som s\u00e5 sm\u00e5ningom leder dig till mer lycka, men kan ocks\u00e5 vara utmanande&#8230;<\/p>\n","protected":false},"featured_media":44430,"comment_status":"open","ping_status":"closed","template":"","meta":{"_acf_changed":false},"product_brand":[],"product_cat":[360],"product_tag":[],"class_list":{"0":"post-38888","1":"product","2":"type-product","3":"status-publish","4":"has-post-thumbnail","6":"product_cat-okategoriserade","8":"first","9":"instock","10":"taxable","11":"shipping-taxable","12":"purchasable","13":"product-type-variable"},"exclude_global_add_ons":[],"addons":[],"acf":[],"yoast_head":"<!-- This site is optimized with the Yoast SEO plugin v26.4 - https:\/\/yoast.com\/wordpress\/plugins\/seo\/ -->\n<title>60 minuters konsultationssamtal med moderator \u2013 My Palm Leaf<\/title>\n<meta name=\"description\" content=\"Boka en privat konsultation med en av v\u00e5ra moderatorer f\u00f6r v\u00e4gledning, insikter och svar p\u00e5 dina fr\u00e5gor om palmbladsl\u00e4sningar.\" \/>\n<meta name=\"robots\" content=\"index, follow, max-snippet:-1, max-image-preview:large, max-video-preview:-1\" \/>\n<link rel=\"canonical\" href=\"https:\/\/mypalmleaf.com\/prices\/60-min-integration-call\/\" \/>\n<meta property=\"og:locale\" content=\"sv_SE\" \/>\n<meta property=\"og:type\" content=\"article\" \/>\n<meta property=\"og:title\" content=\"60 minuters konsultationssamtal med moderator \u2013 My Palm Leaf\" \/>\n<meta property=\"og:description\" content=\"Boka en privat konsultation med en av v\u00e5ra moderatorer f\u00f6r v\u00e4gledning, insikter och svar p\u00e5 dina fr\u00e5gor om palmbladsl\u00e4sningar.\" \/>\n<meta property=\"og:url\" content=\"https:\/\/mypalmleaf.com\/prices\/60-min-integration-call\/\" \/>\n<meta property=\"og:site_name\" content=\"My Palm Leaf\" \/>\n<meta property=\"article:modified_time\" content=\"2025-03-31T11:19:08+00:00\" \/>\n<meta property=\"og:image\" content=\"https:\/\/mypalmleaf.com\/wp-content\/uploads\/2024\/09\/integrationcall-prd-thumb2.jpg\" \/>\n\t<meta property=\"og:image:width\" content=\"819\" \/>\n\t<meta property=\"og:image:height\" content=\"464\" \/>\n\t<meta property=\"og:image:type\" content=\"image\/jpeg\" \/>\n<meta name=\"twitter:card\" content=\"summary_large_image\" \/>\n<meta name=\"twitter:label1\" content=\"Ber\u00e4knad l\u00e4stid\" \/>\n\t<meta name=\"twitter:data1\" content=\"1 minut\" \/>\n<script type=\"application\/ld+json\" class=\"yoast-schema-graph\">{\"@context\":\"https:\/\/schema.org\",\"@graph\":[{\"@type\":\"WebPage\",\"@id\":\"https:\/\/mypalmleaf.com\/prices\/60-min-integration-call\/\",\"url\":\"https:\/\/mypalmleaf.com\/prices\/60-min-integration-call\/\",\"name\":\"60 minuters konsultationssamtal med moderator \u2013 My Palm Leaf\",\"isPartOf\":{\"@id\":\"https:\/\/mypalmleaf.com\/#website\"},\"primaryImageOfPage\":{\"@id\":\"https:\/\/mypalmleaf.com\/prices\/60-min-integration-call\/#primaryimage\"},\"image\":{\"@id\":\"https:\/\/mypalmleaf.com\/prices\/60-min-integration-call\/#primaryimage\"},\"thumbnailUrl\":\"https:\/\/mypalmleaf.com\/wp-content\/uploads\/2024\/09\/integrationcall-prd-thumb2.jpg\",\"datePublished\":\"2024-09-04T10:45:22+00:00\",\"dateModified\":\"2025-03-31T11:19:08+00:00\",\"description\":\"Boka en privat konsultation med en av v\u00e5ra moderatorer f\u00f6r v\u00e4gledning, insikter och svar p\u00e5 dina fr\u00e5gor om palmbladsl\u00e4sningar.\",\"breadcrumb\":{\"@id\":\"https:\/\/mypalmleaf.com\/prices\/60-min-integration-call\/#breadcrumb\"},\"inLanguage\":\"sv-SE\",\"potentialAction\":[{\"@type\":\"ReadAction\",\"target\":[\"https:\/\/mypalmleaf.com\/prices\/60-min-integration-call\/\"]}]},{\"@type\":\"ImageObject\",\"inLanguage\":\"sv-SE\",\"@id\":\"https:\/\/mypalmleaf.com\/prices\/60-min-integration-call\/#primaryimage\",\"url\":\"https:\/\/mypalmleaf.com\/wp-content\/uploads\/2024\/09\/integrationcall-prd-thumb2.jpg\",\"contentUrl\":\"https:\/\/mypalmleaf.com\/wp-content\/uploads\/2024\/09\/integrationcall-prd-thumb2.jpg\",\"width\":819,\"height\":464,\"caption\":\"listening\"},{\"@type\":\"BreadcrumbList\",\"@id\":\"https:\/\/mypalmleaf.com\/prices\/60-min-integration-call\/#breadcrumb\",\"itemListElement\":[{\"@type\":\"ListItem\",\"position\":1,\"name\":\"Home\",\"item\":\"https:\/\/mypalmleaf.com\/sv\/\"},{\"@type\":\"ListItem\",\"position\":2,\"name\":\"Shop\",\"item\":\"https:\/\/mypalmleaf.com\/et\/shop\/\"},{\"@type\":\"ListItem\",\"position\":3,\"name\":\"60 minuters konsultationssamtal med en av v\u00e5ra moderatorer\"}]},{\"@type\":\"WebSite\",\"@id\":\"https:\/\/mypalmleaf.com\/#website\",\"url\":\"https:\/\/mypalmleaf.com\/\",\"name\":\"My Palm Leaf\",\"description\":\"\",\"potentialAction\":[{\"@type\":\"SearchAction\",\"target\":{\"@type\":\"EntryPoint\",\"urlTemplate\":\"https:\/\/mypalmleaf.com\/?s={search_term_string}\"},\"query-input\":{\"@type\":\"PropertyValueSpecification\",\"valueRequired\":true,\"valueName\":\"search_term_string\"}}],\"inLanguage\":\"sv-SE\"}]}<\/script>\n<!-- \/ Yoast SEO plugin. -->","yoast_head_json":{"title":"60 minuters konsultationssamtal med moderator \u2013 My Palm Leaf","description":"Boka en privat konsultation med en av v\u00e5ra moderatorer f\u00f6r v\u00e4gledning, insikter och svar p\u00e5 dina fr\u00e5gor om palmbladsl\u00e4sningar.","robots":{"index":"index","follow":"follow","max-snippet":"max-snippet:-1","max-image-preview":"max-image-preview:large","max-video-preview":"max-video-preview:-1"},"canonical":"https:\/\/mypalmleaf.com\/prices\/60-min-integration-call\/","og_locale":"sv_SE","og_type":"article","og_title":"60 minuters konsultationssamtal med moderator \u2013 My Palm Leaf","og_description":"Boka en privat konsultation med en av v\u00e5ra moderatorer f\u00f6r v\u00e4gledning, insikter och svar p\u00e5 dina fr\u00e5gor om palmbladsl\u00e4sningar.","og_url":"https:\/\/mypalmleaf.com\/prices\/60-min-integration-call\/","og_site_name":"My Palm Leaf","article_modified_time":"2025-03-31T11:19:08+00:00","og_image":[{"width":819,"height":464,"url":"https:\/\/mypalmleaf.com\/wp-content\/uploads\/2024\/09\/integrationcall-prd-thumb2.jpg","type":"image\/jpeg"}],"twitter_card":"summary_large_image","twitter_misc":{"Ber\u00e4knad l\u00e4stid":"1 minut"},"schema":{"@context":"https:\/\/schema.org","@graph":[{"@type":"WebPage","@id":"https:\/\/mypalmleaf.com\/prices\/60-min-integration-call\/","url":"https:\/\/mypalmleaf.com\/prices\/60-min-integration-call\/","name":"60 minuters konsultationssamtal med moderator \u2013 My Palm Leaf","isPartOf":{"@id":"https:\/\/mypalmleaf.com\/#website"},"primaryImageOfPage":{"@id":"https:\/\/mypalmleaf.com\/prices\/60-min-integration-call\/#primaryimage"},"image":{"@id":"https:\/\/mypalmleaf.com\/prices\/60-min-integration-call\/#primaryimage"},"thumbnailUrl":"https:\/\/mypalmleaf.com\/wp-content\/uploads\/2024\/09\/integrationcall-prd-thumb2.jpg","datePublished":"2024-09-04T10:45:22+00:00","dateModified":"2025-03-31T11:19:08+00:00","description":"Boka en privat konsultation med en av v\u00e5ra moderatorer f\u00f6r v\u00e4gledning, insikter och svar p\u00e5 dina fr\u00e5gor om palmbladsl\u00e4sningar.","breadcrumb":{"@id":"https:\/\/mypalmleaf.com\/prices\/60-min-integration-call\/#breadcrumb"},"inLanguage":"sv-SE","potentialAction":[{"@type":"ReadAction","target":["https:\/\/mypalmleaf.com\/prices\/60-min-integration-call\/"]}]},{"@type":"ImageObject","inLanguage":"sv-SE","@id":"https:\/\/mypalmleaf.com\/prices\/60-min-integration-call\/#primaryimage","url":"https:\/\/mypalmleaf.com\/wp-content\/uploads\/2024\/09\/integrationcall-prd-thumb2.jpg","contentUrl":"https:\/\/mypalmleaf.com\/wp-content\/uploads\/2024\/09\/integrationcall-prd-thumb2.jpg","width":819,"height":464,"caption":"listening"},{"@type":"BreadcrumbList","@id":"https:\/\/mypalmleaf.com\/prices\/60-min-integration-call\/#breadcrumb","itemListElement":[{"@type":"ListItem","position":1,"name":"Home","item":"https:\/\/mypalmleaf.com\/sv\/"},{"@type":"ListItem","position":2,"name":"Shop","item":"https:\/\/mypalmleaf.com\/et\/shop\/"},{"@type":"ListItem","position":3,"name":"60 minuters konsultationssamtal med en av v\u00e5ra moderatorer"}]},{"@type":"WebSite","@id":"https:\/\/mypalmleaf.com\/#website","url":"https:\/\/mypalmleaf.com\/","name":"My Palm Leaf","description":"","potentialAction":[{"@type":"SearchAction","target":{"@type":"EntryPoint","urlTemplate":"https:\/\/mypalmleaf.com\/?s={search_term_string}"},"query-input":{"@type":"PropertyValueSpecification","valueRequired":true,"valueName":"search_term_string"}}],"inLanguage":"sv-SE"}]}},"_links":{"self":[{"href":"https:\/\/mypalmleaf.com\/sv\/wp-json\/wp\/v2\/product\/38888","targetHints":{"allow":["GET"]}}],"collection":[{"href":"https:\/\/mypalmleaf.com\/sv\/wp-json\/wp\/v2\/product"}],"about":[{"href":"https:\/\/mypalmleaf.com\/sv\/wp-json\/wp\/v2\/types\/product"}],"replies":[{"embeddable":true,"href":"https:\/\/mypalmleaf.com\/sv\/wp-json\/wp\/v2\/comments?post=38888"}],"wp:featuredmedia":[{"embeddable":true,"href":"https:\/\/mypalmleaf.com\/sv\/wp-json\/wp\/v2\/media\/44430"}],"wp:attachment":[{"href":"https:\/\/mypalmleaf.com\/sv\/wp-json\/wp\/v2\/media?parent=38888"}],"wp:term":[{"taxonomy":"product_brand","embeddable":true,"href":"https:\/\/mypalmleaf.com\/sv\/wp-json\/wp\/v2\/product_brand?post=38888"},{"taxonomy":"product_cat","embeddable":true,"href":"https:\/\/mypalmleaf.com\/sv\/wp-json\/wp\/v2\/product_cat?post=38888"},{"taxonomy":"product_tag","embeddable":true,"href":"https:\/\/mypalmleaf.com\/sv\/wp-json\/wp\/v2\/product_tag?post=38888"}],"curies":[{"name":"wp","href":"https:\/\/api.w.org\/{rel}","templated":true}]}}