
{"id":38981,"date":"2024-09-04T10:46:48","date_gmt":"2024-09-04T10:46:48","guid":{"rendered":"https:\/\/mypalmleaf.com\/prices\/fa-din-palmbladlasning-transkriberad-och-sammanfattad\/"},"modified":"2025-04-24T05:38:05","modified_gmt":"2025-04-24T05:38:05","slug":"fa-din-palmbladlasning-transkriberad-och-sammanfattad","status":"publish","type":"product","link":"https:\/\/mypalmleaf.com\/sv\/prices\/fa-din-palmbladlasning-transkriberad-och-sammanfattad\/","title":{"rendered":"F\u00e5 din palmbladl\u00e4sning transkriberad och sammanfattad."},"content":{"rendered":"\n<p>Vi transkriberar, redigerar och sammanfattar din Palm Leaf-l\u00e4sning och sammanst\u00e4ller den till en l\u00e4ttl\u00e4st, v\u00e4lstrukturerad text f\u00f6r dig.<\/p>\n<p>Detta \u00e4r till stor hj\u00e4lp f\u00f6r att integrera l\u00e4sningen och f\u00f6r att sl\u00e5 upp inneh\u00e5llet utan att beh\u00f6va lyssna p\u00e5 hela inspelningen igen.<\/p>\n<p>Den inneh\u00e5ller ocks\u00e5 ytterligare f\u00f6rklaringar.<\/p>\n<p>Det \u00e4r INTE m\u00f6jligt att boka denna tj\u00e4nst utan att f\u00f6rst ha f\u00e5tt ditt palmblad avl\u00e4st.<\/p>\n<p>V\u00e4nligen v\u00e4lj nedan om du vill att din allm\u00e4nna kapitell\u00e4sning ska transkriberas eller om du vill ha l\u00e4sning av ytterligare kapitel.<\/p>\n","protected":false},"excerpt":{"rendered":"<p>Vi transkriberar, redigerar och sammanfattar din Palm Leaf avl\u00e4sning och sammanst\u00e4ller den till en l\u00e4ttl\u00e4st, v\u00e4lstrukturerad text f\u00f6r dig.<br \/>\nDetta \u00e4r m\u00f6jligt f\u00f6rst efter en l\u00e4sning av handflatan&#8230; <\/p>\n","protected":false},"featured_media":9973,"comment_status":"open","ping_status":"closed","template":"","meta":{"_acf_changed":false},"product_brand":[],"product_cat":[360],"product_tag":[],"class_list":{"0":"post-38981","1":"product","2":"type-product","3":"status-publish","4":"has-post-thumbnail","6":"product_cat-okategoriserade","8":"first","9":"instock","10":"virtual","11":"taxable","12":"purchasable","13":"product-type-simple"},"exclude_global_add_ons":false,"addons":[{"name":"Allm\u00e4nt kapitel","type":"checkbox","position":0,"required":false,"title_format":"label","description_enable":true,"description":"General Chapter","placeholder_enable":false,"placeholder":"","display":"select","restrictions_type":"any_text","adjust_price":false,"price":"","price_type":"flat_fee","restrictions":false,"min":0,"max":0,"options":[{"label":"Engelska","price":"59","price_type":"flat_fee","image":0},{"label":"Tysk","price":"99","price_type":"flat_fee","image":0},{"label":"Japanska","price":"99","price_type":"flat_fee","image":0},{"label":"Italienska","price":"99","price_type":"flat_fee","image":0},{"label":"Ryska","price":"99","price_type":"flat_fee","image":0},{"label":"Franska","price":"99","price_type":"flat_fee","image":0},{"label":"Spanska","price":"99","price_type":"flat_fee","image":0}],"id":1731263144},{"name":"Ytterligare kapitel","type":"checkbox","position":1,"required":false,"title_format":"label","description_enable":true,"description":"Additional Chapters","placeholder_enable":false,"placeholder":"","display":"select","restrictions_type":"any_text","adjust_price":false,"price":"","price_type":"flat_fee","restrictions":false,"min":0,"max":0,"options":[{"label":"Engelska","price":"18","price_type":"flat_fee","image":0},{"label":"Tysk","price":"27","price_type":"flat_fee","image":0},{"label":"Japanska","price":"27","price_type":"flat_fee","image":0},{"label":"Italienska","price":"27","price_type":"flat_fee","image":0},{"label":"Ryska","price":"27","price_type":"flat_fee","image":0},{"label":"Franska","price":"27","price_type":"flat_fee","image":0},{"label":"Spanska","price":"27","price_type":"flat_fee","image":0}],"id":1731263145},{"name":"Antal kapitel","type":"checkbox","position":2,"required":false,"title_format":"label","description_enable":true,"description":"No of Chapters","placeholder_enable":false,"placeholder":"","display":"select","restrictions_type":"any_text","adjust_price":false,"price":"","price_type":"flat_fee","restrictions":false,"min":0,"max":0,"options":[{"label":"1","price":"","price_type":"flat_fee","image":0},{"label":"2","price":"","price_type":"flat_fee","image":0},{"label":"3","price":"","price_type":"flat_fee","image":0},{"label":"4","price":"","price_type":"flat_fee","image":0},{"label":"5","price":"","price_type":"flat_fee","image":0},{"label":"6","price":"","price_type":"flat_fee","image":0},{"label":"7","price":"","price_type":"flat_fee","image":0},{"label":"8","price":"","price_type":"flat_fee","image":0},{"label":"9","price":"","price_type":"flat_fee","image":0},{"label":"10","price":"","price_type":"flat_fee","image":0},{"label":"11","price":"","price_type":"flat_fee","image":0},{"label":"12","price":"","price_type":"flat_fee","image":0},{"label":"13","price":"","price_type":"flat_fee","image":0},{"label":"14","price":"","price_type":"flat_fee","image":0},{"label":"15","price":"","price_type":"flat_fee","image":0}],"id":1731263146}],"acf":[],"yoast_head":"<!-- This site is optimized with the Yoast SEO plugin v26.4 - https:\/\/yoast.com\/wordpress\/plugins\/seo\/ -->\n<title>F\u00e5 din palmbladl\u00e4sning transkriberad och sammanfattad. - My Palm Leaf<\/title>\n<meta name=\"description\" content=\"Best\u00e4ll en skriftlig sammanfattning av din palmbladsl\u00e4sning. Perfekt f\u00f6r att bevara viktiga insikter och \u00e5terkomma till dem vid behov.\" \/>\n<meta name=\"robots\" content=\"index, follow, max-snippet:-1, max-image-preview:large, max-video-preview:-1\" \/>\n<link rel=\"canonical\" href=\"https:\/\/mypalmleaf.com\/sv\/prices\/fa-din-palmbladlasning-transkriberad-och-sammanfattad\/\" \/>\n<meta property=\"og:locale\" content=\"sv_SE\" \/>\n<meta property=\"og:type\" content=\"article\" \/>\n<meta property=\"og:title\" content=\"F\u00e5 din palmbladl\u00e4sning transkriberad och sammanfattad. - My Palm Leaf\" \/>\n<meta property=\"og:description\" content=\"Best\u00e4ll en skriftlig sammanfattning av din palmbladsl\u00e4sning. Perfekt f\u00f6r att bevara viktiga insikter och \u00e5terkomma till dem vid behov.\" \/>\n<meta property=\"og:url\" content=\"https:\/\/mypalmleaf.com\/sv\/prices\/fa-din-palmbladlasning-transkriberad-och-sammanfattad\/\" \/>\n<meta property=\"og:site_name\" content=\"My Palm Leaf\" \/>\n<meta property=\"article:modified_time\" content=\"2025-04-24T05:38:05+00:00\" \/>\n<meta property=\"og:image\" content=\"https:\/\/mypalmleaf.com\/wp-content\/uploads\/2024\/09\/mantra-product-page-4-1.jpg\" \/>\n\t<meta property=\"og:image:width\" content=\"800\" \/>\n\t<meta property=\"og:image:height\" content=\"444\" \/>\n\t<meta property=\"og:image:type\" content=\"image\/jpeg\" \/>\n<meta name=\"twitter:card\" content=\"summary_large_image\" \/>\n<meta name=\"twitter:label1\" content=\"Ber\u00e4knad l\u00e4stid\" \/>\n\t<meta name=\"twitter:data1\" content=\"1 minut\" \/>\n<script type=\"application\/ld+json\" class=\"yoast-schema-graph\">{\"@context\":\"https:\/\/schema.org\",\"@graph\":[{\"@type\":\"WebPage\",\"@id\":\"https:\/\/mypalmleaf.com\/sv\/prices\/fa-din-palmbladlasning-transkriberad-och-sammanfattad\/\",\"url\":\"https:\/\/mypalmleaf.com\/sv\/prices\/fa-din-palmbladlasning-transkriberad-och-sammanfattad\/\",\"name\":\"F\u00e5 din palmbladl\u00e4sning transkriberad och sammanfattad. - My Palm Leaf\",\"isPartOf\":{\"@id\":\"https:\/\/mypalmleaf.com\/#website\"},\"primaryImageOfPage\":{\"@id\":\"https:\/\/mypalmleaf.com\/sv\/prices\/fa-din-palmbladlasning-transkriberad-och-sammanfattad\/#primaryimage\"},\"image\":{\"@id\":\"https:\/\/mypalmleaf.com\/sv\/prices\/fa-din-palmbladlasning-transkriberad-och-sammanfattad\/#primaryimage\"},\"thumbnailUrl\":\"https:\/\/mypalmleaf.com\/wp-content\/uploads\/2024\/09\/mantra-product-page-4-1.jpg\",\"datePublished\":\"2024-09-04T10:46:48+00:00\",\"dateModified\":\"2025-04-24T05:38:05+00:00\",\"description\":\"Best\u00e4ll en skriftlig sammanfattning av din palmbladsl\u00e4sning. Perfekt f\u00f6r att bevara viktiga insikter och \u00e5terkomma till dem vid behov.\",\"breadcrumb\":{\"@id\":\"https:\/\/mypalmleaf.com\/sv\/prices\/fa-din-palmbladlasning-transkriberad-och-sammanfattad\/#breadcrumb\"},\"inLanguage\":\"sv-SE\",\"potentialAction\":[{\"@type\":\"ReadAction\",\"target\":[\"https:\/\/mypalmleaf.com\/sv\/prices\/fa-din-palmbladlasning-transkriberad-och-sammanfattad\/\"]}]},{\"@type\":\"ImageObject\",\"inLanguage\":\"sv-SE\",\"@id\":\"https:\/\/mypalmleaf.com\/sv\/prices\/fa-din-palmbladlasning-transkriberad-och-sammanfattad\/#primaryimage\",\"url\":\"https:\/\/mypalmleaf.com\/wp-content\/uploads\/2024\/09\/mantra-product-page-4-1.jpg\",\"contentUrl\":\"https:\/\/mypalmleaf.com\/wp-content\/uploads\/2024\/09\/mantra-product-page-4-1.jpg\",\"width\":800,\"height\":444,\"caption\":\"Envelope\"},{\"@type\":\"BreadcrumbList\",\"@id\":\"https:\/\/mypalmleaf.com\/sv\/prices\/fa-din-palmbladlasning-transkriberad-och-sammanfattad\/#breadcrumb\",\"itemListElement\":[{\"@type\":\"ListItem\",\"position\":1,\"name\":\"Home\",\"item\":\"https:\/\/mypalmleaf.com\/sv\/\"},{\"@type\":\"ListItem\",\"position\":2,\"name\":\"Shop\",\"item\":\"https:\/\/mypalmleaf.com\/et\/shop\/\"},{\"@type\":\"ListItem\",\"position\":3,\"name\":\"F\u00e5 din palmbladl\u00e4sning transkriberad och sammanfattad.\"}]},{\"@type\":\"WebSite\",\"@id\":\"https:\/\/mypalmleaf.com\/#website\",\"url\":\"https:\/\/mypalmleaf.com\/\",\"name\":\"My Palm Leaf\",\"description\":\"\",\"potentialAction\":[{\"@type\":\"SearchAction\",\"target\":{\"@type\":\"EntryPoint\",\"urlTemplate\":\"https:\/\/mypalmleaf.com\/?s={search_term_string}\"},\"query-input\":{\"@type\":\"PropertyValueSpecification\",\"valueRequired\":true,\"valueName\":\"search_term_string\"}}],\"inLanguage\":\"sv-SE\"}]}<\/script>\n<!-- \/ Yoast SEO plugin. -->","yoast_head_json":{"title":"F\u00e5 din palmbladl\u00e4sning transkriberad och sammanfattad. - My Palm Leaf","description":"Best\u00e4ll en skriftlig sammanfattning av din palmbladsl\u00e4sning. Perfekt f\u00f6r att bevara viktiga insikter och \u00e5terkomma till dem vid behov.","robots":{"index":"index","follow":"follow","max-snippet":"max-snippet:-1","max-image-preview":"max-image-preview:large","max-video-preview":"max-video-preview:-1"},"canonical":"https:\/\/mypalmleaf.com\/sv\/prices\/fa-din-palmbladlasning-transkriberad-och-sammanfattad\/","og_locale":"sv_SE","og_type":"article","og_title":"F\u00e5 din palmbladl\u00e4sning transkriberad och sammanfattad. - My Palm Leaf","og_description":"Best\u00e4ll en skriftlig sammanfattning av din palmbladsl\u00e4sning. Perfekt f\u00f6r att bevara viktiga insikter och \u00e5terkomma till dem vid behov.","og_url":"https:\/\/mypalmleaf.com\/sv\/prices\/fa-din-palmbladlasning-transkriberad-och-sammanfattad\/","og_site_name":"My Palm Leaf","article_modified_time":"2025-04-24T05:38:05+00:00","og_image":[{"width":800,"height":444,"url":"https:\/\/mypalmleaf.com\/wp-content\/uploads\/2024\/09\/mantra-product-page-4-1.jpg","type":"image\/jpeg"}],"twitter_card":"summary_large_image","twitter_misc":{"Ber\u00e4knad l\u00e4stid":"1 minut"},"schema":{"@context":"https:\/\/schema.org","@graph":[{"@type":"WebPage","@id":"https:\/\/mypalmleaf.com\/sv\/prices\/fa-din-palmbladlasning-transkriberad-och-sammanfattad\/","url":"https:\/\/mypalmleaf.com\/sv\/prices\/fa-din-palmbladlasning-transkriberad-och-sammanfattad\/","name":"F\u00e5 din palmbladl\u00e4sning transkriberad och sammanfattad. - My Palm Leaf","isPartOf":{"@id":"https:\/\/mypalmleaf.com\/#website"},"primaryImageOfPage":{"@id":"https:\/\/mypalmleaf.com\/sv\/prices\/fa-din-palmbladlasning-transkriberad-och-sammanfattad\/#primaryimage"},"image":{"@id":"https:\/\/mypalmleaf.com\/sv\/prices\/fa-din-palmbladlasning-transkriberad-och-sammanfattad\/#primaryimage"},"thumbnailUrl":"https:\/\/mypalmleaf.com\/wp-content\/uploads\/2024\/09\/mantra-product-page-4-1.jpg","datePublished":"2024-09-04T10:46:48+00:00","dateModified":"2025-04-24T05:38:05+00:00","description":"Best\u00e4ll en skriftlig sammanfattning av din palmbladsl\u00e4sning. Perfekt f\u00f6r att bevara viktiga insikter och \u00e5terkomma till dem vid behov.","breadcrumb":{"@id":"https:\/\/mypalmleaf.com\/sv\/prices\/fa-din-palmbladlasning-transkriberad-och-sammanfattad\/#breadcrumb"},"inLanguage":"sv-SE","potentialAction":[{"@type":"ReadAction","target":["https:\/\/mypalmleaf.com\/sv\/prices\/fa-din-palmbladlasning-transkriberad-och-sammanfattad\/"]}]},{"@type":"ImageObject","inLanguage":"sv-SE","@id":"https:\/\/mypalmleaf.com\/sv\/prices\/fa-din-palmbladlasning-transkriberad-och-sammanfattad\/#primaryimage","url":"https:\/\/mypalmleaf.com\/wp-content\/uploads\/2024\/09\/mantra-product-page-4-1.jpg","contentUrl":"https:\/\/mypalmleaf.com\/wp-content\/uploads\/2024\/09\/mantra-product-page-4-1.jpg","width":800,"height":444,"caption":"Envelope"},{"@type":"BreadcrumbList","@id":"https:\/\/mypalmleaf.com\/sv\/prices\/fa-din-palmbladlasning-transkriberad-och-sammanfattad\/#breadcrumb","itemListElement":[{"@type":"ListItem","position":1,"name":"Home","item":"https:\/\/mypalmleaf.com\/sv\/"},{"@type":"ListItem","position":2,"name":"Shop","item":"https:\/\/mypalmleaf.com\/et\/shop\/"},{"@type":"ListItem","position":3,"name":"F\u00e5 din palmbladl\u00e4sning transkriberad och sammanfattad."}]},{"@type":"WebSite","@id":"https:\/\/mypalmleaf.com\/#website","url":"https:\/\/mypalmleaf.com\/","name":"My Palm Leaf","description":"","potentialAction":[{"@type":"SearchAction","target":{"@type":"EntryPoint","urlTemplate":"https:\/\/mypalmleaf.com\/?s={search_term_string}"},"query-input":{"@type":"PropertyValueSpecification","valueRequired":true,"valueName":"search_term_string"}}],"inLanguage":"sv-SE"}]}},"_links":{"self":[{"href":"https:\/\/mypalmleaf.com\/sv\/wp-json\/wp\/v2\/product\/38981","targetHints":{"allow":["GET"]}}],"collection":[{"href":"https:\/\/mypalmleaf.com\/sv\/wp-json\/wp\/v2\/product"}],"about":[{"href":"https:\/\/mypalmleaf.com\/sv\/wp-json\/wp\/v2\/types\/product"}],"replies":[{"embeddable":true,"href":"https:\/\/mypalmleaf.com\/sv\/wp-json\/wp\/v2\/comments?post=38981"}],"wp:featuredmedia":[{"embeddable":true,"href":"https:\/\/mypalmleaf.com\/sv\/wp-json\/wp\/v2\/media\/9973"}],"wp:attachment":[{"href":"https:\/\/mypalmleaf.com\/sv\/wp-json\/wp\/v2\/media?parent=38981"}],"wp:term":[{"taxonomy":"product_brand","embeddable":true,"href":"https:\/\/mypalmleaf.com\/sv\/wp-json\/wp\/v2\/product_brand?post=38981"},{"taxonomy":"product_cat","embeddable":true,"href":"https:\/\/mypalmleaf.com\/sv\/wp-json\/wp\/v2\/product_cat?post=38981"},{"taxonomy":"product_tag","embeddable":true,"href":"https:\/\/mypalmleaf.com\/sv\/wp-json\/wp\/v2\/product_tag?post=38981"}],"curies":[{"name":"wp","href":"https:\/\/api.w.org\/{rel}","templated":true}]}}