{"id":39001,"date":"2024-09-04T10:59:13","date_gmt":"2024-09-04T10:59:13","guid":{"rendered":"https:\/\/mypalmleaf.com\/prices\/athma-shanthi-puja-sarskild-ritual-for-att-hjalpa-sjalen-hos-nagon-som-har-avlidit-att-vila-i-frid\/"},"modified":"2025-08-04T13:14:51","modified_gmt":"2025-08-04T13:14:51","slug":"athma-shanthi-puja-sarskild-ritual-for-att-hjalpa-sjalen-hos-nagon-som-har-avlidit-att-vila-i-frid","status":"publish","type":"product","link":"https:\/\/mypalmleaf.com\/sv\/prices\/athma-shanthi-puja-sarskild-ritual-for-att-hjalpa-sjalen-hos-nagon-som-har-avlidit-att-vila-i-frid\/","title":{"rendered":"Atma Shanti Pooja &#8211; En helig offerg\u00e5va f\u00f6r avlidna sj\u00e4lars frid"},"content":{"rendered":"<p><strong>Atma Shanti Pooja<\/strong><br \/>\nEn helig ritual f\u00f6r att hedra och st\u00f6dja sj\u00e4len hos en n\u00e4ra anh\u00f6rig som har g\u00e5tt bort<\/p>\n<p>Atma Shanti Pooja \u00e4r en djupt meningsfull vedisk ceremoni som utf\u00f6rs f\u00f6r att ge frid \u00e5t sj\u00e4len hos n\u00e5gon som har g\u00e5tt bort &#8211; s\u00e4rskilt om deras bortg\u00e5ng var pl\u00f6tslig, ov\u00e4ntad eller k\u00e4nslom\u00e4ssigt ol\u00f6st.<\/p>\n<p>Oavsett om d\u00f6dsfallet intr\u00e4ffade nyligen eller f\u00f6r l\u00e4nge sedan erbjuder denna pooja andligt st\u00f6d till sj\u00e4lens resa och hj\u00e4lper den att r\u00f6ra sig mot l\u00e4kning, l\u00f6sning och fred. Detta kan utf\u00f6ras flera g\u00e5nger under hela livet f\u00f6r att kontinuerligt st\u00f6dja sj\u00e4lens resa. <\/p>\n<p><strong>Ing\u00e5r i priset:<\/strong><\/p>\n<ul>\n<li>Traditionell Atma Shanti Pooja utf\u00f6rs av erfarna vediska pr\u00e4ster<\/li>\n<li>V\u00e4lj det datum som k\u00e4nns mest meningsfullt f\u00f6r dig<\/li>\n<li>M\u00f6jlighet att delta i poojan live via Zoom<\/li>\n<li>Videoinspelning av hela ritualen<\/li>\n<li>Mjukt st\u00f6d och kommunikation fr\u00e5n v\u00e5rt team under hela processen<\/li>\n<\/ul>\n<p>Det finns en speciell period varje \u00e5r som kallas Pitru Paksha n\u00e4r utf\u00f6randet av Atma Shanti Pooja anses vara s\u00e4rskilt kraftfullt och andligt p\u00e5verkande.<\/p>\n<p>I \u00e5r infaller Pitru Paksha-perioden mellan den 7 september och den 21 september 2025. L\u00e4s mer om det <a href=\"https:\/\/mypalmleaf.com\/zh-hans\/pitru-paksha-2025\/\">h\u00e4r.<\/a> <\/p>\n","protected":false},"excerpt":{"rendered":"<p>Atma Shanti Pooja \u00e4r en djupt meningsfull vedisk ceremoni som utf\u00f6rs f\u00f6r att ge frid \u00e5t sj\u00e4len hos n\u00e5gon som har g\u00e5tt bort &#8211; s\u00e4rskilt om deras bortg\u00e5ng var pl\u00f6tslig, ov\u00e4ntad eller k\u00e4nslom\u00e4ssigt ol\u00f6st.<\/p>\n","protected":false},"featured_media":9953,"comment_status":"open","ping_status":"closed","template":"","meta":{"_acf_changed":false},"product_brand":[],"product_cat":[360],"product_tag":[],"class_list":{"0":"post-39001","1":"product","2":"type-product","3":"status-publish","4":"has-post-thumbnail","6":"product_cat-okategoriserade","8":"first","9":"instock","10":"virtual","11":"purchasable","12":"product-type-simple"},"exclude_global_add_ons":[],"addons":[],"acf":[],"yoast_head":"<!-- This site is optimized with the Yoast SEO plugin v26.4 - https:\/\/yoast.com\/wordpress\/plugins\/seo\/ -->\n<title>Athma Shanthi Pooja - Helig ritual f\u00f6r v\u00e5ra f\u00f6rf\u00e4ders frid<\/title>\n<meta name=\"description\" content=\"Utf\u00f6r Athma Shanthi Puja f\u00f6r att hj\u00e4lpa en \u00e4lskad m\u00e4nniskas sj\u00e4l att vila i frid. Denna unika ritual \u00e4r f\u00f6r dem som g\u00e5r bort ov\u00e4ntat. Tillg\u00e4nglig via live stream.\" \/>\n<meta name=\"robots\" content=\"index, follow, max-snippet:-1, max-image-preview:large, max-video-preview:-1\" \/>\n<link rel=\"canonical\" href=\"https:\/\/mypalmleaf.com\/sv\/prices\/athma-shanthi-puja-sarskild-ritual-for-att-hjalpa-sjalen-hos-nagon-som-har-avlidit-att-vila-i-frid\/\" \/>\n<meta property=\"og:locale\" content=\"sv_SE\" \/>\n<meta property=\"og:type\" content=\"article\" \/>\n<meta property=\"og:title\" content=\"Athma Shanthi Pooja - Helig ritual f\u00f6r v\u00e5ra f\u00f6rf\u00e4ders frid\" \/>\n<meta property=\"og:description\" content=\"Utf\u00f6r Athma Shanthi Puja f\u00f6r att hj\u00e4lpa en \u00e4lskad m\u00e4nniskas sj\u00e4l att vila i frid. Denna unika ritual \u00e4r f\u00f6r dem som g\u00e5r bort ov\u00e4ntat. Tillg\u00e4nglig via live stream.\" \/>\n<meta property=\"og:url\" content=\"https:\/\/mypalmleaf.com\/sv\/prices\/athma-shanthi-puja-sarskild-ritual-for-att-hjalpa-sjalen-hos-nagon-som-har-avlidit-att-vila-i-frid\/\" \/>\n<meta property=\"og:site_name\" content=\"My Palm Leaf\" \/>\n<meta property=\"article:modified_time\" content=\"2025-08-04T13:14:51+00:00\" \/>\n<meta property=\"og:image\" content=\"https:\/\/mypalmleaf.com\/wp-content\/uploads\/2024\/09\/mantra-product-page-3-1.jpg\" \/>\n\t<meta property=\"og:image:width\" content=\"800\" \/>\n\t<meta property=\"og:image:height\" content=\"444\" \/>\n\t<meta property=\"og:image:type\" content=\"image\/jpeg\" \/>\n<meta name=\"twitter:card\" content=\"summary_large_image\" \/>\n<meta name=\"twitter:label1\" content=\"Ber\u00e4knad l\u00e4stid\" \/>\n\t<meta name=\"twitter:data1\" content=\"1 minut\" \/>\n<script type=\"application\/ld+json\" class=\"yoast-schema-graph\">{\"@context\":\"https:\/\/schema.org\",\"@graph\":[{\"@type\":\"WebPage\",\"@id\":\"https:\/\/mypalmleaf.com\/sv\/prices\/athma-shanthi-puja-sarskild-ritual-for-att-hjalpa-sjalen-hos-nagon-som-har-avlidit-att-vila-i-frid\/\",\"url\":\"https:\/\/mypalmleaf.com\/sv\/prices\/athma-shanthi-puja-sarskild-ritual-for-att-hjalpa-sjalen-hos-nagon-som-har-avlidit-att-vila-i-frid\/\",\"name\":\"Athma Shanthi Pooja - Helig ritual f\u00f6r v\u00e5ra f\u00f6rf\u00e4ders frid\",\"isPartOf\":{\"@id\":\"https:\/\/mypalmleaf.com\/#website\"},\"primaryImageOfPage\":{\"@id\":\"https:\/\/mypalmleaf.com\/sv\/prices\/athma-shanthi-puja-sarskild-ritual-for-att-hjalpa-sjalen-hos-nagon-som-har-avlidit-att-vila-i-frid\/#primaryimage\"},\"image\":{\"@id\":\"https:\/\/mypalmleaf.com\/sv\/prices\/athma-shanthi-puja-sarskild-ritual-for-att-hjalpa-sjalen-hos-nagon-som-har-avlidit-att-vila-i-frid\/#primaryimage\"},\"thumbnailUrl\":\"https:\/\/mypalmleaf.com\/wp-content\/uploads\/2024\/09\/mantra-product-page-3-1.jpg\",\"datePublished\":\"2024-09-04T10:59:13+00:00\",\"dateModified\":\"2025-08-04T13:14:51+00:00\",\"description\":\"Utf\u00f6r Athma Shanthi Puja f\u00f6r att hj\u00e4lpa en \u00e4lskad m\u00e4nniskas sj\u00e4l att vila i frid. Denna unika ritual \u00e4r f\u00f6r dem som g\u00e5r bort ov\u00e4ntat. Tillg\u00e4nglig via live stream.\",\"breadcrumb\":{\"@id\":\"https:\/\/mypalmleaf.com\/sv\/prices\/athma-shanthi-puja-sarskild-ritual-for-att-hjalpa-sjalen-hos-nagon-som-har-avlidit-att-vila-i-frid\/#breadcrumb\"},\"inLanguage\":\"sv-SE\",\"potentialAction\":[{\"@type\":\"ReadAction\",\"target\":[\"https:\/\/mypalmleaf.com\/sv\/prices\/athma-shanthi-puja-sarskild-ritual-for-att-hjalpa-sjalen-hos-nagon-som-har-avlidit-att-vila-i-frid\/\"]}]},{\"@type\":\"ImageObject\",\"inLanguage\":\"sv-SE\",\"@id\":\"https:\/\/mypalmleaf.com\/sv\/prices\/athma-shanthi-puja-sarskild-ritual-for-att-hjalpa-sjalen-hos-nagon-som-har-avlidit-att-vila-i-frid\/#primaryimage\",\"url\":\"https:\/\/mypalmleaf.com\/wp-content\/uploads\/2024\/09\/mantra-product-page-3-1.jpg\",\"contentUrl\":\"https:\/\/mypalmleaf.com\/wp-content\/uploads\/2024\/09\/mantra-product-page-3-1.jpg\",\"width\":800,\"height\":444,\"caption\":\"Homa procedure\"},{\"@type\":\"BreadcrumbList\",\"@id\":\"https:\/\/mypalmleaf.com\/sv\/prices\/athma-shanthi-puja-sarskild-ritual-for-att-hjalpa-sjalen-hos-nagon-som-har-avlidit-att-vila-i-frid\/#breadcrumb\",\"itemListElement\":[{\"@type\":\"ListItem\",\"position\":1,\"name\":\"Home\",\"item\":\"https:\/\/mypalmleaf.com\/sv\/\"},{\"@type\":\"ListItem\",\"position\":2,\"name\":\"Shop\",\"item\":\"https:\/\/mypalmleaf.com\/et\/shop\/\"},{\"@type\":\"ListItem\",\"position\":3,\"name\":\"Atma Shanti Pooja &#8211; En helig offerg\u00e5va f\u00f6r avlidna sj\u00e4lars frid\"}]},{\"@type\":\"WebSite\",\"@id\":\"https:\/\/mypalmleaf.com\/#website\",\"url\":\"https:\/\/mypalmleaf.com\/\",\"name\":\"My Palm Leaf\",\"description\":\"\",\"potentialAction\":[{\"@type\":\"SearchAction\",\"target\":{\"@type\":\"EntryPoint\",\"urlTemplate\":\"https:\/\/mypalmleaf.com\/?s={search_term_string}\"},\"query-input\":{\"@type\":\"PropertyValueSpecification\",\"valueRequired\":true,\"valueName\":\"search_term_string\"}}],\"inLanguage\":\"sv-SE\"}]}<\/script>\n<!-- \/ Yoast SEO plugin. -->","yoast_head_json":{"title":"Athma Shanthi Pooja - Helig ritual f\u00f6r v\u00e5ra f\u00f6rf\u00e4ders frid","description":"Utf\u00f6r Athma Shanthi Puja f\u00f6r att hj\u00e4lpa en \u00e4lskad m\u00e4nniskas sj\u00e4l att vila i frid. Denna unika ritual \u00e4r f\u00f6r dem som g\u00e5r bort ov\u00e4ntat. Tillg\u00e4nglig via live stream.","robots":{"index":"index","follow":"follow","max-snippet":"max-snippet:-1","max-image-preview":"max-image-preview:large","max-video-preview":"max-video-preview:-1"},"canonical":"https:\/\/mypalmleaf.com\/sv\/prices\/athma-shanthi-puja-sarskild-ritual-for-att-hjalpa-sjalen-hos-nagon-som-har-avlidit-att-vila-i-frid\/","og_locale":"sv_SE","og_type":"article","og_title":"Athma Shanthi Pooja - Helig ritual f\u00f6r v\u00e5ra f\u00f6rf\u00e4ders frid","og_description":"Utf\u00f6r Athma Shanthi Puja f\u00f6r att hj\u00e4lpa en \u00e4lskad m\u00e4nniskas sj\u00e4l att vila i frid. Denna unika ritual \u00e4r f\u00f6r dem som g\u00e5r bort ov\u00e4ntat. Tillg\u00e4nglig via live stream.","og_url":"https:\/\/mypalmleaf.com\/sv\/prices\/athma-shanthi-puja-sarskild-ritual-for-att-hjalpa-sjalen-hos-nagon-som-har-avlidit-att-vila-i-frid\/","og_site_name":"My Palm Leaf","article_modified_time":"2025-08-04T13:14:51+00:00","og_image":[{"width":800,"height":444,"url":"https:\/\/mypalmleaf.com\/wp-content\/uploads\/2024\/09\/mantra-product-page-3-1.jpg","type":"image\/jpeg"}],"twitter_card":"summary_large_image","twitter_misc":{"Ber\u00e4knad l\u00e4stid":"1 minut"},"schema":{"@context":"https:\/\/schema.org","@graph":[{"@type":"WebPage","@id":"https:\/\/mypalmleaf.com\/sv\/prices\/athma-shanthi-puja-sarskild-ritual-for-att-hjalpa-sjalen-hos-nagon-som-har-avlidit-att-vila-i-frid\/","url":"https:\/\/mypalmleaf.com\/sv\/prices\/athma-shanthi-puja-sarskild-ritual-for-att-hjalpa-sjalen-hos-nagon-som-har-avlidit-att-vila-i-frid\/","name":"Athma Shanthi Pooja - Helig ritual f\u00f6r v\u00e5ra f\u00f6rf\u00e4ders frid","isPartOf":{"@id":"https:\/\/mypalmleaf.com\/#website"},"primaryImageOfPage":{"@id":"https:\/\/mypalmleaf.com\/sv\/prices\/athma-shanthi-puja-sarskild-ritual-for-att-hjalpa-sjalen-hos-nagon-som-har-avlidit-att-vila-i-frid\/#primaryimage"},"image":{"@id":"https:\/\/mypalmleaf.com\/sv\/prices\/athma-shanthi-puja-sarskild-ritual-for-att-hjalpa-sjalen-hos-nagon-som-har-avlidit-att-vila-i-frid\/#primaryimage"},"thumbnailUrl":"https:\/\/mypalmleaf.com\/wp-content\/uploads\/2024\/09\/mantra-product-page-3-1.jpg","datePublished":"2024-09-04T10:59:13+00:00","dateModified":"2025-08-04T13:14:51+00:00","description":"Utf\u00f6r Athma Shanthi Puja f\u00f6r att hj\u00e4lpa en \u00e4lskad m\u00e4nniskas sj\u00e4l att vila i frid. Denna unika ritual \u00e4r f\u00f6r dem som g\u00e5r bort ov\u00e4ntat. Tillg\u00e4nglig via live stream.","breadcrumb":{"@id":"https:\/\/mypalmleaf.com\/sv\/prices\/athma-shanthi-puja-sarskild-ritual-for-att-hjalpa-sjalen-hos-nagon-som-har-avlidit-att-vila-i-frid\/#breadcrumb"},"inLanguage":"sv-SE","potentialAction":[{"@type":"ReadAction","target":["https:\/\/mypalmleaf.com\/sv\/prices\/athma-shanthi-puja-sarskild-ritual-for-att-hjalpa-sjalen-hos-nagon-som-har-avlidit-att-vila-i-frid\/"]}]},{"@type":"ImageObject","inLanguage":"sv-SE","@id":"https:\/\/mypalmleaf.com\/sv\/prices\/athma-shanthi-puja-sarskild-ritual-for-att-hjalpa-sjalen-hos-nagon-som-har-avlidit-att-vila-i-frid\/#primaryimage","url":"https:\/\/mypalmleaf.com\/wp-content\/uploads\/2024\/09\/mantra-product-page-3-1.jpg","contentUrl":"https:\/\/mypalmleaf.com\/wp-content\/uploads\/2024\/09\/mantra-product-page-3-1.jpg","width":800,"height":444,"caption":"Homa procedure"},{"@type":"BreadcrumbList","@id":"https:\/\/mypalmleaf.com\/sv\/prices\/athma-shanthi-puja-sarskild-ritual-for-att-hjalpa-sjalen-hos-nagon-som-har-avlidit-att-vila-i-frid\/#breadcrumb","itemListElement":[{"@type":"ListItem","position":1,"name":"Home","item":"https:\/\/mypalmleaf.com\/sv\/"},{"@type":"ListItem","position":2,"name":"Shop","item":"https:\/\/mypalmleaf.com\/et\/shop\/"},{"@type":"ListItem","position":3,"name":"Atma Shanti Pooja &#8211; En helig offerg\u00e5va f\u00f6r avlidna sj\u00e4lars frid"}]},{"@type":"WebSite","@id":"https:\/\/mypalmleaf.com\/#website","url":"https:\/\/mypalmleaf.com\/","name":"My Palm Leaf","description":"","potentialAction":[{"@type":"SearchAction","target":{"@type":"EntryPoint","urlTemplate":"https:\/\/mypalmleaf.com\/?s={search_term_string}"},"query-input":{"@type":"PropertyValueSpecification","valueRequired":true,"valueName":"search_term_string"}}],"inLanguage":"sv-SE"}]}},"_links":{"self":[{"href":"https:\/\/mypalmleaf.com\/sv\/wp-json\/wp\/v2\/product\/39001","targetHints":{"allow":["GET"]}}],"collection":[{"href":"https:\/\/mypalmleaf.com\/sv\/wp-json\/wp\/v2\/product"}],"about":[{"href":"https:\/\/mypalmleaf.com\/sv\/wp-json\/wp\/v2\/types\/product"}],"replies":[{"embeddable":true,"href":"https:\/\/mypalmleaf.com\/sv\/wp-json\/wp\/v2\/comments?post=39001"}],"wp:featuredmedia":[{"embeddable":true,"href":"https:\/\/mypalmleaf.com\/sv\/wp-json\/wp\/v2\/media\/9953"}],"wp:attachment":[{"href":"https:\/\/mypalmleaf.com\/sv\/wp-json\/wp\/v2\/media?parent=39001"}],"wp:term":[{"taxonomy":"product_brand","embeddable":true,"href":"https:\/\/mypalmleaf.com\/sv\/wp-json\/wp\/v2\/product_brand?post=39001"},{"taxonomy":"product_cat","embeddable":true,"href":"https:\/\/mypalmleaf.com\/sv\/wp-json\/wp\/v2\/product_cat?post=39001"},{"taxonomy":"product_tag","embeddable":true,"href":"https:\/\/mypalmleaf.com\/sv\/wp-json\/wp\/v2\/product_tag?post=39001"}],"curies":[{"name":"wp","href":"https:\/\/api.w.org\/{rel}","templated":true}]}}