
{"id":39023,"date":"2024-09-04T10:56:25","date_gmt":"2024-09-04T10:56:25","guid":{"rendered":"https:\/\/mypalmleaf.com\/prices\/eldceremoni-homa\/"},"modified":"2025-04-17T09:18:48","modified_gmt":"2025-04-17T09:18:48","slug":"eldceremoni-homa","status":"publish","type":"product","link":"https:\/\/mypalmleaf.com\/sv\/prices\/eldceremoni-homa\/","title":{"rendered":"Eldceremoni &#8211; Homa"},"content":{"rendered":"<div class=\"description\">\n<p>&#8221;Homa&#8221;, en eldceremoni, \u00e4r ett kraftfullt energetiskt verktyg f\u00f6r att bjuda in v\u00e4lg\u00f6rande energier i ditt liv och kan utf\u00f6ras i m\u00e5nga olika syften f\u00f6r dig sj\u00e4lv eller dina n\u00e4ra och k\u00e4ra. N\u00e4r du har bokat eldceremonin f\u00e5r du en kalenderl\u00e4nk d\u00e4r du kan v\u00e4lja n\u00e4r du vill att ceremonin ska utf\u00f6ras. Den kommer att utf\u00f6ras av utbildade pr\u00e4ster i ett tempel i Indien och livestreamas f\u00f6r dig p\u00e5 Zoom.<\/p>\n<p>Om eldceremonin rekommenderades under din palmbladstolkning, s\u00e5 kontrollerar vi vilken specifik ceremoni som rekommenderades f\u00f6r dig och meddelar pr\u00e4sten. Du kan boka eldceremonin f\u00f6r dig sj\u00e4lv eller dina n\u00e4ra och k\u00e4ra \u00e4ven utan en tidigare palmbladl\u00e4sning. I s\u00e5 fall kommer vi att fr\u00e5ga dig om syftet med ceremonin efter din bokning.<\/p>\n<\/div>\n","protected":false},"excerpt":{"rendered":"<p>&#8221;Homa&#8221;, en eldceremoni, \u00e4r ett kraftfullt energiverktyg f\u00f6r att bjuda in v\u00e4lg\u00f6rande energier i ditt liv och kan utf\u00f6ras i m\u00e5nga olika syften f\u00f6r dig sj\u00e4lv eller dina n\u00e4ra och k\u00e4ra. N\u00e4r du har bokat eldceremonin kommer du att f\u00e5 en kalenderl\u00e4nk d\u00e4r du kan v\u00e4lja n\u00e4r du vill att ceremonin ska utf\u00f6ras&#8230;<\/p>\n","protected":false},"featured_media":9914,"comment_status":"open","ping_status":"closed","template":"","meta":{"_acf_changed":false},"product_brand":[],"product_cat":[360],"product_tag":[],"class_list":{"0":"post-39023","1":"product","2":"type-product","3":"status-publish","4":"has-post-thumbnail","6":"product_cat-okategoriserade","8":"first","9":"instock","10":"virtual","11":"purchasable","12":"product-type-simple"},"exclude_global_add_ons":[],"addons":[],"acf":[],"yoast_head":"<!-- This site is optimized with the Yoast SEO plugin v26.4 - https:\/\/yoast.com\/wordpress\/plugins\/seo\/ -->\n<title>Eldceremoni - Homa - My Palm Leaf<\/title>\n<meta name=\"description\" content=\"Homa-ceremonin \u00e4r en kraftfull ritual f\u00f6r rening och andlig upplysning. Delta i denna ur\u00e5ldriga tradition och l\u00e5t l\u00e5gorna b\u00e4ra dina b\u00f6ner.\" \/>\n<meta name=\"robots\" content=\"index, follow, max-snippet:-1, max-image-preview:large, max-video-preview:-1\" \/>\n<link rel=\"canonical\" href=\"https:\/\/mypalmleaf.com\/sv\/prices\/eldceremoni-homa\/\" \/>\n<meta property=\"og:locale\" content=\"sv_SE\" \/>\n<meta property=\"og:type\" content=\"article\" \/>\n<meta property=\"og:title\" content=\"Eldceremoni - Homa - My Palm Leaf\" \/>\n<meta property=\"og:description\" content=\"Homa-ceremonin \u00e4r en kraftfull ritual f\u00f6r rening och andlig upplysning. Delta i denna ur\u00e5ldriga tradition och l\u00e5t l\u00e5gorna b\u00e4ra dina b\u00f6ner.\" \/>\n<meta property=\"og:url\" content=\"https:\/\/mypalmleaf.com\/sv\/prices\/eldceremoni-homa\/\" \/>\n<meta property=\"og:site_name\" content=\"My Palm Leaf\" \/>\n<meta property=\"article:modified_time\" content=\"2025-04-17T09:18:48+00:00\" \/>\n<meta property=\"og:image\" content=\"https:\/\/mypalmleaf.com\/wp-content\/uploads\/2024\/09\/mantra-product-page-2-1.jpg\" \/>\n\t<meta property=\"og:image:width\" content=\"800\" \/>\n\t<meta property=\"og:image:height\" content=\"444\" \/>\n\t<meta property=\"og:image:type\" content=\"image\/jpeg\" \/>\n<meta name=\"twitter:card\" content=\"summary_large_image\" \/>\n<meta name=\"twitter:label1\" content=\"Ber\u00e4knad l\u00e4stid\" \/>\n\t<meta name=\"twitter:data1\" content=\"1 minut\" \/>\n<script type=\"application\/ld+json\" class=\"yoast-schema-graph\">{\"@context\":\"https:\/\/schema.org\",\"@graph\":[{\"@type\":\"WebPage\",\"@id\":\"https:\/\/mypalmleaf.com\/sv\/prices\/eldceremoni-homa\/\",\"url\":\"https:\/\/mypalmleaf.com\/sv\/prices\/eldceremoni-homa\/\",\"name\":\"Eldceremoni - Homa - My Palm Leaf\",\"isPartOf\":{\"@id\":\"https:\/\/mypalmleaf.com\/#website\"},\"primaryImageOfPage\":{\"@id\":\"https:\/\/mypalmleaf.com\/sv\/prices\/eldceremoni-homa\/#primaryimage\"},\"image\":{\"@id\":\"https:\/\/mypalmleaf.com\/sv\/prices\/eldceremoni-homa\/#primaryimage\"},\"thumbnailUrl\":\"https:\/\/mypalmleaf.com\/wp-content\/uploads\/2024\/09\/mantra-product-page-2-1.jpg\",\"datePublished\":\"2024-09-04T10:56:25+00:00\",\"dateModified\":\"2025-04-17T09:18:48+00:00\",\"description\":\"Homa-ceremonin \u00e4r en kraftfull ritual f\u00f6r rening och andlig upplysning. Delta i denna ur\u00e5ldriga tradition och l\u00e5t l\u00e5gorna b\u00e4ra dina b\u00f6ner.\",\"breadcrumb\":{\"@id\":\"https:\/\/mypalmleaf.com\/sv\/prices\/eldceremoni-homa\/#breadcrumb\"},\"inLanguage\":\"sv-SE\",\"potentialAction\":[{\"@type\":\"ReadAction\",\"target\":[\"https:\/\/mypalmleaf.com\/sv\/prices\/eldceremoni-homa\/\"]}]},{\"@type\":\"ImageObject\",\"inLanguage\":\"sv-SE\",\"@id\":\"https:\/\/mypalmleaf.com\/sv\/prices\/eldceremoni-homa\/#primaryimage\",\"url\":\"https:\/\/mypalmleaf.com\/wp-content\/uploads\/2024\/09\/mantra-product-page-2-1.jpg\",\"contentUrl\":\"https:\/\/mypalmleaf.com\/wp-content\/uploads\/2024\/09\/mantra-product-page-2-1.jpg\",\"width\":800,\"height\":444,\"caption\":\"Homa procedure-1\"},{\"@type\":\"BreadcrumbList\",\"@id\":\"https:\/\/mypalmleaf.com\/sv\/prices\/eldceremoni-homa\/#breadcrumb\",\"itemListElement\":[{\"@type\":\"ListItem\",\"position\":1,\"name\":\"Home\",\"item\":\"https:\/\/mypalmleaf.com\/sv\/\"},{\"@type\":\"ListItem\",\"position\":2,\"name\":\"Shop\",\"item\":\"https:\/\/mypalmleaf.com\/et\/shop\/\"},{\"@type\":\"ListItem\",\"position\":3,\"name\":\"Eldceremoni &#8211; Homa\"}]},{\"@type\":\"WebSite\",\"@id\":\"https:\/\/mypalmleaf.com\/#website\",\"url\":\"https:\/\/mypalmleaf.com\/\",\"name\":\"My Palm Leaf\",\"description\":\"\",\"potentialAction\":[{\"@type\":\"SearchAction\",\"target\":{\"@type\":\"EntryPoint\",\"urlTemplate\":\"https:\/\/mypalmleaf.com\/?s={search_term_string}\"},\"query-input\":{\"@type\":\"PropertyValueSpecification\",\"valueRequired\":true,\"valueName\":\"search_term_string\"}}],\"inLanguage\":\"sv-SE\"}]}<\/script>\n<!-- \/ Yoast SEO plugin. -->","yoast_head_json":{"title":"Eldceremoni - Homa - My Palm Leaf","description":"Homa-ceremonin \u00e4r en kraftfull ritual f\u00f6r rening och andlig upplysning. Delta i denna ur\u00e5ldriga tradition och l\u00e5t l\u00e5gorna b\u00e4ra dina b\u00f6ner.","robots":{"index":"index","follow":"follow","max-snippet":"max-snippet:-1","max-image-preview":"max-image-preview:large","max-video-preview":"max-video-preview:-1"},"canonical":"https:\/\/mypalmleaf.com\/sv\/prices\/eldceremoni-homa\/","og_locale":"sv_SE","og_type":"article","og_title":"Eldceremoni - Homa - My Palm Leaf","og_description":"Homa-ceremonin \u00e4r en kraftfull ritual f\u00f6r rening och andlig upplysning. Delta i denna ur\u00e5ldriga tradition och l\u00e5t l\u00e5gorna b\u00e4ra dina b\u00f6ner.","og_url":"https:\/\/mypalmleaf.com\/sv\/prices\/eldceremoni-homa\/","og_site_name":"My Palm Leaf","article_modified_time":"2025-04-17T09:18:48+00:00","og_image":[{"width":800,"height":444,"url":"https:\/\/mypalmleaf.com\/wp-content\/uploads\/2024\/09\/mantra-product-page-2-1.jpg","type":"image\/jpeg"}],"twitter_card":"summary_large_image","twitter_misc":{"Ber\u00e4knad l\u00e4stid":"1 minut"},"schema":{"@context":"https:\/\/schema.org","@graph":[{"@type":"WebPage","@id":"https:\/\/mypalmleaf.com\/sv\/prices\/eldceremoni-homa\/","url":"https:\/\/mypalmleaf.com\/sv\/prices\/eldceremoni-homa\/","name":"Eldceremoni - Homa - My Palm Leaf","isPartOf":{"@id":"https:\/\/mypalmleaf.com\/#website"},"primaryImageOfPage":{"@id":"https:\/\/mypalmleaf.com\/sv\/prices\/eldceremoni-homa\/#primaryimage"},"image":{"@id":"https:\/\/mypalmleaf.com\/sv\/prices\/eldceremoni-homa\/#primaryimage"},"thumbnailUrl":"https:\/\/mypalmleaf.com\/wp-content\/uploads\/2024\/09\/mantra-product-page-2-1.jpg","datePublished":"2024-09-04T10:56:25+00:00","dateModified":"2025-04-17T09:18:48+00:00","description":"Homa-ceremonin \u00e4r en kraftfull ritual f\u00f6r rening och andlig upplysning. Delta i denna ur\u00e5ldriga tradition och l\u00e5t l\u00e5gorna b\u00e4ra dina b\u00f6ner.","breadcrumb":{"@id":"https:\/\/mypalmleaf.com\/sv\/prices\/eldceremoni-homa\/#breadcrumb"},"inLanguage":"sv-SE","potentialAction":[{"@type":"ReadAction","target":["https:\/\/mypalmleaf.com\/sv\/prices\/eldceremoni-homa\/"]}]},{"@type":"ImageObject","inLanguage":"sv-SE","@id":"https:\/\/mypalmleaf.com\/sv\/prices\/eldceremoni-homa\/#primaryimage","url":"https:\/\/mypalmleaf.com\/wp-content\/uploads\/2024\/09\/mantra-product-page-2-1.jpg","contentUrl":"https:\/\/mypalmleaf.com\/wp-content\/uploads\/2024\/09\/mantra-product-page-2-1.jpg","width":800,"height":444,"caption":"Homa procedure-1"},{"@type":"BreadcrumbList","@id":"https:\/\/mypalmleaf.com\/sv\/prices\/eldceremoni-homa\/#breadcrumb","itemListElement":[{"@type":"ListItem","position":1,"name":"Home","item":"https:\/\/mypalmleaf.com\/sv\/"},{"@type":"ListItem","position":2,"name":"Shop","item":"https:\/\/mypalmleaf.com\/et\/shop\/"},{"@type":"ListItem","position":3,"name":"Eldceremoni &#8211; Homa"}]},{"@type":"WebSite","@id":"https:\/\/mypalmleaf.com\/#website","url":"https:\/\/mypalmleaf.com\/","name":"My Palm Leaf","description":"","potentialAction":[{"@type":"SearchAction","target":{"@type":"EntryPoint","urlTemplate":"https:\/\/mypalmleaf.com\/?s={search_term_string}"},"query-input":{"@type":"PropertyValueSpecification","valueRequired":true,"valueName":"search_term_string"}}],"inLanguage":"sv-SE"}]}},"_links":{"self":[{"href":"https:\/\/mypalmleaf.com\/sv\/wp-json\/wp\/v2\/product\/39023","targetHints":{"allow":["GET"]}}],"collection":[{"href":"https:\/\/mypalmleaf.com\/sv\/wp-json\/wp\/v2\/product"}],"about":[{"href":"https:\/\/mypalmleaf.com\/sv\/wp-json\/wp\/v2\/types\/product"}],"replies":[{"embeddable":true,"href":"https:\/\/mypalmleaf.com\/sv\/wp-json\/wp\/v2\/comments?post=39023"}],"wp:featuredmedia":[{"embeddable":true,"href":"https:\/\/mypalmleaf.com\/sv\/wp-json\/wp\/v2\/media\/9914"}],"wp:attachment":[{"href":"https:\/\/mypalmleaf.com\/sv\/wp-json\/wp\/v2\/media?parent=39023"}],"wp:term":[{"taxonomy":"product_brand","embeddable":true,"href":"https:\/\/mypalmleaf.com\/sv\/wp-json\/wp\/v2\/product_brand?post=39023"},{"taxonomy":"product_cat","embeddable":true,"href":"https:\/\/mypalmleaf.com\/sv\/wp-json\/wp\/v2\/product_cat?post=39023"},{"taxonomy":"product_tag","embeddable":true,"href":"https:\/\/mypalmleaf.com\/sv\/wp-json\/wp\/v2\/product_tag?post=39023"}],"curies":[{"name":"wp","href":"https:\/\/api.w.org\/{rel}","templated":true}]}}