
{"id":39085,"date":"2024-09-04T10:59:56","date_gmt":"2024-09-04T10:59:56","guid":{"rendered":"https:\/\/mypalmleaf.com\/prices\/hitta-blad-allman-kapitellasning\/"},"modified":"2025-07-31T04:00:46","modified_gmt":"2025-07-31T04:00:46","slug":"hitta-blad-allman-kapitellasning","status":"publish","type":"product","link":"https:\/\/mypalmleaf.com\/sv\/prices\/hitta-blad-allman-kapitellasning\/","title":{"rendered":"Hitta blad + Allm\u00e4n kapitell\u00e4sning"},"content":{"rendered":"\n<div class=\"description\">\n<p>            <strong>Tj\u00e4nsten omfattar<\/strong><\/p>\n<ul>\n<li>Hitta buntarna som kan inneh\u00e5lla din Palm Leaf i Indien<\/li>\n<li>Genomf\u00f6ra matchningsprocessen online f\u00f6r att identifiera din Palm Leaf<\/li>\n<li>Uppl\u00e4sning av det allm\u00e4nna kapitlet<\/li>\n<li>L\u00e4sning av kapitel 14 (energetiska botemedel)<\/li>\n<li>Videoinspelning av din l\u00e4sning<\/li>\n<li>Foto av ditt palmblad.<\/li>\n<li>Pengar tillbaka-garanti om ditt blad inte kan hittas.<\/li>\n<\/ul><\/div>\n","protected":false},"excerpt":{"rendered":"<p>          <strong>Tj\u00e4nsten omfattar<\/strong><\/p>\n<ul>\n<li>Hitta buntarna som kan inneh\u00e5lla din Palm Leaf i Indien<\/li>\n<li>G\u00f6r matchningsprocessen online f\u00f6r att identifiera din Palm Leaf&#8230;<\/li>\n<\/ul>\n","protected":false},"featured_media":10083,"comment_status":"open","ping_status":"closed","template":"","meta":{"_acf_changed":false},"product_brand":[],"product_cat":[360],"product_tag":[],"class_list":{"0":"post-39085","1":"product","2":"type-product","3":"status-publish","4":"has-post-thumbnail","6":"product_cat-okategoriserade","8":"first","9":"instock","10":"virtual","11":"taxable","12":"purchasable","13":"product-type-simple"},"exclude_global_add_ons":false,"addons":[{"name":"\u00d6vers\u00e4ttning","type":"checkbox","position":0,"required":false,"title_format":"label","description_enable":true,"description":"\u00f6vers\u00e4ttning","placeholder_enable":false,"placeholder":"","display":"select","restrictions_type":"any_text","adjust_price":false,"price":"","price_type":"flat_fee","restrictions":false,"min":0,"max":0,"options":[{"label":"Engelska","price":"0","price_type":"flat_fee","image":0},{"label":"Tysk","price":"38","price_type":"flat_fee","image":0},{"label":"Ryska","price":"38","price_type":"flat_fee","image":0},{"label":"Japanska","price":"38","price_type":"flat_fee","image":0},{"label":"Italienska","price":"38","price_type":"flat_fee","image":0},{"label":"Franska","price":"38","price_type":"flat_fee","image":0},{"label":"Spanska","price":"38","price_type":"flat_fee","image":0},{"label":"Holl\u00e4ndska","price":"38","price_type":"flat_fee","image":0},{"label":"\u00d6vriga","price":"38","price_type":"flat_fee","image":0}],"id":1725237117},{"name":"Transkription","type":"checkbox","position":1,"required":false,"title_format":"label","description_enable":true,"description":"transkription","placeholder_enable":false,"placeholder":"","display":"select","restrictions_type":"any_text","adjust_price":false,"price":"","price_type":"flat_fee","restrictions":false,"min":0,"max":0,"options":[{"label":"Engelska","price":"59","price_type":"flat_fee","image":0},{"label":"Tysk","price":"99","price_type":"flat_fee","image":0},{"label":"Ryska","price":"99","price_type":"flat_fee","image":0},{"label":"Japanska","price":"99","price_type":"flat_fee","image":0},{"label":"Italienska","price":"99","price_type":"flat_fee","image":0},{"label":"Franska","price":"99","price_type":"flat_fee","image":0},{"label":"Spanska","price":"99","price_type":"flat_fee","image":0},{"label":"Holl\u00e4ndska","price":"99","price_type":"flat_fee","image":0},{"label":"\u00d6vriga","price":"99","price_type":"flat_fee","image":0},{"label":"Beh\u00f6vs inte, kanske senare","price":"","price_type":"flat_fee","image":0}],"id":1725237118}],"acf":[],"yoast_head":"<!-- This site is optimized with the Yoast SEO plugin v26.4 - https:\/\/yoast.com\/wordpress\/plugins\/seo\/ -->\n<title>Hitta blad + Allm\u00e4n kapitell\u00e4sning - My Palm Leaf<\/title>\n<meta name=\"description\" content=\"Uppt\u00e4ck ditt palmblad och f\u00e5 en grundl\u00e4ggande kapitell\u00e4sning. En fascinerande f\u00f6rsta inblick i din unika livsber\u00e4ttelse enligt de ur\u00e5ldriga skrifterna.\" \/>\n<meta name=\"robots\" content=\"index, follow, max-snippet:-1, max-image-preview:large, max-video-preview:-1\" \/>\n<link rel=\"canonical\" href=\"https:\/\/mypalmleaf.com\/sv\/prices\/hitta-blad-allman-kapitellasning\/\" \/>\n<meta property=\"og:locale\" content=\"sv_SE\" \/>\n<meta property=\"og:type\" content=\"article\" \/>\n<meta property=\"og:title\" content=\"Hitta blad + Allm\u00e4n kapitell\u00e4sning - My Palm Leaf\" \/>\n<meta property=\"og:description\" content=\"Uppt\u00e4ck ditt palmblad och f\u00e5 en grundl\u00e4ggande kapitell\u00e4sning. En fascinerande f\u00f6rsta inblick i din unika livsber\u00e4ttelse enligt de ur\u00e5ldriga skrifterna.\" \/>\n<meta property=\"og:url\" content=\"https:\/\/mypalmleaf.com\/sv\/prices\/hitta-blad-allman-kapitellasning\/\" \/>\n<meta property=\"og:site_name\" content=\"My Palm Leaf\" \/>\n<meta property=\"article:modified_time\" content=\"2025-07-31T04:00:46+00:00\" \/>\n<meta property=\"og:image\" content=\"https:\/\/mypalmleaf.com\/wp-content\/uploads\/2024\/09\/services-thumb-1-1.jpg\" \/>\n\t<meta property=\"og:image:width\" content=\"800\" \/>\n\t<meta property=\"og:image:height\" content=\"444\" \/>\n\t<meta property=\"og:image:type\" content=\"image\/jpeg\" \/>\n<meta name=\"twitter:card\" content=\"summary_large_image\" \/>\n<meta name=\"twitter:label1\" content=\"Ber\u00e4knad l\u00e4stid\" \/>\n\t<meta name=\"twitter:data1\" content=\"1 minut\" \/>\n<script type=\"application\/ld+json\" class=\"yoast-schema-graph\">{\"@context\":\"https:\/\/schema.org\",\"@graph\":[{\"@type\":\"WebPage\",\"@id\":\"https:\/\/mypalmleaf.com\/sv\/prices\/hitta-blad-allman-kapitellasning\/\",\"url\":\"https:\/\/mypalmleaf.com\/sv\/prices\/hitta-blad-allman-kapitellasning\/\",\"name\":\"Hitta blad + Allm\u00e4n kapitell\u00e4sning - My Palm Leaf\",\"isPartOf\":{\"@id\":\"https:\/\/mypalmleaf.com\/#website\"},\"primaryImageOfPage\":{\"@id\":\"https:\/\/mypalmleaf.com\/sv\/prices\/hitta-blad-allman-kapitellasning\/#primaryimage\"},\"image\":{\"@id\":\"https:\/\/mypalmleaf.com\/sv\/prices\/hitta-blad-allman-kapitellasning\/#primaryimage\"},\"thumbnailUrl\":\"https:\/\/mypalmleaf.com\/wp-content\/uploads\/2024\/09\/services-thumb-1-1.jpg\",\"datePublished\":\"2024-09-04T10:59:56+00:00\",\"dateModified\":\"2025-07-31T04:00:46+00:00\",\"description\":\"Uppt\u00e4ck ditt palmblad och f\u00e5 en grundl\u00e4ggande kapitell\u00e4sning. En fascinerande f\u00f6rsta inblick i din unika livsber\u00e4ttelse enligt de ur\u00e5ldriga skrifterna.\",\"breadcrumb\":{\"@id\":\"https:\/\/mypalmleaf.com\/sv\/prices\/hitta-blad-allman-kapitellasning\/#breadcrumb\"},\"inLanguage\":\"sv-SE\",\"potentialAction\":[{\"@type\":\"ReadAction\",\"target\":[\"https:\/\/mypalmleaf.com\/sv\/prices\/hitta-blad-allman-kapitellasning\/\"]}]},{\"@type\":\"ImageObject\",\"inLanguage\":\"sv-SE\",\"@id\":\"https:\/\/mypalmleaf.com\/sv\/prices\/hitta-blad-allman-kapitellasning\/#primaryimage\",\"url\":\"https:\/\/mypalmleaf.com\/wp-content\/uploads\/2024\/09\/services-thumb-1-1.jpg\",\"contentUrl\":\"https:\/\/mypalmleaf.com\/wp-content\/uploads\/2024\/09\/services-thumb-1-1.jpg\",\"width\":800,\"height\":444,\"caption\":\"Nadi astrology-02\"},{\"@type\":\"BreadcrumbList\",\"@id\":\"https:\/\/mypalmleaf.com\/sv\/prices\/hitta-blad-allman-kapitellasning\/#breadcrumb\",\"itemListElement\":[{\"@type\":\"ListItem\",\"position\":1,\"name\":\"Home\",\"item\":\"https:\/\/mypalmleaf.com\/sv\/\"},{\"@type\":\"ListItem\",\"position\":2,\"name\":\"Shop\",\"item\":\"https:\/\/mypalmleaf.com\/et\/shop\/\"},{\"@type\":\"ListItem\",\"position\":3,\"name\":\"Hitta blad + Allm\u00e4n kapitell\u00e4sning\"}]},{\"@type\":\"WebSite\",\"@id\":\"https:\/\/mypalmleaf.com\/#website\",\"url\":\"https:\/\/mypalmleaf.com\/\",\"name\":\"My Palm Leaf\",\"description\":\"\",\"potentialAction\":[{\"@type\":\"SearchAction\",\"target\":{\"@type\":\"EntryPoint\",\"urlTemplate\":\"https:\/\/mypalmleaf.com\/?s={search_term_string}\"},\"query-input\":{\"@type\":\"PropertyValueSpecification\",\"valueRequired\":true,\"valueName\":\"search_term_string\"}}],\"inLanguage\":\"sv-SE\"}]}<\/script>\n<!-- \/ Yoast SEO plugin. -->","yoast_head_json":{"title":"Hitta blad + Allm\u00e4n kapitell\u00e4sning - My Palm Leaf","description":"Uppt\u00e4ck ditt palmblad och f\u00e5 en grundl\u00e4ggande kapitell\u00e4sning. En fascinerande f\u00f6rsta inblick i din unika livsber\u00e4ttelse enligt de ur\u00e5ldriga skrifterna.","robots":{"index":"index","follow":"follow","max-snippet":"max-snippet:-1","max-image-preview":"max-image-preview:large","max-video-preview":"max-video-preview:-1"},"canonical":"https:\/\/mypalmleaf.com\/sv\/prices\/hitta-blad-allman-kapitellasning\/","og_locale":"sv_SE","og_type":"article","og_title":"Hitta blad + Allm\u00e4n kapitell\u00e4sning - My Palm Leaf","og_description":"Uppt\u00e4ck ditt palmblad och f\u00e5 en grundl\u00e4ggande kapitell\u00e4sning. En fascinerande f\u00f6rsta inblick i din unika livsber\u00e4ttelse enligt de ur\u00e5ldriga skrifterna.","og_url":"https:\/\/mypalmleaf.com\/sv\/prices\/hitta-blad-allman-kapitellasning\/","og_site_name":"My Palm Leaf","article_modified_time":"2025-07-31T04:00:46+00:00","og_image":[{"width":800,"height":444,"url":"https:\/\/mypalmleaf.com\/wp-content\/uploads\/2024\/09\/services-thumb-1-1.jpg","type":"image\/jpeg"}],"twitter_card":"summary_large_image","twitter_misc":{"Ber\u00e4knad l\u00e4stid":"1 minut"},"schema":{"@context":"https:\/\/schema.org","@graph":[{"@type":"WebPage","@id":"https:\/\/mypalmleaf.com\/sv\/prices\/hitta-blad-allman-kapitellasning\/","url":"https:\/\/mypalmleaf.com\/sv\/prices\/hitta-blad-allman-kapitellasning\/","name":"Hitta blad + Allm\u00e4n kapitell\u00e4sning - My Palm Leaf","isPartOf":{"@id":"https:\/\/mypalmleaf.com\/#website"},"primaryImageOfPage":{"@id":"https:\/\/mypalmleaf.com\/sv\/prices\/hitta-blad-allman-kapitellasning\/#primaryimage"},"image":{"@id":"https:\/\/mypalmleaf.com\/sv\/prices\/hitta-blad-allman-kapitellasning\/#primaryimage"},"thumbnailUrl":"https:\/\/mypalmleaf.com\/wp-content\/uploads\/2024\/09\/services-thumb-1-1.jpg","datePublished":"2024-09-04T10:59:56+00:00","dateModified":"2025-07-31T04:00:46+00:00","description":"Uppt\u00e4ck ditt palmblad och f\u00e5 en grundl\u00e4ggande kapitell\u00e4sning. En fascinerande f\u00f6rsta inblick i din unika livsber\u00e4ttelse enligt de ur\u00e5ldriga skrifterna.","breadcrumb":{"@id":"https:\/\/mypalmleaf.com\/sv\/prices\/hitta-blad-allman-kapitellasning\/#breadcrumb"},"inLanguage":"sv-SE","potentialAction":[{"@type":"ReadAction","target":["https:\/\/mypalmleaf.com\/sv\/prices\/hitta-blad-allman-kapitellasning\/"]}]},{"@type":"ImageObject","inLanguage":"sv-SE","@id":"https:\/\/mypalmleaf.com\/sv\/prices\/hitta-blad-allman-kapitellasning\/#primaryimage","url":"https:\/\/mypalmleaf.com\/wp-content\/uploads\/2024\/09\/services-thumb-1-1.jpg","contentUrl":"https:\/\/mypalmleaf.com\/wp-content\/uploads\/2024\/09\/services-thumb-1-1.jpg","width":800,"height":444,"caption":"Nadi astrology-02"},{"@type":"BreadcrumbList","@id":"https:\/\/mypalmleaf.com\/sv\/prices\/hitta-blad-allman-kapitellasning\/#breadcrumb","itemListElement":[{"@type":"ListItem","position":1,"name":"Home","item":"https:\/\/mypalmleaf.com\/sv\/"},{"@type":"ListItem","position":2,"name":"Shop","item":"https:\/\/mypalmleaf.com\/et\/shop\/"},{"@type":"ListItem","position":3,"name":"Hitta blad + Allm\u00e4n kapitell\u00e4sning"}]},{"@type":"WebSite","@id":"https:\/\/mypalmleaf.com\/#website","url":"https:\/\/mypalmleaf.com\/","name":"My Palm Leaf","description":"","potentialAction":[{"@type":"SearchAction","target":{"@type":"EntryPoint","urlTemplate":"https:\/\/mypalmleaf.com\/?s={search_term_string}"},"query-input":{"@type":"PropertyValueSpecification","valueRequired":true,"valueName":"search_term_string"}}],"inLanguage":"sv-SE"}]}},"_links":{"self":[{"href":"https:\/\/mypalmleaf.com\/sv\/wp-json\/wp\/v2\/product\/39085","targetHints":{"allow":["GET"]}}],"collection":[{"href":"https:\/\/mypalmleaf.com\/sv\/wp-json\/wp\/v2\/product"}],"about":[{"href":"https:\/\/mypalmleaf.com\/sv\/wp-json\/wp\/v2\/types\/product"}],"replies":[{"embeddable":true,"href":"https:\/\/mypalmleaf.com\/sv\/wp-json\/wp\/v2\/comments?post=39085"}],"wp:featuredmedia":[{"embeddable":true,"href":"https:\/\/mypalmleaf.com\/sv\/wp-json\/wp\/v2\/media\/10083"}],"wp:attachment":[{"href":"https:\/\/mypalmleaf.com\/sv\/wp-json\/wp\/v2\/media?parent=39085"}],"wp:term":[{"taxonomy":"product_brand","embeddable":true,"href":"https:\/\/mypalmleaf.com\/sv\/wp-json\/wp\/v2\/product_brand?post=39085"},{"taxonomy":"product_cat","embeddable":true,"href":"https:\/\/mypalmleaf.com\/sv\/wp-json\/wp\/v2\/product_cat?post=39085"},{"taxonomy":"product_tag","embeddable":true,"href":"https:\/\/mypalmleaf.com\/sv\/wp-json\/wp\/v2\/product_tag?post=39085"}],"curies":[{"name":"wp","href":"https:\/\/api.w.org\/{rel}","templated":true}]}}