{"id":40168,"date":"2024-09-04T10:57:26","date_gmt":"2024-09-04T10:57:26","guid":{"rendered":"https:\/\/mypalmleaf.com\/prices\/ytterligare-lasning-av-kapitel\/"},"modified":"2025-10-09T16:10:38","modified_gmt":"2025-10-09T16:10:38","slug":"ytterligare-lasning-av-kapitel","status":"publish","type":"product","link":"https:\/\/mypalmleaf.com\/sv\/prices\/ytterligare-lasning-av-kapitel\/","title":{"rendered":"Ytterligare kapitell\u00e4sning p\u00e5 Mypalmleaf"},"content":{"rendered":"<div class=\"description\">\n<p><strong>Tj\u00e4nsten omfattar<\/strong><\/p>\n<ul>\n<li>L\u00e4sning av dina valda kapitel av palmbladsbiblioteket<\/li>\n<li>Moderering av l\u00e4sningen av MPL-moderator<\/li>\n<li>Videoinspelning<\/li>\n<\/ul>\n<\/div>\n<div class=\"additional-addons-wrap\">\n<p>Palmbladen inneh\u00e5ller upp till 17 kapitel, vart och ett \u00e4gnat \u00e5t ett visst \u00e4mne i en persons liv.<\/p>\n<p>Det allm\u00e4nna kapitlet ing\u00e5r i l\u00e4sningen s\u00e5 ytterligare kapitel kan <strong>endast l\u00e4sas efter att<\/strong> du har tagit din l\u00e4sning av det allm\u00e4nna kapitlet.<\/p>\n<p>Har du inte tagit l\u00e4sningen av det allm\u00e4nna kapitlet \u00e4nnu? H\u00e4mta <a class=\"fw-bold text-body\" href=\"https:\/\/mypalmleaf.com\/sv\/prices\/hitta-blad-allman-kapitellasning\/\">den h\u00e4r<\/a>.<\/p>\n<p>Nedan kan du v\u00e4lja en l\u00e4stj\u00e4nst f\u00f6r ytterligare kapitel.<\/p>\n<p>Specialkapitlen \u00e4r l\u00e4ngre och mer detaljerade \u00e4n de vanliga kapitlen.<\/p>\n<\/div>\n","protected":false},"excerpt":{"rendered":"<p><strong>Tj\u00e4nsten omfattar<\/strong><\/p>\n<ul>\n<li>L\u00e4sning av dina valda kapitel av palmbladsbiblioteket<\/li>\n<li>Moderering av l\u00e4sningen av MPL-moderator&#8230;<\/li>\n<\/ul>\n","protected":false},"featured_media":9830,"comment_status":"open","ping_status":"closed","template":"","meta":{"_acf_changed":false},"product_brand":[],"product_cat":[360],"product_tag":[],"class_list":{"0":"post-40168","1":"product","2":"type-product","3":"status-publish","4":"has-post-thumbnail","6":"product_cat-okategoriserade","8":"first","9":"instock","10":"virtual","11":"taxable","12":"purchasable","13":"product-type-simple"},"exclude_global_add_ons":false,"addons":[{"name":"Kapitel","type":"checkbox","position":0,"required":false,"title_format":"label","description_enable":true,"description":"kapitel","placeholder_enable":false,"placeholder":null,"display":"select","restrictions_type":"any_text","adjust_price":false,"price":"","price_type":"flat_fee","restrictions":false,"min":0,"max":0,"options":[{"label":"1. Allm\u00e4nt kapitel (Ni har redan h\u00f6rt det i den allm\u00e4nna l\u00e4sningen)","price":"","price_type":"flat_fee","image":0},{"label":"2. Utbildning och v\u00e4lst\u00e5nd","price":"79","price_type":"flat_fee","image":0},{"label":"3. Syskon","price":"79","price_type":"flat_fee","image":0},{"label":"4. Din mor, materiella aspekter som hus, mark, fordon och materiell komfort","price":"79","price_type":"flat_fee","image":0},{"label":"5. Barn och ungdomar","price":"79","price_type":"flat_fee","image":0},{"label":"6. Fiender och sjukdomar","price":"79","price_type":"flat_fee","image":0},{"label":"7. \u00c4ktenskap\/Relationer","price":"79","price_type":"flat_fee","image":0},{"label":"8. Livsl\u00e4ngd","price":"79","price_type":"flat_fee","image":0},{"label":"9. Din far och din andliga v\u00e4g","price":"79","price_type":"flat_fee","image":0},{"label":"10. Karri\u00e4r\/Jobb\/Bransch","price":"79","price_type":"flat_fee","image":0},{"label":"11. Lycka, vinster, eventuellt andra \u00e4ktenskap","price":"79","price_type":"flat_fee","image":0},{"label":"12. Utlandsf\u00f6rbindelse och n\u00e4sta inkarnation","price":"79","price_type":"flat_fee","image":0},{"label":"13. Tidigare f\u00f6delse och gammal karma","price":"79","price_type":"flat_fee","image":0},{"label":"14. Energetiska \u00e5tg\u00e4rder f\u00f6r att f\u00f6rb\u00e4ttra din livsv\u00e4g (Du har redan h\u00f6rt det i den allm\u00e4nna l\u00e4sningen)","price":"","price_type":"flat_fee","image":0},{"label":"15. Ayurvedisk medicin","price":"130","price_type":"flat_fee","image":0},{"label":"16. Andlig utveckling","price":"130","price_type":"flat_fee","image":0},{"label":"17. Aktuella planet\u00e4ra effekter","price":"130","price_type":"flat_fee","image":0}],"id":1725236907},{"name":"\u00d6vers\u00e4ttning per kapitel","type":"checkbox","position":1,"required":false,"title_format":"label","description_enable":true,"description":"\u00f6vers\u00e4ttning","placeholder_enable":false,"placeholder":null,"display":"select","restrictions_type":"any_text","adjust_price":false,"price":"","price_type":"flat_fee","restrictions":false,"min":0,"max":0,"options":[{"label":"Engelska","price":"","price_type":"flat_fee","image":0},{"label":"Tysk","price":"12","price_type":"flat_fee","image":0},{"label":"Ryska","price":"12","price_type":"flat_fee","image":0},{"label":"Japanska","price":"12","price_type":"flat_fee","image":0},{"label":"Italienska","price":"12","price_type":"flat_fee","image":0},{"label":"Franska","price":"12","price_type":"flat_fee","image":0},{"label":"Spanska","price":"12","price_type":"flat_fee","image":0},{"label":"Holl\u00e4ndska","price":"12","price_type":"flat_fee","image":0},{"label":"\u00d6vriga","price":"12","price_type":"flat_fee","image":0}],"id":1725236908},{"name":"Transkription per kapitel","type":"checkbox","position":2,"required":false,"title_format":"label","description_enable":true,"description":"transkription","placeholder_enable":false,"placeholder":null,"display":"select","restrictions_type":"any_text","adjust_price":false,"price":"","price_type":"flat_fee","restrictions":false,"min":0,"max":0,"options":[{"label":"Engelska","price":"18","price_type":"flat_fee","image":0},{"label":"Tysk","price":"27","price_type":"flat_fee","image":0},{"label":"Ryska","price":"27","price_type":"flat_fee","image":0},{"label":"Japanska","price":"27","price_type":"flat_fee","image":0},{"label":"Italienska","price":"27","price_type":"flat_fee","image":0},{"label":"Franska","price":"27","price_type":"flat_fee","image":0},{"label":"Spanska","price":"27","price_type":"flat_fee","image":0},{"label":"Holl\u00e4ndska","price":"27","price_type":"flat_fee","image":0},{"label":"\u00d6vriga","price":"27","price_type":"flat_fee","image":0}],"id":1725236909}],"acf":[],"yoast_head":"<!-- This site is optimized with the Yoast SEO plugin v26.4 - https:\/\/yoast.com\/wordpress\/plugins\/seo\/ -->\n<title>Bok Ytterligare kapitel L\u00e4sning | My Palm Leaf - 79 \u20ac och fram\u00e5t<\/title>\n<meta name=\"description\" content=\"Utforska djupare insikter med ytterligare kapitel med palmblad. F\u00e5 klarhet i k\u00e4rlek, karri\u00e4r och livsv\u00e4g. Boka din personliga l\u00e4sning idag p\u00e5 My Palm Leaf!\" \/>\n<meta name=\"robots\" content=\"index, follow, max-snippet:-1, max-image-preview:large, max-video-preview:-1\" \/>\n<link rel=\"canonical\" href=\"https:\/\/mypalmleaf.com\/sv\/prices\/ytterligare-lasning-av-kapitel\/\" \/>\n<meta property=\"og:locale\" content=\"sv_SE\" \/>\n<meta property=\"og:type\" content=\"article\" \/>\n<meta property=\"og:title\" content=\"Bok Ytterligare kapitel L\u00e4sning | My Palm Leaf - 79 \u20ac och fram\u00e5t\" \/>\n<meta property=\"og:description\" content=\"Utforska djupare insikter med ytterligare kapitel med palmblad. F\u00e5 klarhet i k\u00e4rlek, karri\u00e4r och livsv\u00e4g. Boka din personliga l\u00e4sning idag p\u00e5 My Palm Leaf!\" \/>\n<meta property=\"og:url\" content=\"https:\/\/mypalmleaf.com\/sv\/prices\/ytterligare-lasning-av-kapitel\/\" \/>\n<meta property=\"og:site_name\" content=\"My Palm Leaf\" \/>\n<meta property=\"article:modified_time\" content=\"2025-10-09T16:10:38+00:00\" \/>\n<meta property=\"og:image\" content=\"https:\/\/mypalmleaf.com\/wp-content\/uploads\/2024\/09\/services-thumb-2.jpg\" \/>\n\t<meta property=\"og:image:width\" content=\"800\" \/>\n\t<meta property=\"og:image:height\" content=\"444\" \/>\n\t<meta property=\"og:image:type\" content=\"image\/jpeg\" \/>\n<meta name=\"twitter:card\" content=\"summary_large_image\" \/>\n<meta name=\"twitter:label1\" content=\"Ber\u00e4knad l\u00e4stid\" \/>\n\t<meta name=\"twitter:data1\" content=\"1 minut\" \/>\n<script type=\"application\/ld+json\" class=\"yoast-schema-graph\">{\"@context\":\"https:\/\/schema.org\",\"@graph\":[{\"@type\":\"WebPage\",\"@id\":\"https:\/\/mypalmleaf.com\/sv\/prices\/ytterligare-lasning-av-kapitel\/\",\"url\":\"https:\/\/mypalmleaf.com\/sv\/prices\/ytterligare-lasning-av-kapitel\/\",\"name\":\"Bok Ytterligare kapitel L\u00e4sning | My Palm Leaf - 79 \u20ac och fram\u00e5t\",\"isPartOf\":{\"@id\":\"https:\/\/mypalmleaf.com\/#website\"},\"primaryImageOfPage\":{\"@id\":\"https:\/\/mypalmleaf.com\/sv\/prices\/ytterligare-lasning-av-kapitel\/#primaryimage\"},\"image\":{\"@id\":\"https:\/\/mypalmleaf.com\/sv\/prices\/ytterligare-lasning-av-kapitel\/#primaryimage\"},\"thumbnailUrl\":\"https:\/\/mypalmleaf.com\/wp-content\/uploads\/2024\/09\/services-thumb-2.jpg\",\"datePublished\":\"2024-09-04T10:57:26+00:00\",\"dateModified\":\"2025-10-09T16:10:38+00:00\",\"description\":\"Utforska djupare insikter med ytterligare kapitel med palmblad. F\u00e5 klarhet i k\u00e4rlek, karri\u00e4r och livsv\u00e4g. Boka din personliga l\u00e4sning idag p\u00e5 My Palm Leaf!\",\"breadcrumb\":{\"@id\":\"https:\/\/mypalmleaf.com\/sv\/prices\/ytterligare-lasning-av-kapitel\/#breadcrumb\"},\"inLanguage\":\"sv-SE\",\"potentialAction\":[{\"@type\":\"ReadAction\",\"target\":[\"https:\/\/mypalmleaf.com\/sv\/prices\/ytterligare-lasning-av-kapitel\/\"]}]},{\"@type\":\"ImageObject\",\"inLanguage\":\"sv-SE\",\"@id\":\"https:\/\/mypalmleaf.com\/sv\/prices\/ytterligare-lasning-av-kapitel\/#primaryimage\",\"url\":\"https:\/\/mypalmleaf.com\/wp-content\/uploads\/2024\/09\/services-thumb-2.jpg\",\"contentUrl\":\"https:\/\/mypalmleaf.com\/wp-content\/uploads\/2024\/09\/services-thumb-2.jpg\",\"width\":800,\"height\":444,\"caption\":\"Palm leaves-548\"},{\"@type\":\"BreadcrumbList\",\"@id\":\"https:\/\/mypalmleaf.com\/sv\/prices\/ytterligare-lasning-av-kapitel\/#breadcrumb\",\"itemListElement\":[{\"@type\":\"ListItem\",\"position\":1,\"name\":\"Home\",\"item\":\"https:\/\/mypalmleaf.com\/sv\/\"},{\"@type\":\"ListItem\",\"position\":2,\"name\":\"Shop\",\"item\":\"https:\/\/mypalmleaf.com\/et\/shop\/\"},{\"@type\":\"ListItem\",\"position\":3,\"name\":\"Ytterligare kapitell\u00e4sning p\u00e5 Mypalmleaf\"}]},{\"@type\":\"WebSite\",\"@id\":\"https:\/\/mypalmleaf.com\/#website\",\"url\":\"https:\/\/mypalmleaf.com\/\",\"name\":\"My Palm Leaf\",\"description\":\"\",\"potentialAction\":[{\"@type\":\"SearchAction\",\"target\":{\"@type\":\"EntryPoint\",\"urlTemplate\":\"https:\/\/mypalmleaf.com\/?s={search_term_string}\"},\"query-input\":{\"@type\":\"PropertyValueSpecification\",\"valueRequired\":true,\"valueName\":\"search_term_string\"}}],\"inLanguage\":\"sv-SE\"}]}<\/script>\n<!-- \/ Yoast SEO plugin. -->","yoast_head_json":{"title":"Bok Ytterligare kapitel L\u00e4sning | My Palm Leaf - 79 \u20ac och fram\u00e5t","description":"Utforska djupare insikter med ytterligare kapitel med palmblad. F\u00e5 klarhet i k\u00e4rlek, karri\u00e4r och livsv\u00e4g. Boka din personliga l\u00e4sning idag p\u00e5 My Palm Leaf!","robots":{"index":"index","follow":"follow","max-snippet":"max-snippet:-1","max-image-preview":"max-image-preview:large","max-video-preview":"max-video-preview:-1"},"canonical":"https:\/\/mypalmleaf.com\/sv\/prices\/ytterligare-lasning-av-kapitel\/","og_locale":"sv_SE","og_type":"article","og_title":"Bok Ytterligare kapitel L\u00e4sning | My Palm Leaf - 79 \u20ac och fram\u00e5t","og_description":"Utforska djupare insikter med ytterligare kapitel med palmblad. F\u00e5 klarhet i k\u00e4rlek, karri\u00e4r och livsv\u00e4g. Boka din personliga l\u00e4sning idag p\u00e5 My Palm Leaf!","og_url":"https:\/\/mypalmleaf.com\/sv\/prices\/ytterligare-lasning-av-kapitel\/","og_site_name":"My Palm Leaf","article_modified_time":"2025-10-09T16:10:38+00:00","og_image":[{"width":800,"height":444,"url":"https:\/\/mypalmleaf.com\/wp-content\/uploads\/2024\/09\/services-thumb-2.jpg","type":"image\/jpeg"}],"twitter_card":"summary_large_image","twitter_misc":{"Ber\u00e4knad l\u00e4stid":"1 minut"},"schema":{"@context":"https:\/\/schema.org","@graph":[{"@type":"WebPage","@id":"https:\/\/mypalmleaf.com\/sv\/prices\/ytterligare-lasning-av-kapitel\/","url":"https:\/\/mypalmleaf.com\/sv\/prices\/ytterligare-lasning-av-kapitel\/","name":"Bok Ytterligare kapitel L\u00e4sning | My Palm Leaf - 79 \u20ac och fram\u00e5t","isPartOf":{"@id":"https:\/\/mypalmleaf.com\/#website"},"primaryImageOfPage":{"@id":"https:\/\/mypalmleaf.com\/sv\/prices\/ytterligare-lasning-av-kapitel\/#primaryimage"},"image":{"@id":"https:\/\/mypalmleaf.com\/sv\/prices\/ytterligare-lasning-av-kapitel\/#primaryimage"},"thumbnailUrl":"https:\/\/mypalmleaf.com\/wp-content\/uploads\/2024\/09\/services-thumb-2.jpg","datePublished":"2024-09-04T10:57:26+00:00","dateModified":"2025-10-09T16:10:38+00:00","description":"Utforska djupare insikter med ytterligare kapitel med palmblad. F\u00e5 klarhet i k\u00e4rlek, karri\u00e4r och livsv\u00e4g. Boka din personliga l\u00e4sning idag p\u00e5 My Palm Leaf!","breadcrumb":{"@id":"https:\/\/mypalmleaf.com\/sv\/prices\/ytterligare-lasning-av-kapitel\/#breadcrumb"},"inLanguage":"sv-SE","potentialAction":[{"@type":"ReadAction","target":["https:\/\/mypalmleaf.com\/sv\/prices\/ytterligare-lasning-av-kapitel\/"]}]},{"@type":"ImageObject","inLanguage":"sv-SE","@id":"https:\/\/mypalmleaf.com\/sv\/prices\/ytterligare-lasning-av-kapitel\/#primaryimage","url":"https:\/\/mypalmleaf.com\/wp-content\/uploads\/2024\/09\/services-thumb-2.jpg","contentUrl":"https:\/\/mypalmleaf.com\/wp-content\/uploads\/2024\/09\/services-thumb-2.jpg","width":800,"height":444,"caption":"Palm leaves-548"},{"@type":"BreadcrumbList","@id":"https:\/\/mypalmleaf.com\/sv\/prices\/ytterligare-lasning-av-kapitel\/#breadcrumb","itemListElement":[{"@type":"ListItem","position":1,"name":"Home","item":"https:\/\/mypalmleaf.com\/sv\/"},{"@type":"ListItem","position":2,"name":"Shop","item":"https:\/\/mypalmleaf.com\/et\/shop\/"},{"@type":"ListItem","position":3,"name":"Ytterligare kapitell\u00e4sning p\u00e5 Mypalmleaf"}]},{"@type":"WebSite","@id":"https:\/\/mypalmleaf.com\/#website","url":"https:\/\/mypalmleaf.com\/","name":"My Palm Leaf","description":"","potentialAction":[{"@type":"SearchAction","target":{"@type":"EntryPoint","urlTemplate":"https:\/\/mypalmleaf.com\/?s={search_term_string}"},"query-input":{"@type":"PropertyValueSpecification","valueRequired":true,"valueName":"search_term_string"}}],"inLanguage":"sv-SE"}]}},"_links":{"self":[{"href":"https:\/\/mypalmleaf.com\/sv\/wp-json\/wp\/v2\/product\/40168","targetHints":{"allow":["GET"]}}],"collection":[{"href":"https:\/\/mypalmleaf.com\/sv\/wp-json\/wp\/v2\/product"}],"about":[{"href":"https:\/\/mypalmleaf.com\/sv\/wp-json\/wp\/v2\/types\/product"}],"replies":[{"embeddable":true,"href":"https:\/\/mypalmleaf.com\/sv\/wp-json\/wp\/v2\/comments?post=40168"}],"wp:featuredmedia":[{"embeddable":true,"href":"https:\/\/mypalmleaf.com\/sv\/wp-json\/wp\/v2\/media\/9830"}],"wp:attachment":[{"href":"https:\/\/mypalmleaf.com\/sv\/wp-json\/wp\/v2\/media?parent=40168"}],"wp:term":[{"taxonomy":"product_brand","embeddable":true,"href":"https:\/\/mypalmleaf.com\/sv\/wp-json\/wp\/v2\/product_brand?post=40168"},{"taxonomy":"product_cat","embeddable":true,"href":"https:\/\/mypalmleaf.com\/sv\/wp-json\/wp\/v2\/product_cat?post=40168"},{"taxonomy":"product_tag","embeddable":true,"href":"https:\/\/mypalmleaf.com\/sv\/wp-json\/wp\/v2\/product_tag?post=40168"}],"curies":[{"name":"wp","href":"https:\/\/api.w.org\/{rel}","templated":true}]}}