
{"id":33227,"date":"2024-08-14T06:28:52","date_gmt":"2024-08-14T06:28:52","guid":{"rendered":"https:\/\/mypalmleaf.com\/bloglar\/"},"modified":"2025-04-28T09:33:22","modified_gmt":"2025-04-28T09:33:22","slug":"bloglar","status":"publish","type":"page","link":"https:\/\/mypalmleaf.com\/tr\/bloglar\/","title":{"rendered":"Bloglar"},"content":{"rendered":"<section class=\"spotlight-single top-gap\">\n  <div class=\"content-wrap\">\n    <div class=\"image\">\n      <picture>\n        <source media=\"(max-width: 999px)\" srcset=\"https:\/\/mypalmleaf.com\/wp-content\/uploads\/2024\/08\/blogs-spotlight-mob.jpg\" \/>\n        <source media=\"(min-width: 1000px)\" srcset=\"https:\/\/mypalmleaf.com\/wp-content\/uploads\/2024\/08\/blogs-spotlight.jpg\" \/>\n        <img decoding=\"async\" src=\"https:\/\/mypalmleaf.com\/wp-content\/uploads\/2024\/08\/blogs-spotlight.jpg\" class=\"img-fluid\" alt=\"\" \/>\n      <\/picture>\n    <\/div>\n    <div class=\"content\">\n      <div data-aos=\"fade-up\" data-aos-duration=\"1000\">\n        <h1>Blog &amp; Makaleler<\/h1>\n              <\/div>\n    <\/div>\n  <\/div>\n<\/section>\n\n  <section class=\"blog-card-wrap my-4\" data-aos=\"fade-up\" data-aos-duration=\"1000\">\n    <div class=\"container-xl\">\n      <div class=\"row gx-md-5\">\n                  <div class=\"col-lg-6 my-4\">\n            <div class=\"wrap\">\n              <div class=\"image\">\n                <div class=\"rounded-asset\"><img decoding=\"async\" src=\"https:\/\/mypalmleaf.com\/wp-content\/uploads\/2024\/08\/blog-thumb-1.jpg\" class=\"img-fluid\" alt=\"\"><\/div>\n              <\/div>\n              <div class=\"date\">Aral\u0131k 28, 2024<\/div>\n              <div class=\"title\">Vedic &#038; Western Astrology:<\/div>\n              <div class=\"desc\"><p>Astrology, a celestial science, has been a significant aspect of various cultures, guiding individuals in understanding their destinies and the mysteries of the universe. Two prominent branches of astrology, Vedic and Western, have intrigued scholars and enthusiasts alike, each offering a unique lens through which to view the cosmos and human existence. ORIgins and philosophical [&hellip;]<\/p>\n<\/div>\n              <a href=\"https:\/\/mypalmleaf.com\/tr\/vedic-western-astrology\/\" class=\"stretched-link\"><\/a>\n            <\/div>\n          <\/div>\n                  <div class=\"col-lg-6 my-4\">\n            <div class=\"wrap\">\n              <div class=\"image\">\n                <div class=\"rounded-asset\"><img decoding=\"async\" src=\"https:\/\/mypalmleaf.com\/wp-content\/uploads\/2024\/08\/blog-15-1.jpg\" class=\"img-fluid\" alt=\"\"><\/div>\n              <\/div>\n              <div class=\"date\">Aral\u0131k 23, 2024<\/div>\n              <div class=\"title\">Avu\u00e7 \u0130\u00e7i Yaprak Okuma i\u00e7in Haz\u0131rl\u0131k<\/div>\n              <div class=\"desc\"><p>Avu\u00e7 i\u00e7i yapra\u011f\u0131n\u0131z\u0131 aramak derin ve g\u00fczel bir s\u00fcre\u00e7tir. Avu\u00e7 i\u00e7i yapra\u011f\u0131 okuman\u0131z i\u00e7in uygun bir haz\u0131rl\u0131k yapmay\u0131 d\u00fc\u015f\u00fcnd\u00fc\u011f\u00fcn\u00fczde, s\u00fcre\u00e7 d\u00f6n\u00fc\u015ft\u00fcr\u00fcc\u00fc etkisiyle tam olarak ortaya \u00e7\u0131kacakt\u0131r. Bu nedenle, bu makalede okumaya hem i\u00e7sel hem de pratik olarak haz\u0131rlanmak ele al\u0131nacakt\u0131r. S\u00fcre\u00e7 Fark\u0131ndal\u0131kla Ba\u015flar Bu, her \u015feyden \u00f6nce, bu s\u00fcrecin karma\u015f\u0131k g\u00fczelli\u011finin fark\u0131na varmakla ba\u015flar. Ayd\u0131nlanm\u0131\u015f [&hellip;]<\/p>\n<\/div>\n              <a href=\"https:\/\/mypalmleaf.com\/tr\/preparing-for-your-palm-leaf-reading\/\" class=\"stretched-link\"><\/a>\n            <\/div>\n          <\/div>\n                  <div class=\"col-lg-6 my-4\">\n            <div class=\"wrap\">\n              <div class=\"image\">\n                <div class=\"rounded-asset\"><img decoding=\"async\" src=\"https:\/\/mypalmleaf.com\/wp-content\/uploads\/2024\/08\/blog_a_comparative_study_main-listing.jpg\" class=\"img-fluid\" alt=\"\"><\/div>\n              <\/div>\n              <div class=\"date\">Ekim 3, 2023<\/div>\n              <div class=\"title\">\u0130lahi Ba\u011flant\u0131: Hanuman, Sat\u00fcrn ve Avu\u00e7 \u0130\u00e7i Yaprak Fal\u0131<\/div>\n              <div class=\"desc\"><p>\u0130lahi Ba\u011flant\u0131: Hanuman, Sat\u00fcrn ve Avu\u00e7 \u0130\u00e7i Yaprak Fal\u0131 Yak\u0131n zamanda \u00f6zel hizmetlerimiz arac\u0131l\u0131\u011f\u0131yla benzersiz bir el fal\u0131 deneyimi ya\u015fad\u0131ysan\u0131z, Lord Hanuman ve Sat\u00fcrn gezegeniyle ilgili \u00f6nerilerle kar\u015f\u0131la\u015fm\u0131\u015f olabilirsiniz. Bu rastgele bir \u00f6neri de\u011fildir. Vedik astroloji ve maneviyat\u0131n k\u00f6kl\u00fc bir y\u00f6n\u00fcd\u00fcr. Bu makalede, Hanuman&#8217;\u0131n ilahi enerjisi ile Sat\u00fcrn&#8217;\u00fcn zorluklar\u0131 aras\u0131ndaki derin ba\u011flant\u0131y\u0131 inceleyecek ve bu [&hellip;]<\/p>\n<\/div>\n              <a href=\"https:\/\/mypalmleaf.com\/tr\/the-divine-connection-hanuman-saturn-your-palm-leaf-reading-journey\/\" class=\"stretched-link\"><\/a>\n            <\/div>\n          <\/div>\n                  <div class=\"col-lg-6 my-4\">\n            <div class=\"wrap\">\n              <div class=\"image\">\n                <div class=\"rounded-asset\"><img decoding=\"async\" src=\"https:\/\/mypalmleaf.com\/wp-content\/uploads\/2022\/11\/blog-3.jpg\" class=\"img-fluid\" alt=\"\"><\/div>\n              <\/div>\n              <div class=\"date\">Kas\u0131m 15, 2022<\/div>\n              <div class=\"title\">The Sacred Realm of Shambhala<\/div>\n              <div class=\"desc\"><p>Shambala is an oasis of compassion, love, freedom and light in a desert of ignorance and materialism. &#8211; Sahajananda There are many legends surrounding the sacred realm of Shambhala. Some saw it as a physical location. A paradise\/eutopia hidden high in the Himalaya. To others, it is a mysterious land inside the (apparently) hollow earth, [&hellip;]<\/p>\n<\/div>\n              <a href=\"https:\/\/mypalmleaf.com\/tr\/the-sacred-realm-of-shambhala\/\" class=\"stretched-link\"><\/a>\n            <\/div>\n          <\/div>\n                  <div class=\"col-lg-6 my-4\">\n            <div class=\"wrap\">\n              <div class=\"image\">\n                <div class=\"rounded-asset\"><img decoding=\"async\" src=\"https:\/\/mypalmleaf.com\/wp-content\/uploads\/2022\/08\/Adobe-Express-file-2-1.png\" class=\"img-fluid\" alt=\"\"><\/div>\n              <\/div>\n              <div class=\"date\">A\u011fustos 25, 2022<\/div>\n              <div class=\"title\">The Saptarishi \u2013 The 7 Great Vedic Sages<\/div>\n              <div class=\"desc\"><p>The Vedas are the earliest known works of spiritual literature on the planet. These and other great scriptures, for instance, Mahabharata and Ramayana, contain the stories of the Saptarishi, or seven great sages. These sages are the sons of the mighty Brahma. He sent them to earth, thus supporting the spiritual evolution of humanity and [&hellip;]<\/p>\n<\/div>\n              <a href=\"https:\/\/mypalmleaf.com\/tr\/the-saptarishi-the-7-great-vedic-sages\/\" class=\"stretched-link\"><\/a>\n            <\/div>\n          <\/div>\n                  <div class=\"col-lg-6 my-4\">\n            <div class=\"wrap\">\n              <div class=\"image\">\n                <div class=\"rounded-asset\"><img decoding=\"async\" src=\"https:\/\/mypalmleaf.com\/wp-content\/uploads\/2024\/08\/blog-23-2.jpg\" class=\"img-fluid\" alt=\"\"><\/div>\n              <\/div>\n              <div class=\"date\">Haziran 26, 2022<\/div>\n              <div class=\"title\">Sri Agastya Maharishi Kimdir?<\/div>\n              <div class=\"desc\"><p>Sri Agastya Maharishi Kimdir? Sri Agastya (bazen Agathiyar veya Agasti olarak da yaz\u0131l\u0131r) Saptarishi&#8217;ler aras\u0131nda ilk s\u0131rada yer al\u0131r. Saptarishi, Hindistan&#8217;da Vedik d\u00f6nemden kalma 7 \u00e7ok \u00f6nemli ruhani ustad\u0131r. Palmiye yaprakl\u0131 el yazmalar\u0131n\u0131 yazd\u0131lar, t\u0131p, astroloji, gramer ve hatta d\u00f6v\u00fc\u015f sanatlar\u0131na katk\u0131da bulundular ve bir\u00e7ok \u00f6nemli metin yazd\u0131lar. Sri Agastya&#8217;n\u0131n sadece Hindistan tarihinde ve \u00e7e\u015fitli [&hellip;]<\/p>\n<\/div>\n              <a href=\"https:\/\/mypalmleaf.com\/tr\/sri-agastya-maharishi-kimdir\/\" class=\"stretched-link\"><\/a>\n            <\/div>\n          <\/div>\n                  <div class=\"col-lg-6 my-4\">\n            <div class=\"wrap\">\n              <div class=\"image\">\n                <div class=\"rounded-asset\"><img decoding=\"async\" src=\"https:\/\/mypalmleaf.com\/wp-content\/uploads\/2022\/06\/Adobe-Express-file-17.jpg\" class=\"img-fluid\" alt=\"\"><\/div>\n              <\/div>\n              <div class=\"date\">Haziran 15, 2022<\/div>\n              <div class=\"title\">The Grace of the Palm Leaf Prophecies<\/div>\n              <div class=\"desc\"><p>\u201cWhat if you could consciously connect with [the subtle level of this reality] and feel it unconditionally holding you, supporting, guiding and loving you in every aspect of your life?\u201d Subtle Dimension of Grace?What if there was a subtle dimension of this reality that literally emanated love and support for this world and everyone in [&hellip;]<\/p>\n<\/div>\n              <a href=\"https:\/\/mypalmleaf.com\/tr\/the-grace-of-the-palm-leaf-prophecies\/\" class=\"stretched-link\"><\/a>\n            <\/div>\n          <\/div>\n                  <div class=\"col-lg-6 my-4\">\n            <div class=\"wrap\">\n              <div class=\"image\">\n                <div class=\"rounded-asset\"><img decoding=\"async\" src=\"https:\/\/mypalmleaf.com\/wp-content\/uploads\/2021\/09\/Adobe-Express-file-6-1.png\" class=\"img-fluid\" alt=\"\"><\/div>\n              <\/div>\n              <div class=\"date\">Eyl\u00fcl 2, 2021<\/div>\n              <div class=\"title\">Maharishis and Nadi Astrology<\/div>\n              <div class=\"desc\"><p>The palm leaf manuscripts and the Nadi astrology predictions they contain were written by Siddhas, Maharishis and scholars. They wrote these texts were written in several different languages. We know that scholars are specialists in a particular field of study or academics, but who are these Siddhas or rishis? SIDDHAS, MAHARISHIS, AND NADI ASTROLOGY Siddhas [&hellip;]<\/p>\n<\/div>\n              <a href=\"https:\/\/mypalmleaf.com\/tr\/maharishis-and-nadi-astrology\/\" class=\"stretched-link\"><\/a>\n            <\/div>\n          <\/div>\n              <\/div>\n          <\/div>\n  <\/section>\n\n\n\n<section class=\"find-your-palm-leaf-block\" data-aos=\"fade-up\" data-aos-duration=\"1000\">\n  <div class=\"container-fluid px-0\">\n    <div class=\"row g-0\">\n      <div class=\"col\">\n        <div class=\"find-your-leaf-bg\">\n          <picture>\n            <source media=\"(max-width: 999px)\" srcset=\"https:\/\/mypalmleaf.com\/wp-content\/uploads\/2024\/08\/Find-your-Palm-Leaf-mob.jpg\" \/>\n            <source media=\"(min-width: 1000px)\" srcset=\"https:\/\/mypalmleaf.com\/wp-content\/uploads\/2024\/08\/Find-your-Palm-Leaf.jpg\" \/>\n            <img decoding=\"async\" src=\"https:\/\/mypalmleaf.com\/wp-content\/uploads\/2024\/08\/Find-your-Palm-Leaf.jpg\" class=\"img-fluid\" alt=\"\" \/>\n          <\/picture>\n        <\/div>\n      <\/div>\n    <\/div>\n    <div class=\"content\">\n      <div class=\"container-xl\" data-aos=\"fade-up\" data-aos-duration=\"1000\">\n        <div class=\"row py-4\">\n          <div class=\"col-lg-8 mx-auto\">\n            <h2 class=\"mb-2\">Palmiye Yapra\u011f\u0131n\u0131 bul!<\/h2>\n            <ul>\n<li>Avu\u00e7 i\u00e7i yapra\u011f\u0131n\u0131z\u0131 aramaya ba\u015flamak i\u00e7in ihtiyac\u0131n\u0131z olan tek \u015fey parmak izinizdir.<\/li>\n<li>Ba\u015fka bir dile \u00e7eviriye ihtiyac\u0131n\u0131z varsa, bunu sizin i\u00e7in yapabiliriz.<\/li>\n<li>Palmiye yapra\u011f\u0131n\u0131z\u0131 3 uygun tarih i\u00e7inde bulamazsak, tutar\u0131n tamam\u0131n\u0131 size iade edece\u011fiz.<\/li>\n<\/ul>\n          <\/div>\n        <\/div>\n        <div class=\"row mt-4\">\n          <div class=\"col text-center\">\n            <a href=\"\/tr\/prices\/find-your-palm-leaf-and-read-the-general-chapter\/\" class=\"btn btn-primary\">Yapra\u011f\u0131m\u0131 Bul<\/a>\n          <\/div>\n        <\/div>\n      <\/div>\n    <\/div>\n  <\/div>\n<\/section>","protected":false},"excerpt":{"rendered":"","protected":false},"author":1,"featured_media":0,"parent":0,"menu_order":0,"comment_status":"closed","ping_status":"closed","template":"","meta":{"_acf_changed":false,"footnotes":""},"class_list":["post-33227","page","type-page","status-publish","hentry"],"acf":[],"yoast_head":"<!-- This site is optimized with the Yoast SEO plugin v26.4 - https:\/\/yoast.com\/wordpress\/plugins\/seo\/ -->\n<title>Bloglar - My Palm Leaf<\/title>\n<meta name=\"description\" content=\"Palm yapraklar\u0131, ruhsal ke\u015fifler ve eski bilgeli\u011fe dair en yeni blog yaz\u0131lar\u0131m\u0131z\u0131 okuyun. \u0130lham almak ve \u00f6\u011frenmek i\u00e7in bizi takip edin.\" \/>\n<meta name=\"robots\" content=\"index, follow, max-snippet:-1, max-image-preview:large, max-video-preview:-1\" \/>\n<link rel=\"canonical\" href=\"https:\/\/mypalmleaf.com\/tr\/bloglar\/\" \/>\n<meta property=\"og:locale\" content=\"tr_TR\" \/>\n<meta property=\"og:type\" content=\"article\" \/>\n<meta property=\"og:title\" content=\"Bloglar - My Palm Leaf\" \/>\n<meta property=\"og:description\" content=\"Palm yapraklar\u0131, ruhsal ke\u015fifler ve eski bilgeli\u011fe dair en yeni blog yaz\u0131lar\u0131m\u0131z\u0131 okuyun. \u0130lham almak ve \u00f6\u011frenmek i\u00e7in bizi takip edin.\" \/>\n<meta property=\"og:url\" content=\"https:\/\/mypalmleaf.com\/tr\/bloglar\/\" \/>\n<meta property=\"og:site_name\" content=\"My Palm Leaf\" \/>\n<meta property=\"article:modified_time\" content=\"2025-04-28T09:33:22+00:00\" \/>\n<meta property=\"og:image\" content=\"https:\/\/mypalmleaf.com\/wp-content\/uploads\/2025\/08\/mpl-circle-logo.jpg\" \/>\n\t<meta property=\"og:image:width\" content=\"1200\" \/>\n\t<meta property=\"og:image:height\" content=\"1196\" \/>\n\t<meta property=\"og:image:type\" content=\"image\/jpeg\" \/>\n<meta name=\"twitter:card\" content=\"summary_large_image\" \/>\n<script type=\"application\/ld+json\" class=\"yoast-schema-graph\">{\"@context\":\"https:\/\/schema.org\",\"@graph\":[{\"@type\":\"WebPage\",\"@id\":\"https:\/\/mypalmleaf.com\/tr\/bloglar\/\",\"url\":\"https:\/\/mypalmleaf.com\/tr\/bloglar\/\",\"name\":\"Bloglar - My Palm Leaf\",\"isPartOf\":{\"@id\":\"https:\/\/mypalmleaf.com\/#website\"},\"datePublished\":\"2024-08-14T06:28:52+00:00\",\"dateModified\":\"2025-04-28T09:33:22+00:00\",\"description\":\"Palm yapraklar\u0131, ruhsal ke\u015fifler ve eski bilgeli\u011fe dair en yeni blog yaz\u0131lar\u0131m\u0131z\u0131 okuyun. \u0130lham almak ve \u00f6\u011frenmek i\u00e7in bizi takip edin.\",\"breadcrumb\":{\"@id\":\"https:\/\/mypalmleaf.com\/tr\/bloglar\/#breadcrumb\"},\"inLanguage\":\"tr\",\"potentialAction\":[{\"@type\":\"ReadAction\",\"target\":[\"https:\/\/mypalmleaf.com\/tr\/bloglar\/\"]}]},{\"@type\":\"BreadcrumbList\",\"@id\":\"https:\/\/mypalmleaf.com\/tr\/bloglar\/#breadcrumb\",\"itemListElement\":[{\"@type\":\"ListItem\",\"position\":1,\"name\":\"Home\",\"item\":\"https:\/\/mypalmleaf.com\/tr\/\"},{\"@type\":\"ListItem\",\"position\":2,\"name\":\"Bloglar\"}]},{\"@type\":\"WebSite\",\"@id\":\"https:\/\/mypalmleaf.com\/#website\",\"url\":\"https:\/\/mypalmleaf.com\/\",\"name\":\"My Palm Leaf\",\"description\":\"\",\"potentialAction\":[{\"@type\":\"SearchAction\",\"target\":{\"@type\":\"EntryPoint\",\"urlTemplate\":\"https:\/\/mypalmleaf.com\/?s={search_term_string}\"},\"query-input\":{\"@type\":\"PropertyValueSpecification\",\"valueRequired\":true,\"valueName\":\"search_term_string\"}}],\"inLanguage\":\"tr\"}]}<\/script>\n<!-- \/ Yoast SEO plugin. -->","yoast_head_json":{"title":"Bloglar - My Palm Leaf","description":"Palm yapraklar\u0131, ruhsal ke\u015fifler ve eski bilgeli\u011fe dair en yeni blog yaz\u0131lar\u0131m\u0131z\u0131 okuyun. \u0130lham almak ve \u00f6\u011frenmek i\u00e7in bizi takip edin.","robots":{"index":"index","follow":"follow","max-snippet":"max-snippet:-1","max-image-preview":"max-image-preview:large","max-video-preview":"max-video-preview:-1"},"canonical":"https:\/\/mypalmleaf.com\/tr\/bloglar\/","og_locale":"tr_TR","og_type":"article","og_title":"Bloglar - My Palm Leaf","og_description":"Palm yapraklar\u0131, ruhsal ke\u015fifler ve eski bilgeli\u011fe dair en yeni blog yaz\u0131lar\u0131m\u0131z\u0131 okuyun. \u0130lham almak ve \u00f6\u011frenmek i\u00e7in bizi takip edin.","og_url":"https:\/\/mypalmleaf.com\/tr\/bloglar\/","og_site_name":"My Palm Leaf","article_modified_time":"2025-04-28T09:33:22+00:00","og_image":[{"width":1200,"height":1196,"url":"https:\/\/mypalmleaf.com\/wp-content\/uploads\/2025\/08\/mpl-circle-logo.jpg","type":"image\/jpeg"}],"twitter_card":"summary_large_image","schema":{"@context":"https:\/\/schema.org","@graph":[{"@type":"WebPage","@id":"https:\/\/mypalmleaf.com\/tr\/bloglar\/","url":"https:\/\/mypalmleaf.com\/tr\/bloglar\/","name":"Bloglar - My Palm Leaf","isPartOf":{"@id":"https:\/\/mypalmleaf.com\/#website"},"datePublished":"2024-08-14T06:28:52+00:00","dateModified":"2025-04-28T09:33:22+00:00","description":"Palm yapraklar\u0131, ruhsal ke\u015fifler ve eski bilgeli\u011fe dair en yeni blog yaz\u0131lar\u0131m\u0131z\u0131 okuyun. \u0130lham almak ve \u00f6\u011frenmek i\u00e7in bizi takip edin.","breadcrumb":{"@id":"https:\/\/mypalmleaf.com\/tr\/bloglar\/#breadcrumb"},"inLanguage":"tr","potentialAction":[{"@type":"ReadAction","target":["https:\/\/mypalmleaf.com\/tr\/bloglar\/"]}]},{"@type":"BreadcrumbList","@id":"https:\/\/mypalmleaf.com\/tr\/bloglar\/#breadcrumb","itemListElement":[{"@type":"ListItem","position":1,"name":"Home","item":"https:\/\/mypalmleaf.com\/tr\/"},{"@type":"ListItem","position":2,"name":"Bloglar"}]},{"@type":"WebSite","@id":"https:\/\/mypalmleaf.com\/#website","url":"https:\/\/mypalmleaf.com\/","name":"My Palm Leaf","description":"","potentialAction":[{"@type":"SearchAction","target":{"@type":"EntryPoint","urlTemplate":"https:\/\/mypalmleaf.com\/?s={search_term_string}"},"query-input":{"@type":"PropertyValueSpecification","valueRequired":true,"valueName":"search_term_string"}}],"inLanguage":"tr"}]}},"_links":{"self":[{"href":"https:\/\/mypalmleaf.com\/tr\/wp-json\/wp\/v2\/pages\/33227","targetHints":{"allow":["GET"]}}],"collection":[{"href":"https:\/\/mypalmleaf.com\/tr\/wp-json\/wp\/v2\/pages"}],"about":[{"href":"https:\/\/mypalmleaf.com\/tr\/wp-json\/wp\/v2\/types\/page"}],"author":[{"embeddable":true,"href":"https:\/\/mypalmleaf.com\/tr\/wp-json\/wp\/v2\/users\/1"}],"replies":[{"embeddable":true,"href":"https:\/\/mypalmleaf.com\/tr\/wp-json\/wp\/v2\/comments?post=33227"}],"version-history":[{"count":0,"href":"https:\/\/mypalmleaf.com\/tr\/wp-json\/wp\/v2\/pages\/33227\/revisions"}],"wp:attachment":[{"href":"https:\/\/mypalmleaf.com\/tr\/wp-json\/wp\/v2\/media?parent=33227"}],"curies":[{"name":"wp","href":"https:\/\/api.w.org\/{rel}","templated":true}]}}