
{"id":33290,"date":"2024-08-14T18:58:17","date_gmt":"2024-08-14T18:58:17","guid":{"rendered":"https:\/\/mypalmleaf.com\/metin\/"},"modified":"2025-04-28T08:29:26","modified_gmt":"2025-04-28T08:29:26","slug":"metin","status":"publish","type":"page","link":"https:\/\/mypalmleaf.com\/tr\/metin\/","title":{"rendered":"Metin"},"content":{"rendered":"\n<section class=\"testimonial-block my-6 pt-5 pt-md-0 mb-4 mt-xs-4\">\n  <div class=\"container-xl\">\n    <div class=\"row\">\n      <div class=\"col text-center\">\n        <h1 class=\"py-4\">G\u00f6r\u00fc\u015fler<\/h1>\n      <\/div>\n    <\/div>\n    <div class=\"row\">\n      <div class=\"col text-center\">\n        <div class=\"tetimonial-tabs\">\n          <ul>\n            <li>\n              <ul>\n                                                  <li><a href=\"https:\/\/mypalmleaf.com\/tr\/video\/\" class=\"\">Video<\/a><\/li>\n                                                    <li><a href=\"javascript:;\" class=\"active\">Metin<\/a><\/li>\n                                                <\/ul>\n            <\/li>\n          <\/ul>\n        <\/div>\n      <\/div>\n    <\/div>\n    <div class=\"row\">\n              <div class=\"col-lg-6 slider-wrap inner my-5\">\n          <div class=\"slides\">\n            <div class=\"wrap\">\n              <div class=\"user-img\"><img decoding=\"async\" src=\"https:\/\/mypalmleaf.com\/wp-content\/uploads\/2024\/09\/testimonials_crystal.jpg\" class=\"img-fluid rounded-circle\" alt=\"\"><\/div>\n              <div class=\"text\">\n                <p>\u201cPalmiye yapra\u011f\u0131 okumam ayd\u0131nlat\u0131c\u0131 ve ilham vericiydi. Ba\u015f\u0131ndan beri okumamla ilgili bir\u00e7ok duyguyu ya\u015fad\u0131m; \u00f6dev s\u00fcreciyle ilgili gerginlik, yapra\u011f\u0131m\u0131 ke\u015ffetmenin heyecan\u0131 ve i\u00e7eri\u011fe dair merak.\u201d<\/p>\n              <\/div>\n              <div class=\"name\">Crystal<\/div>\n            <\/div>\n          <\/div>\n        <\/div>\n              <div class=\"col-lg-6 slider-wrap inner my-5\">\n          <div class=\"slides\">\n            <div class=\"wrap\">\n              <div class=\"user-img\"><img decoding=\"async\" src=\"https:\/\/mypalmleaf.com\/wp-content\/uploads\/2024\/09\/testimonials_ricky.jpg\" class=\"img-fluid rounded-circle\" alt=\"\"><\/div>\n              <div class=\"text\">\n                <p>\u201cEl fal\u0131 okumak ruhum i\u00e7in de\u011ferli ve besleyici bir hediyeydi. Rishilerin i\u00e7g\u00f6r\u00fcleri ve rehberli\u011finin yan\u0131 s\u0131ra \u00e7areler de do\u011fru yolda oldu\u011fumun g\u00fczel bir onay\u0131yd\u0131. Bana b\u00fcy\u00fck bir destek sa\u011flayan bir inan\u00e7 ve g\u00fcven ya\u011fmuru.<\/p>\n<p>El fal\u0131ndan birka\u00e7 hafta sonra, okuman\u0131n bereketini, bu kadim gelenekle olan ba\u011f\u0131 hissediyorum ve baz\u0131 d\u00f6n\u00fc\u015f\u00fcmlerin ger\u00e7ekle\u015fti\u011fini g\u00f6rebiliyorum.\u201d<\/p>\n              <\/div>\n              <div class=\"name\">Ricky<\/div>\n            <\/div>\n          <\/div>\n        <\/div>\n              <div class=\"col-lg-6 slider-wrap inner my-5\">\n          <div class=\"slides\">\n            <div class=\"wrap\">\n              <div class=\"user-img\"><img decoding=\"async\" src=\"https:\/\/mypalmleaf.com\/wp-content\/uploads\/2024\/09\/testimonials_aimee.jpg\" class=\"img-fluid rounded-circle\" alt=\"\"><\/div>\n              <div class=\"text\">\n                <p>Palmiye yapra\u011f\u0131m\u0131 bulmak bekledi\u011fimden daha \u015fok edici ve kutsald\u0131. Kat\u0131lan herkes ger\u00e7ekten samimiydi ve onlar\u0131n deste\u011fini ald\u0131\u011f\u0131m i\u00e7in kendimi \u015fansl\u0131 hissettim. Okumak daha \u00e7ok g\u00fcvenmemi ve a\u015fka teslim olmam\u0131 sa\u011flad\u0131. Hayat\u0131mda hangi karman\u0131n ve hangi zorluklar\u0131n \u00fcstesinden gelmem gerekti\u011fini bana do\u011frulad\u0131, bu da bana zaten hayatta daha fazla ak\u0131\u015fkanl\u0131k ve a\u00e7\u0131kl\u0131k sa\u011fl\u0131yor.<\/p>\n              <\/div>\n              <div class=\"name\">Aimee<\/div>\n            <\/div>\n          <\/div>\n        <\/div>\n              <div class=\"col-lg-6 slider-wrap inner my-5\">\n          <div class=\"slides\">\n            <div class=\"wrap\">\n              <div class=\"user-img\"><img decoding=\"async\" src=\"https:\/\/mypalmleaf.com\/wp-content\/uploads\/2024\/09\/testimonials_jair.jpg\" class=\"img-fluid rounded-circle\" alt=\"\"><\/div>\n              <div class=\"text\">\n                <p>Palmiye yapra\u011f\u0131 okuma deneyimim \u00e7ok g\u00fc\u00e7l\u00fcyd\u00fc. \u0130lk duydu\u011fumda \u015f\u00fcpheciydim ama daha sonra Zoom&#8217;da Brahman ve Tamilce terc\u00fcmanla sohbet ederken ald\u0131\u011f\u0131m bilginin do\u011frulu\u011funu net bir \u015fekilde hissedebildim ve kendimi rishilerin kutsamalar\u0131na ve kutsall\u0131\u011f\u0131na a\u00e7abildim. bunun arkas\u0131nda. Bu ufuk a\u00e7\u0131c\u0131 deneyim i\u00e7in \u00e7ok te\u015fekk\u00fcr ederim.<\/p>\n              <\/div>\n              <div class=\"name\">Jair<\/div>\n            <\/div>\n          <\/div>\n        <\/div>\n              <div class=\"col-lg-6 slider-wrap inner my-5\">\n          <div class=\"slides\">\n            <div class=\"wrap\">\n              <div class=\"user-img\"><img decoding=\"async\" src=\"https:\/\/mypalmleaf.com\/wp-content\/uploads\/2024\/08\/thomas.jpg\" class=\"img-fluid rounded-circle\" alt=\"\"><\/div>\n              <div class=\"text\">\n                <p>Palmiye yapra\u011f\u0131n\u0131n beni buldu\u011fu i\u00e7in \u00e7ok mutluyum. Yolumda her zaman kendi i\u00e7imin daha derinlerine inmeye \u00e7ekiliyorum ve bu palmiye yapra\u011f\u0131 bunun i\u00e7in inan\u0131lmaz bir ara\u00e7. Yakla\u015fan dolunay i\u00e7in birka\u00e7 g\u00fcn i\u00e7inde \u00e7areleri uygulamak i\u00e7in sab\u0131rs\u0131zlan\u0131yorum.<\/p>\n<p>Herkesin palmiye yapra\u011f\u0131na eri\u015fimini koordine etti\u011finiz ve kolayla\u015ft\u0131rd\u0131\u011f\u0131n\u0131z i\u00e7in Stephan&#8217;a te\u015fekk\u00fcr ederiz, bu insanl\u0131\u011fa b\u00fcy\u00fck bir hediye.<\/p>\n              <\/div>\n              <div class=\"name\">Thomas<\/div>\n            <\/div>\n          <\/div>\n        <\/div>\n              <div class=\"col-lg-6 slider-wrap inner my-5\">\n          <div class=\"slides\">\n            <div class=\"wrap\">\n              <div class=\"user-img\"><img decoding=\"async\" src=\"https:\/\/mypalmleaf.com\/wp-content\/uploads\/2024\/08\/casey.jpg\" class=\"img-fluid rounded-circle\" alt=\"\"><\/div>\n              <div class=\"text\">\n                <p>Palmiye yapra\u011f\u0131m\u0131 bulmak hayata ve olaylar\u0131n gidi\u015fat\u0131na daha fazla inanmama yard\u0131mc\u0131 oldu. Her zaman do\u011fru yolda olup olmad\u0131\u011f\u0131m\u0131 merak eden biriydim ve bu da beni bir\u00e7ok a\u00e7\u0131dan ilerlemekten al\u0131koyuyordu. Rishilerden ald\u0131\u011f\u0131m rehberlik, her zaman \u00e7a\u011fr\u0131ld\u0131\u011f\u0131m\u0131 hissetti\u011fim ya\u015fam yolunu ya\u015famam ve s\u00fcrecime ve olaylar\u0131n gidi\u015fat\u0131na daha fazla g\u00fcvenmem i\u00e7in bana bir &#8220;izin&#8221; duygusu verdi. Rishilerin kutsamalar\u0131n\u0131 almak b\u00fcy\u00fck bir hediyeydi.<\/p>\n              <\/div>\n              <div class=\"name\">Casey<\/div>\n            <\/div>\n          <\/div>\n        <\/div>\n          <\/div>\n        <\/div>\n  <\/div>\n      <div class=\"parallax-item-5 parallax-item\" data-speed=\"parallax-item-7\"><img decoding=\"async\" src=\"https:\/\/mypalmleaf.com\/wp-content\/uploads\/2024\/08\/parallax-item-5-2.png\" class=\"img-fluid\" alt=\"\"><\/div>\n  <\/section>","protected":false},"excerpt":{"rendered":"","protected":false},"author":1,"featured_media":0,"parent":0,"menu_order":0,"comment_status":"closed","ping_status":"closed","template":"","meta":{"_acf_changed":false,"footnotes":""},"class_list":["post-33290","page","type-page","status-publish","hentry"],"acf":[],"yoast_head":"<!-- This site is optimized with the Yoast SEO plugin v26.4 - https:\/\/yoast.com\/wordpress\/plugins\/seo\/ -->\n<title>Metin - My Palm Leaf<\/title>\n<meta name=\"description\" content=\"Palm yapraklar\u0131 ve kadim bilgeli\u011fe dair derinlikli metinleri okuyarak ruhsal yolculu\u011funuzda ilham al\u0131n ve fark\u0131ndal\u0131\u011f\u0131n\u0131z\u0131 art\u0131r\u0131n \u015fimdi.\" \/>\n<meta name=\"robots\" content=\"index, follow, max-snippet:-1, max-image-preview:large, max-video-preview:-1\" \/>\n<link rel=\"canonical\" href=\"https:\/\/mypalmleaf.com\/tr\/metin\/\" \/>\n<meta property=\"og:locale\" content=\"tr_TR\" \/>\n<meta property=\"og:type\" content=\"article\" \/>\n<meta property=\"og:title\" content=\"Metin - My Palm Leaf\" \/>\n<meta property=\"og:description\" content=\"Palm yapraklar\u0131 ve kadim bilgeli\u011fe dair derinlikli metinleri okuyarak ruhsal yolculu\u011funuzda ilham al\u0131n ve fark\u0131ndal\u0131\u011f\u0131n\u0131z\u0131 art\u0131r\u0131n \u015fimdi.\" \/>\n<meta property=\"og:url\" content=\"https:\/\/mypalmleaf.com\/tr\/metin\/\" \/>\n<meta property=\"og:site_name\" content=\"My Palm Leaf\" \/>\n<meta property=\"article:modified_time\" content=\"2025-04-28T08:29:26+00:00\" \/>\n<meta property=\"og:image\" content=\"https:\/\/mypalmleaf.com\/wp-content\/uploads\/2025\/08\/mpl-circle-logo.jpg\" \/>\n\t<meta property=\"og:image:width\" content=\"1200\" \/>\n\t<meta property=\"og:image:height\" content=\"1196\" \/>\n\t<meta property=\"og:image:type\" content=\"image\/jpeg\" \/>\n<meta name=\"twitter:card\" content=\"summary_large_image\" \/>\n<script type=\"application\/ld+json\" class=\"yoast-schema-graph\">{\"@context\":\"https:\/\/schema.org\",\"@graph\":[{\"@type\":\"WebPage\",\"@id\":\"https:\/\/mypalmleaf.com\/tr\/metin\/\",\"url\":\"https:\/\/mypalmleaf.com\/tr\/metin\/\",\"name\":\"Metin - My Palm Leaf\",\"isPartOf\":{\"@id\":\"https:\/\/mypalmleaf.com\/#website\"},\"datePublished\":\"2024-08-14T18:58:17+00:00\",\"dateModified\":\"2025-04-28T08:29:26+00:00\",\"description\":\"Palm yapraklar\u0131 ve kadim bilgeli\u011fe dair derinlikli metinleri okuyarak ruhsal yolculu\u011funuzda ilham al\u0131n ve fark\u0131ndal\u0131\u011f\u0131n\u0131z\u0131 art\u0131r\u0131n \u015fimdi.\",\"breadcrumb\":{\"@id\":\"https:\/\/mypalmleaf.com\/tr\/metin\/#breadcrumb\"},\"inLanguage\":\"tr\",\"potentialAction\":[{\"@type\":\"ReadAction\",\"target\":[\"https:\/\/mypalmleaf.com\/tr\/metin\/\"]}]},{\"@type\":\"BreadcrumbList\",\"@id\":\"https:\/\/mypalmleaf.com\/tr\/metin\/#breadcrumb\",\"itemListElement\":[{\"@type\":\"ListItem\",\"position\":1,\"name\":\"Home\",\"item\":\"https:\/\/mypalmleaf.com\/tr\/\"},{\"@type\":\"ListItem\",\"position\":2,\"name\":\"Metin\"}]},{\"@type\":\"WebSite\",\"@id\":\"https:\/\/mypalmleaf.com\/#website\",\"url\":\"https:\/\/mypalmleaf.com\/\",\"name\":\"My Palm Leaf\",\"description\":\"\",\"potentialAction\":[{\"@type\":\"SearchAction\",\"target\":{\"@type\":\"EntryPoint\",\"urlTemplate\":\"https:\/\/mypalmleaf.com\/?s={search_term_string}\"},\"query-input\":{\"@type\":\"PropertyValueSpecification\",\"valueRequired\":true,\"valueName\":\"search_term_string\"}}],\"inLanguage\":\"tr\"}]}<\/script>\n<!-- \/ Yoast SEO plugin. -->","yoast_head_json":{"title":"Metin - My Palm Leaf","description":"Palm yapraklar\u0131 ve kadim bilgeli\u011fe dair derinlikli metinleri okuyarak ruhsal yolculu\u011funuzda ilham al\u0131n ve fark\u0131ndal\u0131\u011f\u0131n\u0131z\u0131 art\u0131r\u0131n \u015fimdi.","robots":{"index":"index","follow":"follow","max-snippet":"max-snippet:-1","max-image-preview":"max-image-preview:large","max-video-preview":"max-video-preview:-1"},"canonical":"https:\/\/mypalmleaf.com\/tr\/metin\/","og_locale":"tr_TR","og_type":"article","og_title":"Metin - My Palm Leaf","og_description":"Palm yapraklar\u0131 ve kadim bilgeli\u011fe dair derinlikli metinleri okuyarak ruhsal yolculu\u011funuzda ilham al\u0131n ve fark\u0131ndal\u0131\u011f\u0131n\u0131z\u0131 art\u0131r\u0131n \u015fimdi.","og_url":"https:\/\/mypalmleaf.com\/tr\/metin\/","og_site_name":"My Palm Leaf","article_modified_time":"2025-04-28T08:29:26+00:00","og_image":[{"width":1200,"height":1196,"url":"https:\/\/mypalmleaf.com\/wp-content\/uploads\/2025\/08\/mpl-circle-logo.jpg","type":"image\/jpeg"}],"twitter_card":"summary_large_image","schema":{"@context":"https:\/\/schema.org","@graph":[{"@type":"WebPage","@id":"https:\/\/mypalmleaf.com\/tr\/metin\/","url":"https:\/\/mypalmleaf.com\/tr\/metin\/","name":"Metin - My Palm Leaf","isPartOf":{"@id":"https:\/\/mypalmleaf.com\/#website"},"datePublished":"2024-08-14T18:58:17+00:00","dateModified":"2025-04-28T08:29:26+00:00","description":"Palm yapraklar\u0131 ve kadim bilgeli\u011fe dair derinlikli metinleri okuyarak ruhsal yolculu\u011funuzda ilham al\u0131n ve fark\u0131ndal\u0131\u011f\u0131n\u0131z\u0131 art\u0131r\u0131n \u015fimdi.","breadcrumb":{"@id":"https:\/\/mypalmleaf.com\/tr\/metin\/#breadcrumb"},"inLanguage":"tr","potentialAction":[{"@type":"ReadAction","target":["https:\/\/mypalmleaf.com\/tr\/metin\/"]}]},{"@type":"BreadcrumbList","@id":"https:\/\/mypalmleaf.com\/tr\/metin\/#breadcrumb","itemListElement":[{"@type":"ListItem","position":1,"name":"Home","item":"https:\/\/mypalmleaf.com\/tr\/"},{"@type":"ListItem","position":2,"name":"Metin"}]},{"@type":"WebSite","@id":"https:\/\/mypalmleaf.com\/#website","url":"https:\/\/mypalmleaf.com\/","name":"My Palm Leaf","description":"","potentialAction":[{"@type":"SearchAction","target":{"@type":"EntryPoint","urlTemplate":"https:\/\/mypalmleaf.com\/?s={search_term_string}"},"query-input":{"@type":"PropertyValueSpecification","valueRequired":true,"valueName":"search_term_string"}}],"inLanguage":"tr"}]}},"_links":{"self":[{"href":"https:\/\/mypalmleaf.com\/tr\/wp-json\/wp\/v2\/pages\/33290","targetHints":{"allow":["GET"]}}],"collection":[{"href":"https:\/\/mypalmleaf.com\/tr\/wp-json\/wp\/v2\/pages"}],"about":[{"href":"https:\/\/mypalmleaf.com\/tr\/wp-json\/wp\/v2\/types\/page"}],"author":[{"embeddable":true,"href":"https:\/\/mypalmleaf.com\/tr\/wp-json\/wp\/v2\/users\/1"}],"replies":[{"embeddable":true,"href":"https:\/\/mypalmleaf.com\/tr\/wp-json\/wp\/v2\/comments?post=33290"}],"version-history":[{"count":0,"href":"https:\/\/mypalmleaf.com\/tr\/wp-json\/wp\/v2\/pages\/33290\/revisions"}],"wp:attachment":[{"href":"https:\/\/mypalmleaf.com\/tr\/wp-json\/wp\/v2\/media?parent=33290"}],"curies":[{"name":"wp","href":"https:\/\/api.w.org\/{rel}","templated":true}]}}