
{"id":36460,"date":"2024-08-15T02:38:41","date_gmt":"2024-08-15T02:38:41","guid":{"rendered":"https:\/\/mypalmleaf.com\/palmiye-yapraklari\/"},"modified":"2025-04-17T10:43:35","modified_gmt":"2025-04-17T10:43:35","slug":"palmiye-yapraklari","status":"publish","type":"page","link":"https:\/\/mypalmleaf.com\/tr\/palmiye-yapraklari\/","title":{"rendered":"Palmiye yapraklar\u0131"},"content":{"rendered":"\n<section class=\"spotlight-main small top-gap\">\n    <!-- <div class=\"slider-wrap\" data-flickity='{ \"cellAlign\": \"left\", \"contain\": true, \"wrapAround\": true, \"setGallerySize\": false }'> -->\n    <div class=\"slider-wrap\" data-flickity='{ \"cellAlign\": \"left\", \"contain\": true, \"wrapAround\": true, \"setGallerySize\": false  }'>\n            <div class=\"slides\">\n        <div class=\"content-wrap\">\n          <div class=\"image\">\n            <picture>\n              <source media=\"(max-width: 999px)\" srcset=\"https:\/\/mypalmleaf.com\/wp-content\/uploads\/2024\/08\/indian-palm-leaf-spotlight-mob.webp\" \/>\n              <source media=\"(min-width: 1000px)\" srcset=\"https:\/\/mypalmleaf.com\/wp-content\/uploads\/2024\/08\/indian-palm-leaf-spotlight.webp\" \/>\n              <img decoding=\"async\" src=\"https:\/\/mypalmleaf.com\/wp-content\/uploads\/2024\/08\/indian-palm-leaf-spotlight.webp\" class=\"img-fluid\" alt=\"\" \/>\n            <\/picture>\n          <\/div>\n          <div class=\"content\">\n            <div data-aos=\"fade-up\" data-aos-duration=\"1000\">\n              <h2 class=\"\">Hint Palmiye Yapraklar\u0131<\/h2>\n                                 \n            <\/div>\n          <\/div>\n        <\/div>\n      <\/div>\n          <\/div>\n<\/section><section class=\"faq-top-section my-6 mb-4 mt-xs-4 position-relative\">\n    <div class=\"container\">\n      <div class=\"row\">\n        <div class=\"col-lg-10 mx-auto\">\n            <div class=\"row justify-content-between align-items-center\">\n                <div class=\"col-lg-7\">\n                    <div class=\"rounded-asset\">\n                        <img decoding=\"async\" src=\"https:\/\/mypalmleaf.com\/wp-content\/uploads\/2024\/09\/What-Are-Palm-Leaves.jpg\" class=\"img-fluid\" alt=\"\"><div class=\"play-icon\"><\/div>\n                        <a href=\"https:\/\/www.youtube.com\/watch?v=9GdNX4SAHCA\" class=\"stretched-link\" data-lity><\/a>\n                      <\/div>\n                <\/div>\n                <div class=\"col-lg-5\">\n                    <h3>Ki\u015fisel palmiye yapra\u011f\u0131n\u0131z\u0131 bulun: Ge\u00e7mi\u015finize, bug\u00fcn\u00fcn\u00fcze ve gelece\u011finize a\u00e7\u0131lan bir kap\u0131<\/h3>\n                <\/div>\n            <\/div>\n        <\/div>\n        \n        <div class=\"col-lg-12 text-center my-5\" data-aos=\"fade-up\" data-aos-duration=\"1000\">\n            <p class=\"mb-3\">Nadi palmiye yapraklar\u0131 olarak da bilinen Hint palmiye yapraklar\u0131, bireylerin ya\u015fam \u00f6yk\u00fclerini ve kaderlerini i\u00e7erdi\u011fine inan\u0131lan eski el yazmalar\u0131d\u0131r. Eski bir Tamil alfabesiyle yaz\u0131lan bu kutsal metinler, binlerce y\u0131l \u00f6nce Rishis ad\u0131 verilen ayd\u0131nlanm\u0131\u015f bilgeler taraf\u0131ndan yaz\u0131lm\u0131\u015ft\u0131r. <strong>  Rishiler derin ruhani i\u00e7g\u00f6r\u00fclerini kullanarak kariyer, ili\u015fkiler, sa\u011fl\u0131k ve ruhani geli\u015fim gibi konular da dahil olmak \u00fczere bireylerin ya\u015famlar\u0131 hakk\u0131nda ayr\u0131nt\u0131l\u0131 bilgiler kaydederlerdi.<\/strong><\/p>\n<p>&nbsp;<\/p>\n<p class=\"mb-3\">Her bir palmiye yapra\u011f\u0131 benzersizdir ve belirli bir ki\u015fiye kar\u015f\u0131l\u0131k gelir; bireyin i\u00e7erdi\u011fi rehberlik ve bilgeli\u011fi almaya haz\u0131r oldu\u011fu do\u011fru zamanda bulunmas\u0131 ama\u00e7lanm\u0131\u015ft\u0131r. Bu yapraklar, \u00f6zellikle G\u00fcney Hindistan&#8217;da bulunan Nadi k\u00fct\u00fcphanelerinde muhafaza edilir. Bir Nadi okumas\u0131, ki\u015finin parmak izini veya temel ayr\u0131nt\u0131lar\u0131n\u0131 ilgili yaprakla e\u015fle\u015ftirmeyi i\u00e7erir ve ya\u015fam yolculu\u011fu i\u00e7in ki\u015fiselle\u015ftirilmi\u015f i\u00e7g\u00f6r\u00fcleri ve tavsiyeleri ortaya \u00e7\u0131kar\u0131r.  <\/p>\n<p class=\"mb-3\"><strong>Mypalmleaf olarak, Rishilerin bilgeli\u011fini ve rehberli\u011fini ke\u015ffetmek i\u00e7in gelene\u011fin ve modern eri\u015filebilirli\u011fin e\u015fsiz bir kar\u0131\u015f\u0131m\u0131n\u0131 sunarak bireyleri bu eski el yazmalar\u0131yla bulu\u015fturmaya yard\u0131mc\u0131 oluyoruz.<br \/>\n<\/strong><\/p>\n<h4 class=\"my-3\"><strong>Farkl\u0131 t\u00fcrde palmiye yapra\u011f\u0131 yaz\u0131lar\u0131<\/strong><\/h4>\n<p>Tek tek insanlar\u0131n ya\u015fam \u00f6yk\u00fclerini i\u00e7eren palmiye yapraklar\u0131n\u0131n yan\u0131 s\u0131ra, ayurveda, ruhanilik, astroloji ve benzeri konularla ilgili metinler gibi palmiye yapraklar\u0131na yaz\u0131lm\u0131\u015f pek \u00e7ok eski kutsal metin de bulunmaktad\u0131r. Ba\u015flang\u0131\u00e7ta, eski Hint kutsal metinlerinin \u00e7o\u011fu, bug\u00fcn ka\u011f\u0131t gibi kullan\u0131lan palmiye yapraklar\u0131na yaz\u0131lm\u0131\u015ft\u0131r <\/p>\n        <\/div>\n      <\/div>\n    <\/div>\n                  <div class=\"parallax-item-3 parallax-item\" data-speed=\".08\"><img decoding=\"async\" src=\"https:\/\/mypalmleaf.com\/wp-content\/uploads\/2024\/08\/parallax-item-3-3.png\" class=\"img-fluid\" alt=\"\"><\/div>\n          <\/section><section class=\"how-palm-leaves-written-block my-6 mt-0\">\n  <div class=\"container\">\n    <div class=\"row text-center\" data-aos=\"fade-up\" data-aos-duration=\"1000\">\n      <div class=\"col-lg-12\">\n        <h3>Palmiye yapraklar\u0131 nas\u0131l yaz\u0131l\u0131r ve korunur?<\/h3>\n        <h5 class=\"mt-4\"><strong>  Palmiye yapraklar\u0131n\u0131 yazmak<\/strong><\/h5>\n      <\/div>\n    <\/div>\n\n    <div class=\"row justify-content-center my-4\">\n      <div class=\"col-lg-12 writing-the-palm-leaf-block\">\n        <ul class=\"foldable-leaf\">\n                                <li data-aos=\"flip-up\" data-aos-duration=\"1000\" data-aos-offset=\"10\"   class=\"aos-init aos-animate\">\n              <div class=\"image\"><img decoding=\"async\" src=\"https:\/\/mypalmleaf.com\/wp-content\/uploads\/2024\/09\/writing-the-palm-leaves.png\" class=\"img-fluid\" alt=\"\"><\/div>\n              <div class=\"content\">\n                <div class=\"desc\">\n                  <div class=\"title\">Malzeme<\/div>\n                  <p>El yazmalar\u0131, b\u00fcy\u00fck ve dayan\u0131kl\u0131 yapraklar\u0131yla bilinen bir a\u011fa\u00e7 olan Talipot palmiyesinin yapraklar\u0131ndan olu\u015fturulmu\u015ftur. Bu yapraklar uzun \u00f6m\u00fcrl\u00fc ve dayan\u0131kl\u0131 olduklar\u0131 i\u00e7in se\u00e7ilmi\u015ftir. <\/p>\n                <\/div>\n              <\/div>\n            <\/li>\n                                  <li data-aos=\"flip-up\" data-aos-duration=\"1000\" data-aos-offset=\"10\" data-aos-delay=\"100\"  class=\"aos-init aos-animate\">\n              <div class=\"image\"><img decoding=\"async\" src=\"https:\/\/mypalmleaf.com\/wp-content\/uploads\/2024\/09\/writing-the-palm-leaves.png\" class=\"img-fluid\" alt=\"\"><\/div>\n              <div class=\"content\">\n                <div class=\"desc\">\n                  <div class=\"title\">Haz\u0131rl\u0131k<\/div>\n                  <p>Yapraklar \u00f6nce toplan\u0131r, ard\u0131ndan nemden ar\u0131nd\u0131rmak i\u00e7in kurutulur ve yaz\u0131 yazmak i\u00e7in yeterince sa\u011flam hale getirilir. Kuruduktan sonra tek tip boyutta \u015feritler halinde kesilirler. <\/p>\n                <\/div>\n              <\/div>\n            <\/li>\n                                  <li data-aos=\"flip-up\" data-aos-duration=\"1000\" data-aos-offset=\"10\" data-aos-delay=\"200\"  class=\"aos-init aos-animate\">\n              <div class=\"image\"><img decoding=\"async\" src=\"https:\/\/mypalmleaf.com\/wp-content\/uploads\/2024\/09\/writing-the-palm-leaves.png\" class=\"img-fluid\" alt=\"\"><\/div>\n              <div class=\"content\">\n                <div class=\"desc\">\n                  <div class=\"title\">Yaz\u0131t<\/div>\n                  <p>Metin, yaz\u0131y\u0131 yapraklar\u0131n \u00fczerine kaz\u0131yan keskin bir kalem kullan\u0131larak yaz\u0131l\u0131r. Yaz\u0131, g\u00fczelli\u011fi ve karma\u015f\u0131kl\u0131\u011f\u0131yla bilinen Tamil Vattezhuthu veya Eski Tamil olarak adland\u0131r\u0131lan eski bir yaz\u0131yla yaz\u0131lm\u0131\u015ft\u0131r. <\/p>\n                <\/div>\n              <\/div>\n            <\/li>\n                                  <li data-aos=\"flip-up\" data-aos-duration=\"1000\" data-aos-offset=\"10\" data-aos-delay=\"300\"  class=\"aos-init aos-animate\">\n              <div class=\"image\"><img decoding=\"async\" src=\"https:\/\/mypalmleaf.com\/wp-content\/uploads\/2024\/09\/writing-the-palm-leaves.png\" class=\"img-fluid\" alt=\"\"><\/div>\n              <div class=\"content\">\n                <div class=\"desc\">\n                  <div class=\"title\">M\u00fcrekkepleme<\/div>\n                  <p>Yaz\u0131lar\u0131 daha g\u00f6r\u00fcn\u00fcr k\u0131lmak i\u00e7in grav\u00fcrlerin \u00fczerine odun k\u00f6m\u00fcr\u00fc veya zerde\u00e7al gibi do\u011fal maddelerden yap\u0131lm\u0131\u015f m\u00fcrekkep s\u00fcr\u00fcl\u00fcr. M\u00fcrekkep oluklara yerle\u015ferek metni yapra\u011f\u0131n y\u00fczeyine kar\u015f\u0131 vurgular. <\/p>\n                <\/div>\n              <\/div>\n            <\/li>\n                              <\/ul>\n      <\/div>\n    <\/div>\n  <\/div>\n<\/section>\n<section class=\"preservation-of-palm-leaf\">\n  <div class=\"container\">\n    <div class=\"row\">\n      <div class=\"col-lg-12\" data-aos=\"fade-up\" data-aos-duration=\"1000\">\n        <h4 class=\"my-4 text-center\"><strong>Palmiye yapraklar\u0131n\u0131n korunmas\u0131<\/strong><\/h4>\n      <\/div>\n    <\/div>\n    <div class=\"row text-center justify-content-between my-4\">\n              <div class=\"col-lg-5 my-4\" data-aos=\"fade-up\" data-aos-duration=\"1000\">\n          <div class=\"icon\"><img decoding=\"async\" src=\"https:\/\/mypalmleaf.com\/wp-content\/uploads\/2024\/09\/preserve-palm-leaf-icon-1.png\" alt=\"\"><\/div>\n          <div class=\"title\">\u0130klim Kontrol\u00fc<\/div>\n          <div class=\"desc\">\n            <p>Palmiye yapraklar\u0131 nemden, b\u00f6ceklerden ve di\u011fer zarar verici unsurlardan korunmak i\u00e7in \u00f6zel ko\u015fullarda saklan\u0131r. \u00d6ncelikle G\u00fcney Hindistan&#8217;da bulunan Nadi k\u00fct\u00fcphaneleri, uygun nem seviyeleri ve s\u0131cakl\u0131k i\u00e7eren kontroll\u00fc ortamlar sa\u011flar. <\/p>\n          <\/div>\n        <\/div>\n              <div class=\"col-lg-5 my-4\" data-aos=\"fade-up\" data-aos-duration=\"1000\">\n          <div class=\"icon\"><img decoding=\"async\" src=\"https:\/\/mypalmleaf.com\/wp-content\/uploads\/2024\/09\/preserve-palm-leaf-icon-2.png\" alt=\"\"><\/div>\n          <div class=\"title\">Ya\u011flarla Tedavi<\/div>\n          <div class=\"desc\">\n            <p>Yapraklar, bozulmay\u0131 ve b\u00f6cek istilas\u0131n\u0131 \u00f6nlemek i\u00e7in genellikle kafur veya neem ya\u011f\u0131 gibi do\u011fal ya\u011flarla i\u015flenir. Bu geleneksel y\u00f6ntem yapraklar\u0131n y\u00fczy\u0131llar boyunca korunmas\u0131na yard\u0131mc\u0131 olur. <\/p>\n          <\/div>\n        <\/div>\n              <div class=\"col-lg-5 my-4\" data-aos=\"fade-up\" data-aos-duration=\"1000\">\n          <div class=\"icon\"><img decoding=\"async\" src=\"https:\/\/mypalmleaf.com\/wp-content\/uploads\/2024\/09\/preserve-palm-leaf-icon-3.png\" alt=\"\"><\/div>\n          <div class=\"title\">Periyodik Bak\u0131m<\/div>\n          <div class=\"desc\">\n            <p>Palmiye yapraklar\u0131 nemden, b\u00f6ceklerden ve di\u011fer zarar verici unsurlardan korunmak i\u00e7in \u00f6zel ko\u015fullarda saklan\u0131r. \u00d6ncelikle G\u00fcney Hindistan&#8217;da bulunan Nadi k\u00fct\u00fcphaneleri, uygun nem seviyeleri ve s\u0131cakl\u0131k i\u00e7eren kontroll\u00fc ortamlar sa\u011flar. <\/p>\n          <\/div>\n        <\/div>\n              <div class=\"col-lg-5 my-4\" data-aos=\"fade-up\" data-aos-duration=\"1000\">\n          <div class=\"icon\"><img decoding=\"async\" src=\"https:\/\/mypalmleaf.com\/wp-content\/uploads\/2024\/09\/preserve-palm-leaf-icon-4.png\" alt=\"\"><\/div>\n          <div class=\"title\">Depolama<\/div>\n          <div class=\"desc\">\n            <p>Yapraklar, her biri birbirine ba\u011fl\u0131 ve i\u00e7erdikleri kategori veya okuma t\u00fcr\u00fcne g\u00f6re etiketlenmi\u015f demetler halinde saklan\u0131r. Bu demetler, fiziksel hasardan ve \u00e7evresel fakt\u00f6rlerden korunmalar\u0131 i\u00e7in ah\u015fap veya metal kutularda muhafaza edilir. <\/p>\n          <\/div>\n        <\/div>\n          <\/div>\n  <\/div>\n<\/section><section class=\"who-are-rishis my-5 position-relative\">\n  <div class=\"container\">\n    <div class=\"row\">\n      <div class=\"col-lg-12 text-center\">\n        <h3 class=\"my-5 mt-0\">Rishiler kim?<\/h3>\n        <div class=\"banner rounded-asset my-4\"><img decoding=\"async\" src=\"https:\/\/mypalmleaf.com\/wp-content\/uploads\/2024\/09\/who-are-the-rishis-1.jpg\" alt=\"\" class=\"img-fluid\"><\/div>\n        <p>Rishiler, antik Hindistan&#8217;\u0131n inan\u0131lmaz ruhani bilgelikleri ve ola\u011fan\u00fcst\u00fc i\u00e7g\u00f6r\u00fcleriyle tan\u0131nan efsanevi bilgeleri ve kahinleridir. \u0130lahi bilgi ve evrensel hakikatler alemine girebildi\u011finizi hayal edin &#8211; i\u015fte bu Rishilerin d\u00fcnyas\u0131d\u0131r. Bu ayd\u0131nlanm\u0131\u015f varl\u0131klar genellikle bilincin ve kozmosun derinliklerini ke\u015ffeden insanl\u0131\u011f\u0131n ruhani \u00f6nc\u00fcleri olarak kabul edilirler.<\/p>\n<h4 class=\"mt-4\"><strong>Kadim Bilgeli\u011fin Vizyonerleri<\/strong><\/h4>\n<p>&#8220;Rishi&#8221; kelimesi Sanskrit\u00e7e &#8220;g\u00f6rmek&#8221; veya &#8220;alg\u0131lamak&#8221; anlam\u0131na gelen &#8220;\u1e5b\u1e63&#8221; teriminden gelmektedir. Bunlar herhangi bir g\u00f6rme t\u00fcr\u00fc de\u011fildir; Rishiler g\u00f6r\u00fcnmeyeni alg\u0131layabilen ve ya\u015fam\u0131n ve evrenin derin gizemlerini anlayabilen vizyonerlerdir. Onlar eski zamanlar\u0131n ruhani astronotlar\u0131 gibidir, ilahi alemlere yolculuk eder ve bilgi hazinelerini geri getirirler.  <\/p>\n<h4 class=\"mt-4\"><strong>Rishiler \u015eimdi ve Burada<\/strong><\/h4>\n<p>Rishiler binlerce y\u0131l \u00f6nce bu gezegende insan formunda ya\u015fam\u0131\u015f olsalar da, insanl\u0131\u011f\u0131 ve d\u00fcnyay\u0131 s\u00fcptil boyutlardan desteklemeye devam ediyorlar. Varl\u0131klar\u0131 zamans\u0131zd\u0131r ve varl\u0131klar\u0131n\u0131n ne kadar fark\u0131nda olur ve onlara ne kadar a\u00e7\u0131k olursak, kutsamalar\u0131 da ya\u015famlar\u0131m\u0131za o kadar fazla akabilir. Palmiye yapraklar\u0131n\u0131n amac\u0131 da budur. Onlar sadece tahminlerden \u00f6te, Rishilerin enerjik deste\u011fi arac\u0131l\u0131\u011f\u0131yla ya\u015fam\u0131m\u0131z\u0131 \u015fekillendirmemize yard\u0131mc\u0131 olan ruhani ara\u00e7lard\u0131r.   <\/p>\n<h4 class=\"mt-4\"><strong>Rishiler ve Palmiye Yapraklar\u0131 Aras\u0131ndaki Ba\u011flant\u0131<\/strong><\/h4>\n<p>Hindistan&#8217;\u0131n kadim bilgeleri ve kahinleri olan Rishiler, Nadi metinleri olarak bilinen palmiye yapra\u011f\u0131 el yazmalar\u0131n\u0131n ilahi yazarlar\u0131d\u0131r. Bu ayd\u0131nlanm\u0131\u015f varl\u0131klar, derin meditasyon ve ruhani i\u00e7g\u00f6r\u00fc yoluyla, binlerce y\u0131l \u00f6nce bireylerin kaderlerini palmiye yapraklar\u0131na kaydettiler. Kadim Tamil alfabesini kullanarak insanlar\u0131n ya\u015famlar\u0131yla ilgili ayr\u0131nt\u0131lar\u0131 belgelemi\u015fler, ge\u00e7mi\u015fleri, bug\u00fcnleri ve gelecekleriyle ilgili ruhani rehberlik ve i\u00e7g\u00f6r\u00fcler sunmu\u015flard\u0131r. Bu palmiye yapraklar\u0131 Nadi k\u00fct\u00fcphanelerinde muhafaza edilmekte ve Nadi astrologlar\u0131 taraf\u0131ndan okunarak ki\u015finin parmak izi veya detaylar\u0131 ilgili yaprakla e\u015fle\u015ftirilmektedir. Mypalmleaf taraf\u0131ndan onurland\u0131r\u0131lan bu kutsal gelenek, arayanlar\u0131n ya\u015fam yolculuklar\u0131n\u0131 Rishilerin g\u00f6z\u00fcnden anlamalar\u0131na yard\u0131mc\u0131 olarak zamans\u0131z bilgelik ve netlik sa\u011flamaya devam ediyor.  <\/p>\n      <\/div>\n    <\/div>\n  <\/div>\n\n<\/section>","protected":false},"excerpt":{"rendered":"","protected":false},"author":1,"featured_media":0,"parent":0,"menu_order":0,"comment_status":"closed","ping_status":"closed","template":"","meta":{"_acf_changed":false,"footnotes":""},"class_list":["post-36460","page","type-page","status-publish","hentry"],"acf":[],"yoast_head":"<!-- This site is optimized with the Yoast SEO plugin v26.4 - https:\/\/yoast.com\/wordpress\/plugins\/seo\/ -->\n<title>Palmiye yapraklar\u0131 - My Palm Leaf<\/title>\n<meta name=\"description\" content=\"Palmiye yapra\u011f\u0131 okumalar\u0131yla kadim bilgeli\u011fi ke\u015ffedin. Kaderiniz, ya\u015fam yolunuz ve ruhsal amac\u0131n\u0131z hakk\u0131nda derinlemesine i\u00e7g\u00f6r\u00fcler edinin.\" \/>\n<meta name=\"robots\" content=\"index, follow, max-snippet:-1, max-image-preview:large, max-video-preview:-1\" \/>\n<link rel=\"canonical\" href=\"https:\/\/mypalmleaf.com\/palm-leaves\/\" \/>\n<meta property=\"og:locale\" content=\"tr_TR\" \/>\n<meta property=\"og:type\" content=\"article\" \/>\n<meta property=\"og:title\" content=\"Palmiye yapraklar\u0131 - My Palm Leaf\" \/>\n<meta property=\"og:description\" content=\"Palmiye yapra\u011f\u0131 okumalar\u0131yla kadim bilgeli\u011fi ke\u015ffedin. Kaderiniz, ya\u015fam yolunuz ve ruhsal amac\u0131n\u0131z hakk\u0131nda derinlemesine i\u00e7g\u00f6r\u00fcler edinin.\" \/>\n<meta property=\"og:url\" content=\"https:\/\/mypalmleaf.com\/palm-leaves\/\" \/>\n<meta property=\"og:site_name\" content=\"My Palm Leaf\" \/>\n<meta property=\"article:modified_time\" content=\"2025-04-17T10:43:35+00:00\" \/>\n<meta property=\"og:image\" content=\"https:\/\/mypalmleaf.com\/wp-content\/uploads\/2025\/08\/mpl-circle-logo.jpg\" \/>\n\t<meta property=\"og:image:width\" content=\"1200\" \/>\n\t<meta property=\"og:image:height\" content=\"1196\" \/>\n\t<meta property=\"og:image:type\" content=\"image\/jpeg\" \/>\n<meta name=\"twitter:card\" content=\"summary_large_image\" \/>\n<script type=\"application\/ld+json\" class=\"yoast-schema-graph\">{\"@context\":\"https:\/\/schema.org\",\"@graph\":[{\"@type\":\"WebPage\",\"@id\":\"https:\/\/mypalmleaf.com\/palm-leaves\/\",\"url\":\"https:\/\/mypalmleaf.com\/palm-leaves\/\",\"name\":\"Palmiye yapraklar\u0131 - My Palm Leaf\",\"isPartOf\":{\"@id\":\"https:\/\/mypalmleaf.com\/#website\"},\"datePublished\":\"2024-08-15T02:38:41+00:00\",\"dateModified\":\"2025-04-17T10:43:35+00:00\",\"description\":\"Palmiye yapra\u011f\u0131 okumalar\u0131yla kadim bilgeli\u011fi ke\u015ffedin. Kaderiniz, ya\u015fam yolunuz ve ruhsal amac\u0131n\u0131z hakk\u0131nda derinlemesine i\u00e7g\u00f6r\u00fcler edinin.\",\"breadcrumb\":{\"@id\":\"https:\/\/mypalmleaf.com\/palm-leaves\/#breadcrumb\"},\"inLanguage\":\"tr\",\"potentialAction\":[{\"@type\":\"ReadAction\",\"target\":[\"https:\/\/mypalmleaf.com\/palm-leaves\/\"]}]},{\"@type\":\"BreadcrumbList\",\"@id\":\"https:\/\/mypalmleaf.com\/palm-leaves\/#breadcrumb\",\"itemListElement\":[{\"@type\":\"ListItem\",\"position\":1,\"name\":\"Home\",\"item\":\"https:\/\/mypalmleaf.com\/tr\/\"},{\"@type\":\"ListItem\",\"position\":2,\"name\":\"Palmiye yapraklar\u0131\"}]},{\"@type\":\"WebSite\",\"@id\":\"https:\/\/mypalmleaf.com\/#website\",\"url\":\"https:\/\/mypalmleaf.com\/\",\"name\":\"My Palm Leaf\",\"description\":\"\",\"potentialAction\":[{\"@type\":\"SearchAction\",\"target\":{\"@type\":\"EntryPoint\",\"urlTemplate\":\"https:\/\/mypalmleaf.com\/?s={search_term_string}\"},\"query-input\":{\"@type\":\"PropertyValueSpecification\",\"valueRequired\":true,\"valueName\":\"search_term_string\"}}],\"inLanguage\":\"tr\"}]}<\/script>\n<!-- \/ Yoast SEO plugin. -->","yoast_head_json":{"title":"Palmiye yapraklar\u0131 - My Palm Leaf","description":"Palmiye yapra\u011f\u0131 okumalar\u0131yla kadim bilgeli\u011fi ke\u015ffedin. Kaderiniz, ya\u015fam yolunuz ve ruhsal amac\u0131n\u0131z hakk\u0131nda derinlemesine i\u00e7g\u00f6r\u00fcler edinin.","robots":{"index":"index","follow":"follow","max-snippet":"max-snippet:-1","max-image-preview":"max-image-preview:large","max-video-preview":"max-video-preview:-1"},"canonical":"https:\/\/mypalmleaf.com\/palm-leaves\/","og_locale":"tr_TR","og_type":"article","og_title":"Palmiye yapraklar\u0131 - My Palm Leaf","og_description":"Palmiye yapra\u011f\u0131 okumalar\u0131yla kadim bilgeli\u011fi ke\u015ffedin. Kaderiniz, ya\u015fam yolunuz ve ruhsal amac\u0131n\u0131z hakk\u0131nda derinlemesine i\u00e7g\u00f6r\u00fcler edinin.","og_url":"https:\/\/mypalmleaf.com\/palm-leaves\/","og_site_name":"My Palm Leaf","article_modified_time":"2025-04-17T10:43:35+00:00","og_image":[{"width":1200,"height":1196,"url":"https:\/\/mypalmleaf.com\/wp-content\/uploads\/2025\/08\/mpl-circle-logo.jpg","type":"image\/jpeg"}],"twitter_card":"summary_large_image","schema":{"@context":"https:\/\/schema.org","@graph":[{"@type":"WebPage","@id":"https:\/\/mypalmleaf.com\/palm-leaves\/","url":"https:\/\/mypalmleaf.com\/palm-leaves\/","name":"Palmiye yapraklar\u0131 - My Palm Leaf","isPartOf":{"@id":"https:\/\/mypalmleaf.com\/#website"},"datePublished":"2024-08-15T02:38:41+00:00","dateModified":"2025-04-17T10:43:35+00:00","description":"Palmiye yapra\u011f\u0131 okumalar\u0131yla kadim bilgeli\u011fi ke\u015ffedin. Kaderiniz, ya\u015fam yolunuz ve ruhsal amac\u0131n\u0131z hakk\u0131nda derinlemesine i\u00e7g\u00f6r\u00fcler edinin.","breadcrumb":{"@id":"https:\/\/mypalmleaf.com\/palm-leaves\/#breadcrumb"},"inLanguage":"tr","potentialAction":[{"@type":"ReadAction","target":["https:\/\/mypalmleaf.com\/palm-leaves\/"]}]},{"@type":"BreadcrumbList","@id":"https:\/\/mypalmleaf.com\/palm-leaves\/#breadcrumb","itemListElement":[{"@type":"ListItem","position":1,"name":"Home","item":"https:\/\/mypalmleaf.com\/tr\/"},{"@type":"ListItem","position":2,"name":"Palmiye yapraklar\u0131"}]},{"@type":"WebSite","@id":"https:\/\/mypalmleaf.com\/#website","url":"https:\/\/mypalmleaf.com\/","name":"My Palm Leaf","description":"","potentialAction":[{"@type":"SearchAction","target":{"@type":"EntryPoint","urlTemplate":"https:\/\/mypalmleaf.com\/?s={search_term_string}"},"query-input":{"@type":"PropertyValueSpecification","valueRequired":true,"valueName":"search_term_string"}}],"inLanguage":"tr"}]}},"_links":{"self":[{"href":"https:\/\/mypalmleaf.com\/tr\/wp-json\/wp\/v2\/pages\/36460","targetHints":{"allow":["GET"]}}],"collection":[{"href":"https:\/\/mypalmleaf.com\/tr\/wp-json\/wp\/v2\/pages"}],"about":[{"href":"https:\/\/mypalmleaf.com\/tr\/wp-json\/wp\/v2\/types\/page"}],"author":[{"embeddable":true,"href":"https:\/\/mypalmleaf.com\/tr\/wp-json\/wp\/v2\/users\/1"}],"replies":[{"embeddable":true,"href":"https:\/\/mypalmleaf.com\/tr\/wp-json\/wp\/v2\/comments?post=36460"}],"version-history":[{"count":0,"href":"https:\/\/mypalmleaf.com\/tr\/wp-json\/wp\/v2\/pages\/36460\/revisions"}],"wp:attachment":[{"href":"https:\/\/mypalmleaf.com\/tr\/wp-json\/wp\/v2\/media?parent=36460"}],"curies":[{"name":"wp","href":"https:\/\/api.w.org\/{rel}","templated":true}]}}