
{"id":36521,"date":"2024-09-05T05:53:33","date_gmt":"2024-09-05T05:53:33","guid":{"rendered":"https:\/\/mypalmleaf.com\/gizlilik-politikasi\/"},"modified":"2025-04-17T10:21:54","modified_gmt":"2025-04-17T10:21:54","slug":"gizlilik-politikasi","status":"publish","type":"page","link":"https:\/\/mypalmleaf.com\/tr\/gizlilik-politikasi\/","title":{"rendered":"Gizlilik Politikas\u0131"},"content":{"rendered":"\n<h2 class=\"wp-block-heading\"><strong>1. Giri\u015f<\/strong><\/h2>\n\n<p>Conscious Innovation Lab O\u00dc (&#8220;biz&#8221;, &#8220;bizim&#8221; veya &#8220;bize&#8221;) ki\u015fisel verilerinizi korumay\u0131 ve gizlili\u011finize sayg\u0131 g\u00f6stermeyi taahh\u00fct eder. Bu Gizlilik Politikas\u0131, <strong>Genel Veri Koruma Y\u00f6netmeli\u011fi&#8217;ne (GDPR)<\/strong> uygun olarak ki\u015fisel verilerinizi nas\u0131l toplad\u0131\u011f\u0131m\u0131z\u0131, kulland\u0131\u011f\u0131m\u0131z\u0131 ve korudu\u011fumuzu \u00f6zetlemektedir. <\/p>\n\n<p><strong>\u0130leti\u015fim Bilgileri:<br\/><\/strong>Conscious Innovation Lab O\u00dc<br\/>Sakala 7-2<br\/>10141 Tallinn, Estonya<br\/>E-posta: <a href=\"mailto:info@mypalmleaf.com\">info@mypalmleaf.com<\/a><\/p>\n\n<p><br\/>Veri Koruma G\u00f6revlisi (DPO): <strong>Stephan Oesterreicher<br\/><\/strong>E-posta: info@mypalmleaf.com<\/p>\n\n<h2>2. Toplad\u0131\u011f\u0131m\u0131z Veriler<\/h2>\n\n<p>Hizmetlerimizi sunmak i\u00e7in a\u015fa\u011f\u0131daki ki\u015fisel verileri toplar\u0131z:<\/p>\n\n<ul class=\"wp-block-list\">\n<li>\u0130sim.<\/li>\n\n\n\n<li>Fatura adresi.<\/li>\n\n\n\n<li>E-posta adresi.<\/li>\n\n\n\n<li>Telefon numaras\u0131.<\/li>\n\n\n\n<li>\u00d6deme detaylar\u0131.<\/li>\n\n\n\n<li>Ba\u015fparmak izi (avu\u00e7 i\u00e7i yapra\u011f\u0131n\u0131z\u0131 bulmak i\u00e7in).<\/li>\n\n\n\n<li>Cinsiyet ve do\u011fdu\u011funuz \u00fclke (avu\u00e7 i\u00e7i yapra\u011f\u0131n\u0131z\u0131 bulmak i\u00e7in).<\/li>\n<\/ul>\n\n<h2 class=\"wp-block-heading\"><strong>3. Veri \u0130\u015flemenin Amac\u0131<\/strong><\/h2>\n\n<p>Ki\u015fisel verilerinizi a\u015fa\u011f\u0131daki ama\u00e7lar i\u00e7in i\u015fliyoruz:<\/p>\n\n<ul class=\"wp-block-list\">\n<li><strong>Sipari\u015f Yerine Getirme:<\/strong> Web sitemiz \u00fczerinden yap\u0131lan sipari\u015fleri i\u015flemek ve teslim etmek.<\/li>\n\n\n\n<li><strong>Avu\u00e7 \u0130\u00e7i Yapra\u011f\u0131n\u0131z\u0131 Bulma:<\/strong> Parmak izleri, cinsiyet ve do\u011fum \u00fclkesi yaln\u0131zca size \u00f6zel avu\u00e7 i\u00e7i yapra\u011f\u0131n\u0131 bulmak i\u00e7in toplan\u0131r.<\/li>\n\n\n\n<li><strong>Haber B\u00fcltenleri:<\/strong> Haber b\u00fcltenleri ve g\u00fcncellemeler g\u00f6ndermek i\u00e7in (yaln\u0131zca sizin izninizle).<\/li>\n\n\n\n<li><strong>Analitik ve Web Sitesi \u0130yile\u015ftirme:<\/strong> Google Analytics ve Facebook Pixel gibi ara\u00e7lar\u0131 kullanarak web sitesini ve kullan\u0131c\u0131 deneyimini iyile\u015ftirmek.<\/li>\n\n\n\n<li><strong>Yasal Uyumluluk:<\/strong> Y\u00fcr\u00fcrl\u00fckteki vergi ve mali d\u00fczenlemelere uymak.<\/li>\n<\/ul>\n\n<h2 class=\"wp-block-heading\"><strong>4. \u0130\u015fleme i\u00e7in Yasal Dayanak<\/strong><\/h2>\n\n<p>Verilerinizi a\u015fa\u011f\u0131daki yasal gerek\u00e7elere dayanarak i\u015fliyoruz:<\/p>\n\n<ul class=\"wp-block-list\">\n<li><strong>Onay:<\/strong> Haber b\u00fcltenleri ve her t\u00fcrl\u00fc pazarlama ileti\u015fimi i\u00e7in.<\/li>\n\n\n\n<li><strong>S\u00f6zle\u015fmesel Gereklilik:<\/strong> Sipari\u015fleri yerine getirmek ve hizmetleri sunmak i\u00e7in.<\/li>\n\n\n\n<li><strong>Me\u015fru Menfaatler:<\/strong> Web sitesi performans\u0131n\u0131 analiz etmek ve i\u015flevselli\u011fini sa\u011flamak.<\/li>\n\n\n\n<li><strong>Yasal Y\u00fck\u00fcml\u00fcl\u00fckler:<\/strong> Vergi raporlamas\u0131 ve di\u011fer yasal gerekliliklere uyum i\u00e7in.<\/li>\n<\/ul>\n\n<h2 class=\"wp-block-heading\"><strong>5. \u00dc\u00e7\u00fcnc\u00fc Taraf Hizmetleri<\/strong><\/h2>\n\n<p>Verilerinizi g\u00fcvenli ve verimli bir \u015fekilde i\u015flemek i\u00e7in \u00fc\u00e7\u00fcnc\u00fc taraf hizmet sa\u011flay\u0131c\u0131lar\u0131 kullan\u0131yoruz:<\/p>\n\n<ul class=\"wp-block-list\">\n<li><strong>Bar\u0131nd\u0131rma Sa\u011flay\u0131c\u0131lar\u0131:<\/strong> AWS, Google Cloud, monday.com.<\/li>\n\n\n\n<li><strong>E-posta Pazarlama Ara\u00e7lar\u0131:<\/strong> Mailchimp.<\/li>\n\n\n\n<li><strong>\u00d6deme \u0130\u015flemcileri:<\/strong> PayPal, Stripe.<\/li>\n\n\n\n<li><strong>Analitik ve \u0130zleme:<\/strong> Google Analytics, Facebook Pixel<\/li>\n<\/ul>\n\n<p>Bu sa\u011flay\u0131c\u0131lar\u0131n her biri GDPR ile uyumludur ve uygun \u00f6nlemlerle veri korumas\u0131n\u0131 sa\u011flar.<\/p>\n\n<h2 class=\"wp-block-heading\"><strong>6. Uluslararas\u0131 Veri Aktar\u0131mlar\u0131<\/strong><\/h2>\n\n<p>Avu\u00e7 i\u00e7i yapra\u011f\u0131n\u0131z\u0131 bulmak i\u00e7in ki\u015fisel verileri (parmak izi, cinsiyet, do\u011fum \u00fclkesi) isimsiz olarak <strong>Hindistan&#8217;<\/strong>a aktar\u0131yoruz. Bu aktar\u0131mlar, yeterli d\u00fczeyde veri korumas\u0131 sa\u011flamak i\u00e7in <strong>Standart S\u00f6zle\u015fme Maddeleri (SCC&#8217;ler)<\/strong> kapsam\u0131nda yap\u0131lmaktad\u0131r. <\/p>\n\n<h2 class=\"wp-block-heading\"><strong>7. \u00c7erezler ve \u0130zleme Teknolojileri<\/strong><\/h2>\n\n<p>Kullan\u0131c\u0131 deneyiminizi geli\u015ftirmek i\u00e7in \u00e7erezler ve benzer izleme teknolojileri kullan\u0131yoruz. Bunlar \u015funlar\u0131 i\u00e7erir: <\/p>\n\n<ul class=\"wp-block-list\">\n<li><strong>Google Analytics:<\/strong> Web sitesi trafi\u011fini ve kullan\u0131c\u0131 davran\u0131\u015f\u0131n\u0131 analiz etmek i\u00e7in.<\/li>\n\n\n\n<li><strong>Facebook Pikseli:<\/strong> Ki\u015fiselle\u015ftirilmi\u015f pazarlama ve d\u00f6n\u00fc\u015f\u00fcmleri izlemek i\u00e7in.<\/li>\n<\/ul>\n\n<p>\u00c7erez tercihlerini \u00e7erez onay banner&#8217;\u0131m\u0131z arac\u0131l\u0131\u011f\u0131yla y\u00f6netebilir veya taray\u0131c\u0131n\u0131zdaki ayarlar\u0131 de\u011fi\u015ftirebilirsiniz.<\/p>\n\n<h2 class=\"wp-block-heading\"><strong>8. Veri Saklama<\/strong><\/h2>\n\n<p>Ki\u015fisel verileri a\u015fa\u011f\u0131daki s\u00fcreler boyunca saklar\u0131z:<\/p>\n\n<ul class=\"wp-block-list\">\n<li>Genel m\u00fc\u015fteri verileri (\u00f6rn. ad, e-posta, fatura adresi): <strong>6 y\u0131l<\/strong>.<\/li>\n\n\n\n<li>Parmak izleri (palmiye yapraklar\u0131n\u0131n yerini tespit etmek i\u00e7in kullan\u0131l\u0131r): <strong>Genel okumadan 4 hafta sonra.<\/strong><\/li>\n<\/ul>\n\n<p>Veriler, belirtilen ama\u00e7lar i\u00e7in art\u0131k gerekli olmad\u0131\u011f\u0131nda silinir veya anonim hale getirilir.<\/p>\n\n<h2 class=\"wp-block-heading\"><strong>9. Sizin Haklar\u0131n\u0131z<\/strong><\/h2>\n\n<p>GDPR kapsam\u0131nda, ki\u015fisel verilerinizle ilgili olarak a\u015fa\u011f\u0131daki haklara sahipsiniz:<\/p>\n\n<ol class=\"wp-block-list\">\n<li><strong>Eri\u015fim Hakk\u0131:<\/strong> Hakk\u0131n\u0131zda tuttu\u011fumuz ki\u015fisel verilere eri\u015fim talep edin.<\/li>\n\n\n\n<li><strong>D\u00fczeltme Hakk\u0131:<\/strong> Verilerinizdeki yanl\u0131\u015fl\u0131klar\u0131 d\u00fczeltin.<\/li>\n\n\n\n<li><strong>Silme Hakk\u0131:<\/strong> Verilerinizin silinmesini talep edin (&#8220;unutulma hakk\u0131&#8221;).<\/li>\n\n\n\n<li><strong>\u0130\u015flemeyi K\u0131s\u0131tlama Hakk\u0131:<\/strong> Verilerinizin i\u015flenmesini belirli ko\u015fullar alt\u0131nda s\u0131n\u0131rland\u0131r\u0131n.<\/li>\n\n\n\n<li><strong>Veri Ta\u015f\u0131nabilirli\u011fi Hakk\u0131:<\/strong> Verilerinizi yap\u0131land\u0131r\u0131lm\u0131\u015f, makine taraf\u0131ndan okunabilir bir formatta al\u0131n.<\/li>\n\n\n\n<li><strong>\u0130tiraz Etme Hakk\u0131:<\/strong> Verilerinizin me\u015fru menfaatler veya pazarlama ama\u00e7lar\u0131 i\u00e7in i\u015flenmesine itiraz edin.<\/li>\n\n\n\n<li><strong>Onay\u0131 Geri \u00c7ekme Hakk\u0131:<\/strong> \u0130stedi\u011finiz zaman veri i\u015fleme izninizi geri \u00e7ekebilirsiniz.<\/li>\n\n\n\n<li><strong>\u015eikayette Bulunma Hakk\u0131:<\/strong> Haklar\u0131n\u0131z\u0131n ihlal edildi\u011fini d\u00fc\u015f\u00fcn\u00fcyorsan\u0131z yerel veri koruma makam\u0131n\u0131za \u015fikayette bulunun.<\/li>\n<\/ol>\n\n<p>Bu haklardan herhangi birini kullanmak i\u00e7in l\u00fctfen info@mypalmleaf.com adresinden bizimle ileti\u015fime ge\u00e7in.<br\/><\/p>\n\n<h2 class=\"wp-block-heading\"><strong>10. Otomatik Karar Verme ve Profil Olu\u015fturma<\/strong><\/h2>\n\n<p>Otomatik karar verme veya profil olu\u015fturma ara\u00e7lar\u0131 kullanm\u0131yoruz.<br\/><\/p>\n\n<h2 class=\"wp-block-heading\"><strong>11. Veri G\u00fcvenli\u011fi<\/strong><\/h2>\n\n<p>\u015eu anda belirli teknik g\u00fcvenlik \u00f6nlemleri (\u00f6rne\u011fin \u015fifreleme) uygulam\u0131yor olsak da, ki\u015fisel verileri g\u00fcvenli bir \u015fekilde ele almak ve yaln\u0131zca g\u00fcvenilir \u00fc\u00e7\u00fcnc\u00fc taraflarla payla\u015fmak i\u00e7in her t\u00fcrl\u00fc \u00e7abay\u0131 g\u00f6steriyoruz. Yak\u0131n gelecekte daha sa\u011flam g\u00fcvenlik \u00f6nlemleri uygulamak i\u00e7in \u00e7al\u0131\u015f\u0131yoruz. <\/p>\n\n<h2 class=\"wp-block-heading\"><strong>12. Bu Gizlilik Politikas\u0131ndaki G\u00fcncellemeler<\/strong><\/h2>\n\n<p>Yasal veya operasyonel gerekliliklerdeki de\u011fi\u015fiklikleri yans\u0131tmak i\u00e7in bu Gizlilik Politikas\u0131n\u0131 zaman zaman g\u00fcncelleyebiliriz. T\u00fcm g\u00fcncellemeler bu sayfada yay\u0131nlanacak ve uygun oldu\u011fu durumlarda sizi do\u011frudan bilgilendirece\u011fiz. <\/p>\n\n<p><strong>Son G\u00fcncelleme<\/strong> 22 Kas\u0131m 2024<br\/><\/p>\n\n<p><span id=\"docs-internal-guid-8f69ac49-7fff-720c-c3f9-e299012d149c\"><div><span style=\"font-size: 12pt; font-family: Arial, sans-serif; color: rgb(13, 13, 13); background-color: transparent; font-variant-numeric: normal; font-variant-east-asian: normal; font-variant-alternates: normal; font-variant-position: normal; vertical-align: baseline;\"><\/span><\/div><\/span><\/p>\n","protected":false},"excerpt":{"rendered":"<p>1. Giri\u015f Conscious Innovation Lab O\u00dc (&#8220;biz&#8221;, &#8220;bizim&#8221; veya &#8220;bize&#8221;) ki\u015fisel verilerinizi korumay\u0131 ve gizlili\u011finize sayg\u0131 g\u00f6stermeyi taahh\u00fct eder. Bu Gizlilik Politikas\u0131, Genel Veri Koruma Y\u00f6netmeli\u011fi&#8217;ne (GDPR) uygun olarak ki\u015fisel verilerinizi nas\u0131l toplad\u0131\u011f\u0131m\u0131z\u0131, kulland\u0131\u011f\u0131m\u0131z\u0131 ve korudu\u011fumuzu \u00f6zetlemektedir. \u0130leti\u015fim Bilgileri:Conscious Innovation Lab O\u00dcSakala 7-210141 Tallinn, EstonyaE-posta: info@mypalmleaf.com Veri Koruma G\u00f6revlisi (DPO): Stephan OesterreicherE-posta: info@mypalmleaf.com 2. Toplad\u0131\u011f\u0131m\u0131z [&hellip;]<\/p>\n","protected":false},"author":1,"featured_media":0,"parent":0,"menu_order":0,"comment_status":"closed","ping_status":"closed","template":"static-template-page.php","meta":{"_acf_changed":false,"footnotes":""},"class_list":["post-36521","page","type-page","status-publish","hentry"],"acf":[],"yoast_head":"<!-- This site is optimized with the Yoast SEO plugin v26.4 - https:\/\/yoast.com\/wordpress\/plugins\/seo\/ -->\n<title>Gizlilik Politikas\u0131 - My Palm Leaf<\/title>\n<meta name=\"description\" content=\"Gizlilik politikam\u0131z\u0131 ke\u015ffedin ve ki\u015fisel verilerinizin nas\u0131l korundu\u011funu \u00f6\u011frenin. Kadim bilgeli\u011fi g\u00fcvenle ke\u015ffedin. Hemen ileti\u015fime ge\u00e7in.\" \/>\n<meta name=\"robots\" content=\"index, follow, max-snippet:-1, max-image-preview:large, max-video-preview:-1\" \/>\n<link rel=\"canonical\" href=\"https:\/\/mypalmleaf.com\/privacy-policy\/\" \/>\n<meta property=\"og:locale\" content=\"tr_TR\" \/>\n<meta property=\"og:type\" content=\"article\" \/>\n<meta property=\"og:title\" content=\"Gizlilik Politikas\u0131 - My Palm Leaf\" \/>\n<meta property=\"og:description\" content=\"Gizlilik politikam\u0131z\u0131 ke\u015ffedin ve ki\u015fisel verilerinizin nas\u0131l korundu\u011funu \u00f6\u011frenin. Kadim bilgeli\u011fi g\u00fcvenle ke\u015ffedin. Hemen ileti\u015fime ge\u00e7in.\" \/>\n<meta property=\"og:url\" content=\"https:\/\/mypalmleaf.com\/privacy-policy\/\" \/>\n<meta property=\"og:site_name\" content=\"My Palm Leaf\" \/>\n<meta property=\"article:modified_time\" content=\"2025-04-17T10:21:54+00:00\" \/>\n<meta property=\"og:image\" content=\"https:\/\/mypalmleaf.com\/wp-content\/uploads\/2025\/08\/mpl-circle-logo.jpg\" \/>\n\t<meta property=\"og:image:width\" content=\"1200\" \/>\n\t<meta property=\"og:image:height\" content=\"1196\" \/>\n\t<meta property=\"og:image:type\" content=\"image\/jpeg\" \/>\n<meta name=\"twitter:card\" content=\"summary_large_image\" \/>\n<meta name=\"twitter:label1\" content=\"Tahmini okuma s\u00fcresi\" \/>\n\t<meta name=\"twitter:data1\" content=\"3 dakika\" \/>\n<script type=\"application\/ld+json\" class=\"yoast-schema-graph\">{\"@context\":\"https:\/\/schema.org\",\"@graph\":[{\"@type\":\"WebPage\",\"@id\":\"https:\/\/mypalmleaf.com\/privacy-policy\/\",\"url\":\"https:\/\/mypalmleaf.com\/privacy-policy\/\",\"name\":\"Gizlilik Politikas\u0131 - My Palm Leaf\",\"isPartOf\":{\"@id\":\"https:\/\/mypalmleaf.com\/#website\"},\"datePublished\":\"2024-09-05T05:53:33+00:00\",\"dateModified\":\"2025-04-17T10:21:54+00:00\",\"description\":\"Gizlilik politikam\u0131z\u0131 ke\u015ffedin ve ki\u015fisel verilerinizin nas\u0131l korundu\u011funu \u00f6\u011frenin. Kadim bilgeli\u011fi g\u00fcvenle ke\u015ffedin. Hemen ileti\u015fime ge\u00e7in.\",\"breadcrumb\":{\"@id\":\"https:\/\/mypalmleaf.com\/privacy-policy\/#breadcrumb\"},\"inLanguage\":\"tr\",\"potentialAction\":[{\"@type\":\"ReadAction\",\"target\":[\"https:\/\/mypalmleaf.com\/privacy-policy\/\"]}]},{\"@type\":\"BreadcrumbList\",\"@id\":\"https:\/\/mypalmleaf.com\/privacy-policy\/#breadcrumb\",\"itemListElement\":[{\"@type\":\"ListItem\",\"position\":1,\"name\":\"Home\",\"item\":\"https:\/\/mypalmleaf.com\/tr\/\"},{\"@type\":\"ListItem\",\"position\":2,\"name\":\"Gizlilik Politikas\u0131\"}]},{\"@type\":\"WebSite\",\"@id\":\"https:\/\/mypalmleaf.com\/#website\",\"url\":\"https:\/\/mypalmleaf.com\/\",\"name\":\"My Palm Leaf\",\"description\":\"\",\"potentialAction\":[{\"@type\":\"SearchAction\",\"target\":{\"@type\":\"EntryPoint\",\"urlTemplate\":\"https:\/\/mypalmleaf.com\/?s={search_term_string}\"},\"query-input\":{\"@type\":\"PropertyValueSpecification\",\"valueRequired\":true,\"valueName\":\"search_term_string\"}}],\"inLanguage\":\"tr\"}]}<\/script>\n<!-- \/ Yoast SEO plugin. -->","yoast_head_json":{"title":"Gizlilik Politikas\u0131 - My Palm Leaf","description":"Gizlilik politikam\u0131z\u0131 ke\u015ffedin ve ki\u015fisel verilerinizin nas\u0131l korundu\u011funu \u00f6\u011frenin. Kadim bilgeli\u011fi g\u00fcvenle ke\u015ffedin. Hemen ileti\u015fime ge\u00e7in.","robots":{"index":"index","follow":"follow","max-snippet":"max-snippet:-1","max-image-preview":"max-image-preview:large","max-video-preview":"max-video-preview:-1"},"canonical":"https:\/\/mypalmleaf.com\/privacy-policy\/","og_locale":"tr_TR","og_type":"article","og_title":"Gizlilik Politikas\u0131 - My Palm Leaf","og_description":"Gizlilik politikam\u0131z\u0131 ke\u015ffedin ve ki\u015fisel verilerinizin nas\u0131l korundu\u011funu \u00f6\u011frenin. Kadim bilgeli\u011fi g\u00fcvenle ke\u015ffedin. Hemen ileti\u015fime ge\u00e7in.","og_url":"https:\/\/mypalmleaf.com\/privacy-policy\/","og_site_name":"My Palm Leaf","article_modified_time":"2025-04-17T10:21:54+00:00","og_image":[{"width":1200,"height":1196,"url":"https:\/\/mypalmleaf.com\/wp-content\/uploads\/2025\/08\/mpl-circle-logo.jpg","type":"image\/jpeg"}],"twitter_card":"summary_large_image","twitter_misc":{"Tahmini okuma s\u00fcresi":"3 dakika"},"schema":{"@context":"https:\/\/schema.org","@graph":[{"@type":"WebPage","@id":"https:\/\/mypalmleaf.com\/privacy-policy\/","url":"https:\/\/mypalmleaf.com\/privacy-policy\/","name":"Gizlilik Politikas\u0131 - My Palm Leaf","isPartOf":{"@id":"https:\/\/mypalmleaf.com\/#website"},"datePublished":"2024-09-05T05:53:33+00:00","dateModified":"2025-04-17T10:21:54+00:00","description":"Gizlilik politikam\u0131z\u0131 ke\u015ffedin ve ki\u015fisel verilerinizin nas\u0131l korundu\u011funu \u00f6\u011frenin. Kadim bilgeli\u011fi g\u00fcvenle ke\u015ffedin. Hemen ileti\u015fime ge\u00e7in.","breadcrumb":{"@id":"https:\/\/mypalmleaf.com\/privacy-policy\/#breadcrumb"},"inLanguage":"tr","potentialAction":[{"@type":"ReadAction","target":["https:\/\/mypalmleaf.com\/privacy-policy\/"]}]},{"@type":"BreadcrumbList","@id":"https:\/\/mypalmleaf.com\/privacy-policy\/#breadcrumb","itemListElement":[{"@type":"ListItem","position":1,"name":"Home","item":"https:\/\/mypalmleaf.com\/tr\/"},{"@type":"ListItem","position":2,"name":"Gizlilik Politikas\u0131"}]},{"@type":"WebSite","@id":"https:\/\/mypalmleaf.com\/#website","url":"https:\/\/mypalmleaf.com\/","name":"My Palm Leaf","description":"","potentialAction":[{"@type":"SearchAction","target":{"@type":"EntryPoint","urlTemplate":"https:\/\/mypalmleaf.com\/?s={search_term_string}"},"query-input":{"@type":"PropertyValueSpecification","valueRequired":true,"valueName":"search_term_string"}}],"inLanguage":"tr"}]}},"_links":{"self":[{"href":"https:\/\/mypalmleaf.com\/tr\/wp-json\/wp\/v2\/pages\/36521","targetHints":{"allow":["GET"]}}],"collection":[{"href":"https:\/\/mypalmleaf.com\/tr\/wp-json\/wp\/v2\/pages"}],"about":[{"href":"https:\/\/mypalmleaf.com\/tr\/wp-json\/wp\/v2\/types\/page"}],"author":[{"embeddable":true,"href":"https:\/\/mypalmleaf.com\/tr\/wp-json\/wp\/v2\/users\/1"}],"replies":[{"embeddable":true,"href":"https:\/\/mypalmleaf.com\/tr\/wp-json\/wp\/v2\/comments?post=36521"}],"version-history":[{"count":0,"href":"https:\/\/mypalmleaf.com\/tr\/wp-json\/wp\/v2\/pages\/36521\/revisions"}],"wp:attachment":[{"href":"https:\/\/mypalmleaf.com\/tr\/wp-json\/wp\/v2\/media?parent=36521"}],"curies":[{"name":"wp","href":"https:\/\/api.w.org\/{rel}","templated":true}]}}