
{"id":36585,"date":"2024-09-25T08:08:27","date_gmt":"2024-09-25T08:08:27","guid":{"rendered":"https:\/\/mypalmleaf.com\/ortaklik-portali\/"},"modified":"2025-04-28T08:30:32","modified_gmt":"2025-04-28T08:30:32","slug":"ortaklik-portali","status":"publish","type":"page","link":"https:\/\/mypalmleaf.com\/tr\/ortaklik-portali\/","title":{"rendered":"Ortakl\u0131k Portal\u0131"},"content":{"rendered":"","protected":false},"excerpt":{"rendered":"","protected":false},"author":5,"featured_media":0,"parent":0,"menu_order":0,"comment_status":"closed","ping_status":"closed","template":"","meta":{"_acf_changed":false,"footnotes":""},"class_list":["post-36585","page","type-page","status-publish","hentry"],"acf":[],"yoast_head":"<!-- This site is optimized with the Yoast SEO plugin v26.4 - https:\/\/yoast.com\/wordpress\/plugins\/seo\/ -->\n<title>Ortakl\u0131k Portal\u0131 - My Palm Leaf<\/title>\n<meta name=\"description\" content=\"Mypalmleaf ortakl\u0131k portal\u0131na kat\u0131l\u0131n ve ruhsal bilgeli\u011fi payla\u015farak kazan\u00e7 sa\u011flay\u0131n. \u0130\u015fbirli\u011fi f\u0131rsatlar\u0131n\u0131 ke\u015ffedin hemen \u015fimdi burada.\" \/>\n<meta name=\"robots\" content=\"index, follow, max-snippet:-1, max-image-preview:large, max-video-preview:-1\" \/>\n<link rel=\"canonical\" href=\"https:\/\/mypalmleaf.com\/affiliates-new\/\" \/>\n<meta property=\"og:locale\" content=\"tr_TR\" \/>\n<meta property=\"og:type\" content=\"article\" \/>\n<meta property=\"og:title\" content=\"Ortakl\u0131k Portal\u0131 - My Palm Leaf\" \/>\n<meta property=\"og:description\" content=\"Mypalmleaf ortakl\u0131k portal\u0131na kat\u0131l\u0131n ve ruhsal bilgeli\u011fi payla\u015farak kazan\u00e7 sa\u011flay\u0131n. \u0130\u015fbirli\u011fi f\u0131rsatlar\u0131n\u0131 ke\u015ffedin hemen \u015fimdi burada.\" \/>\n<meta property=\"og:url\" content=\"https:\/\/mypalmleaf.com\/affiliates-new\/\" \/>\n<meta property=\"og:site_name\" content=\"My Palm Leaf\" \/>\n<meta property=\"article:modified_time\" content=\"2025-04-28T08:30:32+00:00\" \/>\n<meta property=\"og:image\" content=\"https:\/\/mypalmleaf.com\/wp-content\/uploads\/2025\/08\/mpl-circle-logo.jpg\" \/>\n\t<meta property=\"og:image:width\" content=\"1200\" \/>\n\t<meta property=\"og:image:height\" content=\"1196\" \/>\n\t<meta property=\"og:image:type\" content=\"image\/jpeg\" \/>\n<meta name=\"twitter:card\" content=\"summary_large_image\" \/>\n<script type=\"application\/ld+json\" class=\"yoast-schema-graph\">{\"@context\":\"https:\/\/schema.org\",\"@graph\":[{\"@type\":\"WebPage\",\"@id\":\"https:\/\/mypalmleaf.com\/affiliates-new\/\",\"url\":\"https:\/\/mypalmleaf.com\/affiliates-new\/\",\"name\":\"Ortakl\u0131k Portal\u0131 - My Palm Leaf\",\"isPartOf\":{\"@id\":\"https:\/\/mypalmleaf.com\/#website\"},\"datePublished\":\"2024-09-25T08:08:27+00:00\",\"dateModified\":\"2025-04-28T08:30:32+00:00\",\"description\":\"Mypalmleaf ortakl\u0131k portal\u0131na kat\u0131l\u0131n ve ruhsal bilgeli\u011fi payla\u015farak kazan\u00e7 sa\u011flay\u0131n. \u0130\u015fbirli\u011fi f\u0131rsatlar\u0131n\u0131 ke\u015ffedin hemen \u015fimdi burada.\",\"breadcrumb\":{\"@id\":\"https:\/\/mypalmleaf.com\/affiliates-new\/#breadcrumb\"},\"inLanguage\":\"tr\",\"potentialAction\":[{\"@type\":\"ReadAction\",\"target\":[\"https:\/\/mypalmleaf.com\/affiliates-new\/\"]}]},{\"@type\":\"BreadcrumbList\",\"@id\":\"https:\/\/mypalmleaf.com\/affiliates-new\/#breadcrumb\",\"itemListElement\":[{\"@type\":\"ListItem\",\"position\":1,\"name\":\"Home\",\"item\":\"https:\/\/mypalmleaf.com\/tr\/\"},{\"@type\":\"ListItem\",\"position\":2,\"name\":\"Ortakl\u0131k Portal\u0131\"}]},{\"@type\":\"WebSite\",\"@id\":\"https:\/\/mypalmleaf.com\/#website\",\"url\":\"https:\/\/mypalmleaf.com\/\",\"name\":\"My Palm Leaf\",\"description\":\"\",\"potentialAction\":[{\"@type\":\"SearchAction\",\"target\":{\"@type\":\"EntryPoint\",\"urlTemplate\":\"https:\/\/mypalmleaf.com\/?s={search_term_string}\"},\"query-input\":{\"@type\":\"PropertyValueSpecification\",\"valueRequired\":true,\"valueName\":\"search_term_string\"}}],\"inLanguage\":\"tr\"}]}<\/script>\n<!-- \/ Yoast SEO plugin. -->","yoast_head_json":{"title":"Ortakl\u0131k Portal\u0131 - My Palm Leaf","description":"Mypalmleaf ortakl\u0131k portal\u0131na kat\u0131l\u0131n ve ruhsal bilgeli\u011fi payla\u015farak kazan\u00e7 sa\u011flay\u0131n. \u0130\u015fbirli\u011fi f\u0131rsatlar\u0131n\u0131 ke\u015ffedin hemen \u015fimdi burada.","robots":{"index":"index","follow":"follow","max-snippet":"max-snippet:-1","max-image-preview":"max-image-preview:large","max-video-preview":"max-video-preview:-1"},"canonical":"https:\/\/mypalmleaf.com\/affiliates-new\/","og_locale":"tr_TR","og_type":"article","og_title":"Ortakl\u0131k Portal\u0131 - My Palm Leaf","og_description":"Mypalmleaf ortakl\u0131k portal\u0131na kat\u0131l\u0131n ve ruhsal bilgeli\u011fi payla\u015farak kazan\u00e7 sa\u011flay\u0131n. \u0130\u015fbirli\u011fi f\u0131rsatlar\u0131n\u0131 ke\u015ffedin hemen \u015fimdi burada.","og_url":"https:\/\/mypalmleaf.com\/affiliates-new\/","og_site_name":"My Palm Leaf","article_modified_time":"2025-04-28T08:30:32+00:00","og_image":[{"width":1200,"height":1196,"url":"https:\/\/mypalmleaf.com\/wp-content\/uploads\/2025\/08\/mpl-circle-logo.jpg","type":"image\/jpeg"}],"twitter_card":"summary_large_image","schema":{"@context":"https:\/\/schema.org","@graph":[{"@type":"WebPage","@id":"https:\/\/mypalmleaf.com\/affiliates-new\/","url":"https:\/\/mypalmleaf.com\/affiliates-new\/","name":"Ortakl\u0131k Portal\u0131 - My Palm Leaf","isPartOf":{"@id":"https:\/\/mypalmleaf.com\/#website"},"datePublished":"2024-09-25T08:08:27+00:00","dateModified":"2025-04-28T08:30:32+00:00","description":"Mypalmleaf ortakl\u0131k portal\u0131na kat\u0131l\u0131n ve ruhsal bilgeli\u011fi payla\u015farak kazan\u00e7 sa\u011flay\u0131n. \u0130\u015fbirli\u011fi f\u0131rsatlar\u0131n\u0131 ke\u015ffedin hemen \u015fimdi burada.","breadcrumb":{"@id":"https:\/\/mypalmleaf.com\/affiliates-new\/#breadcrumb"},"inLanguage":"tr","potentialAction":[{"@type":"ReadAction","target":["https:\/\/mypalmleaf.com\/affiliates-new\/"]}]},{"@type":"BreadcrumbList","@id":"https:\/\/mypalmleaf.com\/affiliates-new\/#breadcrumb","itemListElement":[{"@type":"ListItem","position":1,"name":"Home","item":"https:\/\/mypalmleaf.com\/tr\/"},{"@type":"ListItem","position":2,"name":"Ortakl\u0131k Portal\u0131"}]},{"@type":"WebSite","@id":"https:\/\/mypalmleaf.com\/#website","url":"https:\/\/mypalmleaf.com\/","name":"My Palm Leaf","description":"","potentialAction":[{"@type":"SearchAction","target":{"@type":"EntryPoint","urlTemplate":"https:\/\/mypalmleaf.com\/?s={search_term_string}"},"query-input":{"@type":"PropertyValueSpecification","valueRequired":true,"valueName":"search_term_string"}}],"inLanguage":"tr"}]}},"_links":{"self":[{"href":"https:\/\/mypalmleaf.com\/tr\/wp-json\/wp\/v2\/pages\/36585","targetHints":{"allow":["GET"]}}],"collection":[{"href":"https:\/\/mypalmleaf.com\/tr\/wp-json\/wp\/v2\/pages"}],"about":[{"href":"https:\/\/mypalmleaf.com\/tr\/wp-json\/wp\/v2\/types\/page"}],"author":[{"embeddable":true,"href":"https:\/\/mypalmleaf.com\/tr\/wp-json\/wp\/v2\/users\/5"}],"replies":[{"embeddable":true,"href":"https:\/\/mypalmleaf.com\/tr\/wp-json\/wp\/v2\/comments?post=36585"}],"version-history":[{"count":0,"href":"https:\/\/mypalmleaf.com\/tr\/wp-json\/wp\/v2\/pages\/36585\/revisions"}],"wp:attachment":[{"href":"https:\/\/mypalmleaf.com\/tr\/wp-json\/wp\/v2\/media?parent=36585"}],"curies":[{"name":"wp","href":"https:\/\/api.w.org\/{rel}","templated":true}]}}