{"id":37116,"date":"2024-08-28T03:20:58","date_gmt":"2024-08-28T03:20:58","guid":{"rendered":"https:\/\/mypalmleaf.com\/istirakler-programi\/"},"modified":"2025-04-28T09:38:48","modified_gmt":"2025-04-28T09:38:48","slug":"istirakler-programi","status":"publish","type":"page","link":"https:\/\/mypalmleaf.com\/tr\/istirakler-programi\/","title":{"rendered":"\u0130\u015ftirakler Program\u0131"},"content":{"rendered":"\n<section class=\"spotlight-main small top-gap\">\n    <!-- <div class=\"slider-wrap\" data-flickity='{ \"cellAlign\": \"left\", \"contain\": true, \"wrapAround\": true, \"setGallerySize\": false }'> -->\n    <div class=\"slider-wrap\" data-flickity='{ \"cellAlign\": \"left\", \"contain\": true, \"wrapAround\": true, \"setGallerySize\": false  }'>\n            <div class=\"slides\">\n        <div class=\"content-wrap\">\n          <div class=\"image\">\n            <picture>\n              <source media=\"(max-width: 999px)\" srcset=\"https:\/\/mypalmleaf.com\/wp-content\/uploads\/2024\/09\/affliate-program-spotlight-mob.jpg\" \/>\n              <source media=\"(min-width: 1000px)\" srcset=\"https:\/\/mypalmleaf.com\/wp-content\/uploads\/2024\/09\/affliate-program-spotlight.jpg\" \/>\n              <img decoding=\"async\" src=\"https:\/\/mypalmleaf.com\/wp-content\/uploads\/2024\/09\/affliate-program-spotlight.jpg\" class=\"img-fluid\" alt=\"\" \/>\n            <\/picture>\n          <\/div>\n          <div class=\"content\">\n            <div data-aos=\"fade-up\" data-aos-duration=\"1000\">\n              <h2 class=\"\">Mypalmleaf Ortakl\u0131k Program\u0131<\/h2>\n                                 \n            <\/div>\n          <\/div>\n        <\/div>\n      <\/div>\n          <\/div>\n<\/section>\n\n<section class=\"partnerships-block my-6 position-relative\" data-aos=\"fade-up\" data-aos-duration=\"1000\">\n  <div class=\"container-xl\">\n    <div class=\"row mb-4 justify-content-center\">\n      <div class=\"col-lg-12 text-center\" data-aos=\"fade-up\" data-aos-duration=\"1000\">\n        <div class=\"row align-items-center justify-content-between\">\n                      <div class=\"col-lg-7 mt-4 mt-md-0 \">\n            <div class=\"partners-program-details\">\n              <h4>Sat\u0131\u015f orta\u011f\u0131 olarak s\u00f6z\u00fc payla\u015f\u0131n<\/h4>\n              <p>Hint palmiye yapra\u011f\u0131 k\u00fct\u00fcphanelerini d\u00fcnyan\u0131n her yerinden insanlar i\u00e7in eri\u015filebilir k\u0131lmak ve onlar\u0131 Rishilerin bilgeli\u011fiyle bulu\u015fturmak bizim misyonumuzdur. Ve sizi Mypalmleaf Ortakl\u0131k Program\u0131na kat\u0131larak bu misyonun bir par\u00e7as\u0131 olmaya davet ediyoruz.   <\/p>\n                                <a href=\"\/tr\/affiliates-new\/\" class=\"btn btn-primary\">Ortakl\u0131k Portal\u0131na kaydolun\/giri\u015f yap\u0131n<\/a>\n                          <\/div>\n          <\/div>\n                        <div class=\"col-lg-5\"><img decoding=\"async\" src=\"https:\/\/mypalmleaf.com\/wp-content\/uploads\/2024\/08\/mpl-partnership-logo-1.png\" alt=\"\" class=\"img-fluid\"><\/div>\n                  <\/div>\n      <\/div>\n    <\/div>\n  <\/div>\n      <div class=\"parallax-item-3 parallax-item\" data-speed=\".08\"><img decoding=\"async\" src=\"https:\/\/mypalmleaf.com\/wp-content\/uploads\/2024\/08\/parallax-item-3-4.png\" class=\"img-fluid\" alt=\"\"><\/div>\n  <\/section>\n\n<section class=\"photo-gallery my-5\">\n  <div class=\"container-xl\" data-aos=\"fade-up\" data-aos-duration=\"1000\">\n            <div class=\"row\">\n      <div class=\"col-lg-10 mx-auto\">\n        <div class=\"exibition\">\n          <ul>\n                                      <li data-aos=\"fade-up\" data-aos-duration=\"800\"><img decoding=\"async\" src=\"https:\/\/mypalmleaf.com\/wp-content\/uploads\/2024\/09\/affiliate-img-1-1.jpg\" alt=\"\"><\/li>\n                                        <li data-aos=\"fade-up\" data-aos-duration=\"1000\"><img decoding=\"async\" src=\"https:\/\/mypalmleaf.com\/wp-content\/uploads\/2024\/09\/affiliate-img-2.jpg\" alt=\"\"><\/li>\n                                        <li data-aos=\"fade-up\" data-aos-duration=\"1200\"><img decoding=\"async\" src=\"https:\/\/mypalmleaf.com\/wp-content\/uploads\/2024\/09\/affiliate-img-3.jpg\" alt=\"\"><\/li>\n                                        <li data-aos=\"fade-up\" data-aos-duration=\"1400\"><img decoding=\"async\" src=\"https:\/\/mypalmleaf.com\/wp-content\/uploads\/2024\/09\/affiliate-img-4.jpg\" alt=\"\"><\/li>\n                                    <\/ul>\n        <\/div>\n      <\/div>\n    <\/div>\n          <\/div>\n<\/section>\n\n<section class=\"affiliate\">\n  <div class=\"container-xl\">\n    <div class=\"row\">\n      <div class=\"col-lg-12\">\n        <h3 class=\"mb-4\">Nas\u0131l \u00c7al\u0131\u015f\u0131r?<\/h3>\n        <div class=\"affiliate-cont\">\n          <ul>\n                          <li>\n                <div class=\"title\">1. Ortakl\u0131k program\u0131m\u0131za <a href=\"https:\/\/mypalmleaf.com\/tr\/ortaklik-portali\/\" class=\"btn btn-primary\">buradan kaydolun<\/a>.<\/div>\n                <div class=\"desc\"><\/div>\n              <\/li>\n                          <li>\n                <div class=\"title\">2. Sat\u0131\u015f ortakl\u0131\u011f\u0131 kontrol panelinde ki\u015fisel ba\u011flant\u0131n\u0131z\u0131 al\u0131n<\/div>\n                <div class=\"desc\"><p>Sat\u0131\u015f ortakl\u0131\u011f\u0131 ba\u011flant\u0131n\u0131z\u0131 sat\u0131\u015f ortakl\u0131\u011f\u0131 kontrol panelinizde bulabilirsiniz.  <\/p>\n<\/div>\n              <\/li>\n                          <li>\n                <div class=\"title\">3. Ba\u011flant\u0131n\u0131z\u0131n dilini nas\u0131l de\u011fi\u015ftirebilirsiniz?<\/div>\n                <div class=\"desc\">\n<p>Varsay\u0131lan olarak ba\u011flant\u0131n\u0131z her zaman \u0130ngilizce ana sayfam\u0131za y\u00f6nlendirir, \u00f6rne\u011fin <strong> https:\/\/mypalmleaf.com\/?mpl=51 <\/strong> <\/p>\n<p>Almanca Ana Sayfaya (veya ba\u015fka bir dile) ge\u00e7mesini istiyorsan\u0131z, https:\/\/mypalmleaf.com\/de\/?mpl=51<strong> olacak \u015fekilde \/de\/ after.com ekleyebilirsiniz <\/strong>.  <\/p>\n<\/div>\n              <\/li>\n                          <li>\n                <div class=\"title\">4. Ba\u011flant\u0131y\u0131 ba\u015fkalar\u0131yla payla\u015f\u0131n  <\/div>\n                <div class=\"desc\"><p>Daha sonra ba\u011flant\u0131y\u0131 ba\u015fkalar\u0131yla payla\u015fabilirsiniz. Sat\u0131\u015f orta\u011f\u0131 ba\u011flant\u0131n\u0131z arac\u0131l\u0131\u011f\u0131yla siteyi bir kez ziyaret ettiklerinde, taray\u0131c\u0131lar\u0131na bir \u00e7erez yerle\u015ftirilecektir. Birka\u00e7 hafta sonra ba\u011flant\u0131n\u0131z \u00fczerinden gelmeden siteye geri gelirlerse ve rezervasyon yaparlarsa, bu sizin i\u00e7in yine de bir y\u00f6nlendirme olarak say\u0131lacakt\u0131r.    <\/p>\n<\/div>\n              <\/li>\n                          <li>\n                <div class=\"title\">5. \u00d6d\u00fcllendirilin<\/div>\n                <div class=\"desc\"><p>Y\u00f6nlendirilen her rezervasyon i\u00e7in sizi 30\u20ac ile \u00f6d\u00fcllendirece\u011fiz.  <br \/>  Ayl\u0131k olarak se\u00e7ti\u011finiz bir banka veya Paypal hesab\u0131na \u00f6denecektir.  <\/p>\n<\/div>\n              <\/li>\n                          <li>\n                <div class=\"title\">6. Tavsiyelerinizi kontrol edin<\/div>\n                <div class=\"desc\"><p>Y\u00f6nlendirmelerinizin ve web sitesi ziyaretlerinizin say\u0131s\u0131n\u0131 her zaman sat\u0131\u015f ortakl\u0131\u011f\u0131 panonuzda g\u00f6rebilirsiniz.  <\/p>\n<\/div>\n              <\/li>\n                          <li>\n                <div class=\"title\"><\/div>\n                <div class=\"desc\"><p><a href=\"https:\/\/mypalmleaf.com\/prices\/find-your-palm-leaf-and-read-the-general-chapter\/\" class=\"btn btn-primary\">Yapra\u011f\u0131m\u0131 Bul<\/a><\/p>\n<\/div>\n              <\/li>\n                      <\/ul>\n          <div class=\"btm-contact\"><div class=\"btm-contact\">Ortakl\u0131k program\u0131 hakk\u0131nda herhangi bir sorunuz varsa, l\u00fctfen <a href=\"mailto:support@mypalmleaf.com\">support@mypalmleaf.com<\/a> adresinden bize yaz\u0131n.<\/div>\n<\/div>\n        <\/div>\n      <\/div>\n    <\/div>\n  <\/div>\n<\/section>","protected":false},"excerpt":{"rendered":"","protected":false},"author":1,"featured_media":0,"parent":0,"menu_order":0,"comment_status":"closed","ping_status":"closed","template":"","meta":{"_acf_changed":false,"footnotes":""},"class_list":["post-37116","page","type-page","status-publish","hentry"],"acf":[],"yoast_head":"<!-- This site is optimized with the Yoast SEO plugin v26.4 - https:\/\/yoast.com\/wordpress\/plugins\/seo\/ -->\n<title>\u0130\u015ftirakler Program\u0131 - My Palm Leaf<\/title>\n<meta name=\"description\" content=\"\u0130\u015ftirak program\u0131m\u0131za kat\u0131larak Mypalmleaf&#039;in kadim bilgeli\u011fini payla\u015f\u0131n ve ruhsal d\u00f6n\u00fc\u015f\u00fcm yolculu\u011funa katk\u0131da bulunun \u015fimdi.\" \/>\n<meta name=\"robots\" content=\"index, follow, max-snippet:-1, max-image-preview:large, max-video-preview:-1\" \/>\n<link rel=\"canonical\" href=\"https:\/\/mypalmleaf.com\/affiliates-program\/\" \/>\n<meta property=\"og:locale\" content=\"tr_TR\" \/>\n<meta property=\"og:type\" content=\"article\" \/>\n<meta property=\"og:title\" content=\"\u0130\u015ftirakler Program\u0131 - My Palm Leaf\" \/>\n<meta property=\"og:description\" content=\"\u0130\u015ftirak program\u0131m\u0131za kat\u0131larak Mypalmleaf&#039;in kadim bilgeli\u011fini payla\u015f\u0131n ve ruhsal d\u00f6n\u00fc\u015f\u00fcm yolculu\u011funa katk\u0131da bulunun \u015fimdi.\" \/>\n<meta property=\"og:url\" content=\"https:\/\/mypalmleaf.com\/affiliates-program\/\" \/>\n<meta property=\"og:site_name\" content=\"My Palm Leaf\" \/>\n<meta property=\"article:modified_time\" content=\"2025-04-28T09:38:48+00:00\" \/>\n<meta property=\"og:image\" content=\"https:\/\/mypalmleaf.com\/wp-content\/uploads\/2025\/08\/mpl-circle-logo.jpg\" \/>\n\t<meta property=\"og:image:width\" content=\"1200\" \/>\n\t<meta property=\"og:image:height\" content=\"1196\" \/>\n\t<meta property=\"og:image:type\" content=\"image\/jpeg\" \/>\n<meta name=\"twitter:card\" content=\"summary_large_image\" \/>\n<script type=\"application\/ld+json\" class=\"yoast-schema-graph\">{\"@context\":\"https:\/\/schema.org\",\"@graph\":[{\"@type\":\"WebPage\",\"@id\":\"https:\/\/mypalmleaf.com\/affiliates-program\/\",\"url\":\"https:\/\/mypalmleaf.com\/affiliates-program\/\",\"name\":\"\u0130\u015ftirakler Program\u0131 - My Palm Leaf\",\"isPartOf\":{\"@id\":\"https:\/\/mypalmleaf.com\/#website\"},\"datePublished\":\"2024-08-28T03:20:58+00:00\",\"dateModified\":\"2025-04-28T09:38:48+00:00\",\"description\":\"\u0130\u015ftirak program\u0131m\u0131za kat\u0131larak Mypalmleaf'in kadim bilgeli\u011fini payla\u015f\u0131n ve ruhsal d\u00f6n\u00fc\u015f\u00fcm yolculu\u011funa katk\u0131da bulunun \u015fimdi.\",\"breadcrumb\":{\"@id\":\"https:\/\/mypalmleaf.com\/affiliates-program\/#breadcrumb\"},\"inLanguage\":\"tr\",\"potentialAction\":[{\"@type\":\"ReadAction\",\"target\":[\"https:\/\/mypalmleaf.com\/affiliates-program\/\"]}]},{\"@type\":\"BreadcrumbList\",\"@id\":\"https:\/\/mypalmleaf.com\/affiliates-program\/#breadcrumb\",\"itemListElement\":[{\"@type\":\"ListItem\",\"position\":1,\"name\":\"Home\",\"item\":\"https:\/\/mypalmleaf.com\/tr\/\"},{\"@type\":\"ListItem\",\"position\":2,\"name\":\"\u0130\u015ftirakler Program\u0131\"}]},{\"@type\":\"WebSite\",\"@id\":\"https:\/\/mypalmleaf.com\/#website\",\"url\":\"https:\/\/mypalmleaf.com\/\",\"name\":\"My Palm Leaf\",\"description\":\"\",\"potentialAction\":[{\"@type\":\"SearchAction\",\"target\":{\"@type\":\"EntryPoint\",\"urlTemplate\":\"https:\/\/mypalmleaf.com\/?s={search_term_string}\"},\"query-input\":{\"@type\":\"PropertyValueSpecification\",\"valueRequired\":true,\"valueName\":\"search_term_string\"}}],\"inLanguage\":\"tr\"}]}<\/script>\n<!-- \/ Yoast SEO plugin. -->","yoast_head_json":{"title":"\u0130\u015ftirakler Program\u0131 - My Palm Leaf","description":"\u0130\u015ftirak program\u0131m\u0131za kat\u0131larak Mypalmleaf'in kadim bilgeli\u011fini payla\u015f\u0131n ve ruhsal d\u00f6n\u00fc\u015f\u00fcm yolculu\u011funa katk\u0131da bulunun \u015fimdi.","robots":{"index":"index","follow":"follow","max-snippet":"max-snippet:-1","max-image-preview":"max-image-preview:large","max-video-preview":"max-video-preview:-1"},"canonical":"https:\/\/mypalmleaf.com\/affiliates-program\/","og_locale":"tr_TR","og_type":"article","og_title":"\u0130\u015ftirakler Program\u0131 - My Palm Leaf","og_description":"\u0130\u015ftirak program\u0131m\u0131za kat\u0131larak Mypalmleaf'in kadim bilgeli\u011fini payla\u015f\u0131n ve ruhsal d\u00f6n\u00fc\u015f\u00fcm yolculu\u011funa katk\u0131da bulunun \u015fimdi.","og_url":"https:\/\/mypalmleaf.com\/affiliates-program\/","og_site_name":"My Palm Leaf","article_modified_time":"2025-04-28T09:38:48+00:00","og_image":[{"width":1200,"height":1196,"url":"https:\/\/mypalmleaf.com\/wp-content\/uploads\/2025\/08\/mpl-circle-logo.jpg","type":"image\/jpeg"}],"twitter_card":"summary_large_image","schema":{"@context":"https:\/\/schema.org","@graph":[{"@type":"WebPage","@id":"https:\/\/mypalmleaf.com\/affiliates-program\/","url":"https:\/\/mypalmleaf.com\/affiliates-program\/","name":"\u0130\u015ftirakler Program\u0131 - My Palm Leaf","isPartOf":{"@id":"https:\/\/mypalmleaf.com\/#website"},"datePublished":"2024-08-28T03:20:58+00:00","dateModified":"2025-04-28T09:38:48+00:00","description":"\u0130\u015ftirak program\u0131m\u0131za kat\u0131larak Mypalmleaf'in kadim bilgeli\u011fini payla\u015f\u0131n ve ruhsal d\u00f6n\u00fc\u015f\u00fcm yolculu\u011funa katk\u0131da bulunun \u015fimdi.","breadcrumb":{"@id":"https:\/\/mypalmleaf.com\/affiliates-program\/#breadcrumb"},"inLanguage":"tr","potentialAction":[{"@type":"ReadAction","target":["https:\/\/mypalmleaf.com\/affiliates-program\/"]}]},{"@type":"BreadcrumbList","@id":"https:\/\/mypalmleaf.com\/affiliates-program\/#breadcrumb","itemListElement":[{"@type":"ListItem","position":1,"name":"Home","item":"https:\/\/mypalmleaf.com\/tr\/"},{"@type":"ListItem","position":2,"name":"\u0130\u015ftirakler Program\u0131"}]},{"@type":"WebSite","@id":"https:\/\/mypalmleaf.com\/#website","url":"https:\/\/mypalmleaf.com\/","name":"My Palm Leaf","description":"","potentialAction":[{"@type":"SearchAction","target":{"@type":"EntryPoint","urlTemplate":"https:\/\/mypalmleaf.com\/?s={search_term_string}"},"query-input":{"@type":"PropertyValueSpecification","valueRequired":true,"valueName":"search_term_string"}}],"inLanguage":"tr"}]}},"_links":{"self":[{"href":"https:\/\/mypalmleaf.com\/tr\/wp-json\/wp\/v2\/pages\/37116","targetHints":{"allow":["GET"]}}],"collection":[{"href":"https:\/\/mypalmleaf.com\/tr\/wp-json\/wp\/v2\/pages"}],"about":[{"href":"https:\/\/mypalmleaf.com\/tr\/wp-json\/wp\/v2\/types\/page"}],"author":[{"embeddable":true,"href":"https:\/\/mypalmleaf.com\/tr\/wp-json\/wp\/v2\/users\/1"}],"replies":[{"embeddable":true,"href":"https:\/\/mypalmleaf.com\/tr\/wp-json\/wp\/v2\/comments?post=37116"}],"version-history":[{"count":0,"href":"https:\/\/mypalmleaf.com\/tr\/wp-json\/wp\/v2\/pages\/37116\/revisions"}],"wp:attachment":[{"href":"https:\/\/mypalmleaf.com\/tr\/wp-json\/wp\/v2\/media?parent=37116"}],"curies":[{"name":"wp","href":"https:\/\/api.w.org\/{rel}","templated":true}]}}