
{"id":37133,"date":"2024-08-28T04:10:49","date_gmt":"2024-08-28T04:10:49","guid":{"rendered":"https:\/\/mypalmleaf.com\/bize-katilin\/"},"modified":"2025-04-28T09:31:04","modified_gmt":"2025-04-28T09:31:04","slug":"bize-katilin","status":"publish","type":"page","link":"https:\/\/mypalmleaf.com\/tr\/bize-katilin\/","title":{"rendered":"Bize Kat\u0131l\u0131n"},"content":{"rendered":"\n<section class=\"spotlight-main small top-gap\">\n    <!-- <div class=\"slider-wrap\" data-flickity='{ \"cellAlign\": \"left\", \"contain\": true, \"wrapAround\": true, \"setGallerySize\": false }'> -->\n    <div class=\"slider-wrap\" data-flickity='{ \"cellAlign\": \"left\", \"contain\": true, \"wrapAround\": true, \"setGallerySize\": false  }'>\n            <div class=\"slides\">\n        <div class=\"content-wrap\">\n          <div class=\"image\">\n            <picture>\n              <source media=\"(max-width: 999px)\" srcset=\"https:\/\/mypalmleaf.com\/wp-content\/uploads\/2024\/09\/join-us-spotlight-new-mob.jpg\" \/>\n              <source media=\"(min-width: 1000px)\" srcset=\"https:\/\/mypalmleaf.com\/wp-content\/uploads\/2024\/09\/join-us-spotlight-new.jpg\" \/>\n              <img decoding=\"async\" src=\"https:\/\/mypalmleaf.com\/wp-content\/uploads\/2024\/09\/join-us-spotlight-new.jpg\" class=\"img-fluid\" alt=\"\" \/>\n            <\/picture>\n          <\/div>\n          <div class=\"content\">\n            <div data-aos=\"fade-up\" data-aos-duration=\"1000\">\n              <h2 class=\"\">Bize Kat\u0131l\u0131n<\/h2>\n                                 \n            <\/div>\n          <\/div>\n        <\/div>\n      <\/div>\n          <\/div>\n<\/section>\n<section class=\"my-6 flipping-gallery\">\n  <div class=\"container-xl\" data-aos=\"fade-up\" data-aos-duration=\"1000\">\n    <div class=\"row\">\n      <div class=\"col\">\n        <div class=\"gallery-wrap\">\n                      <div class=\"block\">\n              <div class=\"rounded-asset\">\n                                                  <img decoding=\"async\" src=\"https:\/\/mypalmleaf.com\/wp-content\/uploads\/2024\/08\/gallery-img-1-2.jpg\" alt=\"\" class=\"\">\n                                                    <img decoding=\"async\" src=\"https:\/\/mypalmleaf.com\/wp-content\/uploads\/2024\/08\/gallery-img-1.jpg\" alt=\"\" class=\"overlay\">\n                                                <\/div>\n            <\/div>\n                      <div class=\"block\">\n              <div class=\"rounded-asset\">\n                                                  <img decoding=\"async\" src=\"https:\/\/mypalmleaf.com\/wp-content\/uploads\/2024\/08\/gallery-img-2-2.jpg\" alt=\"\" class=\"\">\n                                                    <img decoding=\"async\" src=\"https:\/\/mypalmleaf.com\/wp-content\/uploads\/2024\/08\/gallery-img-2.jpg\" alt=\"\" class=\"overlay\">\n                                                <\/div>\n            <\/div>\n                      <div class=\"block\">\n              <div class=\"rounded-asset\">\n                                                  <img decoding=\"async\" src=\"https:\/\/mypalmleaf.com\/wp-content\/uploads\/2024\/08\/gallery-img-3-2.jpg\" alt=\"\" class=\"\">\n                                                    <img decoding=\"async\" src=\"https:\/\/mypalmleaf.com\/wp-content\/uploads\/2024\/08\/gallery-img-3.jpg\" alt=\"\" class=\"overlay\">\n                                                <\/div>\n            <\/div>\n                      <div class=\"block\">\n              <div class=\"rounded-asset\">\n                                                  <img decoding=\"async\" src=\"https:\/\/mypalmleaf.com\/wp-content\/uploads\/2024\/08\/gallery-img-4-2.jpg\" alt=\"\" class=\"\">\n                                                    <img decoding=\"async\" src=\"https:\/\/mypalmleaf.com\/wp-content\/uploads\/2024\/08\/gallery-img-4.jpg\" alt=\"\" class=\"overlay\">\n                                                <\/div>\n            <\/div>\n                      <div class=\"block\">\n              <div class=\"rounded-asset\">\n                                                  <img decoding=\"async\" src=\"https:\/\/mypalmleaf.com\/wp-content\/uploads\/2024\/08\/gallery-img-5-2.jpg\" alt=\"\" class=\"\">\n                                                    <img decoding=\"async\" src=\"https:\/\/mypalmleaf.com\/wp-content\/uploads\/2024\/08\/gallery-img-5.jpg\" alt=\"\" class=\"overlay\">\n                                                <\/div>\n            <\/div>\n                      <div class=\"block\">\n              <div class=\"rounded-asset\">\n                                                  <img decoding=\"async\" src=\"https:\/\/mypalmleaf.com\/wp-content\/uploads\/2024\/08\/gallery-img-6.jpg\" alt=\"\" class=\"\">\n                                                    <img decoding=\"async\" src=\"https:\/\/mypalmleaf.com\/wp-content\/uploads\/2024\/08\/gallery-img-6-2.jpg\" alt=\"\" class=\"overlay\">\n                                                <\/div>\n            <\/div>\n                  <\/div>\n      <\/div>\n    <\/div>\n  <\/div>\n<\/section><section class=\"join-us-block my-6 position-relative\">\n  <div class=\"container-xl\">\n    <div class=\"row mb-4 justify-content-center\">\n      <div class=\"col-lg-10 text-center\" data-aos=\"fade-up\" data-aos-duration=\"1000\">\n        <p>Moderat\u00f6r veya \u00c7evirmen olarak, el fal\u0131 okumalar\u0131nda m\u00fc\u015fterilere yard\u0131mc\u0131 oluyor, sorular\u0131n\u0131 yan\u0131tl\u0131yor, onlar\u0131 destekliyor, kendilerini rahat hissetmelerini sa\u011fl\u0131yor ve onlar ile el fal\u0131 k\u00fct\u00fcphanesi aras\u0131nda bir k\u00f6pr\u00fc kuruyorsunuz.<\/p>\n      <\/div>\n    <\/div>\n    <div class=\"row my-5 justify-content-between\" data-aos=\"fade-up\" data-aos-duration=\"1000\">\n              <div class=\"col-lg-5\">\n          <div class=\"dual-col\">\n            <div class=\"title\">\n              <img decoding=\"async\" src=\"https:\/\/mypalmleaf.com\/wp-content\/uploads\/2024\/08\/title-bg.png\" alt=\"\" class=\"img-fluid\">\n              <div class=\"text\">Moderat\u00f6r<\/div>\n            <\/div>\n            <div class=\"desc\">\n              <p>Bir moderat\u00f6r olarak, \u0130ngilizce palmiye yapra\u011f\u0131 okumalar\u0131n\u0131 destekliyorsunuz.<br \/>\nOkuma ba\u015flamadan \u00f6nce s\u00fcreci a\u00e7\u0131kl\u0131yor ve gerekti\u011finde sorular\u0131 yan\u0131tlamak i\u00e7in arka planda bulunuyorsunuz.<br \/>\nOkuman\u0131n kendisi, palmiye yapra\u011f\u0131 k\u00fct\u00fcphanesindeki \u00e7evirmen taraf\u0131ndan Tamilce&#8217;den \u0130ngilizce&#8217;ye \u00e7evrilir.  <\/p>\n            <\/div>\n          <\/div>\n        <\/div>\n              <div class=\"col-lg-5\">\n          <div class=\"dual-col\">\n            <div class=\"title\">\n              <img decoding=\"async\" src=\"https:\/\/mypalmleaf.com\/wp-content\/uploads\/2024\/08\/title-bg.png\" alt=\"\" class=\"img-fluid\">\n              <div class=\"text\">\u00c7evirmen<\/div>\n            <\/div>\n            <div class=\"desc\">\n              <p>Bir \u00e7evirmen olarak, bir moderat\u00f6r\u00fcn yapt\u0131\u011f\u0131 her \u015feyi yapars\u0131n\u0131z, ancak ayn\u0131 zamanda k\u00fct\u00fcphane \u00e7evirmeni taraf\u0131ndan Tamilce&#8217;den \u0130ngilizce&#8217;ye \u00e7evrilen her \u015feyi kendi dilinize, \u00f6rne\u011fin Leh\u00e7e, Frans\u0131zca veya Arap\u00e7a&#8217;ya \u00e7evirirsiniz.<\/p>\n            <\/div>\n          <\/div>\n        <\/div>\n          <\/div>\n  <\/div>\n  <\/section><section class=\"tabs-wrapper my-6 mt-0\">\n  <div class=\"container-xl\">\n    <div class=\"row\">\n      <div class=\"tabs-container\" data-aos=\"fade-up\" data-aos-duration=\"1000\">\n        <ul class=\"tabs\">\n                                <li class=\"tab-button active\" data-target=\"tab1\">Gereksinimler<\/li>\n                                  <li class=\"tab-button active\" data-target=\"tab2\">Neden Bize Kat\u0131lmal\u0131s\u0131n\u0131z<\/li>\n                                  <li class=\"tab-button active\" data-target=\"tab3\">\u00c7al\u0131\u015fma saatleri<\/li>\n                                  <li class=\"tab-button active\" data-target=\"tab4\">Tazminat ve Maa\u015f<\/li>\n                              <\/ul>\n        <div class=\"tab-content\">\n                                <div id=\"tab1\" class=\"tab-pane active\">\n              <h4>Palmiye yapra\u011f\u0131 okumalar\u0131na yard\u0131mc\u0131 olmak i\u00e7in Mutlak Gereklilikler \u015funlard\u0131r<\/h4>\n<ul>\n<li>\u0130ngilizce ve \u00e7eviri yapt\u0131\u011f\u0131n\u0131z dilde \u00e7evirmen olarak ak\u0131c\u0131 konu\u015fuyorsunuz<\/li>\n<li>Ruhani misyonumuzla uyum i\u00e7indesiniz<\/li>\n<li>\u0130yi \u00e7al\u0131\u015fan bir bilgisayar\u0131n\u0131z var, zoom kullanabiliyorsunuz ve sabit bir internet ba\u011flant\u0131n\u0131z var.<\/li>\n<li>G\u00fcvenilirsiniz ve zaman\u0131nda geliyorsunuz.<\/li>\n<li>\u0130nsanl\u0131\u011f\u0131n evrimine, iyile\u015fmesine ve uyan\u0131\u015f\u0131na katk\u0131da bulunmak i\u00e7in samimi bir motivasyona sahipsiniz<\/li>\n<li>Motive oldunuz ve ilham ald\u0131n\u0131z<\/li>\n<li>Sorumluluk alabilir ve proaktif olmaya istekli olabilirsiniz<\/li>\n<li>Kendiniz de el fal\u0131 bakt\u0131rd\u0131n\u0131z ve s\u00fcreci anl\u0131yorsunuz.<\/li>\n<li>Empatik, sevgi dolu ve \u00f6zg\u00fcn insanlarla ileti\u015fim kurmay\u0131 ve ba\u011flant\u0131 kurmay\u0131 seviyorsunuz.<\/li>\n<li>Yeni beceriler \u00f6\u011frenmeye a\u00e7\u0131k ve isteklisiniz.<\/li>\n<li>Web sitemizi ve YouTube kanal\u0131m\u0131z\u0131 incelediniz ve Mypalmleaf&#8217;in ne yapt\u0131\u011f\u0131n\u0131 net bir \u015fekilde anlad\u0131n\u0131z.<\/li>\n<li>\u0130leti\u015fiminizde a\u00e7\u0131k, sevgi dolu ve do\u011frudans\u0131n\u0131z.<\/li>\n<\/ul>\n            <\/div>\n                                  <div id=\"tab2\" class=\"tab-pane active\">\n              <h4>Mypalmleaf ile \u00e7al\u0131\u015fmak i\u00e7in ger\u00e7ek nedenler<\/h4>\n<p>Mypalmleaf, derin ruhani uygulamalar\u0131 ve anlay\u0131\u015flar\u0131, profesyonel geli\u015fiminizde sizi destekleyen ayaklar\u0131 yere basan \u00e7al\u0131\u015fma yap\u0131lar\u0131yla birle\u015ftiren, ama\u00e7 odakl\u0131 bir kurulu\u015ftur.<br \/>\n\u0130nsanl\u0131\u011f\u0131n evrimine katk\u0131da bulunan ve sizi oldu\u011funuz e\u015fsiz insan olarak g\u00f6rmeyi ve size yard\u0131mc\u0131 olmay\u0131 ama\u00e7layan ilham verici bir \u00e7al\u0131\u015fma ortam\u0131n\u0131 birlikte yarat\u0131yoruz.<br \/>\nBir ekip olarak, becerilerinizi ve yeteneklerinizi ortaya \u00e7\u0131karmay\u0131 ve desteklemeyi ama\u00e7layan ve ayn\u0131 zamanda hayat\u0131n\u0131z\u0131 s\u00fcrd\u00fcrmek i\u00e7in bol miktarda gelir sa\u011flayan olumlu, destekleyici bir ekip ruhu i\u00e7inde birlikte \u00e7al\u0131\u015f\u0131yoruz.  <\/p>\n            <\/div>\n                                  <div id=\"tab3\" class=\"tab-pane active\">\n              <p>Genellikle sabah 7 ile ak\u015fam 8 aras\u0131nda bir okuma planl\u0131yoruz Hindistan&#8217;da, m\u00fc\u015fterilerin ve kurulu\u015fun ihtiya\u00e7lar\u0131yla koordineli olarak uygunlu\u011funuza ba\u011fl\u0131 olarak zaman dilimleri planlayabilirsiniz.<br \/>\nGenellikle, herkes i\u00e7in uygun hale getirmek i\u00e7in elimizden geleni yapar\u0131z. <\/p>\n            <\/div>\n                                  <div id=\"tab4\" class=\"tab-pane active\">\n              <p>Ba\u015fvurunuzu ald\u0131ktan sonra size ayr\u0131nt\u0131l\u0131 bir \u00f6deme a\u00e7\u0131klamas\u0131 g\u00f6nderece\u011fiz.<\/p>\n            <\/div>\n                              <\/div>\n      <\/div>\n    <\/div>\n  <\/div>\n<\/section><section class=\"how-to-apply my-6 mt-0\">\n  <div class=\"container-xl\">\n    <div class=\"row\">\n      <div class=\"col-lg-10 mx-auto\" >\n        <div class=\"dual-col \">\n          <div class=\"title\">\n            <img decoding=\"async\" src=\"https:\/\/mypalmleaf.com\/wp-content\/uploads\/2024\/08\/title-bg.png\" alt=\"\" class=\"img-fluid\">\n            <div class=\"text\">Nas\u0131l Ba\u015fvurulur<\/div>\n          <\/div>\n          <div class=\"desc\">\n            <p>Bize kendinizi ve neden bizimle \u00e7al\u0131\u015fmak istedi\u011finizi anlatan 1-5 dakikal\u0131k k\u0131sa bir selfie video klibi g\u00f6nderin. Profesyonel olmas\u0131na gerek yok. Ertelemeyin ve utanmay\u0131n, sadece \u015fimdi yap\u0131n. Ekibimize bu \u015fekilde kat\u0131lman\u0131z\u0131 \u00e7ok isteriz. Bize bir video g\u00f6nderen her ciddi ba\u015fvuru sahibiyle 10 dakikal\u0131k h\u0131zl\u0131 bir m\u00fclakat yapaca\u011f\u0131z. Yapmay\u0131n: Bize &#8220;daha fazla bilgi g\u00f6ndermemizi&#8221; isteyen bir mesaj g\u00f6nderin.<\/p>\n<div class=\"btm-contact\">Videoyu \u015fimdi haz\u0131rlay\u0131n ve <a href=\"mailto:info@mypalmleaf.com\">info@mypalmleaf.com<\/a> adresine g\u00f6nderin<\/div>\n          <\/div>\n        <\/div>\n      <\/div>\n    <\/div>\n  <\/div>\n<\/section>","protected":false},"excerpt":{"rendered":"","protected":false},"author":1,"featured_media":0,"parent":0,"menu_order":0,"comment_status":"closed","ping_status":"closed","template":"","meta":{"_acf_changed":false,"footnotes":""},"class_list":["post-37133","page","type-page","status-publish","hentry"],"acf":[],"yoast_head":"<!-- This site is optimized with the Yoast SEO plugin v26.4 - https:\/\/yoast.com\/wordpress\/plugins\/seo\/ -->\n<title>Bize Kat\u0131l\u0131n - My Palm Leaf<\/title>\n<meta name=\"description\" content=\"Mypalmleaf toplulu\u011funa kat\u0131l\u0131n ve kadim bilgeli\u011fi ke\u015ffedin. Ruhsal yolculu\u011funuzda destek almak ve payla\u015f\u0131mda bulunmak i\u00e7in aram\u0131za kat\u0131l\u0131n.\" \/>\n<meta name=\"robots\" content=\"index, follow, max-snippet:-1, max-image-preview:large, max-video-preview:-1\" \/>\n<link rel=\"canonical\" href=\"https:\/\/mypalmleaf.com\/moderator_and_translator\/\" \/>\n<meta property=\"og:locale\" content=\"tr_TR\" \/>\n<meta property=\"og:type\" content=\"article\" \/>\n<meta property=\"og:title\" content=\"Bize Kat\u0131l\u0131n - My Palm Leaf\" \/>\n<meta property=\"og:description\" content=\"Mypalmleaf toplulu\u011funa kat\u0131l\u0131n ve kadim bilgeli\u011fi ke\u015ffedin. Ruhsal yolculu\u011funuzda destek almak ve payla\u015f\u0131mda bulunmak i\u00e7in aram\u0131za kat\u0131l\u0131n.\" \/>\n<meta property=\"og:url\" content=\"https:\/\/mypalmleaf.com\/moderator_and_translator\/\" \/>\n<meta property=\"og:site_name\" content=\"My Palm Leaf\" \/>\n<meta property=\"article:modified_time\" content=\"2025-04-28T09:31:04+00:00\" \/>\n<meta property=\"og:image\" content=\"https:\/\/mypalmleaf.com\/wp-content\/uploads\/2025\/08\/mpl-circle-logo.jpg\" \/>\n\t<meta property=\"og:image:width\" content=\"1200\" \/>\n\t<meta property=\"og:image:height\" content=\"1196\" \/>\n\t<meta property=\"og:image:type\" content=\"image\/jpeg\" \/>\n<meta name=\"twitter:card\" content=\"summary_large_image\" \/>\n<script type=\"application\/ld+json\" class=\"yoast-schema-graph\">{\"@context\":\"https:\/\/schema.org\",\"@graph\":[{\"@type\":\"WebPage\",\"@id\":\"https:\/\/mypalmleaf.com\/moderator_and_translator\/\",\"url\":\"https:\/\/mypalmleaf.com\/moderator_and_translator\/\",\"name\":\"Bize Kat\u0131l\u0131n - My Palm Leaf\",\"isPartOf\":{\"@id\":\"https:\/\/mypalmleaf.com\/#website\"},\"datePublished\":\"2024-08-28T04:10:49+00:00\",\"dateModified\":\"2025-04-28T09:31:04+00:00\",\"description\":\"Mypalmleaf toplulu\u011funa kat\u0131l\u0131n ve kadim bilgeli\u011fi ke\u015ffedin. Ruhsal yolculu\u011funuzda destek almak ve payla\u015f\u0131mda bulunmak i\u00e7in aram\u0131za kat\u0131l\u0131n.\",\"breadcrumb\":{\"@id\":\"https:\/\/mypalmleaf.com\/moderator_and_translator\/#breadcrumb\"},\"inLanguage\":\"tr\",\"potentialAction\":[{\"@type\":\"ReadAction\",\"target\":[\"https:\/\/mypalmleaf.com\/moderator_and_translator\/\"]}]},{\"@type\":\"BreadcrumbList\",\"@id\":\"https:\/\/mypalmleaf.com\/moderator_and_translator\/#breadcrumb\",\"itemListElement\":[{\"@type\":\"ListItem\",\"position\":1,\"name\":\"Home\",\"item\":\"https:\/\/mypalmleaf.com\/tr\/\"},{\"@type\":\"ListItem\",\"position\":2,\"name\":\"Bize Kat\u0131l\u0131n\"}]},{\"@type\":\"WebSite\",\"@id\":\"https:\/\/mypalmleaf.com\/#website\",\"url\":\"https:\/\/mypalmleaf.com\/\",\"name\":\"My Palm Leaf\",\"description\":\"\",\"potentialAction\":[{\"@type\":\"SearchAction\",\"target\":{\"@type\":\"EntryPoint\",\"urlTemplate\":\"https:\/\/mypalmleaf.com\/?s={search_term_string}\"},\"query-input\":{\"@type\":\"PropertyValueSpecification\",\"valueRequired\":true,\"valueName\":\"search_term_string\"}}],\"inLanguage\":\"tr\"}]}<\/script>\n<!-- \/ Yoast SEO plugin. -->","yoast_head_json":{"title":"Bize Kat\u0131l\u0131n - My Palm Leaf","description":"Mypalmleaf toplulu\u011funa kat\u0131l\u0131n ve kadim bilgeli\u011fi ke\u015ffedin. Ruhsal yolculu\u011funuzda destek almak ve payla\u015f\u0131mda bulunmak i\u00e7in aram\u0131za kat\u0131l\u0131n.","robots":{"index":"index","follow":"follow","max-snippet":"max-snippet:-1","max-image-preview":"max-image-preview:large","max-video-preview":"max-video-preview:-1"},"canonical":"https:\/\/mypalmleaf.com\/moderator_and_translator\/","og_locale":"tr_TR","og_type":"article","og_title":"Bize Kat\u0131l\u0131n - My Palm Leaf","og_description":"Mypalmleaf toplulu\u011funa kat\u0131l\u0131n ve kadim bilgeli\u011fi ke\u015ffedin. Ruhsal yolculu\u011funuzda destek almak ve payla\u015f\u0131mda bulunmak i\u00e7in aram\u0131za kat\u0131l\u0131n.","og_url":"https:\/\/mypalmleaf.com\/moderator_and_translator\/","og_site_name":"My Palm Leaf","article_modified_time":"2025-04-28T09:31:04+00:00","og_image":[{"width":1200,"height":1196,"url":"https:\/\/mypalmleaf.com\/wp-content\/uploads\/2025\/08\/mpl-circle-logo.jpg","type":"image\/jpeg"}],"twitter_card":"summary_large_image","schema":{"@context":"https:\/\/schema.org","@graph":[{"@type":"WebPage","@id":"https:\/\/mypalmleaf.com\/moderator_and_translator\/","url":"https:\/\/mypalmleaf.com\/moderator_and_translator\/","name":"Bize Kat\u0131l\u0131n - My Palm Leaf","isPartOf":{"@id":"https:\/\/mypalmleaf.com\/#website"},"datePublished":"2024-08-28T04:10:49+00:00","dateModified":"2025-04-28T09:31:04+00:00","description":"Mypalmleaf toplulu\u011funa kat\u0131l\u0131n ve kadim bilgeli\u011fi ke\u015ffedin. Ruhsal yolculu\u011funuzda destek almak ve payla\u015f\u0131mda bulunmak i\u00e7in aram\u0131za kat\u0131l\u0131n.","breadcrumb":{"@id":"https:\/\/mypalmleaf.com\/moderator_and_translator\/#breadcrumb"},"inLanguage":"tr","potentialAction":[{"@type":"ReadAction","target":["https:\/\/mypalmleaf.com\/moderator_and_translator\/"]}]},{"@type":"BreadcrumbList","@id":"https:\/\/mypalmleaf.com\/moderator_and_translator\/#breadcrumb","itemListElement":[{"@type":"ListItem","position":1,"name":"Home","item":"https:\/\/mypalmleaf.com\/tr\/"},{"@type":"ListItem","position":2,"name":"Bize Kat\u0131l\u0131n"}]},{"@type":"WebSite","@id":"https:\/\/mypalmleaf.com\/#website","url":"https:\/\/mypalmleaf.com\/","name":"My Palm Leaf","description":"","potentialAction":[{"@type":"SearchAction","target":{"@type":"EntryPoint","urlTemplate":"https:\/\/mypalmleaf.com\/?s={search_term_string}"},"query-input":{"@type":"PropertyValueSpecification","valueRequired":true,"valueName":"search_term_string"}}],"inLanguage":"tr"}]}},"_links":{"self":[{"href":"https:\/\/mypalmleaf.com\/tr\/wp-json\/wp\/v2\/pages\/37133","targetHints":{"allow":["GET"]}}],"collection":[{"href":"https:\/\/mypalmleaf.com\/tr\/wp-json\/wp\/v2\/pages"}],"about":[{"href":"https:\/\/mypalmleaf.com\/tr\/wp-json\/wp\/v2\/types\/page"}],"author":[{"embeddable":true,"href":"https:\/\/mypalmleaf.com\/tr\/wp-json\/wp\/v2\/users\/1"}],"replies":[{"embeddable":true,"href":"https:\/\/mypalmleaf.com\/tr\/wp-json\/wp\/v2\/comments?post=37133"}],"version-history":[{"count":0,"href":"https:\/\/mypalmleaf.com\/tr\/wp-json\/wp\/v2\/pages\/37133\/revisions"}],"wp:attachment":[{"href":"https:\/\/mypalmleaf.com\/tr\/wp-json\/wp\/v2\/media?parent=37133"}],"curies":[{"name":"wp","href":"https:\/\/api.w.org\/{rel}","templated":true}]}}