
{"id":37150,"date":"2024-09-01T09:48:00","date_gmt":"2024-09-01T09:48:00","guid":{"rendered":"https:\/\/mypalmleaf.com\/bagislar\/"},"modified":"2025-06-21T08:56:07","modified_gmt":"2025-06-21T08:56:07","slug":"bagislar","status":"publish","type":"page","link":"https:\/\/mypalmleaf.com\/tr\/bagislar\/","title":{"rendered":"Ba\u011f\u0131\u015flar"},"content":{"rendered":"\n<section class=\"spotlight-main small top-gap\">\n    <!-- <div class=\"slider-wrap\" data-flickity='{ \"cellAlign\": \"left\", \"contain\": true, \"wrapAround\": true, \"setGallerySize\": false }'> -->\n    <div class=\"slider-wrap\" data-flickity='{ \"cellAlign\": \"left\", \"contain\": true, \"wrapAround\": true, \"setGallerySize\": false  }'>\n            <div class=\"slides\">\n        <div class=\"content-wrap\">\n          <div class=\"image\">\n            <picture>\n              <source media=\"(max-width: 999px)\" srcset=\"https:\/\/mypalmleaf.com\/wp-content\/uploads\/2024\/09\/donation-spotlight-mobile.jpg\" \/>\n              <source media=\"(min-width: 1000px)\" srcset=\"https:\/\/mypalmleaf.com\/wp-content\/uploads\/2024\/09\/donation-spotlight-1.jpg\" \/>\n              <img decoding=\"async\" src=\"https:\/\/mypalmleaf.com\/wp-content\/uploads\/2024\/09\/donation-spotlight-1.jpg\" class=\"img-fluid\" alt=\"\" \/>\n            <\/picture>\n          <\/div>\n          <div class=\"content\">\n            <div data-aos=\"fade-up\" data-aos-duration=\"1000\">\n              <h2 class=\"\">Ba\u011f\u0131\u015flar<\/h2>\n                                 \n            <\/div>\n          <\/div>\n        <\/div>\n      <\/div>\n          <\/div>\n<\/section><section class=\"donation-bottom-block text-center\">\n  <div class=\"container-xl\">\n  <div class=\"row pt-5 donation-top-icon\">\n        <div class=\"col-lg-10 mx-auto\">\n        <ul>\n          <li class=\"text-lg-end\"><img decoding=\"async\" src=\"https:\/\/mypalmleaf.com\/wp-content\/uploads\/2024\/09\/donation-harmony-icon.png\" alt=\"\" class=\"img-fluid\"><\/li>\n          <li><h3>Ba\u011f\u0131\u015flar\u0131n\u0131z Takdire \u015eayand\u0131r<\/h3><\/li>\n          <li class=\"text-lg-start\"><img decoding=\"async\" src=\"https:\/\/mypalmleaf.com\/wp-content\/uploads\/2024\/09\/mpl-circle-logo.png\" alt=\"\" class=\"img-fluid\"><\/li>\n        <\/ul>\n      <\/div>\n      <\/div>\n    <div class=\"row\">\n      <div class=\"col-lg-10 my-5 mx-auto\">\n        <p>Mypalmleaf ve orta\u011f\u0131m\u0131z Do\u011fa ile Uyum \u0130\u00e7inde STK e.V. kendilerini sevgi, uyan\u0131\u015f ve ger\u00e7ek de\u011ferlere dayal\u0131 yeni bir d\u00fcnyay\u0131 birlikte yaratmaya adam\u0131\u015flard\u0131r.<\/p>\n<p>Bizler, kendilerini bu kolektif r\u00fcyay\u0131 ger\u00e7e\u011fe d\u00f6n\u00fc\u015ft\u00fcrmeye adayan devasa k\u00fcresel proje ve bireyler a\u011f\u0131n\u0131n k\u00fc\u00e7\u00fck par\u00e7alar\u0131y\u0131z.<\/p>\n<p>Ba\u011f\u0131\u015flar\u0131n\u0131z kendimizi bu i\u015fe adamam\u0131za yard\u0131mc\u0131 oluyor.<\/p>\n<p>Bu \u00e7al\u0131\u015fman\u0131n sevgi, uyan\u0131\u015f ve ger\u00e7ek de\u011ferlere dayal\u0131 bir d\u00fcnya yaratmak i\u00e7in gerekli oldu\u011funa inan\u0131yoruz. L\u00fctfen ba\u011f\u0131\u015flar\u0131n\u0131z\u0131 ortak kurulu\u015fumuz In Harmony with Nature&#8217;a yap\u0131n, onlar da bu ba\u011f\u0131\u015flar\u0131 el fal\u0131 okuyucular\u0131, \u00e7evirmenler ve yeni d\u00fcnyay\u0131 in\u015fa etmek i\u00e7in projeler yaratanlar aras\u0131nda payla\u015ft\u0131rs\u0131nlar. <\/p>\n<p>Ortakl\u0131\u011f\u0131m\u0131z arac\u0131l\u0131\u011f\u0131yla s\u00fcrd\u00fcr\u00fclebilir ya\u015fam\u0131 te\u015fvik etmek, do\u011fal \u00e7evreyi korumak ve yenilemek, yerel topluluklar\u0131 desteklemek ve t\u00fcm ya\u015fam\u0131n birbirine ba\u011fl\u0131 oldu\u011fu bilincini yaymak i\u00e7in \u00e7al\u0131\u015f\u0131yoruz.<\/p>\n<p>Katk\u0131lar\u0131yla bu \u00f6nemli \u00e7al\u0131\u015fmay\u0131 s\u00fcrd\u00fcrmemizi sa\u011flayan ba\u011f\u0131\u015f\u00e7\u0131lar\u0131m\u0131za destekleri i\u00e7in minnettar\u0131z. Ba\u011f\u0131\u015flar\u0131n\u0131z projelerimizi ve giri\u015fimlerimizi finanse etmemize, mesaj\u0131m\u0131z\u0131 daha fazla insana ula\u015ft\u0131rmam\u0131za ve d\u00fcnyada olumlu bir etki yaratmam\u0131za yard\u0131mc\u0131 oluyor. <\/p>\n\n        <a href=\"https:\/\/spenden.twingle.de\/in-harmony-with-nature-e-v\/in-harmony-with-nature-e-v-en-kopie\/tw643cd4fb53874\/page\"  target=\"_blank\" class=\"btn btn-primary btn-lg mt-4\">Rishilerin Bilgeli\u011fini payla\u015fmak i\u00e7in ba\u011f\u0131\u015fta bulunun<\/a>\n      <\/div>\n    <\/div>\n  <\/div>\n<\/section><section class=\"donation-top-block text-center\">\n  <div class=\"container-xl\">\n    <div class=\"row\">\n      <div class=\"col-lg-8 mx-auto my-5 text-center\">\n        <div class=\"col-lg-12 text-center\">\n          <div class=\"video-place-holder my-4\">\n            <div class=\"heading mb-3\">Mypalmleaf&#8217;in Ortak Kurulu\u015fu In Harmony with Nature ile tan\u0131\u015f\u0131n<\/div>\n            <div class=\"video rounded-asset\">\n              <img decoding=\"async\" src=\"https:\/\/mypalmleaf.com\/wp-content\/uploads\/2024\/09\/donation-video-thumb.png\" class=\"img-fluid\" alt=\"\"><div class=\"play-icon\"><\/div>\n              <a href=\"https:\/\/www.youtube.com\/watch?v=IyDUBCgcutc\" class=\"stretched-link\" data-lity><\/a>\n            <\/div>\n          <\/div>\n          <a href=\"https:\/\/spenden.twingle.de\/in-harmony-with-nature-e-v\/in-harmony-with-nature-e-v-en-kopie\/tw643cd4fb53874\/page\" target=\"_blank\" class=\"btn btn-primary btn-lg my-2\">Rishilerin Bilgeli\u011fini payla\u015fmak i\u00e7in ba\u011f\u0131\u015fta bulunun<\/a>\n        <\/div>\n      <\/div>\n    <\/div>\n  <\/div>\n<\/section>\n<div class=\"container my-5\">\n  <div class=\"row\">\n    <!-- First Column -->\n    <div class=\"col-md-6 mb-4\">\n      <div class=\"video-place-holder my-4\">\n          \n            <div class=\"video rounded-asset\">\n              <img decoding=\"async\" src=\"\/wp-content\/uploads\/2025\/06\/bali-donation-video-thumb.jpg\" class=\"img-fluid\" alt=\"\"\/><div class=\"play-icon\"><\/div>\n              <a href=\"https:\/\/youtube.com\/watch?v=CZg0nTW-ZNc\" class=\"stretched-link\" data-lity=\"\"><\/a>\n            <\/div>\n  <div class=\"heading my-3\">Avu\u00e7 \u0130\u00e7i Yapra\u011f\u0131 Okumalar\u0131n\u0131z Hayatlar\u0131 D\u00f6n\u00fc\u015ft\u00fcrmeye Nas\u0131l Yard\u0131mc\u0131 Oluyor? Ananda Seva Dharma \u00c7ocuk Evine Destek\n<\/div>\n          <\/div>\n    <\/div>\n\n    <!-- Second Column -->\n    <div class=\"col-md-6 mb-4\">\n      <div class=\"video-place-holder my-4\">\n            <div class=\"video rounded-asset\">\n              <img decoding=\"async\" src=\"\/wp-content\/uploads\/2025\/06\/india-donation-video-thumb.jpg\" class=\"img-fluid\" alt=\"\"\/><div class=\"play-icon\"><\/div>\n              <a href=\"https:\/\/www.youtube.com\/watch?v=OPTRiyZWTa0\" class=\"stretched-link\" data-lity=\"\"><\/a>\n            <\/div>\n            <div class=\"heading my-3\">20.000 \u00d6\u011f\u00fcn Yemek Ba\u011f\u0131\u015fland\u0131 &#8211; Sayenizde! | Navagraha Tap\u0131na\u011f\u0131 Yolculu\u011fumuz <\/div>\n\n          <\/div>\n    <\/div>\n  <\/div>\n<\/div>\n\n","protected":false},"excerpt":{"rendered":"<p>Avu\u00e7 \u0130\u00e7i Yapra\u011f\u0131 Okumalar\u0131n\u0131z Hayatlar\u0131 D\u00f6n\u00fc\u015ft\u00fcrmeye Nas\u0131l Yard\u0131mc\u0131 Oluyor? Ananda Seva Dharma \u00c7ocuk Evine Destek 20.000 \u00d6\u011f\u00fcn Yemek Ba\u011f\u0131\u015fland\u0131 &#8211; Sayenizde! | Navagraha Tap\u0131na\u011f\u0131 Yolculu\u011fumuz<\/p>\n","protected":false},"author":1,"featured_media":0,"parent":0,"menu_order":0,"comment_status":"closed","ping_status":"closed","template":"","meta":{"_acf_changed":false,"footnotes":""},"class_list":["post-37150","page","type-page","status-publish","hentry"],"acf":[],"yoast_head":"<!-- This site is optimized with the Yoast SEO plugin v26.4 - https:\/\/yoast.com\/wordpress\/plugins\/seo\/ -->\n<title>Ba\u011f\u0131\u015flar - My Palm Leaf<\/title>\n<meta name=\"description\" content=\"Ba\u011f\u0131\u015f yaparak kadim palmiye yapra\u011f\u0131 gelene\u011fini korumam\u0131za ve bu kadim bilgeli\u011fi d\u00fcnyadaki ruhsal aray\u0131c\u0131lara ula\u015ft\u0131rmam\u0131za destek olun.\" \/>\n<meta name=\"robots\" content=\"index, follow, max-snippet:-1, max-image-preview:large, max-video-preview:-1\" \/>\n<link rel=\"canonical\" href=\"https:\/\/mypalmleaf.com\/tr\/bagislar\/\" \/>\n<meta property=\"og:locale\" content=\"tr_TR\" \/>\n<meta property=\"og:type\" content=\"article\" \/>\n<meta property=\"og:title\" content=\"Ba\u011f\u0131\u015flar - My Palm Leaf\" \/>\n<meta property=\"og:description\" content=\"Ba\u011f\u0131\u015f yaparak kadim palmiye yapra\u011f\u0131 gelene\u011fini korumam\u0131za ve bu kadim bilgeli\u011fi d\u00fcnyadaki ruhsal aray\u0131c\u0131lara ula\u015ft\u0131rmam\u0131za destek olun.\" \/>\n<meta property=\"og:url\" content=\"https:\/\/mypalmleaf.com\/tr\/bagislar\/\" \/>\n<meta property=\"og:site_name\" content=\"My Palm Leaf\" \/>\n<meta property=\"article:modified_time\" content=\"2025-06-21T08:56:07+00:00\" \/>\n<meta property=\"og:image\" content=\"https:\/\/mypalmleaf.com\/wp-content\/uploads\/2025\/08\/mpl-circle-logo.jpg\" \/>\n\t<meta property=\"og:image:width\" content=\"1200\" \/>\n\t<meta property=\"og:image:height\" content=\"1196\" \/>\n\t<meta property=\"og:image:type\" content=\"image\/jpeg\" \/>\n<meta name=\"twitter:card\" content=\"summary_large_image\" \/>\n<script type=\"application\/ld+json\" class=\"yoast-schema-graph\">{\"@context\":\"https:\/\/schema.org\",\"@graph\":[{\"@type\":\"WebPage\",\"@id\":\"https:\/\/mypalmleaf.com\/tr\/bagislar\/\",\"url\":\"https:\/\/mypalmleaf.com\/tr\/bagislar\/\",\"name\":\"Ba\u011f\u0131\u015flar - My Palm Leaf\",\"isPartOf\":{\"@id\":\"https:\/\/mypalmleaf.com\/#website\"},\"datePublished\":\"2024-09-01T09:48:00+00:00\",\"dateModified\":\"2025-06-21T08:56:07+00:00\",\"description\":\"Ba\u011f\u0131\u015f yaparak kadim palmiye yapra\u011f\u0131 gelene\u011fini korumam\u0131za ve bu kadim bilgeli\u011fi d\u00fcnyadaki ruhsal aray\u0131c\u0131lara ula\u015ft\u0131rmam\u0131za destek olun.\",\"breadcrumb\":{\"@id\":\"https:\/\/mypalmleaf.com\/tr\/bagislar\/#breadcrumb\"},\"inLanguage\":\"tr\",\"potentialAction\":[{\"@type\":\"ReadAction\",\"target\":[\"https:\/\/mypalmleaf.com\/tr\/bagislar\/\"]}]},{\"@type\":\"BreadcrumbList\",\"@id\":\"https:\/\/mypalmleaf.com\/tr\/bagislar\/#breadcrumb\",\"itemListElement\":[{\"@type\":\"ListItem\",\"position\":1,\"name\":\"Home\",\"item\":\"https:\/\/mypalmleaf.com\/tr\/\"},{\"@type\":\"ListItem\",\"position\":2,\"name\":\"Ba\u011f\u0131\u015flar\"}]},{\"@type\":\"WebSite\",\"@id\":\"https:\/\/mypalmleaf.com\/#website\",\"url\":\"https:\/\/mypalmleaf.com\/\",\"name\":\"My Palm Leaf\",\"description\":\"\",\"potentialAction\":[{\"@type\":\"SearchAction\",\"target\":{\"@type\":\"EntryPoint\",\"urlTemplate\":\"https:\/\/mypalmleaf.com\/?s={search_term_string}\"},\"query-input\":{\"@type\":\"PropertyValueSpecification\",\"valueRequired\":true,\"valueName\":\"search_term_string\"}}],\"inLanguage\":\"tr\"}]}<\/script>\n<!-- \/ Yoast SEO plugin. -->","yoast_head_json":{"title":"Ba\u011f\u0131\u015flar - My Palm Leaf","description":"Ba\u011f\u0131\u015f yaparak kadim palmiye yapra\u011f\u0131 gelene\u011fini korumam\u0131za ve bu kadim bilgeli\u011fi d\u00fcnyadaki ruhsal aray\u0131c\u0131lara ula\u015ft\u0131rmam\u0131za destek olun.","robots":{"index":"index","follow":"follow","max-snippet":"max-snippet:-1","max-image-preview":"max-image-preview:large","max-video-preview":"max-video-preview:-1"},"canonical":"https:\/\/mypalmleaf.com\/tr\/bagislar\/","og_locale":"tr_TR","og_type":"article","og_title":"Ba\u011f\u0131\u015flar - My Palm Leaf","og_description":"Ba\u011f\u0131\u015f yaparak kadim palmiye yapra\u011f\u0131 gelene\u011fini korumam\u0131za ve bu kadim bilgeli\u011fi d\u00fcnyadaki ruhsal aray\u0131c\u0131lara ula\u015ft\u0131rmam\u0131za destek olun.","og_url":"https:\/\/mypalmleaf.com\/tr\/bagislar\/","og_site_name":"My Palm Leaf","article_modified_time":"2025-06-21T08:56:07+00:00","og_image":[{"width":1200,"height":1196,"url":"https:\/\/mypalmleaf.com\/wp-content\/uploads\/2025\/08\/mpl-circle-logo.jpg","type":"image\/jpeg"}],"twitter_card":"summary_large_image","schema":{"@context":"https:\/\/schema.org","@graph":[{"@type":"WebPage","@id":"https:\/\/mypalmleaf.com\/tr\/bagislar\/","url":"https:\/\/mypalmleaf.com\/tr\/bagislar\/","name":"Ba\u011f\u0131\u015flar - My Palm Leaf","isPartOf":{"@id":"https:\/\/mypalmleaf.com\/#website"},"datePublished":"2024-09-01T09:48:00+00:00","dateModified":"2025-06-21T08:56:07+00:00","description":"Ba\u011f\u0131\u015f yaparak kadim palmiye yapra\u011f\u0131 gelene\u011fini korumam\u0131za ve bu kadim bilgeli\u011fi d\u00fcnyadaki ruhsal aray\u0131c\u0131lara ula\u015ft\u0131rmam\u0131za destek olun.","breadcrumb":{"@id":"https:\/\/mypalmleaf.com\/tr\/bagislar\/#breadcrumb"},"inLanguage":"tr","potentialAction":[{"@type":"ReadAction","target":["https:\/\/mypalmleaf.com\/tr\/bagislar\/"]}]},{"@type":"BreadcrumbList","@id":"https:\/\/mypalmleaf.com\/tr\/bagislar\/#breadcrumb","itemListElement":[{"@type":"ListItem","position":1,"name":"Home","item":"https:\/\/mypalmleaf.com\/tr\/"},{"@type":"ListItem","position":2,"name":"Ba\u011f\u0131\u015flar"}]},{"@type":"WebSite","@id":"https:\/\/mypalmleaf.com\/#website","url":"https:\/\/mypalmleaf.com\/","name":"My Palm Leaf","description":"","potentialAction":[{"@type":"SearchAction","target":{"@type":"EntryPoint","urlTemplate":"https:\/\/mypalmleaf.com\/?s={search_term_string}"},"query-input":{"@type":"PropertyValueSpecification","valueRequired":true,"valueName":"search_term_string"}}],"inLanguage":"tr"}]}},"_links":{"self":[{"href":"https:\/\/mypalmleaf.com\/tr\/wp-json\/wp\/v2\/pages\/37150","targetHints":{"allow":["GET"]}}],"collection":[{"href":"https:\/\/mypalmleaf.com\/tr\/wp-json\/wp\/v2\/pages"}],"about":[{"href":"https:\/\/mypalmleaf.com\/tr\/wp-json\/wp\/v2\/types\/page"}],"author":[{"embeddable":true,"href":"https:\/\/mypalmleaf.com\/tr\/wp-json\/wp\/v2\/users\/1"}],"replies":[{"embeddable":true,"href":"https:\/\/mypalmleaf.com\/tr\/wp-json\/wp\/v2\/comments?post=37150"}],"version-history":[{"count":0,"href":"https:\/\/mypalmleaf.com\/tr\/wp-json\/wp\/v2\/pages\/37150\/revisions"}],"wp:attachment":[{"href":"https:\/\/mypalmleaf.com\/tr\/wp-json\/wp\/v2\/media?parent=37150"}],"curies":[{"name":"wp","href":"https:\/\/api.w.org\/{rel}","templated":true}]}}