
{"id":45209,"date":"2024-10-26T17:42:47","date_gmt":"2024-10-26T17:42:47","guid":{"rendered":"https:\/\/mypalmleaf.com\/ortaklik-ve-istirakler-muduru\/"},"modified":"2025-04-24T05:28:38","modified_gmt":"2025-04-24T05:28:38","slug":"ortaklik-ve-istirakler-muduru","status":"publish","type":"page","link":"https:\/\/mypalmleaf.com\/tr\/ortaklik-ve-istirakler-muduru\/","title":{"rendered":"Ortakl\u0131k ve \u0130\u015ftirakler M\u00fcd\u00fcr\u00fc"},"content":{"rendered":"\n<section class=\"spotlight-main small top-gap\">\n    <!-- <div class=\"slider-wrap\" data-flickity='{ \"cellAlign\": \"left\", \"contain\": true, \"wrapAround\": true, \"setGallerySize\": false }'> -->\n    <div class=\"slider-wrap\" data-flickity='{ \"cellAlign\": \"left\", \"contain\": true, \"wrapAround\": true, \"setGallerySize\": false  }'>\n            <div class=\"slides\">\n        <div class=\"content-wrap\">\n          <div class=\"image\">\n            <picture>\n              <source media=\"(max-width: 999px)\" srcset=\"https:\/\/mypalmleaf.com\/wp-content\/uploads\/2024\/09\/join-us-spotlight-new-mob.jpg\" \/>\n              <source media=\"(min-width: 1000px)\" srcset=\"https:\/\/mypalmleaf.com\/wp-content\/uploads\/2024\/09\/join-us-spotlight-new.jpg\" \/>\n              <img decoding=\"async\" src=\"https:\/\/mypalmleaf.com\/wp-content\/uploads\/2024\/09\/join-us-spotlight-new.jpg\" class=\"img-fluid\" alt=\"\" \/>\n            <\/picture>\n          <\/div>\n          <div class=\"content\">\n            <div data-aos=\"fade-up\" data-aos-duration=\"1000\">\n              <h2 class=\"\">Ortakl\u0131k ve \u0130\u015ftirak Y\u00f6neticisi<\/h2>\n                                 \n            <\/div>\n          <\/div>\n        <\/div>\n      <\/div>\n          <\/div>\n<\/section><section class=\"join-us-block my-6 position-relative\">\n  <div class=\"container-xl\">\n    <div class=\"row mb-4 justify-content-center\">\n      <div class=\"col-lg-10 text-center\" data-aos=\"fade-up\" data-aos-duration=\"1000\">\n        <p>MyPalmLeaf, mevcut ortakl\u0131klar\u0131 g\u00fc\u00e7lendirmek ve yeni ba\u011flant\u0131lar kurmak, palmiye yapra\u011f\u0131 okumalar\u0131n\u0131n kadim bilgeli\u011fini d\u00fcnyayla payla\u015fmak i\u00e7in tutkulu ve motivasyonu y\u00fcksek bir Ortakl\u0131k ve \u0130\u015ftirak Y\u00f6neticisi (APM) ar\u0131yor.<\/p>\n      <\/div>\n    <\/div>\n    <div class=\"row my-5 justify-content-between\" data-aos=\"fade-up\" data-aos-duration=\"1000\">\n          <\/div>\n  <\/div>\n  <\/section><section class=\"tabs-wrapper my-6 mt-0\">\n  <div class=\"container-xl\">\n    <div class=\"row\">\n      <div class=\"tabs-container\" data-aos=\"fade-up\" data-aos-duration=\"1000\">\n        <ul class=\"tabs\">\n                                <li class=\"tab-button active\" data-target=\"tab1\">Sizden Beklediklerimiz<\/li>\n                                  <li class=\"tab-button active\" data-target=\"tab2\">APM&#8217;nin Hedefleri<\/li>\n                                  <li class=\"tab-button active\" data-target=\"tab3\">Rol\u00fcn\u00fcz Neye Benziyor?<\/li>\n                                  <li class=\"tab-button active\" data-target=\"tab4\">Ne Sunuyoruz<\/li>\n                              <\/ul>\n        <div class=\"tab-content\">\n                                <div id=\"tab1\" class=\"tab-pane active\">\n              <ul>\n<li><strong>Misyonumuzla Uyumluluk:<\/strong> MyPalmLeaf&#8217;in ya\u015fam\u0131 d\u00f6n\u00fc\u015ft\u00fcren okumalar\u0131 k\u00fcresel olarak payla\u015fma amac\u0131na derinden ba\u011fl\u0131s\u0131n\u0131z.<\/li>\n<li><strong>\u0130ngilizce ve Almanca&#8217;da ak\u0131c\u0131l\u0131k:<\/strong> Her iki dilde de a\u00e7\u0131k ve etkili bir \u015fekilde ileti\u015fim kurars\u0131n\u0131z.<\/li>\n<li><strong>Tak\u0131m Ruhu:<\/strong> Destekleyici ve misyon odakl\u0131 bir ekibin par\u00e7as\u0131 olmay\u0131 seviyor, i\u015fbirli\u011fi ve kar\u015f\u0131l\u0131kl\u0131 deste\u011fin \u00f6nemli oldu\u011fu bir ortamda ba\u015far\u0131l\u0131 oluyorsunuz.<\/li>\n<li><strong>D\u00fcr\u00fcstl\u00fck:<\/strong> Her zaman s\u00f6z\u00fcn\u00fcze sad\u0131k kalarak \u00f6rnek te\u015fkil edersiniz.<\/li>\n<li><strong>\u00d6zg\u00fcven:<\/strong> Ba\u011f\u0131ms\u0131z \u00e7al\u0131\u015fma yetene\u011fine sahipsiniz, projeleri geli\u015ftirmek ve y\u00f6netmek i\u00e7in inisiyatif al\u0131rken, geli\u015fmekte olan liderlik becerilerine sahip g\u00fc\u00e7l\u00fc bir tak\u0131m oyuncususunuz.\n<\/li>\n<li><strong>Teredd\u00fcts\u00fcz Ba\u011fl\u0131l\u0131k:<\/strong> Yapt\u0131\u011f\u0131n\u0131z her i\u015fte sebat ve \u00f6zveri g\u00f6stererek %150 \u00e7aba harcars\u0131n\u0131z.<\/li>\n<li><strong>Ya\u015fam Boyu \u00d6\u011frenen:<\/strong> Kendinizi s\u00fcrekli ki\u015fisel ve profesyonel geli\u015fime ad\u0131yorsunuz.<\/li>\n<\/ul>\n            <\/div>\n                                  <div id=\"tab2\" class=\"tab-pane active\">\n              <p>\u00d6ncelikli hedefiniz, MyPalmLeaf&#8217;in misyonuyla \u00f6rt\u00fc\u015fen kurulu\u015flar ve bireylerle <strong>kazan-kazan ortakl\u0131klar\u0131<\/strong> olu\u015fturmak olacakt\u0131r. \u00c7abalar\u0131n\u0131z \u015funlar\u0131 hedefleyecektir: <\/p>\n<ul>\n<li>Palmiye yapra\u011f\u0131 okuma rezervasyonlar\u0131n\u0131 art\u0131r\u0131n.<\/li>\n<li>MyPalmLeaf&#8217;in marka bilinirli\u011fini k\u00fcresel olarak art\u0131r\u0131n.<\/li>\n<\/ul>\n            <\/div>\n                                  <div id=\"tab3\" class=\"tab-pane active\">\n              <p>APM olarak \u015funlar\u0131 yapacaks\u0131n\u0131z:<\/p>\n<ul>\n<li>Kar\u015f\u0131l\u0131kl\u0131 fayda sa\u011flayan ortakl\u0131klar geli\u015ftirmek i\u00e7in hem bireyler hem de kurulu\u015flar olmak \u00fczere potansiyel ortaklara aktif olarak ula\u015f\u0131n.<\/li>\n<li>MyPalmLeaf&#8217;in ortakl\u0131k program\u0131n\u0131 b\u00fcy\u00fct\u00fcn ve y\u00f6netin.<\/li>\n<li>Almanca, \u0130ngilizce, Japonca, \u00c7ince ve geli\u015fmekte olan pazarlardaki varl\u0131\u011f\u0131m\u0131z\u0131 geni\u015fletmek i\u00e7in influencer ajanslar\u0131yla i\u015fbirli\u011fi yap\u0131n.<\/li>\n<\/ul>\n            <\/div>\n                                  <div id=\"tab4\" class=\"tab-pane active\">\n              <p>Ba\u015fvurunuzu ald\u0131ktan sonra size ayr\u0131nt\u0131l\u0131 bir \u00f6deme a\u00e7\u0131klamas\u0131 g\u00f6nderece\u011fiz.<\/p>\n<ul>\n<li><strong>Amaca Y\u00f6nelik Bir Misyon:<\/strong> D\u00fcnyaya fayda sa\u011flamaya adanm\u0131\u015f, manevi g\u00fcd\u00fcml\u00fc, anlaml\u0131 bir misyonun par\u00e7as\u0131 olun.<\/li>\n<li>Destekleyici Tak\u0131m Ortam\u0131: Hem ki\u015fisel hem de profesyonel geli\u015fiminizi te\u015fvik eden tutkulu bir ekibe kat\u0131l\u0131n.<\/li>\n<li>Esneklik: H\u0131zla b\u00fcy\u00fcyen ruhani bir organizasyon i\u00e7inde birlikte yaratma f\u0131rsatlar\u0131 ile esnek, konumdan ba\u011f\u0131ms\u0131z bir rol\u00fcn tad\u0131n\u0131 \u00e7\u0131kar\u0131n.<\/li>\n<li>Rekabet\u00e7i Tazminat: Temel \u00fccret art\u0131 performansa dayal\u0131 bonuslar\u0131 i\u00e7eren rekabet\u00e7i bir paket al\u0131n.<\/li>\n<\/ul>\n            <\/div>\n                              <\/div>\n      <\/div>\n    <\/div>\n  <\/div>\n<\/section><section class=\"how-to-apply my-6 mt-0\">\n  <div class=\"container-xl\">\n    <div class=\"row\">\n      <div class=\"col-lg-10 mx-auto\" >\n        <div class=\"dual-col \">\n          <div class=\"title\">\n            <img decoding=\"async\" src=\"https:\/\/mypalmleaf.com\/wp-content\/uploads\/2024\/08\/title-bg.png\" alt=\"\" class=\"img-fluid\">\n            <div class=\"text\">Nas\u0131l Ba\u015fvurulur<\/div>\n          <\/div>\n          <div class=\"desc\">\n            <p>Ba\u015fvurmak i\u00e7in kendinizi tan\u0131tan 1-4 dakikal\u0131k bir video kaydetmeniz yeterlidir. Videonuzda bize \u015funlar\u0131 s\u00f6yleyin: <\/p>\n<ul>\n<li>1) Biraz kendinizden bahsedin.<\/li>\n<li>2) Neden MyPalmLeaf&#8217;in bir par\u00e7as\u0131 olmak istiyorsunuz?<\/li>\n<li>3) Neden bu rol i\u00e7in ideal aday oldu\u011funuza inan\u0131yorsunuz?<\/li>\n<\/ul>\n<p>Videonuzu <a href=\"mailto:info@mypalmleaf.com\">info@mypalmleaf.com<\/a> adresine g\u00f6nderin. Ba\u015fvuru yapman\u0131n tek yolu budur. Harekete ge\u00e7meye haz\u0131r proaktif bireyler arad\u0131\u011f\u0131m\u0131z i\u00e7in &#8220;daha fazla bilgi&#8221; taleplerine veya CV g\u00f6nderimlerine yan\u0131t vermeyece\u011fimizi l\u00fctfen unutmay\u0131n. Bize videonuz arac\u0131l\u0131\u011f\u0131yla enerjinizi ve heyecan\u0131n\u0131z\u0131 g\u00f6sterin! <\/p>\n<div class=\"btm-contact\">Sizden haber almak i\u00e7in sab\u0131rs\u0131zlan\u0131yoruz!<\/div>\n          <\/div>\n        <\/div>\n      <\/div>\n    <\/div>\n  <\/div>\n<\/section>","protected":false},"excerpt":{"rendered":"","protected":false},"author":1,"featured_media":0,"parent":0,"menu_order":0,"comment_status":"closed","ping_status":"closed","template":"","meta":{"_acf_changed":false,"footnotes":""},"class_list":["post-45209","page","type-page","status-publish","hentry"],"acf":[],"yoast_head":"<!-- This site is optimized with the Yoast SEO plugin v26.4 - https:\/\/yoast.com\/wordpress\/plugins\/seo\/ -->\n<title>Ortakl\u0131k ve \u0130\u015ftirakler M\u00fcd\u00fcr\u00fc - My Palm Leaf<\/title>\n<meta name=\"description\" content=\"Ortakl\u0131k program\u0131m\u0131z hakk\u0131nda bilgi al\u0131n ve palmiye yapraklar\u0131 bilgeli\u011fini yaymak i\u00e7in bizimle i\u015f birli\u011fi yaparak nas\u0131l katk\u0131da bulunabilece\u011finizi ke\u015ffedin.\" \/>\n<meta name=\"robots\" content=\"index, follow, max-snippet:-1, max-image-preview:large, max-video-preview:-1\" \/>\n<link rel=\"canonical\" href=\"https:\/\/mypalmleaf.com\/affiliate_and_parterships_manager\/\" \/>\n<meta property=\"og:locale\" content=\"tr_TR\" \/>\n<meta property=\"og:type\" content=\"article\" \/>\n<meta property=\"og:title\" content=\"Ortakl\u0131k ve \u0130\u015ftirakler M\u00fcd\u00fcr\u00fc - My Palm Leaf\" \/>\n<meta property=\"og:description\" content=\"Ortakl\u0131k program\u0131m\u0131z hakk\u0131nda bilgi al\u0131n ve palmiye yapraklar\u0131 bilgeli\u011fini yaymak i\u00e7in bizimle i\u015f birli\u011fi yaparak nas\u0131l katk\u0131da bulunabilece\u011finizi ke\u015ffedin.\" \/>\n<meta property=\"og:url\" content=\"https:\/\/mypalmleaf.com\/affiliate_and_parterships_manager\/\" \/>\n<meta property=\"og:site_name\" content=\"My Palm Leaf\" \/>\n<meta property=\"article:modified_time\" content=\"2025-04-24T05:28:38+00:00\" \/>\n<meta property=\"og:image\" content=\"https:\/\/mypalmleaf.com\/wp-content\/uploads\/2025\/08\/mpl-circle-logo.jpg\" \/>\n\t<meta property=\"og:image:width\" content=\"1200\" \/>\n\t<meta property=\"og:image:height\" content=\"1196\" \/>\n\t<meta property=\"og:image:type\" content=\"image\/jpeg\" \/>\n<meta name=\"twitter:card\" content=\"summary_large_image\" \/>\n<script type=\"application\/ld+json\" class=\"yoast-schema-graph\">{\"@context\":\"https:\/\/schema.org\",\"@graph\":[{\"@type\":\"WebPage\",\"@id\":\"https:\/\/mypalmleaf.com\/affiliate_and_parterships_manager\/\",\"url\":\"https:\/\/mypalmleaf.com\/affiliate_and_parterships_manager\/\",\"name\":\"Ortakl\u0131k ve \u0130\u015ftirakler M\u00fcd\u00fcr\u00fc - My Palm Leaf\",\"isPartOf\":{\"@id\":\"https:\/\/mypalmleaf.com\/#website\"},\"datePublished\":\"2024-10-26T17:42:47+00:00\",\"dateModified\":\"2025-04-24T05:28:38+00:00\",\"description\":\"Ortakl\u0131k program\u0131m\u0131z hakk\u0131nda bilgi al\u0131n ve palmiye yapraklar\u0131 bilgeli\u011fini yaymak i\u00e7in bizimle i\u015f birli\u011fi yaparak nas\u0131l katk\u0131da bulunabilece\u011finizi ke\u015ffedin.\",\"breadcrumb\":{\"@id\":\"https:\/\/mypalmleaf.com\/affiliate_and_parterships_manager\/#breadcrumb\"},\"inLanguage\":\"tr\",\"potentialAction\":[{\"@type\":\"ReadAction\",\"target\":[\"https:\/\/mypalmleaf.com\/affiliate_and_parterships_manager\/\"]}]},{\"@type\":\"BreadcrumbList\",\"@id\":\"https:\/\/mypalmleaf.com\/affiliate_and_parterships_manager\/#breadcrumb\",\"itemListElement\":[{\"@type\":\"ListItem\",\"position\":1,\"name\":\"Home\",\"item\":\"https:\/\/mypalmleaf.com\/tr\/\"},{\"@type\":\"ListItem\",\"position\":2,\"name\":\"Ortakl\u0131k ve \u0130\u015ftirakler M\u00fcd\u00fcr\u00fc\"}]},{\"@type\":\"WebSite\",\"@id\":\"https:\/\/mypalmleaf.com\/#website\",\"url\":\"https:\/\/mypalmleaf.com\/\",\"name\":\"My Palm Leaf\",\"description\":\"\",\"potentialAction\":[{\"@type\":\"SearchAction\",\"target\":{\"@type\":\"EntryPoint\",\"urlTemplate\":\"https:\/\/mypalmleaf.com\/?s={search_term_string}\"},\"query-input\":{\"@type\":\"PropertyValueSpecification\",\"valueRequired\":true,\"valueName\":\"search_term_string\"}}],\"inLanguage\":\"tr\"}]}<\/script>\n<!-- \/ Yoast SEO plugin. -->","yoast_head_json":{"title":"Ortakl\u0131k ve \u0130\u015ftirakler M\u00fcd\u00fcr\u00fc - My Palm Leaf","description":"Ortakl\u0131k program\u0131m\u0131z hakk\u0131nda bilgi al\u0131n ve palmiye yapraklar\u0131 bilgeli\u011fini yaymak i\u00e7in bizimle i\u015f birli\u011fi yaparak nas\u0131l katk\u0131da bulunabilece\u011finizi ke\u015ffedin.","robots":{"index":"index","follow":"follow","max-snippet":"max-snippet:-1","max-image-preview":"max-image-preview:large","max-video-preview":"max-video-preview:-1"},"canonical":"https:\/\/mypalmleaf.com\/affiliate_and_parterships_manager\/","og_locale":"tr_TR","og_type":"article","og_title":"Ortakl\u0131k ve \u0130\u015ftirakler M\u00fcd\u00fcr\u00fc - My Palm Leaf","og_description":"Ortakl\u0131k program\u0131m\u0131z hakk\u0131nda bilgi al\u0131n ve palmiye yapraklar\u0131 bilgeli\u011fini yaymak i\u00e7in bizimle i\u015f birli\u011fi yaparak nas\u0131l katk\u0131da bulunabilece\u011finizi ke\u015ffedin.","og_url":"https:\/\/mypalmleaf.com\/affiliate_and_parterships_manager\/","og_site_name":"My Palm Leaf","article_modified_time":"2025-04-24T05:28:38+00:00","og_image":[{"width":1200,"height":1196,"url":"https:\/\/mypalmleaf.com\/wp-content\/uploads\/2025\/08\/mpl-circle-logo.jpg","type":"image\/jpeg"}],"twitter_card":"summary_large_image","schema":{"@context":"https:\/\/schema.org","@graph":[{"@type":"WebPage","@id":"https:\/\/mypalmleaf.com\/affiliate_and_parterships_manager\/","url":"https:\/\/mypalmleaf.com\/affiliate_and_parterships_manager\/","name":"Ortakl\u0131k ve \u0130\u015ftirakler M\u00fcd\u00fcr\u00fc - My Palm Leaf","isPartOf":{"@id":"https:\/\/mypalmleaf.com\/#website"},"datePublished":"2024-10-26T17:42:47+00:00","dateModified":"2025-04-24T05:28:38+00:00","description":"Ortakl\u0131k program\u0131m\u0131z hakk\u0131nda bilgi al\u0131n ve palmiye yapraklar\u0131 bilgeli\u011fini yaymak i\u00e7in bizimle i\u015f birli\u011fi yaparak nas\u0131l katk\u0131da bulunabilece\u011finizi ke\u015ffedin.","breadcrumb":{"@id":"https:\/\/mypalmleaf.com\/affiliate_and_parterships_manager\/#breadcrumb"},"inLanguage":"tr","potentialAction":[{"@type":"ReadAction","target":["https:\/\/mypalmleaf.com\/affiliate_and_parterships_manager\/"]}]},{"@type":"BreadcrumbList","@id":"https:\/\/mypalmleaf.com\/affiliate_and_parterships_manager\/#breadcrumb","itemListElement":[{"@type":"ListItem","position":1,"name":"Home","item":"https:\/\/mypalmleaf.com\/tr\/"},{"@type":"ListItem","position":2,"name":"Ortakl\u0131k ve \u0130\u015ftirakler M\u00fcd\u00fcr\u00fc"}]},{"@type":"WebSite","@id":"https:\/\/mypalmleaf.com\/#website","url":"https:\/\/mypalmleaf.com\/","name":"My Palm Leaf","description":"","potentialAction":[{"@type":"SearchAction","target":{"@type":"EntryPoint","urlTemplate":"https:\/\/mypalmleaf.com\/?s={search_term_string}"},"query-input":{"@type":"PropertyValueSpecification","valueRequired":true,"valueName":"search_term_string"}}],"inLanguage":"tr"}]}},"_links":{"self":[{"href":"https:\/\/mypalmleaf.com\/tr\/wp-json\/wp\/v2\/pages\/45209","targetHints":{"allow":["GET"]}}],"collection":[{"href":"https:\/\/mypalmleaf.com\/tr\/wp-json\/wp\/v2\/pages"}],"about":[{"href":"https:\/\/mypalmleaf.com\/tr\/wp-json\/wp\/v2\/types\/page"}],"author":[{"embeddable":true,"href":"https:\/\/mypalmleaf.com\/tr\/wp-json\/wp\/v2\/users\/1"}],"replies":[{"embeddable":true,"href":"https:\/\/mypalmleaf.com\/tr\/wp-json\/wp\/v2\/comments?post=45209"}],"version-history":[{"count":0,"href":"https:\/\/mypalmleaf.com\/tr\/wp-json\/wp\/v2\/pages\/45209\/revisions"}],"wp:attachment":[{"href":"https:\/\/mypalmleaf.com\/tr\/wp-json\/wp\/v2\/media?parent=45209"}],"curies":[{"name":"wp","href":"https:\/\/api.w.org\/{rel}","templated":true}]}}