
{"id":45453,"date":"2024-11-10T05:53:12","date_gmt":"2024-11-10T05:53:12","guid":{"rendered":"https:\/\/mypalmleaf.com\/homa\/"},"modified":"2025-04-17T10:22:02","modified_gmt":"2025-04-17T10:22:02","slug":"homa","status":"publish","type":"page","link":"https:\/\/mypalmleaf.com\/tr\/homa\/","title":{"rendered":"Homa"},"content":{"rendered":"\n<section class=\"spotlight-main small top-gap\">\n    <!-- <div class=\"slider-wrap\" data-flickity='{ \"cellAlign\": \"left\", \"contain\": true, \"wrapAround\": true, \"setGallerySize\": false }'> -->\n    <div class=\"slider-wrap\" data-flickity='{ \"cellAlign\": \"left\", \"contain\": true, \"wrapAround\": true, \"setGallerySize\": false  }'>\n            <div class=\"slides\">\n        <div class=\"content-wrap\">\n          <div class=\"image\">\n            <picture>\n              <source media=\"(max-width: 999px)\" srcset=\"https:\/\/mypalmleaf.com\/wp-content\/uploads\/2024\/11\/homas-spotlight-mob.jpg\" \/>\n              <source media=\"(min-width: 1000px)\" srcset=\"https:\/\/mypalmleaf.com\/wp-content\/uploads\/2024\/11\/homas-spotlight.jpg\" \/>\n              <img decoding=\"async\" src=\"https:\/\/mypalmleaf.com\/wp-content\/uploads\/2024\/11\/homas-spotlight.jpg\" class=\"img-fluid\" alt=\"\" \/>\n            <\/picture>\n          <\/div>\n          <div class=\"content\">\n            <div data-aos=\"fade-up\" data-aos-duration=\"1000\">\n              <h2 class=\"\">Homas: Karmik D\u00f6n\u00fc\u015f\u00fcm i\u00e7in Kutsal Ate\u015f Seremonileri<\/h2>\n              <p>Hayat\u0131n\u0131za bereket, ar\u0131nma ve uyum getirmek i\u00e7in ger\u00e7ekle\u015ftirilen kadim Vedik rit\u00fcelleri deneyimleyin.  <\/p>\n                                  <a href=\"\/prices\/fire-ceremony-homa\/\" class=\"btn btn-primary\">Homas&#8217;\u0131n\u0131z\u0131 ay\u0131rt\u0131n<\/a>\n                   \n            <\/div>\n          <\/div>\n        <\/div>\n      <\/div>\n          <\/div>\n<\/section>\n<section class=\"my-6 position-relative\">\n    <div class=\"container-xl\" data-aos=\"fade-up\" data-aos-duration=\"1000\">\n      <div class=\"row align-items-center\">\n        <div class=\"col-lg-5 mb-4 mb-lg-0\">\n          <div class=\"rounded-asset\">\n            <img decoding=\"async\" src=\"https:\/\/mypalmleaf.com\/wp-content\/uploads\/2024\/11\/yt-thumb-homa.jpg\" class=\"img-fluid\" alt=\"\"><div class=\"play-icon\"><\/div>\n            <a href=\"https:\/\/www.youtube.com\/watch?v=63svn4g1Z5U\" class=\"stretched-link\" data-lity><\/a>\n          <\/div>\n        <\/div>\n        <div class=\"col-lg-7\">\n          <h2 class=\"mb-4\">Homa ate\u015fi t\u00f6renleri nelerdir?<\/h2>\n          <p>Ate\u015f t\u00f6renleri olarak da bilinen Homalar, ilahi enerjileri \u00e7a\u011f\u0131rmak, olumsuz karmik etkileri ortadan kald\u0131rmak ve hayat\u0131n farkl\u0131 y\u00f6nlerine denge getirmek i\u00e7in ger\u00e7ekle\u015ftirilen g\u00fc\u00e7l\u00fc Vedik rit\u00fcellerdir. Kutsal ate\u015f elementi arac\u0131l\u0131\u011f\u0131yla tanr\u0131lara adaklar sunulur ve rit\u00fcelin d\u00f6n\u00fc\u015ft\u00fcr\u00fcc\u00fc enerjisi kutsama, ar\u0131nma ve \u015fifa getirir. <\/p>\n<p>Bu t\u00f6renler, rit\u00fcelin niyetini ve etkisini g\u00fc\u00e7lendiren kutsal mantralar\u0131 s\u00f6yleyen ve kutsal ate\u015fe adaklar sunan deneyimli Vedik rahipler taraf\u0131ndan y\u00f6netilir.<\/p>\n        <\/div>\n      <\/div>\n    <\/div>\n    <\/section>\n<section class=\"my-6 position-relative\">\n  <div class=\"container-xl aos-init aos-animate\" data-aos=\"fade-up\" data-aos-duration=\"1000\">\n    <div class=\"row align-items-center\">\n      <div class=\"col-lg-7\">\n        <h2 class=\"mb-4\">Hamas size nas\u0131l fayda sa\u011flayabilir?<\/h2>\n<p>Her Homa t\u00f6reni, engelleri a\u015fmak, sa\u011fl\u0131\u011f\u0131 iyile\u015ftirmek, refah\u0131 davet etmek veya negatif karmay\u0131 temizlemek gibi benzersiz bir amaca hizmet eder.<\/p>\n<p>\u0130\u015fte Tomas&#8217;\u0131n hayat\u0131n\u0131z\u0131 nas\u0131l d\u00f6n\u00fc\u015ft\u00fcrebilece\u011fi:  <\/p>\n        <ul>\n<li>Karmik \u015eifa: Ge\u00e7mi\u015f karmik bor\u00e7lar\u0131 sal\u0131verin ve olumlu karmik etkileri \u00e7ekin.  <\/li>\n<li>Ar\u0131nd\u0131rma: Auran\u0131z\u0131 ve \u00e7evrenizi negatif enerjilerden temizleyin.  <\/li>\n<li>Bereket ve Refah: Sa\u011fl\u0131k, zenginlik, ili\u015fkiler ve genel refah i\u00e7in kutsamalar \u00e7a\u011f\u0131r\u0131n.  <\/li>\n<li>Koruma ve Uyum: Ruhsal korumay\u0131 g\u00fc\u00e7lendirin ve ya\u015fam\u0131n\u0131za uyum getirin.  <\/li>\n<\/ul>\n<div class=\"dual-btn-cont mt-4\">\n<ul>\n<li><a href=\"https:\/\/mypalmleaf.com\/tr\/prices\/ates-toreni-homa\/\" class=\"btn btn-primary\">Ate\u015f t\u00f6reninizi \u015fimdi ay\u0131rt\u0131n<\/a><\/li>\n<\/ul>\n<\/div>\n      <\/div>\n      <div class=\"col-lg-5 mb-4 mb-lg-0\">\n        <div class=\"rounded-asset\">\n          <img decoding=\"async\" src=\"https:\/\/mypalmleaf.com\/wp-content\/uploads\/2024\/11\/homas-thumb.jpg\" class=\"img-fluid\" alt=\"\"\/>\n        <\/div>\n      <\/div>\n    <\/div>\n  <\/div>\n       \n  <\/section>\n\n<section class=\"my-6 position-relative\">\n  <div class=\"container-xl aos-init aos-animate\" data-aos=\"fade-up\" data-aos-duration=\"1000\">\n    <div class=\"row align-items-center\">\n      <div class=\"col-lg-5 mb-4 mb-lg-0\">\n        <div class=\"rounded-asset\">\n          <img decoding=\"async\" src=\"https:\/\/mypalmleaf.com\/wp-content\/uploads\/2024\/11\/homas-thumb2.jpg\" class=\"img-fluid\" alt=\"\"\/>\n        <\/div>\n      <\/div>\n      <div class=\"col-lg-7\">\n        <h2 class=\"mb-4\">Nas\u0131l \u00c7al\u0131\u015f\u0131r<\/h2>\n        <p><strong>Ad\u0131m 1: Homa<\/strong>&#8216;n\u0131z\u0131 ay\u0131rt\u0131n<br\/> Homa ate\u015fi t\u00f6renini web sitemizden ay\u0131rt\u0131n<\/p> \n<p><strong>Ad\u0131m 2: Randevunuzu<\/strong> al\u0131n<br\/> Rezervasyonu yapt\u0131ktan sonra, bir takvim ba\u011flant\u0131s\u0131 alacaks\u0131n\u0131z ve Homa&#8217;n\u0131n yap\u0131lmas\u0131n\u0131 istedi\u011finiz do\u011fru g\u00fcn ve saati rezerve edebilirsiniz  <\/p>\n<p><strong>3. Ad\u0131m:<\/strong> T\u00f6rene <strong>Kat\u0131l\u0131n ve Kutsamalar\u0131 Al\u0131n<\/strong><br\/> T\u00f6rene Zoom arac\u0131l\u0131\u011f\u0131yla canl\u0131 olarak kat\u0131lmay\u0131 veya bulundu\u011funuz yerden enerji ve kutsamalar\u0131 almay\u0131 se\u00e7ebilirsiniz. Moderat\u00f6rlerimizden biri Homa s\u0131ras\u0131nda size e\u015flik edecek ve her \u015feyi size a\u00e7\u0131klayacakt\u0131r.   <\/p>\n<div class=\"dual-btn-cont mt-4\">\n<ul>\n<li><a href=\"https:\/\/mypalmleaf.com\/tr\/prices\/ates-toreni-homa\/\" class=\"btn btn-primary\">Ate\u015f t\u00f6reninizi \u015fimdi ay\u0131rt\u0131n<\/a><\/li>\n<\/ul>\n<\/div>\n      <\/div>\n      \n    <\/div>\n  <\/div>\n       \n  <\/section>\n\n<figure class=\"wp-block-gallery has-nested-images columns-default is-cropped wp-block-gallery-1 is-layout-flex wp-block-gallery-is-layout-flex\">\n<figure class=\"wp-block-image size-full\"><img loading=\"lazy\" decoding=\"async\" width=\"1024\" height=\"576\" data-id=\"45429\" src=\"https:\/\/mypalmleaf.com\/wp-content\/uploads\/2024\/11\/3-1.jpg\" alt=\"\" class=\"wp-image-45429\" srcset=\"https:\/\/mypalmleaf.com\/wp-content\/uploads\/2024\/11\/3-1.jpg 1024w, https:\/\/mypalmleaf.com\/wp-content\/uploads\/2024\/11\/3-1-600x338.jpg 600w, https:\/\/mypalmleaf.com\/wp-content\/uploads\/2024\/11\/3-1-300x169.jpg 300w, https:\/\/mypalmleaf.com\/wp-content\/uploads\/2024\/11\/3-1-768x432.jpg 768w\" sizes=\"auto, (max-width: 1024px) 100vw, 1024px\" \/><\/figure>\n\n\n\n<figure class=\"wp-block-image size-large\"><img loading=\"lazy\" decoding=\"async\" width=\"1024\" height=\"576\" data-id=\"45407\" src=\"https:\/\/mypalmleaf.com\/wp-content\/uploads\/2024\/11\/2.jpg\" alt=\"\" class=\"wp-image-45407\" srcset=\"https:\/\/mypalmleaf.com\/wp-content\/uploads\/2024\/11\/2.jpg 1024w, https:\/\/mypalmleaf.com\/wp-content\/uploads\/2024\/11\/2-600x338.jpg 600w, https:\/\/mypalmleaf.com\/wp-content\/uploads\/2024\/11\/2-300x169.jpg 300w, https:\/\/mypalmleaf.com\/wp-content\/uploads\/2024\/11\/2-768x432.jpg 768w\" sizes=\"auto, (max-width: 1024px) 100vw, 1024px\" \/><\/figure>\n\n\n\n<figure class=\"wp-block-image size-large\"><img loading=\"lazy\" decoding=\"async\" width=\"1024\" height=\"576\" data-id=\"45386\" src=\"https:\/\/mypalmleaf.com\/wp-content\/uploads\/2024\/11\/1.jpg\" alt=\"\" class=\"wp-image-45386\" srcset=\"https:\/\/mypalmleaf.com\/wp-content\/uploads\/2024\/11\/1.jpg 1024w, https:\/\/mypalmleaf.com\/wp-content\/uploads\/2024\/11\/1-600x338.jpg 600w, https:\/\/mypalmleaf.com\/wp-content\/uploads\/2024\/11\/1-300x169.jpg 300w, https:\/\/mypalmleaf.com\/wp-content\/uploads\/2024\/11\/1-768x432.jpg 768w\" sizes=\"auto, (max-width: 1024px) 100vw, 1024px\" \/><\/figure>\n<\/figure>\n<section class=\"accordion-container position-relative \" data-aos=\"fade-up\" data-aos-duration=\"1000\" id=\"general-questions\">\n  <div class=\"container-xl\">\n    <div class=\"row\">\n      <h3>S\u0131k\u00e7a Sorulan Sorular<\/h3>\n      <div class=\"accr-wrap\">\n                  <div class=\"head\">Homa t\u00f6reninin etkili olmas\u0131 i\u00e7in fiziksel olarak orada bulunmam gerekir mi?<\/div>\n          <div class=\"content\">\n            <p>Hay\u0131r, Homa&#8217;n\u0131n etkili olabilmesi i\u00e7in fiziksel olarak orada bulunman\u0131z gerekmez. T\u00f6renin enerjisi ve kutsamalar\u0131 kutsal mantralar\u0131n ve ate\u015fin titre\u015fimleri arac\u0131l\u0131\u011f\u0131yla g\u00f6nderilir. \u0130sterseniz t\u00f6rene Zoom arac\u0131l\u0131\u011f\u0131yla canl\u0131 olarak kat\u0131labilirsiniz, ancak kat\u0131lamasan\u0131z bile faydalar\u0131 size ula\u015facakt\u0131r.  <\/p>\n          <\/div>\n                  <div class=\"head\">Homa t\u00f6reni i\u00e7in nas\u0131l haz\u0131rlanmal\u0131y\u0131m?<\/div>\n          <div class=\"content\">\n            <p>Bir Homa&#8217;ya haz\u0131rlanmak i\u00e7in en iyisi rit\u00fcelden ne almak istedi\u011finize dair net bir niyet belirlemektir. Ayr\u0131ca evinizde, t\u00f6renin enerjisini almak i\u00e7in sessizce oturabilece\u011finiz, dikkat da\u011f\u0131t\u0131c\u0131 unsurlardan ar\u0131nm\u0131\u015f huzurlu bir alan yaratmak isteyebilirsiniz. Canl\u0131 olarak kat\u0131l\u0131yorsan\u0131z, sabit bir internet ba\u011flant\u0131n\u0131z ve sakin bir ortam\u0131n\u0131z oldu\u011fundan emin olun.  <\/p>\n          <\/div>\n                  <div class=\"head\">Bir ba\u015fkas\u0131 ad\u0131na Homa yap\u0131labilir mi?<\/div>\n          <div class=\"content\">\n            <p>Evet, Homalar sevilen biri, aile \u00fcyesi veya arkada\u015f i\u00e7in ba\u015fka biri ad\u0131na yap\u0131labilir. Sadece onlar\u0131n ad\u0131n\u0131 ve t\u00f6ren i\u00e7in niyetlerini belirtmeniz yeterlidir; enerji ve kutsamalar onlara y\u00f6nlendirilecektir. <\/p>\n          <\/div>\n                  <div class=\"head\">Homa&#8217;dan ne t\u00fcr sonu\u00e7lar bekleyebilirim?<\/div>\n          <div class=\"content\">\n            <p>Homa&#8217;n\u0131n etkileri niyetinize ve ger\u00e7ekle\u015ftirilen t\u00f6renin t\u00fcr\u00fcne g\u00f6re de\u011fi\u015febilir. \u0130nsanlar genellikle huzur, duygusal rahatlama ve berrakl\u0131k hissetmenin yan\u0131 s\u0131ra ya\u015famlar\u0131nda iyile\u015fen ili\u015fkiler, sa\u011fl\u0131k veya ba\u015far\u0131 gibi somut olumlu de\u011fi\u015fimler ya\u015fad\u0131klar\u0131n\u0131 bildirirler. Kutsamalar ve karmik faydalar genellikle zaman i\u00e7inde ortaya \u00e7\u0131kar.  <\/p>\n          <\/div>\n                  <div class=\"head\">Hangi Homa t\u00fcr\u00fcn\u00fc rezerve edece\u011fimi nas\u0131l se\u00e7erim?<\/div>\n          <div class=\"content\">\n            <p>El fal\u0131n\u0131z s\u0131ras\u0131nda size bir Homa tavsiye edilmi\u015fse, bu t\u00fcr bir Homa sizin i\u00e7in ger\u00e7ekle\u015ftirilecektir. Aksi takdirde, rezervasyon yaparken Homa&#8217;n\u0131n genel amac\u0131n\u0131 da bize bildirebilirsiniz ve rahipler bu ama\u00e7 i\u00e7in \u00f6zel bir t\u00f6ren se\u00e7ecektir.   <\/p>\n          <\/div>\n                  <div class=\"head\">Homalar t\u00fcm inan\u00e7lar ve ruhani inan\u0131\u015flar i\u00e7in uygun mudur?<\/div>\n          <div class=\"content\">\n            <p>Evet, Homalar k\u00f6kleri eski Vedik geleneklere dayanan ruhani rit\u00fcellerdir, ancak t\u00fcm inan\u00e7 ve inan\u0131\u015flardan insanlara a\u00e7\u0131kt\u0131rlar. T\u00f6renler, ruhani ge\u00e7mi\u015finiz ne olursa olsun faydal\u0131 olabilecek elementler ve ilahi kutsamalar gibi evrensel enerjilere odaklan\u0131r.   <\/p>\n          <\/div>\n                  <div class=\"head\">Bir Homa t\u00f6reni genellikle ne kadar s\u00fcrer?<\/div>\n          <div class=\"content\">\n            <p>Bir Homa t\u00f6reninin s\u00fcresi, karma\u015f\u0131kl\u0131\u011f\u0131na ve ger\u00e7ekle\u015ftirilen rit\u00fcelin t\u00fcr\u00fcne ba\u011fl\u0131 olarak de\u011fi\u015febilir. \u00c7o\u011fu t\u00f6ren 30 dakika ile 1 saat aras\u0131nda s\u00fcrer.   <\/p>\n          <\/div>\n                  <div class=\"head\">Homa i\u00e7in belirli bir tarih veya saat talep edebilir miyim?<\/div>\n          <div class=\"content\">\n            <p>Evet, Vedik rahiplerimizin m\u00fcsaitlik durumuna ve t\u00f6reni ger\u00e7ekle\u015ftirmek i\u00e7in uygun zamanlara ba\u011fl\u0131 olarak Homa&#8217;n\u0131z i\u00e7in belirli bir tarih ve saat talep edebilirsiniz. Tercihlerinizi kar\u015f\u0131lamak i\u00e7in elimizden geleni yapaca\u011f\u0131z.   <\/p>\n          <\/div>\n                  <div class=\"head\">Homa s\u0131ras\u0131nda sunular nas\u0131l yap\u0131l\u0131r?<\/div>\n          <div class=\"content\">\n            <p>Ghee, otlar, tah\u0131llar ve di\u011fer kutsal \u00f6\u011feler gibi adaklar, Vedik rahiplerimiz taraf\u0131ndan g\u00fc\u00e7l\u00fc mantralar s\u00f6ylenirken ate\u015fe at\u0131l\u0131r. Her bir sunu ar\u0131nmay\u0131, d\u00f6n\u00fc\u015f\u00fcm\u00fc ve kutsamalar\u0131n evrene sal\u0131nmas\u0131n\u0131 sembolize eder.   <\/p>\n          <\/div>\n                  <div class=\"head\">Mypalmleaf&#8217;ten bir moderat\u00f6r bana e\u015flik edecek mi?<\/div>\n          <div class=\"content\">\n            <p>Evet, moderat\u00f6rlerimizden biri Homa&#8217;da haz\u0131r bulunacakt\u0131r. Size rehberlik edecek ve gerekirse size her \u015feyi a\u00e7\u0131klayacaklard\u0131r.   <\/p>\n          <\/div>\n              <\/div>\n    <\/div>\n  <\/div>\n  \n<\/section>\n<\/div>\n<p><\/p>\n","protected":false},"excerpt":{"rendered":"<p>Hamas size nas\u0131l fayda sa\u011flayabilir? Her Homa t\u00f6reni, engelleri a\u015fmak, sa\u011fl\u0131\u011f\u0131 iyile\u015ftirmek, refah\u0131 davet etmek veya negatif karmay\u0131 temizlemek gibi benzersiz bir amaca hizmet eder. \u0130\u015fte Tomas&#8217;\u0131n hayat\u0131n\u0131z\u0131 nas\u0131l d\u00f6n\u00fc\u015ft\u00fcrebilece\u011fi: Karmik \u015eifa: Ge\u00e7mi\u015f karmik bor\u00e7lar\u0131 sal\u0131verin ve olumlu karmik etkileri \u00e7ekin. Ar\u0131nd\u0131rma: Auran\u0131z\u0131 ve \u00e7evrenizi negatif enerjilerden temizleyin. Bereket ve Refah: Sa\u011fl\u0131k, zenginlik, ili\u015fkiler ve [&hellip;]<\/p>\n","protected":false},"author":1,"featured_media":0,"parent":0,"menu_order":0,"comment_status":"closed","ping_status":"closed","template":"","meta":{"_acf_changed":false,"footnotes":""},"class_list":["post-45453","page","type-page","status-publish","hentry"],"acf":[],"yoast_head":"<!-- This site is optimized with the Yoast SEO plugin v26.4 - https:\/\/yoast.com\/wordpress\/plugins\/seo\/ -->\n<title>Homa - My Palm Leaf<\/title>\n<meta name=\"description\" content=\"Homa Ate\u015f Seremonisi ile g\u00fc\u00e7l\u00fc ar\u0131nma ve ruhsal geli\u015fimi deneyimleyin. Bu kutsal rit\u00fcelle ilahi enerjilerle ba\u011f kurun. Hemen ileti\u015fime ge\u00e7in.\" \/>\n<meta name=\"robots\" content=\"index, follow, max-snippet:-1, max-image-preview:large, max-video-preview:-1\" \/>\n<link rel=\"canonical\" href=\"https:\/\/mypalmleaf.com\/tr\/homa\/\" \/>\n<meta property=\"og:locale\" content=\"tr_TR\" \/>\n<meta property=\"og:type\" content=\"article\" \/>\n<meta property=\"og:title\" content=\"Homa - My Palm Leaf\" \/>\n<meta property=\"og:description\" content=\"Homa Ate\u015f Seremonisi ile g\u00fc\u00e7l\u00fc ar\u0131nma ve ruhsal geli\u015fimi deneyimleyin. Bu kutsal rit\u00fcelle ilahi enerjilerle ba\u011f kurun. Hemen ileti\u015fime ge\u00e7in.\" \/>\n<meta property=\"og:url\" content=\"https:\/\/mypalmleaf.com\/tr\/homa\/\" \/>\n<meta property=\"og:site_name\" content=\"My Palm Leaf\" \/>\n<meta property=\"article:modified_time\" content=\"2025-04-17T10:22:02+00:00\" \/>\n<meta property=\"og:image\" content=\"https:\/\/mypalmleaf.com\/wp-content\/uploads\/2024\/11\/homas-thumb.jpg\" \/>\n<meta name=\"twitter:card\" content=\"summary_large_image\" \/>\n<meta name=\"twitter:label1\" content=\"Tahmini okuma s\u00fcresi\" \/>\n\t<meta name=\"twitter:data1\" content=\"2 dakika\" \/>\n<script type=\"application\/ld+json\" class=\"yoast-schema-graph\">{\"@context\":\"https:\/\/schema.org\",\"@graph\":[{\"@type\":\"WebPage\",\"@id\":\"https:\/\/mypalmleaf.com\/tr\/homa\/\",\"url\":\"https:\/\/mypalmleaf.com\/tr\/homa\/\",\"name\":\"Homa - My Palm Leaf\",\"isPartOf\":{\"@id\":\"https:\/\/mypalmleaf.com\/#website\"},\"primaryImageOfPage\":{\"@id\":\"https:\/\/mypalmleaf.com\/tr\/homa\/#primaryimage\"},\"image\":{\"@id\":\"https:\/\/mypalmleaf.com\/tr\/homa\/#primaryimage\"},\"thumbnailUrl\":\"https:\/\/mypalmleaf.com\/wp-content\/uploads\/2024\/11\/homas-thumb.jpg\",\"datePublished\":\"2024-11-10T05:53:12+00:00\",\"dateModified\":\"2025-04-17T10:22:02+00:00\",\"description\":\"Homa Ate\u015f Seremonisi ile g\u00fc\u00e7l\u00fc ar\u0131nma ve ruhsal geli\u015fimi deneyimleyin. Bu kutsal rit\u00fcelle ilahi enerjilerle ba\u011f kurun. Hemen ileti\u015fime ge\u00e7in.\",\"breadcrumb\":{\"@id\":\"https:\/\/mypalmleaf.com\/tr\/homa\/#breadcrumb\"},\"inLanguage\":\"tr\",\"potentialAction\":[{\"@type\":\"ReadAction\",\"target\":[\"https:\/\/mypalmleaf.com\/tr\/homa\/\"]}]},{\"@type\":\"ImageObject\",\"inLanguage\":\"tr\",\"@id\":\"https:\/\/mypalmleaf.com\/tr\/homa\/#primaryimage\",\"url\":\"https:\/\/mypalmleaf.com\/wp-content\/uploads\/2024\/11\/homas-thumb.jpg\",\"contentUrl\":\"https:\/\/mypalmleaf.com\/wp-content\/uploads\/2024\/11\/homas-thumb.jpg\"},{\"@type\":\"BreadcrumbList\",\"@id\":\"https:\/\/mypalmleaf.com\/tr\/homa\/#breadcrumb\",\"itemListElement\":[{\"@type\":\"ListItem\",\"position\":1,\"name\":\"Home\",\"item\":\"https:\/\/mypalmleaf.com\/tr\/\"},{\"@type\":\"ListItem\",\"position\":2,\"name\":\"Homa\"}]},{\"@type\":\"WebSite\",\"@id\":\"https:\/\/mypalmleaf.com\/#website\",\"url\":\"https:\/\/mypalmleaf.com\/\",\"name\":\"My Palm Leaf\",\"description\":\"\",\"potentialAction\":[{\"@type\":\"SearchAction\",\"target\":{\"@type\":\"EntryPoint\",\"urlTemplate\":\"https:\/\/mypalmleaf.com\/?s={search_term_string}\"},\"query-input\":{\"@type\":\"PropertyValueSpecification\",\"valueRequired\":true,\"valueName\":\"search_term_string\"}}],\"inLanguage\":\"tr\"}]}<\/script>\n<!-- \/ Yoast SEO plugin. -->","yoast_head_json":{"title":"Homa - My Palm Leaf","description":"Homa Ate\u015f Seremonisi ile g\u00fc\u00e7l\u00fc ar\u0131nma ve ruhsal geli\u015fimi deneyimleyin. Bu kutsal rit\u00fcelle ilahi enerjilerle ba\u011f kurun. Hemen ileti\u015fime ge\u00e7in.","robots":{"index":"index","follow":"follow","max-snippet":"max-snippet:-1","max-image-preview":"max-image-preview:large","max-video-preview":"max-video-preview:-1"},"canonical":"https:\/\/mypalmleaf.com\/tr\/homa\/","og_locale":"tr_TR","og_type":"article","og_title":"Homa - My Palm Leaf","og_description":"Homa Ate\u015f Seremonisi ile g\u00fc\u00e7l\u00fc ar\u0131nma ve ruhsal geli\u015fimi deneyimleyin. Bu kutsal rit\u00fcelle ilahi enerjilerle ba\u011f kurun. Hemen ileti\u015fime ge\u00e7in.","og_url":"https:\/\/mypalmleaf.com\/tr\/homa\/","og_site_name":"My Palm Leaf","article_modified_time":"2025-04-17T10:22:02+00:00","og_image":[{"url":"https:\/\/mypalmleaf.com\/wp-content\/uploads\/2024\/11\/homas-thumb.jpg","type":"","width":"","height":""}],"twitter_card":"summary_large_image","twitter_misc":{"Tahmini okuma s\u00fcresi":"2 dakika"},"schema":{"@context":"https:\/\/schema.org","@graph":[{"@type":"WebPage","@id":"https:\/\/mypalmleaf.com\/tr\/homa\/","url":"https:\/\/mypalmleaf.com\/tr\/homa\/","name":"Homa - My Palm Leaf","isPartOf":{"@id":"https:\/\/mypalmleaf.com\/#website"},"primaryImageOfPage":{"@id":"https:\/\/mypalmleaf.com\/tr\/homa\/#primaryimage"},"image":{"@id":"https:\/\/mypalmleaf.com\/tr\/homa\/#primaryimage"},"thumbnailUrl":"https:\/\/mypalmleaf.com\/wp-content\/uploads\/2024\/11\/homas-thumb.jpg","datePublished":"2024-11-10T05:53:12+00:00","dateModified":"2025-04-17T10:22:02+00:00","description":"Homa Ate\u015f Seremonisi ile g\u00fc\u00e7l\u00fc ar\u0131nma ve ruhsal geli\u015fimi deneyimleyin. Bu kutsal rit\u00fcelle ilahi enerjilerle ba\u011f kurun. Hemen ileti\u015fime ge\u00e7in.","breadcrumb":{"@id":"https:\/\/mypalmleaf.com\/tr\/homa\/#breadcrumb"},"inLanguage":"tr","potentialAction":[{"@type":"ReadAction","target":["https:\/\/mypalmleaf.com\/tr\/homa\/"]}]},{"@type":"ImageObject","inLanguage":"tr","@id":"https:\/\/mypalmleaf.com\/tr\/homa\/#primaryimage","url":"https:\/\/mypalmleaf.com\/wp-content\/uploads\/2024\/11\/homas-thumb.jpg","contentUrl":"https:\/\/mypalmleaf.com\/wp-content\/uploads\/2024\/11\/homas-thumb.jpg"},{"@type":"BreadcrumbList","@id":"https:\/\/mypalmleaf.com\/tr\/homa\/#breadcrumb","itemListElement":[{"@type":"ListItem","position":1,"name":"Home","item":"https:\/\/mypalmleaf.com\/tr\/"},{"@type":"ListItem","position":2,"name":"Homa"}]},{"@type":"WebSite","@id":"https:\/\/mypalmleaf.com\/#website","url":"https:\/\/mypalmleaf.com\/","name":"My Palm Leaf","description":"","potentialAction":[{"@type":"SearchAction","target":{"@type":"EntryPoint","urlTemplate":"https:\/\/mypalmleaf.com\/?s={search_term_string}"},"query-input":{"@type":"PropertyValueSpecification","valueRequired":true,"valueName":"search_term_string"}}],"inLanguage":"tr"}]}},"_links":{"self":[{"href":"https:\/\/mypalmleaf.com\/tr\/wp-json\/wp\/v2\/pages\/45453","targetHints":{"allow":["GET"]}}],"collection":[{"href":"https:\/\/mypalmleaf.com\/tr\/wp-json\/wp\/v2\/pages"}],"about":[{"href":"https:\/\/mypalmleaf.com\/tr\/wp-json\/wp\/v2\/types\/page"}],"author":[{"embeddable":true,"href":"https:\/\/mypalmleaf.com\/tr\/wp-json\/wp\/v2\/users\/1"}],"replies":[{"embeddable":true,"href":"https:\/\/mypalmleaf.com\/tr\/wp-json\/wp\/v2\/comments?post=45453"}],"version-history":[{"count":0,"href":"https:\/\/mypalmleaf.com\/tr\/wp-json\/wp\/v2\/pages\/45453\/revisions"}],"wp:attachment":[{"href":"https:\/\/mypalmleaf.com\/tr\/wp-json\/wp\/v2\/media?parent=45453"}],"curies":[{"name":"wp","href":"https:\/\/api.w.org\/{rel}","templated":true}]}}