
{"id":45494,"date":"2024-11-10T07:16:42","date_gmt":"2024-11-10T07:16:42","guid":{"rendered":"https:\/\/mypalmleaf.com\/athma-shanthi-puja\/"},"modified":"2025-04-28T09:30:03","modified_gmt":"2025-04-28T09:30:03","slug":"athma-shanthi-puja","status":"publish","type":"page","link":"https:\/\/mypalmleaf.com\/tr\/athma-shanthi-puja\/","title":{"rendered":"Athma Shanthi Puja"},"content":{"rendered":"\n<section class=\"spotlight-main small top-gap\">\n    <!-- <div class=\"slider-wrap\" data-flickity='{ \"cellAlign\": \"left\", \"contain\": true, \"wrapAround\": true, \"setGallerySize\": false }'> -->\n    <div class=\"slider-wrap\" data-flickity='{ \"cellAlign\": \"left\", \"contain\": true, \"wrapAround\": true, \"setGallerySize\": false  }'>\n            <div class=\"slides\">\n        <div class=\"content-wrap\">\n          <div class=\"image\">\n            <picture>\n              <source media=\"(max-width: 999px)\" srcset=\"https:\/\/mypalmleaf.com\/wp-content\/uploads\/2024\/11\/athma-shanti-puja-spotlight.-mob.jpg\" \/>\n              <source media=\"(min-width: 1000px)\" srcset=\"https:\/\/mypalmleaf.com\/wp-content\/uploads\/2024\/11\/athma-shanti-puja-spotlight.jpg\" \/>\n              <img decoding=\"async\" src=\"https:\/\/mypalmleaf.com\/wp-content\/uploads\/2024\/11\/athma-shanti-puja-spotlight.jpg\" class=\"img-fluid\" alt=\"\" \/>\n            <\/picture>\n          <\/div>\n          <div class=\"content\">\n            <div data-aos=\"fade-up\" data-aos-duration=\"1000\">\n              <h2 class=\"\">Athma Shanthi Puja: \u00d6len Ruhlar \u0130\u00e7in Kutsal Bir Rit\u00fcel<\/h2>\n              <p>Bu derin Vedik t\u00f6ren arac\u0131l\u0131\u011f\u0131yla sevdiklerinizin ruhlar\u0131na huzur ve \u00f6zg\u00fcrl\u00fck getirin.<\/p>\n                                  <a href=\"\/prices\/athma-shanthi-puja-special-ritual-to-help-the-soul-of-someone-who-has-passed-away-to-rest-in-peace\/\" class=\"btn btn-primary\">Puja Rezervasyonunuzu Yapt\u0131r\u0131n<\/a>\n                   \n            <\/div>\n          <\/div>\n        <\/div>\n      <\/div>\n          <\/div>\n<\/section>\n<section class=\"my-6 position-relative\">\n    <div class=\"container-xl\" data-aos=\"fade-up\" data-aos-duration=\"1000\">\n      <div class=\"row align-items-center\">\n        <div class=\"col-lg-5 mb-4 mb-lg-0\">\n          <div class=\"rounded-asset\">\n            <img decoding=\"async\" src=\"https:\/\/mypalmleaf.com\/wp-content\/uploads\/2024\/11\/yt-thumb-2.jpg\" class=\"img-fluid\" alt=\"\"><div class=\"play-icon\"><\/div>\n            <a href=\"https:\/\/www.youtube.com\/watch?v=nZ0XR1c6lPU\" class=\"stretched-link\" data-lity><\/a>\n          <\/div>\n        <\/div>\n        <div class=\"col-lg-7\">\n          <h2 class=\"mb-4\">Athma Shanthi Puja Nedir?<\/h2>\n          <p>Athma Shanthi Puja, vefat eden sevdiklerinin ruhlar\u0131n\u0131 onurland\u0131rmak ve onlara huzur getirmek i\u00e7in ger\u00e7ekle\u015ftirilen kutsal bir rit\u00fceldir. Vedik geleneklere g\u00f6re, bu t\u00f6ren \u00f6len ruhun kurtulu\u015fa (mok\u015fa) ula\u015fmas\u0131na yard\u0131mc\u0131 olur ve s\u00fcregelen karmik bor\u00e7lar\u0131 veya rahats\u0131zl\u0131klar\u0131 \u00e7\u00f6zebilir. Bu t\u00f6ren \u00f6zellikle beklenmedik bir \u015fekilde, trajik bir \u015fekilde ya da uygun ayinleri yapma f\u0131rsat\u0131 bulamadan vefat edenler i\u00e7in \u00f6nemlidir.  <\/p>\n<p>Puja s\u0131ras\u0131nda, deneyimli Vedik rahiplerimiz kutsal mantralar s\u00f6yler, dualar sunar ve uyum ve ruhsal sal\u0131verme getirmek i\u00e7in rit\u00fceller ger\u00e7ekle\u015ftirir.<\/p>\n        <\/div>\n      <\/div>\n    <\/div>\n    <\/section>\n<section class=\"my-6 position-relative\">\n  <div class=\"container-xl aos-init aos-animate\" data-aos=\"fade-up\" data-aos-duration=\"1000\">\n    <div class=\"row align-items-center\">\n      <div class=\"col-lg-7\">\n        <h2 class=\"mb-4\">Athma Shanthi Puja Neden Yap\u0131l\u0131r?<\/h2>\n<p>Athma Shanthi Puja hem ya\u015fayanlara hem de \u00f6lenlere hizmet eden \u015fefkatli ve g\u00fc\u00e7l\u00fc bir rit\u00fceldir. \u0130\u015fte bu y\u00fczden \u00f6nemli: <\/p>\n<ul>\n<li>Ruh Kurtulu\u015fu: \u00d6len ruhun huzura kavu\u015fmas\u0131na ve yeniden do\u011fu\u015f d\u00f6ng\u00fcs\u00fcnden kurtulmas\u0131na yard\u0131mc\u0131 olun.<\/li>\n<li>Karmik \u00c7\u00f6z\u00fcmleme: \u00c7\u00f6z\u00fclmemi\u015f atasal enerjilerin neden oldu\u011fu olumsuz karmik etkileri serbest b\u0131rak\u0131n.<\/li>\n<li>Atalar\u0131n Kutsamalar\u0131: Atalar\u0131n\u0131zdan gelen kutsamalar\u0131 ve korumay\u0131 hayat\u0131n\u0131za ta\u015f\u0131y\u0131n.<\/li>\n<li>\u0130yile\u015fme ve Kapan\u0131\u015f: Yas tutan aile \u00fcyeleri i\u00e7in duygusal iyile\u015fme ve kapan\u0131\u015f sa\u011flay\u0131n.<\/li>\n<\/ul>\n<div class=\"dual-btn-cont mt-4\">\n<ul>\n<li><a href=\"https:\/\/mypalmleaf.com\/tr\/prices\/athma-shanthi-puja-vefat-eden-birinin-ruhunun-huzur-icinde-yatmasina-yardimci-olmak-icin-yapilan-ozel-rituel\/\" class=\"btn btn-primary\">Atalar\u0131n\u0131z\u0131n ruhlar\u0131 i\u00e7in Athma Shanti Puja i\u00e7in rezervasyon yapt\u0131r\u0131n<\/a><\/li>\n<\/ul>\n<\/div>\n      <\/div>\n      <div class=\"col-lg-5 mb-4 mb-lg-0\">\n        <div class=\"rounded-asset\">\n          <img decoding=\"async\" src=\"https:\/\/staging.mypalmleaf.com\/wp-content\/uploads\/2024\/11\/atma-shant-thumb1.jpg\" class=\"img-fluid\" alt=\"\"\/>\n        <\/div>\n      <\/div>\n    <\/div>\n  <\/div>\n       \n  <\/section>\n\n<section class=\"my-6 position-relative\">\n  <div class=\"container-xl aos-init aos-animate\" data-aos=\"fade-up\" data-aos-duration=\"1000\">\n    <div class=\"row align-items-center\">\n      <div class=\"col-lg-5 mb-4 mb-lg-0\">\n        <div class=\"rounded-asset\">\n          <img decoding=\"async\" src=\"https:\/\/staging.mypalmleaf.com\/wp-content\/uploads\/2024\/11\/atma-shant-thumb2.jpg\" class=\"img-fluid\" alt=\"\"\/>\n        <\/div>\n      <\/div>\n      <div class=\"col-lg-7\">\n        <h2 class=\"mb-4\">Bu Pujay\u0131 Kimler Dikkate Almal\u0131?<\/h2>\n        <p>Athma Shanthi Puja, sevdi\u011fi birini kaybeden ve ruhuna huzur getirmek isteyen herkes i\u00e7in tavsiye edilir. \u00d6zellikle \u015fu durumlarda faydal\u0131d\u0131r: <\/p>\n        <ul>\n          <li>\u00d6len ki\u015fi trajik veya ani ko\u015fullar alt\u0131nda vefat etmi\u015ftir.<\/li>\n          <li>Uygun cenaze t\u00f6renleri yap\u0131lmam\u0131\u015ft\u0131r ya da ruhani i\u015flerin yar\u0131m kald\u0131\u011f\u0131 hissi vard\u0131r.<\/li>\n          <li>Ya\u015fam\u0131n\u0131zda atalar\u0131n\u0131zdan kalma rahats\u0131zl\u0131klar\u0131n varl\u0131\u011f\u0131n\u0131 hissediyorsunuz.<\/li>\n          <li>Atalar\u0131n\u0131z\u0131 onurland\u0131rmak ve onlara minnettarl\u0131\u011f\u0131n\u0131z\u0131 ifade etmek istiyorsunuz.<\/li>\n        <\/ul>\n<div class=\"dual-btn-cont mt-4\">\n<ul>\n<li><a href=\"https:\/\/mypalmleaf.com\/tr\/prices\/athma-shanthi-puja-vefat-eden-birinin-ruhunun-huzur-icinde-yatmasina-yardimci-olmak-icin-yapilan-ozel-rituel\/\" class=\"btn btn-primary\">Atalar\u0131n\u0131z\u0131n ruhlar\u0131 i\u00e7in Athma Shanti Puja i\u00e7in rezervasyon yapt\u0131r\u0131n<\/a><\/li>\n<\/ul>\n<\/div>\n      <\/div>\n      \n    <\/div>\n  <\/div>\n       \n  <\/section>\n\n<section class=\"my-6 position-relative\">\n  <div class=\"container-xl aos-init aos-animate\" data-aos=\"fade-up\" data-aos-duration=\"1000\">\n    <div class=\"row align-items-center\">\n      <div class=\"col-lg-7\">\n        <h2 class=\"mb-4\">Athma Shanti Puja Nas\u0131l Ger\u00e7ekle\u015ftirilir?<\/h2>\n<p>T\u00f6ren eski Vedik geleneklere g\u00f6re ger\u00e7ekle\u015ftirilir ve genellikle kutsal bir su k\u00fctlesinin veya bir suna\u011f\u0131n yak\u0131n\u0131nda yap\u0131l\u0131r. \u0130\u015fte sizi bekleyenler: <\/p>\n<ul>\n<li>\u0130lahi Enerjilerin \u00c7a\u011fr\u0131lmas\u0131: Rit\u00fcel, alan\u0131 ar\u0131nd\u0131rmak ve ilahi enerjileri \u00e7a\u011f\u0131rmak i\u00e7in mantralar\u0131n ve dualar\u0131n s\u00f6ylenmesiyle ba\u015flar.<\/li>\n<li>Kutsal Adaklar: \u00d6len ki\u015finin ruhuna pirin\u00e7, \u00e7i\u00e7ek ve kutsal e\u015fyalar i\u00e7eren adaklar sunulur.<\/li>\n<li>Bar\u0131\u015f i\u00e7in Dualar: Ruhu kutsamak ve kurtulu\u015fa do\u011fru y\u00f6nlendirmek i\u00e7in \u00f6zel dualar ve mantralar s\u00f6ylenir.  <\/li>\n<li>Su Rit\u00fcelleri: T\u00f6ren, ruhun ar\u0131nmas\u0131n\u0131 ve sal\u0131verilmesini simgeleyen kutsal sulara yap\u0131lan sunular\u0131 i\u00e7erebilir.<\/li>\n<\/ul>\n<div class=\"dual-btn-cont mt-4\">\n<ul>\n<li><a href=\"https:\/\/mypalmleaf.com\/tr\/prices\/athma-shanthi-puja-vefat-eden-birinin-ruhunun-huzur-icinde-yatmasina-yardimci-olmak-icin-yapilan-ozel-rituel\/\" class=\"btn btn-primary\">Atalar\u0131n\u0131z\u0131n ruhlar\u0131 i\u00e7in Athma Shanti Puja i\u00e7in rezervasyon yapt\u0131r\u0131n<\/a><\/li>\n<\/ul>\n<\/div>\n      <\/div>\n      <div class=\"col-lg-5 mb-4 mb-lg-0\">\n        <div class=\"rounded-asset\">\n          <img decoding=\"async\" src=\"https:\/\/staging.mypalmleaf.com\/wp-content\/uploads\/2024\/11\/atma-shant-thumb3-1.jpg\" class=\"img-fluid\" alt=\"\"\/>\n        <\/div>\n      <\/div>\n    <\/div>\n  <\/div>\n       \n  <\/section>\n<section class=\"accordion-container position-relative \" data-aos=\"fade-up\" data-aos-duration=\"1000\" id=\"general-questions\">\n  <div class=\"container-xl\">\n    <div class=\"row\">\n      <h3>S\u0131k\u00e7a Sorulan Sorular<\/h3>\n      <div class=\"accr-wrap\">\n                  <div class=\"head\">Athma Shanthi Puja i\u00e7in haz\u0131r bulunmam gerekiyor mu?<\/div>\n          <div class=\"content\">\n            <p>Hay\u0131r, fiziksel olarak haz\u0131r bulunman\u0131z gerekli de\u011fildir. Vedik rahiplerimiz rit\u00fceli ayn\u0131 h\u00fcrmet ve niyetle ger\u00e7ekle\u015ftirecek ve kutsamalar ve enerji varl\u0131\u011f\u0131n\u0131zdan ba\u011f\u0131ms\u0131z olarak ruha ula\u015facakt\u0131r. Ancak, t\u00f6rene tan\u0131kl\u0131k etmek isterseniz Zoom arac\u0131l\u0131\u011f\u0131yla kat\u0131labilirsiniz.  <\/p>\n          <\/div>\n                  <div class=\"head\">Puja uzun zaman \u00f6nce vefat etmi\u015f biri i\u00e7in yap\u0131labilir mi?<\/div>\n          <div class=\"content\">\n            <p>Evet, Athma Shanthi Puja y\u0131llar \u00f6nce aram\u0131zdan ayr\u0131lan ruhlar i\u00e7in ger\u00e7ekle\u015ftirilebilir. Bu rit\u00fcel zamans\u0131zd\u0131r ve ne zaman \u00f6ld\u00fcklerine bak\u0131lmaks\u0131z\u0131n her ruha huzur ve sal\u0131verme getirebilir. <\/p>\n          <\/div>\n                  <div class=\"head\">Puja i\u00e7in hangi bilgileri vermem gerekiyor?<\/div>\n          <div class=\"content\">\n            <p>Genellikle vefat eden ki\u015finin ad\u0131n\u0131 ve onunla olan ili\u015fkinizi belirtmenizi isteriz. Vefat ko\u015fullar\u0131 gibi ek ayr\u0131nt\u0131lar da yard\u0131mc\u0131 olabilir. <\/p>\n          <\/div>\n                  <div class=\"head\">Athma Shanthi Puja ayn\u0131 anda birden fazla ruh i\u00e7in ger\u00e7ekle\u015ftirilebilir mi?<\/div>\n          <div class=\"content\">\n            <p>Evet, Puja&#8217;y\u0131 birden fazla ruh i\u00e7in ger\u00e7ekle\u015ftirmek m\u00fcmk\u00fcnd\u00fcr. L\u00fctfen her bir ruhun ayr\u0131nt\u0131lar\u0131n\u0131 belirtin; rahiplerimiz rit\u00fcelin buna g\u00f6re ki\u015fiselle\u015ftirilmesini sa\u011flayacakt\u0131r. <\/p>\n          <\/div>\n                  <div class=\"head\">Puja&#8217;dan sonra ne yapmal\u0131y\u0131m?<\/div>\n          <div class=\"content\">\n            <p>Puja, karma\u015f\u0131kl\u0131\u011f\u0131na ve onurland\u0131r\u0131lan ruhlar\u0131n say\u0131s\u0131na ba\u011fl\u0131 olarak tipik olarak 20-60 dakika s\u00fcrer. T\u00f6ren i\u00e7in yap\u0131lan haz\u0131rl\u0131klar saatler s\u00fcrer. <\/p>\n          <\/div>\n                  <div class=\"head\">Athma Shanthi Puja ne kadar s\u00fcrer?<\/div>\n          <div class=\"content\">\n            <p>Puja, karma\u015f\u0131kl\u0131\u011f\u0131na ve onurland\u0131r\u0131lan ruhlar\u0131n say\u0131s\u0131na ba\u011fl\u0131 olarak tipik olarak 20-60 dakika s\u00fcrer. T\u00f6ren i\u00e7in yap\u0131lan haz\u0131rl\u0131klar saatler s\u00fcrer. <\/p>\n          <\/div>\n                  <div class=\"head\">Bu Puja&#8217;y\u0131 y\u0131ld\u00f6n\u00fcmleri gibi \u00f6nemli tarihlerde veya Pitru Paksha s\u0131ras\u0131nda ger\u00e7ekle\u015ftirebilir miyim?<\/div>\n          <div class=\"content\">\n            <p>Evet, Athma Shanthi Puja&#8217;y\u0131 \u00f6l\u00fcm y\u0131ld\u00f6n\u00fcmleri gibi \u00f6nemli tarihlerde veya Pitru Paksha d\u00f6neminde ger\u00e7ekle\u015ftirmek faydalar\u0131n\u0131 art\u0131rabilir. T\u00f6reni buna g\u00f6re planlaman\u0131za yard\u0131mc\u0131 olabiliriz. <\/p>\n          <\/div>\n                  <div class=\"head\">Athma Shanthi Puja t\u00fcm inan\u00e7lar ve gelenekler i\u00e7in uygun mudur?<\/div>\n          <div class=\"content\">\n            <p>Evet, k\u00f6kleri Vedik gelene\u011fe dayanmakla birlikte Puja, \u00f6len ki\u015fiye huzur ve bereket getirmeyi ama\u00e7layan evrensel bir rit\u00fceldir. Ruhani veya dini inan\u00e7lar\u0131 ne olursa olsun herkes i\u00e7in ger\u00e7ekle\u015ftirilebilir. <\/p>\n          <\/div>\n                  <div class=\"head\">Mypalmleaf&#8217;ten bir moderat\u00f6r bana e\u015flik edecek mi?<\/div>\n          <div class=\"content\">\n            <p>Evet, moderat\u00f6rlerimizden biri Athma Shanti Puja&#8217;da haz\u0131r bulunacakt\u0131r. Size rehberlik edecek ve gerekirse size her \u015feyi a\u00e7\u0131klayacaklard\u0131r. <\/p>\n          <\/div>\n              <\/div>\n    <\/div>\n  <\/div>\n  \n<\/section>\n<\/div>","protected":false},"excerpt":{"rendered":"<p>Athma Shanthi Puja Neden Yap\u0131l\u0131r? Athma Shanthi Puja hem ya\u015fayanlara hem de \u00f6lenlere hizmet eden \u015fefkatli ve g\u00fc\u00e7l\u00fc bir rit\u00fceldir. \u0130\u015fte bu y\u00fczden \u00f6nemli: Ruh Kurtulu\u015fu: \u00d6len ruhun huzura kavu\u015fmas\u0131na ve yeniden do\u011fu\u015f d\u00f6ng\u00fcs\u00fcnden kurtulmas\u0131na yard\u0131mc\u0131 olun. Karmik \u00c7\u00f6z\u00fcmleme: \u00c7\u00f6z\u00fclmemi\u015f atasal enerjilerin neden oldu\u011fu olumsuz karmik etkileri serbest b\u0131rak\u0131n. Atalar\u0131n Kutsamalar\u0131: Atalar\u0131n\u0131zdan gelen kutsamalar\u0131 ve [&hellip;]<\/p>\n","protected":false},"author":1,"featured_media":0,"parent":0,"menu_order":0,"comment_status":"closed","ping_status":"closed","template":"","meta":{"_acf_changed":false,"footnotes":""},"class_list":["post-45494","page","type-page","status-publish","hentry"],"acf":[],"yoast_head":"<!-- This site is optimized with the Yoast SEO plugin v26.4 - https:\/\/yoast.com\/wordpress\/plugins\/seo\/ -->\n<title>Athma Shanthi Puja - My Palm Leaf<\/title>\n<meta name=\"description\" content=\"Athma Shanthi Puja, vefat eden sevdiklerinizin ruhuna huzur getiren \u00f6zel bir rit\u00fceldir. Onlara sevgi ve bar\u0131\u015f sunmak i\u00e7in \u015fimdi kat\u0131l\u0131n.\" \/>\n<meta name=\"robots\" content=\"index, follow, max-snippet:-1, max-image-preview:large, max-video-preview:-1\" \/>\n<link rel=\"canonical\" href=\"https:\/\/mypalmleaf.com\/athma-shanthi-puja\/\" \/>\n<meta property=\"og:locale\" content=\"tr_TR\" \/>\n<meta property=\"og:type\" content=\"article\" \/>\n<meta property=\"og:title\" content=\"Athma Shanthi Puja - My Palm Leaf\" \/>\n<meta property=\"og:description\" content=\"Athma Shanthi Puja, vefat eden sevdiklerinizin ruhuna huzur getiren \u00f6zel bir rit\u00fceldir. Onlara sevgi ve bar\u0131\u015f sunmak i\u00e7in \u015fimdi kat\u0131l\u0131n.\" \/>\n<meta property=\"og:url\" content=\"https:\/\/mypalmleaf.com\/athma-shanthi-puja\/\" \/>\n<meta property=\"og:site_name\" content=\"My Palm Leaf\" \/>\n<meta property=\"article:modified_time\" content=\"2025-04-28T09:30:03+00:00\" \/>\n<meta property=\"og:image\" content=\"https:\/\/staging.mypalmleaf.com\/wp-content\/uploads\/2024\/11\/atma-shant-thumb1.jpg\" \/>\n<meta name=\"twitter:card\" content=\"summary_large_image\" \/>\n<meta name=\"twitter:label1\" content=\"Tahmini okuma s\u00fcresi\" \/>\n\t<meta name=\"twitter:data1\" content=\"2 dakika\" \/>\n<script type=\"application\/ld+json\" class=\"yoast-schema-graph\">{\"@context\":\"https:\/\/schema.org\",\"@graph\":[{\"@type\":\"WebPage\",\"@id\":\"https:\/\/mypalmleaf.com\/athma-shanthi-puja\/\",\"url\":\"https:\/\/mypalmleaf.com\/athma-shanthi-puja\/\",\"name\":\"Athma Shanthi Puja - My Palm Leaf\",\"isPartOf\":{\"@id\":\"https:\/\/mypalmleaf.com\/#website\"},\"primaryImageOfPage\":{\"@id\":\"https:\/\/mypalmleaf.com\/athma-shanthi-puja\/#primaryimage\"},\"image\":{\"@id\":\"https:\/\/mypalmleaf.com\/athma-shanthi-puja\/#primaryimage\"},\"thumbnailUrl\":\"https:\/\/staging.mypalmleaf.com\/wp-content\/uploads\/2024\/11\/atma-shant-thumb1.jpg\",\"datePublished\":\"2024-11-10T07:16:42+00:00\",\"dateModified\":\"2025-04-28T09:30:03+00:00\",\"description\":\"Athma Shanthi Puja, vefat eden sevdiklerinizin ruhuna huzur getiren \u00f6zel bir rit\u00fceldir. Onlara sevgi ve bar\u0131\u015f sunmak i\u00e7in \u015fimdi kat\u0131l\u0131n.\",\"breadcrumb\":{\"@id\":\"https:\/\/mypalmleaf.com\/athma-shanthi-puja\/#breadcrumb\"},\"inLanguage\":\"tr\",\"potentialAction\":[{\"@type\":\"ReadAction\",\"target\":[\"https:\/\/mypalmleaf.com\/athma-shanthi-puja\/\"]}]},{\"@type\":\"ImageObject\",\"inLanguage\":\"tr\",\"@id\":\"https:\/\/mypalmleaf.com\/athma-shanthi-puja\/#primaryimage\",\"url\":\"https:\/\/staging.mypalmleaf.com\/wp-content\/uploads\/2024\/11\/atma-shant-thumb1.jpg\",\"contentUrl\":\"https:\/\/staging.mypalmleaf.com\/wp-content\/uploads\/2024\/11\/atma-shant-thumb1.jpg\"},{\"@type\":\"BreadcrumbList\",\"@id\":\"https:\/\/mypalmleaf.com\/athma-shanthi-puja\/#breadcrumb\",\"itemListElement\":[{\"@type\":\"ListItem\",\"position\":1,\"name\":\"Home\",\"item\":\"https:\/\/mypalmleaf.com\/tr\/\"},{\"@type\":\"ListItem\",\"position\":2,\"name\":\"Athma Shanthi Puja\"}]},{\"@type\":\"WebSite\",\"@id\":\"https:\/\/mypalmleaf.com\/#website\",\"url\":\"https:\/\/mypalmleaf.com\/\",\"name\":\"My Palm Leaf\",\"description\":\"\",\"potentialAction\":[{\"@type\":\"SearchAction\",\"target\":{\"@type\":\"EntryPoint\",\"urlTemplate\":\"https:\/\/mypalmleaf.com\/?s={search_term_string}\"},\"query-input\":{\"@type\":\"PropertyValueSpecification\",\"valueRequired\":true,\"valueName\":\"search_term_string\"}}],\"inLanguage\":\"tr\"}]}<\/script>\n<!-- \/ Yoast SEO plugin. -->","yoast_head_json":{"title":"Athma Shanthi Puja - My Palm Leaf","description":"Athma Shanthi Puja, vefat eden sevdiklerinizin ruhuna huzur getiren \u00f6zel bir rit\u00fceldir. Onlara sevgi ve bar\u0131\u015f sunmak i\u00e7in \u015fimdi kat\u0131l\u0131n.","robots":{"index":"index","follow":"follow","max-snippet":"max-snippet:-1","max-image-preview":"max-image-preview:large","max-video-preview":"max-video-preview:-1"},"canonical":"https:\/\/mypalmleaf.com\/athma-shanthi-puja\/","og_locale":"tr_TR","og_type":"article","og_title":"Athma Shanthi Puja - My Palm Leaf","og_description":"Athma Shanthi Puja, vefat eden sevdiklerinizin ruhuna huzur getiren \u00f6zel bir rit\u00fceldir. Onlara sevgi ve bar\u0131\u015f sunmak i\u00e7in \u015fimdi kat\u0131l\u0131n.","og_url":"https:\/\/mypalmleaf.com\/athma-shanthi-puja\/","og_site_name":"My Palm Leaf","article_modified_time":"2025-04-28T09:30:03+00:00","og_image":[{"url":"https:\/\/staging.mypalmleaf.com\/wp-content\/uploads\/2024\/11\/atma-shant-thumb1.jpg","type":"","width":"","height":""}],"twitter_card":"summary_large_image","twitter_misc":{"Tahmini okuma s\u00fcresi":"2 dakika"},"schema":{"@context":"https:\/\/schema.org","@graph":[{"@type":"WebPage","@id":"https:\/\/mypalmleaf.com\/athma-shanthi-puja\/","url":"https:\/\/mypalmleaf.com\/athma-shanthi-puja\/","name":"Athma Shanthi Puja - My Palm Leaf","isPartOf":{"@id":"https:\/\/mypalmleaf.com\/#website"},"primaryImageOfPage":{"@id":"https:\/\/mypalmleaf.com\/athma-shanthi-puja\/#primaryimage"},"image":{"@id":"https:\/\/mypalmleaf.com\/athma-shanthi-puja\/#primaryimage"},"thumbnailUrl":"https:\/\/staging.mypalmleaf.com\/wp-content\/uploads\/2024\/11\/atma-shant-thumb1.jpg","datePublished":"2024-11-10T07:16:42+00:00","dateModified":"2025-04-28T09:30:03+00:00","description":"Athma Shanthi Puja, vefat eden sevdiklerinizin ruhuna huzur getiren \u00f6zel bir rit\u00fceldir. Onlara sevgi ve bar\u0131\u015f sunmak i\u00e7in \u015fimdi kat\u0131l\u0131n.","breadcrumb":{"@id":"https:\/\/mypalmleaf.com\/athma-shanthi-puja\/#breadcrumb"},"inLanguage":"tr","potentialAction":[{"@type":"ReadAction","target":["https:\/\/mypalmleaf.com\/athma-shanthi-puja\/"]}]},{"@type":"ImageObject","inLanguage":"tr","@id":"https:\/\/mypalmleaf.com\/athma-shanthi-puja\/#primaryimage","url":"https:\/\/staging.mypalmleaf.com\/wp-content\/uploads\/2024\/11\/atma-shant-thumb1.jpg","contentUrl":"https:\/\/staging.mypalmleaf.com\/wp-content\/uploads\/2024\/11\/atma-shant-thumb1.jpg"},{"@type":"BreadcrumbList","@id":"https:\/\/mypalmleaf.com\/athma-shanthi-puja\/#breadcrumb","itemListElement":[{"@type":"ListItem","position":1,"name":"Home","item":"https:\/\/mypalmleaf.com\/tr\/"},{"@type":"ListItem","position":2,"name":"Athma Shanthi Puja"}]},{"@type":"WebSite","@id":"https:\/\/mypalmleaf.com\/#website","url":"https:\/\/mypalmleaf.com\/","name":"My Palm Leaf","description":"","potentialAction":[{"@type":"SearchAction","target":{"@type":"EntryPoint","urlTemplate":"https:\/\/mypalmleaf.com\/?s={search_term_string}"},"query-input":{"@type":"PropertyValueSpecification","valueRequired":true,"valueName":"search_term_string"}}],"inLanguage":"tr"}]}},"_links":{"self":[{"href":"https:\/\/mypalmleaf.com\/tr\/wp-json\/wp\/v2\/pages\/45494","targetHints":{"allow":["GET"]}}],"collection":[{"href":"https:\/\/mypalmleaf.com\/tr\/wp-json\/wp\/v2\/pages"}],"about":[{"href":"https:\/\/mypalmleaf.com\/tr\/wp-json\/wp\/v2\/types\/page"}],"author":[{"embeddable":true,"href":"https:\/\/mypalmleaf.com\/tr\/wp-json\/wp\/v2\/users\/1"}],"replies":[{"embeddable":true,"href":"https:\/\/mypalmleaf.com\/tr\/wp-json\/wp\/v2\/comments?post=45494"}],"version-history":[{"count":1,"href":"https:\/\/mypalmleaf.com\/tr\/wp-json\/wp\/v2\/pages\/45494\/revisions"}],"predecessor-version":[{"id":101460,"href":"https:\/\/mypalmleaf.com\/tr\/wp-json\/wp\/v2\/pages\/45494\/revisions\/101460"}],"wp:attachment":[{"href":"https:\/\/mypalmleaf.com\/tr\/wp-json\/wp\/v2\/media?parent=45494"}],"curies":[{"name":"wp","href":"https:\/\/api.w.org\/{rel}","templated":true}]}}