
{"id":38696,"date":"2024-09-04T10:10:30","date_gmt":"2024-09-04T10:10:30","guid":{"rendered":"https:\/\/mypalmleaf.com\/prices\/sevdiklerinize-el-fali-hediye-edin\/"},"modified":"2025-04-28T07:40:40","modified_gmt":"2025-04-28T07:40:40","slug":"sevdiklerinize-el-fali-hediye-edin","status":"publish","type":"product","link":"https:\/\/mypalmleaf.com\/tr\/prices\/sevdiklerinize-el-fali-hediye-edin\/","title":{"rendered":"Sevdiklerinize el fal\u0131 hediye edin"},"content":{"rendered":"\n<p>Sevdi\u011finiz birine el fal\u0131 hediye etmek i\u00e7in bir kupon al\u0131n.  <\/p>\n<ul>\n<li>Hindistan&#8217;da Palmiye Yapra\u011f\u0131n\u0131z\u0131 i\u00e7erebilecek paketlerin bulunmas\u0131<\/li>\n<li>Palmiye Yapra\u011f\u0131n\u0131z\u0131 tan\u0131mlamak i\u00e7in \u00e7evrimi\u00e7i e\u015fle\u015ftirme i\u015flemini yapmak<\/li>\n<li>Genel b\u00f6l\u00fcm\u00fcn okunmas\u0131<\/li>\n<li>B\u00f6l\u00fcm 14&#8217;\u00fcn okunmas\u0131 (enerjik \u00e7areler)<\/li>\n<li>Okuman\u0131z\u0131n Video Kayd\u0131<\/li>\n<li>Palmiye yapra\u011f\u0131n\u0131n foto\u011fraf\u0131.<\/li>\n<li>Yapra\u011f\u0131n\u0131z bulunamazsa Para \u0130ade Garantisi.<\/li>\n<\/ul>\n","protected":false},"excerpt":{"rendered":"<p><strong>Hizmet \u015funlar\u0131 i\u00e7erir<\/strong><\/p>\n<ul>\n<li>Hindistan&#8217;da Palmiye Yapra\u011f\u0131n\u0131z\u0131 i\u00e7erebilecek paketlerin bulunmas\u0131<\/li>\n<li>Palm Leaf&#8217;inizi tan\u0131mlamak i\u00e7in \u00e7evrimi\u00e7i e\u015fle\u015ftirme i\u015flemini yapmak&#8230;<\/li>\n<\/ul>\n","protected":false},"featured_media":14143,"comment_status":"open","ping_status":"closed","template":"","meta":{"_acf_changed":false},"product_brand":[],"product_cat":[362],"product_tag":[],"class_list":{"0":"post-38696","1":"product","2":"type-product","3":"status-publish","4":"has-post-thumbnail","6":"product_cat-uncategorized-tr","8":"first","9":"instock","10":"taxable","11":"shipping-taxable","12":"purchasable","13":"product-type-variable"},"exclude_global_add_ons":false,"addons":[{"name":"Hediye Alan\u0131n Ad\u0131","type":"custom_text","position":0,"required":true,"title_format":"label","description_enable":false,"description":"","placeholder_enable":false,"placeholder":"","display":"select","restrictions_type":"any_text","adjust_price":false,"price":"","price_type":"flat_fee","restrictions":false,"min":0,"max":0,"options":[],"id":1725954986}],"acf":[],"yoast_head":"<!-- This site is optimized with the Yoast SEO plugin v26.4 - https:\/\/yoast.com\/wordpress\/plugins\/seo\/ -->\n<title>Sevdiklerinize el fal\u0131 hediye edin - My Palm Leaf<\/title>\n<meta name=\"description\" content=\"Sevdiklerinize anlaml\u0131 bir hediye verin. El fal\u0131 hediyesi ile onlar\u0131n gelece\u011fini ke\u015ffetmelerine yard\u0131mc\u0131 olun. Hemen \u015fimdi sat\u0131n al\u0131n burada.\" \/>\n<meta name=\"robots\" content=\"index, follow, max-snippet:-1, max-image-preview:large, max-video-preview:-1\" \/>\n<link rel=\"canonical\" href=\"https:\/\/mypalmleaf.com\/prices\/gift-voucher\/\" \/>\n<meta property=\"og:locale\" content=\"tr_TR\" \/>\n<meta property=\"og:type\" content=\"article\" \/>\n<meta property=\"og:title\" content=\"Sevdiklerinize el fal\u0131 hediye edin - My Palm Leaf\" \/>\n<meta property=\"og:description\" content=\"Sevdiklerinize anlaml\u0131 bir hediye verin. El fal\u0131 hediyesi ile onlar\u0131n gelece\u011fini ke\u015ffetmelerine yard\u0131mc\u0131 olun. Hemen \u015fimdi sat\u0131n al\u0131n burada.\" \/>\n<meta property=\"og:url\" content=\"https:\/\/mypalmleaf.com\/prices\/gift-voucher\/\" \/>\n<meta property=\"og:site_name\" content=\"My Palm Leaf\" \/>\n<meta property=\"article:modified_time\" content=\"2025-04-28T07:40:40+00:00\" \/>\n<meta property=\"og:image\" content=\"https:\/\/mypalmleaf.com\/wp-content\/uploads\/2024\/09\/mantra-product-page-21.jpg\" \/>\n\t<meta property=\"og:image:width\" content=\"800\" \/>\n\t<meta property=\"og:image:height\" content=\"444\" \/>\n\t<meta property=\"og:image:type\" content=\"image\/jpeg\" \/>\n<meta name=\"twitter:card\" content=\"summary_large_image\" \/>\n<meta name=\"twitter:label1\" content=\"Tahmini okuma s\u00fcresi\" \/>\n\t<meta name=\"twitter:data1\" content=\"1 dakika\" \/>\n<script type=\"application\/ld+json\" class=\"yoast-schema-graph\">{\"@context\":\"https:\/\/schema.org\",\"@graph\":[{\"@type\":\"WebPage\",\"@id\":\"https:\/\/mypalmleaf.com\/prices\/gift-voucher\/\",\"url\":\"https:\/\/mypalmleaf.com\/prices\/gift-voucher\/\",\"name\":\"Sevdiklerinize el fal\u0131 hediye edin - My Palm Leaf\",\"isPartOf\":{\"@id\":\"https:\/\/mypalmleaf.com\/#website\"},\"primaryImageOfPage\":{\"@id\":\"https:\/\/mypalmleaf.com\/prices\/gift-voucher\/#primaryimage\"},\"image\":{\"@id\":\"https:\/\/mypalmleaf.com\/prices\/gift-voucher\/#primaryimage\"},\"thumbnailUrl\":\"https:\/\/mypalmleaf.com\/wp-content\/uploads\/2024\/09\/mantra-product-page-21.jpg\",\"datePublished\":\"2024-09-04T10:10:30+00:00\",\"dateModified\":\"2025-04-28T07:40:40+00:00\",\"description\":\"Sevdiklerinize anlaml\u0131 bir hediye verin. El fal\u0131 hediyesi ile onlar\u0131n gelece\u011fini ke\u015ffetmelerine yard\u0131mc\u0131 olun. Hemen \u015fimdi sat\u0131n al\u0131n burada.\",\"breadcrumb\":{\"@id\":\"https:\/\/mypalmleaf.com\/prices\/gift-voucher\/#breadcrumb\"},\"inLanguage\":\"tr\",\"potentialAction\":[{\"@type\":\"ReadAction\",\"target\":[\"https:\/\/mypalmleaf.com\/prices\/gift-voucher\/\"]}]},{\"@type\":\"ImageObject\",\"inLanguage\":\"tr\",\"@id\":\"https:\/\/mypalmleaf.com\/prices\/gift-voucher\/#primaryimage\",\"url\":\"https:\/\/mypalmleaf.com\/wp-content\/uploads\/2024\/09\/mantra-product-page-21.jpg\",\"contentUrl\":\"https:\/\/mypalmleaf.com\/wp-content\/uploads\/2024\/09\/mantra-product-page-21.jpg\",\"width\":800,\"height\":444,\"caption\":\"A gift card for a palm leaf reading for Maria\"},{\"@type\":\"BreadcrumbList\",\"@id\":\"https:\/\/mypalmleaf.com\/prices\/gift-voucher\/#breadcrumb\",\"itemListElement\":[{\"@type\":\"ListItem\",\"position\":1,\"name\":\"Home\",\"item\":\"https:\/\/mypalmleaf.com\/tr\/\"},{\"@type\":\"ListItem\",\"position\":2,\"name\":\"Shop\",\"item\":\"https:\/\/mypalmleaf.com\/et\/shop\/\"},{\"@type\":\"ListItem\",\"position\":3,\"name\":\"Sevdiklerinize el fal\u0131 hediye edin\"}]},{\"@type\":\"WebSite\",\"@id\":\"https:\/\/mypalmleaf.com\/#website\",\"url\":\"https:\/\/mypalmleaf.com\/\",\"name\":\"My Palm Leaf\",\"description\":\"\",\"potentialAction\":[{\"@type\":\"SearchAction\",\"target\":{\"@type\":\"EntryPoint\",\"urlTemplate\":\"https:\/\/mypalmleaf.com\/?s={search_term_string}\"},\"query-input\":{\"@type\":\"PropertyValueSpecification\",\"valueRequired\":true,\"valueName\":\"search_term_string\"}}],\"inLanguage\":\"tr\"}]}<\/script>\n<!-- \/ Yoast SEO plugin. -->","yoast_head_json":{"title":"Sevdiklerinize el fal\u0131 hediye edin - My Palm Leaf","description":"Sevdiklerinize anlaml\u0131 bir hediye verin. El fal\u0131 hediyesi ile onlar\u0131n gelece\u011fini ke\u015ffetmelerine yard\u0131mc\u0131 olun. Hemen \u015fimdi sat\u0131n al\u0131n burada.","robots":{"index":"index","follow":"follow","max-snippet":"max-snippet:-1","max-image-preview":"max-image-preview:large","max-video-preview":"max-video-preview:-1"},"canonical":"https:\/\/mypalmleaf.com\/prices\/gift-voucher\/","og_locale":"tr_TR","og_type":"article","og_title":"Sevdiklerinize el fal\u0131 hediye edin - My Palm Leaf","og_description":"Sevdiklerinize anlaml\u0131 bir hediye verin. El fal\u0131 hediyesi ile onlar\u0131n gelece\u011fini ke\u015ffetmelerine yard\u0131mc\u0131 olun. Hemen \u015fimdi sat\u0131n al\u0131n burada.","og_url":"https:\/\/mypalmleaf.com\/prices\/gift-voucher\/","og_site_name":"My Palm Leaf","article_modified_time":"2025-04-28T07:40:40+00:00","og_image":[{"width":800,"height":444,"url":"https:\/\/mypalmleaf.com\/wp-content\/uploads\/2024\/09\/mantra-product-page-21.jpg","type":"image\/jpeg"}],"twitter_card":"summary_large_image","twitter_misc":{"Tahmini okuma s\u00fcresi":"1 dakika"},"schema":{"@context":"https:\/\/schema.org","@graph":[{"@type":"WebPage","@id":"https:\/\/mypalmleaf.com\/prices\/gift-voucher\/","url":"https:\/\/mypalmleaf.com\/prices\/gift-voucher\/","name":"Sevdiklerinize el fal\u0131 hediye edin - My Palm Leaf","isPartOf":{"@id":"https:\/\/mypalmleaf.com\/#website"},"primaryImageOfPage":{"@id":"https:\/\/mypalmleaf.com\/prices\/gift-voucher\/#primaryimage"},"image":{"@id":"https:\/\/mypalmleaf.com\/prices\/gift-voucher\/#primaryimage"},"thumbnailUrl":"https:\/\/mypalmleaf.com\/wp-content\/uploads\/2024\/09\/mantra-product-page-21.jpg","datePublished":"2024-09-04T10:10:30+00:00","dateModified":"2025-04-28T07:40:40+00:00","description":"Sevdiklerinize anlaml\u0131 bir hediye verin. El fal\u0131 hediyesi ile onlar\u0131n gelece\u011fini ke\u015ffetmelerine yard\u0131mc\u0131 olun. Hemen \u015fimdi sat\u0131n al\u0131n burada.","breadcrumb":{"@id":"https:\/\/mypalmleaf.com\/prices\/gift-voucher\/#breadcrumb"},"inLanguage":"tr","potentialAction":[{"@type":"ReadAction","target":["https:\/\/mypalmleaf.com\/prices\/gift-voucher\/"]}]},{"@type":"ImageObject","inLanguage":"tr","@id":"https:\/\/mypalmleaf.com\/prices\/gift-voucher\/#primaryimage","url":"https:\/\/mypalmleaf.com\/wp-content\/uploads\/2024\/09\/mantra-product-page-21.jpg","contentUrl":"https:\/\/mypalmleaf.com\/wp-content\/uploads\/2024\/09\/mantra-product-page-21.jpg","width":800,"height":444,"caption":"A gift card for a palm leaf reading for Maria"},{"@type":"BreadcrumbList","@id":"https:\/\/mypalmleaf.com\/prices\/gift-voucher\/#breadcrumb","itemListElement":[{"@type":"ListItem","position":1,"name":"Home","item":"https:\/\/mypalmleaf.com\/tr\/"},{"@type":"ListItem","position":2,"name":"Shop","item":"https:\/\/mypalmleaf.com\/et\/shop\/"},{"@type":"ListItem","position":3,"name":"Sevdiklerinize el fal\u0131 hediye edin"}]},{"@type":"WebSite","@id":"https:\/\/mypalmleaf.com\/#website","url":"https:\/\/mypalmleaf.com\/","name":"My Palm Leaf","description":"","potentialAction":[{"@type":"SearchAction","target":{"@type":"EntryPoint","urlTemplate":"https:\/\/mypalmleaf.com\/?s={search_term_string}"},"query-input":{"@type":"PropertyValueSpecification","valueRequired":true,"valueName":"search_term_string"}}],"inLanguage":"tr"}]}},"_links":{"self":[{"href":"https:\/\/mypalmleaf.com\/tr\/wp-json\/wp\/v2\/product\/38696","targetHints":{"allow":["GET"]}}],"collection":[{"href":"https:\/\/mypalmleaf.com\/tr\/wp-json\/wp\/v2\/product"}],"about":[{"href":"https:\/\/mypalmleaf.com\/tr\/wp-json\/wp\/v2\/types\/product"}],"replies":[{"embeddable":true,"href":"https:\/\/mypalmleaf.com\/tr\/wp-json\/wp\/v2\/comments?post=38696"}],"wp:featuredmedia":[{"embeddable":true,"href":"https:\/\/mypalmleaf.com\/tr\/wp-json\/wp\/v2\/media\/14143"}],"wp:attachment":[{"href":"https:\/\/mypalmleaf.com\/tr\/wp-json\/wp\/v2\/media?parent=38696"}],"wp:term":[{"taxonomy":"product_brand","embeddable":true,"href":"https:\/\/mypalmleaf.com\/tr\/wp-json\/wp\/v2\/product_brand?post=38696"},{"taxonomy":"product_cat","embeddable":true,"href":"https:\/\/mypalmleaf.com\/tr\/wp-json\/wp\/v2\/product_cat?post=38696"},{"taxonomy":"product_tag","embeddable":true,"href":"https:\/\/mypalmleaf.com\/tr\/wp-json\/wp\/v2\/product_tag?post=38696"}],"curies":[{"name":"wp","href":"https:\/\/api.w.org\/{rel}","templated":true}]}}