
{"id":38746,"date":"2024-03-04T10:58:10","date_gmt":"2024-03-04T10:58:10","guid":{"rendered":"https:\/\/mypalmleaf.com\/prices\/sanal-hac-yolculugu\/"},"modified":"2025-04-17T10:24:30","modified_gmt":"2025-04-17T10:24:30","slug":"sanal-hac-yolculugu","status":"publish","type":"product","link":"https:\/\/mypalmleaf.com\/tr\/prices\/sanal-hac-yolculugu\/","title":{"rendered":"Sanal Hac Yolculu\u011fu"},"content":{"rendered":"<p class=\"mb-4\">Navagraha Tap\u0131naklar\u0131na Sanal Hac, sizi dokuz gezegenin enerjisine ba\u011flayarak ve ya\u015fam\u0131n\u0131z \u00fczerindeki etkilerini uyumlu hale getirerek karmik blokajlar\u0131 temizlemenize yard\u0131mc\u0131 olmak i\u00e7in tasarlanm\u0131\u015ft\u0131r.  <\/p>\n<p class=\"mb-4\">Karmik ko\u015fullar\u0131 iyile\u015ftirmenin ve mevcut blokajlar\u0131 d\u00f6n\u00fc\u015ft\u00fcrmenin g\u00fc\u00e7l\u00fc ama basit bir yoludur.<br \/>\nBu hac siz veya sevdi\u011finiz biri i\u00e7in ger\u00e7ekle\u015ftirilebilir. <\/p>\n<p>Sanal Hac Yolculu\u011fu \u015funlar\u0131 i\u00e7erir:<\/p>\n<ul class=\"mb-4\">\n<li>Navagraha tap\u0131naklar\u0131nda sizin i\u00e7in ger\u00e7ekle\u015ftirilen t\u00f6renler<\/li>\n<li>Hac yolculu\u011fu s\u0131ras\u0131nda g\u00fcnl\u00fck g\u00fcncellemeleri i\u00e7eren bir WhatsApp ve Telegram grubuna eri\u015fim<\/li>\n<li>Tap\u0131naklara ve ihtiya\u00e7 sahiplerine sizin ad\u0131n\u0131za yap\u0131lan ba\u011f\u0131\u015flar<\/li>\n<\/ul>\n<p class=\"mb-4\">Kutsal Hediyelik E\u015fyalar (ikinci se\u00e7enek i\u00e7in):<br \/> Bunlar, tap\u0131naklardan veya tap\u0131naklar\u0131n yak\u0131nlar\u0131ndan temin edilen ve tap\u0131naklar\u0131n enerjisiyle a\u015f\u0131lanm\u0131\u015f kutsanm\u0131\u015f e\u015fyalard\u0131r.<br \/> \u00d6nceden tam olarak hangi e\u015fyalar oldu\u011funu belirleyemesek de, sizi tap\u0131na\u011f\u0131n enerjisine ba\u011flamak i\u00e7in bir k\u00f6pr\u00fc g\u00f6revi g\u00f6r\u00fcrler.<br \/> Ne bekleyebilece\u011finize dair bir fikir edinmek i\u00e7in daha \u00f6nceki bir hac ziyaretinden al\u0131nan <a href=\"https:\/\/www.youtube.com\/watch?v=09WQJn8M8SA\" class=\"text-body\" data-lity=\"\">bu videoyu<\/a> izleyebilirsiniz.<\/p>\n<p><strong>Not:<\/strong> Kutsal hediyelik e\u015fyalar i\u00e7in d\u00fcnya \u00e7ap\u0131nda \u00fccretsiz g\u00f6nderim dahildir.<\/p>\n","protected":false},"excerpt":{"rendered":"<p>Navagraha Tap\u0131naklar\u0131na Sanal Hac<\/strong> sizi dokuz gezegenin enerjisine ba\u011flayarak ve ya\u015fam\u0131n\u0131z \u00fczerindeki etkilerini uyumlu hale getirerek karmik blokajlar\u0131 temizlemeye yard\u0131mc\u0131 olmak i\u00e7in tasarlanm\u0131\u015ft\u0131r&#8230;<\/p>\n","protected":false},"featured_media":3512,"comment_status":"open","ping_status":"closed","template":"","meta":{"_acf_changed":false},"product_brand":[],"product_cat":[362],"product_tag":[],"class_list":{"0":"post-38746","1":"product","2":"type-product","3":"status-publish","4":"has-post-thumbnail","6":"product_cat-uncategorized-tr","8":"first","9":"instock","10":"purchasable","11":"product-type-variable"},"exclude_global_add_ons":[],"addons":[],"acf":[],"yoast_head":"<!-- This site is optimized with the Yoast SEO plugin v26.4 - https:\/\/yoast.com\/wordpress\/plugins\/seo\/ -->\n<title>Sanal Hac Yolculu\u011fu - My Palm Leaf<\/title>\n<meta name=\"description\" content=\"Sanal Bir Hac Yolculu\u011funa \u00e7\u0131k\u0131n; kutsal rit\u00fcelleri ve ruhsal rehberli\u011fi evinizin konforunda deneyimleyin ve ilahi enerjilerle derin ba\u011f kurun.\" \/>\n<meta name=\"robots\" content=\"index, follow, max-snippet:-1, max-image-preview:large, max-video-preview:-1\" \/>\n<link rel=\"canonical\" href=\"https:\/\/mypalmleaf.com\/tr\/prices\/sanal-hac-yolculugu\/\" \/>\n<meta property=\"og:locale\" content=\"tr_TR\" \/>\n<meta property=\"og:type\" content=\"article\" \/>\n<meta property=\"og:title\" content=\"Sanal Hac Yolculu\u011fu - My Palm Leaf\" \/>\n<meta property=\"og:description\" content=\"Sanal Bir Hac Yolculu\u011funa \u00e7\u0131k\u0131n; kutsal rit\u00fcelleri ve ruhsal rehberli\u011fi evinizin konforunda deneyimleyin ve ilahi enerjilerle derin ba\u011f kurun.\" \/>\n<meta property=\"og:url\" content=\"https:\/\/mypalmleaf.com\/tr\/prices\/sanal-hac-yolculugu\/\" \/>\n<meta property=\"og:site_name\" content=\"My Palm Leaf\" \/>\n<meta property=\"article:modified_time\" content=\"2025-04-17T10:24:30+00:00\" \/>\n<meta property=\"og:image\" content=\"https:\/\/mypalmleaf.com\/wp-content\/uploads\/2024\/09\/mantra-product-page-18.jpg\" \/>\n\t<meta property=\"og:image:width\" content=\"1280\" \/>\n\t<meta property=\"og:image:height\" content=\"720\" \/>\n\t<meta property=\"og:image:type\" content=\"image\/jpeg\" \/>\n<meta name=\"twitter:card\" content=\"summary_large_image\" \/>\n<meta name=\"twitter:label1\" content=\"Tahmini okuma s\u00fcresi\" \/>\n\t<meta name=\"twitter:data1\" content=\"1 dakika\" \/>\n<script type=\"application\/ld+json\" class=\"yoast-schema-graph\">{\"@context\":\"https:\/\/schema.org\",\"@graph\":[{\"@type\":\"WebPage\",\"@id\":\"https:\/\/mypalmleaf.com\/tr\/prices\/sanal-hac-yolculugu\/\",\"url\":\"https:\/\/mypalmleaf.com\/tr\/prices\/sanal-hac-yolculugu\/\",\"name\":\"Sanal Hac Yolculu\u011fu - My Palm Leaf\",\"isPartOf\":{\"@id\":\"https:\/\/mypalmleaf.com\/#website\"},\"primaryImageOfPage\":{\"@id\":\"https:\/\/mypalmleaf.com\/tr\/prices\/sanal-hac-yolculugu\/#primaryimage\"},\"image\":{\"@id\":\"https:\/\/mypalmleaf.com\/tr\/prices\/sanal-hac-yolculugu\/#primaryimage\"},\"thumbnailUrl\":\"https:\/\/mypalmleaf.com\/wp-content\/uploads\/2024\/09\/mantra-product-page-18.jpg\",\"datePublished\":\"2024-03-04T10:58:10+00:00\",\"dateModified\":\"2025-04-17T10:24:30+00:00\",\"description\":\"Sanal Bir Hac Yolculu\u011funa \u00e7\u0131k\u0131n; kutsal rit\u00fcelleri ve ruhsal rehberli\u011fi evinizin konforunda deneyimleyin ve ilahi enerjilerle derin ba\u011f kurun.\",\"breadcrumb\":{\"@id\":\"https:\/\/mypalmleaf.com\/tr\/prices\/sanal-hac-yolculugu\/#breadcrumb\"},\"inLanguage\":\"tr\",\"potentialAction\":[{\"@type\":\"ReadAction\",\"target\":[\"https:\/\/mypalmleaf.com\/tr\/prices\/sanal-hac-yolculugu\/\"]}]},{\"@type\":\"ImageObject\",\"inLanguage\":\"tr\",\"@id\":\"https:\/\/mypalmleaf.com\/tr\/prices\/sanal-hac-yolculugu\/#primaryimage\",\"url\":\"https:\/\/mypalmleaf.com\/wp-content\/uploads\/2024\/09\/mantra-product-page-18.jpg\",\"contentUrl\":\"https:\/\/mypalmleaf.com\/wp-content\/uploads\/2024\/09\/mantra-product-page-18.jpg\",\"width\":1280,\"height\":720,\"caption\":\"Statue of Gods\"},{\"@type\":\"BreadcrumbList\",\"@id\":\"https:\/\/mypalmleaf.com\/tr\/prices\/sanal-hac-yolculugu\/#breadcrumb\",\"itemListElement\":[{\"@type\":\"ListItem\",\"position\":1,\"name\":\"Home\",\"item\":\"https:\/\/mypalmleaf.com\/tr\/\"},{\"@type\":\"ListItem\",\"position\":2,\"name\":\"Shop\",\"item\":\"https:\/\/mypalmleaf.com\/et\/shop\/\"},{\"@type\":\"ListItem\",\"position\":3,\"name\":\"Sanal Hac Yolculu\u011fu\"}]},{\"@type\":\"WebSite\",\"@id\":\"https:\/\/mypalmleaf.com\/#website\",\"url\":\"https:\/\/mypalmleaf.com\/\",\"name\":\"My Palm Leaf\",\"description\":\"\",\"potentialAction\":[{\"@type\":\"SearchAction\",\"target\":{\"@type\":\"EntryPoint\",\"urlTemplate\":\"https:\/\/mypalmleaf.com\/?s={search_term_string}\"},\"query-input\":{\"@type\":\"PropertyValueSpecification\",\"valueRequired\":true,\"valueName\":\"search_term_string\"}}],\"inLanguage\":\"tr\"}]}<\/script>\n<!-- \/ Yoast SEO plugin. -->","yoast_head_json":{"title":"Sanal Hac Yolculu\u011fu - My Palm Leaf","description":"Sanal Bir Hac Yolculu\u011funa \u00e7\u0131k\u0131n; kutsal rit\u00fcelleri ve ruhsal rehberli\u011fi evinizin konforunda deneyimleyin ve ilahi enerjilerle derin ba\u011f kurun.","robots":{"index":"index","follow":"follow","max-snippet":"max-snippet:-1","max-image-preview":"max-image-preview:large","max-video-preview":"max-video-preview:-1"},"canonical":"https:\/\/mypalmleaf.com\/tr\/prices\/sanal-hac-yolculugu\/","og_locale":"tr_TR","og_type":"article","og_title":"Sanal Hac Yolculu\u011fu - My Palm Leaf","og_description":"Sanal Bir Hac Yolculu\u011funa \u00e7\u0131k\u0131n; kutsal rit\u00fcelleri ve ruhsal rehberli\u011fi evinizin konforunda deneyimleyin ve ilahi enerjilerle derin ba\u011f kurun.","og_url":"https:\/\/mypalmleaf.com\/tr\/prices\/sanal-hac-yolculugu\/","og_site_name":"My Palm Leaf","article_modified_time":"2025-04-17T10:24:30+00:00","og_image":[{"width":1280,"height":720,"url":"https:\/\/mypalmleaf.com\/wp-content\/uploads\/2024\/09\/mantra-product-page-18.jpg","type":"image\/jpeg"}],"twitter_card":"summary_large_image","twitter_misc":{"Tahmini okuma s\u00fcresi":"1 dakika"},"schema":{"@context":"https:\/\/schema.org","@graph":[{"@type":"WebPage","@id":"https:\/\/mypalmleaf.com\/tr\/prices\/sanal-hac-yolculugu\/","url":"https:\/\/mypalmleaf.com\/tr\/prices\/sanal-hac-yolculugu\/","name":"Sanal Hac Yolculu\u011fu - My Palm Leaf","isPartOf":{"@id":"https:\/\/mypalmleaf.com\/#website"},"primaryImageOfPage":{"@id":"https:\/\/mypalmleaf.com\/tr\/prices\/sanal-hac-yolculugu\/#primaryimage"},"image":{"@id":"https:\/\/mypalmleaf.com\/tr\/prices\/sanal-hac-yolculugu\/#primaryimage"},"thumbnailUrl":"https:\/\/mypalmleaf.com\/wp-content\/uploads\/2024\/09\/mantra-product-page-18.jpg","datePublished":"2024-03-04T10:58:10+00:00","dateModified":"2025-04-17T10:24:30+00:00","description":"Sanal Bir Hac Yolculu\u011funa \u00e7\u0131k\u0131n; kutsal rit\u00fcelleri ve ruhsal rehberli\u011fi evinizin konforunda deneyimleyin ve ilahi enerjilerle derin ba\u011f kurun.","breadcrumb":{"@id":"https:\/\/mypalmleaf.com\/tr\/prices\/sanal-hac-yolculugu\/#breadcrumb"},"inLanguage":"tr","potentialAction":[{"@type":"ReadAction","target":["https:\/\/mypalmleaf.com\/tr\/prices\/sanal-hac-yolculugu\/"]}]},{"@type":"ImageObject","inLanguage":"tr","@id":"https:\/\/mypalmleaf.com\/tr\/prices\/sanal-hac-yolculugu\/#primaryimage","url":"https:\/\/mypalmleaf.com\/wp-content\/uploads\/2024\/09\/mantra-product-page-18.jpg","contentUrl":"https:\/\/mypalmleaf.com\/wp-content\/uploads\/2024\/09\/mantra-product-page-18.jpg","width":1280,"height":720,"caption":"Statue of Gods"},{"@type":"BreadcrumbList","@id":"https:\/\/mypalmleaf.com\/tr\/prices\/sanal-hac-yolculugu\/#breadcrumb","itemListElement":[{"@type":"ListItem","position":1,"name":"Home","item":"https:\/\/mypalmleaf.com\/tr\/"},{"@type":"ListItem","position":2,"name":"Shop","item":"https:\/\/mypalmleaf.com\/et\/shop\/"},{"@type":"ListItem","position":3,"name":"Sanal Hac Yolculu\u011fu"}]},{"@type":"WebSite","@id":"https:\/\/mypalmleaf.com\/#website","url":"https:\/\/mypalmleaf.com\/","name":"My Palm Leaf","description":"","potentialAction":[{"@type":"SearchAction","target":{"@type":"EntryPoint","urlTemplate":"https:\/\/mypalmleaf.com\/?s={search_term_string}"},"query-input":{"@type":"PropertyValueSpecification","valueRequired":true,"valueName":"search_term_string"}}],"inLanguage":"tr"}]}},"_links":{"self":[{"href":"https:\/\/mypalmleaf.com\/tr\/wp-json\/wp\/v2\/product\/38746","targetHints":{"allow":["GET"]}}],"collection":[{"href":"https:\/\/mypalmleaf.com\/tr\/wp-json\/wp\/v2\/product"}],"about":[{"href":"https:\/\/mypalmleaf.com\/tr\/wp-json\/wp\/v2\/types\/product"}],"replies":[{"embeddable":true,"href":"https:\/\/mypalmleaf.com\/tr\/wp-json\/wp\/v2\/comments?post=38746"}],"wp:featuredmedia":[{"embeddable":true,"href":"https:\/\/mypalmleaf.com\/tr\/wp-json\/wp\/v2\/media\/3512"}],"wp:attachment":[{"href":"https:\/\/mypalmleaf.com\/tr\/wp-json\/wp\/v2\/media?parent=38746"}],"wp:term":[{"taxonomy":"product_brand","embeddable":true,"href":"https:\/\/mypalmleaf.com\/tr\/wp-json\/wp\/v2\/product_brand?post=38746"},{"taxonomy":"product_cat","embeddable":true,"href":"https:\/\/mypalmleaf.com\/tr\/wp-json\/wp\/v2\/product_cat?post=38746"},{"taxonomy":"product_tag","embeddable":true,"href":"https:\/\/mypalmleaf.com\/tr\/wp-json\/wp\/v2\/product_tag?post=38746"}],"curies":[{"name":"wp","href":"https:\/\/api.w.org\/{rel}","templated":true}]}}