{"id":38820,"date":"2024-09-04T10:42:32","date_gmt":"2024-09-04T10:42:32","guid":{"rendered":"https:\/\/mypalmleaf.com\/prices\/balide-palmiye-yapragi-kutuphanesi-ile-okuma\/"},"modified":"2025-08-06T15:09:58","modified_gmt":"2025-08-06T15:09:58","slug":"balide-palmiye-yapragi-kutuphanesi-ile-okuma","status":"publish","type":"product","link":"https:\/\/mypalmleaf.com\/tr\/prices\/balide-palmiye-yapragi-kutuphanesi-ile-okuma\/","title":{"rendered":"Bali&#8217;de palmiye yapra\u011f\u0131 k\u00fct\u00fcphanesi ile okuma"},"content":{"rendered":"<p><strong>Mevcut bekleme s\u00fcresi yakla\u015f\u0131k 6 ayd\u0131r<\/strong><\/p>\n<ul>\n<li>Bali&#8217;deki palmiye yapra\u011f\u0131 k\u00fct\u00fcphanesinde palmiye yapra\u011f\u0131n\u0131z sizin i\u00e7in okunuyor ve kaydediliyor<\/li>\n<li>Okuman\u0131z\u0131n Video Kayd\u0131<\/li>\n<\/ul>\n","protected":false},"excerpt":{"rendered":"<ul>\n<li>Bali&#8217;deki palmiye yapra\u011f\u0131 k\u00fct\u00fcphanesinde palmiye yapra\u011f\u0131n\u0131z sizin i\u00e7in okunuyor ve kaydediliyor<\/li>\n<li>Okuman\u0131z\u0131n Video Kayd\u0131<\/li>\n<\/ul>\n","protected":false},"featured_media":10142,"comment_status":"open","ping_status":"closed","template":"","meta":{"_acf_changed":false},"product_brand":[],"product_cat":[362],"product_tag":[],"class_list":{"0":"post-38820","1":"product","2":"type-product","3":"status-publish","4":"has-post-thumbnail","6":"product_cat-uncategorized-tr","8":"first","9":"instock","10":"taxable","11":"shipping-taxable","12":"purchasable","13":"product-type-variable"},"exclude_global_add_ons":[],"addons":[],"acf":[],"yoast_head":"<!-- This site is optimized with the Yoast SEO plugin v26.4 - https:\/\/yoast.com\/wordpress\/plugins\/seo\/ -->\n<title>Palmiye Yapra\u011f\u0131 K\u00fct\u00fcphanesi Bali | Palmiye Yapra\u011f\u0131m<\/title>\n<meta name=\"description\" content=\"Bali&#039;nin kutsal Palmiye Yapra\u011f\u0131 K\u00fct\u00fcphanesini ke\u015ffedin ve kadim bilgeli\u011fin kilidini a\u00e7\u0131n. Palmiye yapra\u011f\u0131 okumalar\u0131 arac\u0131l\u0131\u011f\u0131yla ruhani i\u00e7g\u00f6r\u00fcleri ke\u015ffedin-d\u00f6n\u00fc\u015ft\u00fcr\u00fcc\u00fc seans\u0131n\u0131z\u0131 \u015fimdi ay\u0131rt\u0131n!\" \/>\n<meta name=\"robots\" content=\"index, follow, max-snippet:-1, max-image-preview:large, max-video-preview:-1\" \/>\n<link rel=\"canonical\" href=\"https:\/\/mypalmleaf.com\/tr\/prices\/balide-palmiye-yapragi-kutuphanesi-ile-okuma\/\" \/>\n<meta property=\"og:locale\" content=\"tr_TR\" \/>\n<meta property=\"og:type\" content=\"article\" \/>\n<meta property=\"og:title\" content=\"Palmiye Yapra\u011f\u0131 K\u00fct\u00fcphanesi Bali | Palmiye Yapra\u011f\u0131m\" \/>\n<meta property=\"og:description\" content=\"Bali&#039;nin kutsal Palmiye Yapra\u011f\u0131 K\u00fct\u00fcphanesini ke\u015ffedin ve kadim bilgeli\u011fin kilidini a\u00e7\u0131n. Palmiye yapra\u011f\u0131 okumalar\u0131 arac\u0131l\u0131\u011f\u0131yla ruhani i\u00e7g\u00f6r\u00fcleri ke\u015ffedin-d\u00f6n\u00fc\u015ft\u00fcr\u00fcc\u00fc seans\u0131n\u0131z\u0131 \u015fimdi ay\u0131rt\u0131n!\" \/>\n<meta property=\"og:url\" content=\"https:\/\/mypalmleaf.com\/tr\/prices\/balide-palmiye-yapragi-kutuphanesi-ile-okuma\/\" \/>\n<meta property=\"og:site_name\" content=\"My Palm Leaf\" \/>\n<meta property=\"article:modified_time\" content=\"2025-08-06T15:09:58+00:00\" \/>\n<meta property=\"og:image\" content=\"https:\/\/mypalmleaf.com\/wp-content\/uploads\/2024\/09\/mantra-product-page-7-1.jpg\" \/>\n\t<meta property=\"og:image:width\" content=\"800\" \/>\n\t<meta property=\"og:image:height\" content=\"444\" \/>\n\t<meta property=\"og:image:type\" content=\"image\/jpeg\" \/>\n<meta name=\"twitter:card\" content=\"summary_large_image\" \/>\n<meta name=\"twitter:label1\" content=\"Tahmini okuma s\u00fcresi\" \/>\n\t<meta name=\"twitter:data1\" content=\"1 dakika\" \/>\n<script type=\"application\/ld+json\" class=\"yoast-schema-graph\">{\"@context\":\"https:\/\/schema.org\",\"@graph\":[{\"@type\":\"WebPage\",\"@id\":\"https:\/\/mypalmleaf.com\/tr\/prices\/balide-palmiye-yapragi-kutuphanesi-ile-okuma\/\",\"url\":\"https:\/\/mypalmleaf.com\/tr\/prices\/balide-palmiye-yapragi-kutuphanesi-ile-okuma\/\",\"name\":\"Palmiye Yapra\u011f\u0131 K\u00fct\u00fcphanesi Bali | Palmiye Yapra\u011f\u0131m\",\"isPartOf\":{\"@id\":\"https:\/\/mypalmleaf.com\/#website\"},\"primaryImageOfPage\":{\"@id\":\"https:\/\/mypalmleaf.com\/tr\/prices\/balide-palmiye-yapragi-kutuphanesi-ile-okuma\/#primaryimage\"},\"image\":{\"@id\":\"https:\/\/mypalmleaf.com\/tr\/prices\/balide-palmiye-yapragi-kutuphanesi-ile-okuma\/#primaryimage\"},\"thumbnailUrl\":\"https:\/\/mypalmleaf.com\/wp-content\/uploads\/2024\/09\/mantra-product-page-7-1.jpg\",\"datePublished\":\"2024-09-04T10:42:32+00:00\",\"dateModified\":\"2025-08-06T15:09:58+00:00\",\"description\":\"Bali'nin kutsal Palmiye Yapra\u011f\u0131 K\u00fct\u00fcphanesini ke\u015ffedin ve kadim bilgeli\u011fin kilidini a\u00e7\u0131n. Palmiye yapra\u011f\u0131 okumalar\u0131 arac\u0131l\u0131\u011f\u0131yla ruhani i\u00e7g\u00f6r\u00fcleri ke\u015ffedin-d\u00f6n\u00fc\u015ft\u00fcr\u00fcc\u00fc seans\u0131n\u0131z\u0131 \u015fimdi ay\u0131rt\u0131n!\",\"breadcrumb\":{\"@id\":\"https:\/\/mypalmleaf.com\/tr\/prices\/balide-palmiye-yapragi-kutuphanesi-ile-okuma\/#breadcrumb\"},\"inLanguage\":\"tr\",\"potentialAction\":[{\"@type\":\"ReadAction\",\"target\":[\"https:\/\/mypalmleaf.com\/tr\/prices\/balide-palmiye-yapragi-kutuphanesi-ile-okuma\/\"]}]},{\"@type\":\"ImageObject\",\"inLanguage\":\"tr\",\"@id\":\"https:\/\/mypalmleaf.com\/tr\/prices\/balide-palmiye-yapragi-kutuphanesi-ile-okuma\/#primaryimage\",\"url\":\"https:\/\/mypalmleaf.com\/wp-content\/uploads\/2024\/09\/mantra-product-page-7-1.jpg\",\"contentUrl\":\"https:\/\/mypalmleaf.com\/wp-content\/uploads\/2024\/09\/mantra-product-page-7-1.jpg\",\"width\":800,\"height\":444,\"caption\":\"Palm Leaf library in Bali-01\"},{\"@type\":\"BreadcrumbList\",\"@id\":\"https:\/\/mypalmleaf.com\/tr\/prices\/balide-palmiye-yapragi-kutuphanesi-ile-okuma\/#breadcrumb\",\"itemListElement\":[{\"@type\":\"ListItem\",\"position\":1,\"name\":\"Home\",\"item\":\"https:\/\/mypalmleaf.com\/tr\/\"},{\"@type\":\"ListItem\",\"position\":2,\"name\":\"Shop\",\"item\":\"https:\/\/mypalmleaf.com\/et\/shop\/\"},{\"@type\":\"ListItem\",\"position\":3,\"name\":\"Bali&#8217;de palmiye yapra\u011f\u0131 k\u00fct\u00fcphanesi ile okuma\"}]},{\"@type\":\"WebSite\",\"@id\":\"https:\/\/mypalmleaf.com\/#website\",\"url\":\"https:\/\/mypalmleaf.com\/\",\"name\":\"My Palm Leaf\",\"description\":\"\",\"potentialAction\":[{\"@type\":\"SearchAction\",\"target\":{\"@type\":\"EntryPoint\",\"urlTemplate\":\"https:\/\/mypalmleaf.com\/?s={search_term_string}\"},\"query-input\":{\"@type\":\"PropertyValueSpecification\",\"valueRequired\":true,\"valueName\":\"search_term_string\"}}],\"inLanguage\":\"tr\"}]}<\/script>\n<!-- \/ Yoast SEO plugin. -->","yoast_head_json":{"title":"Palmiye Yapra\u011f\u0131 K\u00fct\u00fcphanesi Bali | Palmiye Yapra\u011f\u0131m","description":"Bali'nin kutsal Palmiye Yapra\u011f\u0131 K\u00fct\u00fcphanesini ke\u015ffedin ve kadim bilgeli\u011fin kilidini a\u00e7\u0131n. Palmiye yapra\u011f\u0131 okumalar\u0131 arac\u0131l\u0131\u011f\u0131yla ruhani i\u00e7g\u00f6r\u00fcleri ke\u015ffedin-d\u00f6n\u00fc\u015ft\u00fcr\u00fcc\u00fc seans\u0131n\u0131z\u0131 \u015fimdi ay\u0131rt\u0131n!","robots":{"index":"index","follow":"follow","max-snippet":"max-snippet:-1","max-image-preview":"max-image-preview:large","max-video-preview":"max-video-preview:-1"},"canonical":"https:\/\/mypalmleaf.com\/tr\/prices\/balide-palmiye-yapragi-kutuphanesi-ile-okuma\/","og_locale":"tr_TR","og_type":"article","og_title":"Palmiye Yapra\u011f\u0131 K\u00fct\u00fcphanesi Bali | Palmiye Yapra\u011f\u0131m","og_description":"Bali'nin kutsal Palmiye Yapra\u011f\u0131 K\u00fct\u00fcphanesini ke\u015ffedin ve kadim bilgeli\u011fin kilidini a\u00e7\u0131n. Palmiye yapra\u011f\u0131 okumalar\u0131 arac\u0131l\u0131\u011f\u0131yla ruhani i\u00e7g\u00f6r\u00fcleri ke\u015ffedin-d\u00f6n\u00fc\u015ft\u00fcr\u00fcc\u00fc seans\u0131n\u0131z\u0131 \u015fimdi ay\u0131rt\u0131n!","og_url":"https:\/\/mypalmleaf.com\/tr\/prices\/balide-palmiye-yapragi-kutuphanesi-ile-okuma\/","og_site_name":"My Palm Leaf","article_modified_time":"2025-08-06T15:09:58+00:00","og_image":[{"width":800,"height":444,"url":"https:\/\/mypalmleaf.com\/wp-content\/uploads\/2024\/09\/mantra-product-page-7-1.jpg","type":"image\/jpeg"}],"twitter_card":"summary_large_image","twitter_misc":{"Tahmini okuma s\u00fcresi":"1 dakika"},"schema":{"@context":"https:\/\/schema.org","@graph":[{"@type":"WebPage","@id":"https:\/\/mypalmleaf.com\/tr\/prices\/balide-palmiye-yapragi-kutuphanesi-ile-okuma\/","url":"https:\/\/mypalmleaf.com\/tr\/prices\/balide-palmiye-yapragi-kutuphanesi-ile-okuma\/","name":"Palmiye Yapra\u011f\u0131 K\u00fct\u00fcphanesi Bali | Palmiye Yapra\u011f\u0131m","isPartOf":{"@id":"https:\/\/mypalmleaf.com\/#website"},"primaryImageOfPage":{"@id":"https:\/\/mypalmleaf.com\/tr\/prices\/balide-palmiye-yapragi-kutuphanesi-ile-okuma\/#primaryimage"},"image":{"@id":"https:\/\/mypalmleaf.com\/tr\/prices\/balide-palmiye-yapragi-kutuphanesi-ile-okuma\/#primaryimage"},"thumbnailUrl":"https:\/\/mypalmleaf.com\/wp-content\/uploads\/2024\/09\/mantra-product-page-7-1.jpg","datePublished":"2024-09-04T10:42:32+00:00","dateModified":"2025-08-06T15:09:58+00:00","description":"Bali'nin kutsal Palmiye Yapra\u011f\u0131 K\u00fct\u00fcphanesini ke\u015ffedin ve kadim bilgeli\u011fin kilidini a\u00e7\u0131n. Palmiye yapra\u011f\u0131 okumalar\u0131 arac\u0131l\u0131\u011f\u0131yla ruhani i\u00e7g\u00f6r\u00fcleri ke\u015ffedin-d\u00f6n\u00fc\u015ft\u00fcr\u00fcc\u00fc seans\u0131n\u0131z\u0131 \u015fimdi ay\u0131rt\u0131n!","breadcrumb":{"@id":"https:\/\/mypalmleaf.com\/tr\/prices\/balide-palmiye-yapragi-kutuphanesi-ile-okuma\/#breadcrumb"},"inLanguage":"tr","potentialAction":[{"@type":"ReadAction","target":["https:\/\/mypalmleaf.com\/tr\/prices\/balide-palmiye-yapragi-kutuphanesi-ile-okuma\/"]}]},{"@type":"ImageObject","inLanguage":"tr","@id":"https:\/\/mypalmleaf.com\/tr\/prices\/balide-palmiye-yapragi-kutuphanesi-ile-okuma\/#primaryimage","url":"https:\/\/mypalmleaf.com\/wp-content\/uploads\/2024\/09\/mantra-product-page-7-1.jpg","contentUrl":"https:\/\/mypalmleaf.com\/wp-content\/uploads\/2024\/09\/mantra-product-page-7-1.jpg","width":800,"height":444,"caption":"Palm Leaf library in Bali-01"},{"@type":"BreadcrumbList","@id":"https:\/\/mypalmleaf.com\/tr\/prices\/balide-palmiye-yapragi-kutuphanesi-ile-okuma\/#breadcrumb","itemListElement":[{"@type":"ListItem","position":1,"name":"Home","item":"https:\/\/mypalmleaf.com\/tr\/"},{"@type":"ListItem","position":2,"name":"Shop","item":"https:\/\/mypalmleaf.com\/et\/shop\/"},{"@type":"ListItem","position":3,"name":"Bali&#8217;de palmiye yapra\u011f\u0131 k\u00fct\u00fcphanesi ile okuma"}]},{"@type":"WebSite","@id":"https:\/\/mypalmleaf.com\/#website","url":"https:\/\/mypalmleaf.com\/","name":"My Palm Leaf","description":"","potentialAction":[{"@type":"SearchAction","target":{"@type":"EntryPoint","urlTemplate":"https:\/\/mypalmleaf.com\/?s={search_term_string}"},"query-input":{"@type":"PropertyValueSpecification","valueRequired":true,"valueName":"search_term_string"}}],"inLanguage":"tr"}]}},"_links":{"self":[{"href":"https:\/\/mypalmleaf.com\/tr\/wp-json\/wp\/v2\/product\/38820","targetHints":{"allow":["GET"]}}],"collection":[{"href":"https:\/\/mypalmleaf.com\/tr\/wp-json\/wp\/v2\/product"}],"about":[{"href":"https:\/\/mypalmleaf.com\/tr\/wp-json\/wp\/v2\/types\/product"}],"replies":[{"embeddable":true,"href":"https:\/\/mypalmleaf.com\/tr\/wp-json\/wp\/v2\/comments?post=38820"}],"wp:featuredmedia":[{"embeddable":true,"href":"https:\/\/mypalmleaf.com\/tr\/wp-json\/wp\/v2\/media\/10142"}],"wp:attachment":[{"href":"https:\/\/mypalmleaf.com\/tr\/wp-json\/wp\/v2\/media?parent=38820"}],"wp:term":[{"taxonomy":"product_brand","embeddable":true,"href":"https:\/\/mypalmleaf.com\/tr\/wp-json\/wp\/v2\/product_brand?post=38820"},{"taxonomy":"product_cat","embeddable":true,"href":"https:\/\/mypalmleaf.com\/tr\/wp-json\/wp\/v2\/product_cat?post=38820"},{"taxonomy":"product_tag","embeddable":true,"href":"https:\/\/mypalmleaf.com\/tr\/wp-json\/wp\/v2\/product_tag?post=38820"}],"curies":[{"name":"wp","href":"https:\/\/api.w.org\/{rel}","templated":true}]}}