
{"id":38851,"date":"2024-09-04T10:44:34","date_gmt":"2024-09-04T10:44:34","guid":{"rendered":"https:\/\/mypalmleaf.com\/prices\/malalar-el-yapimi-tespihler\/"},"modified":"2025-08-05T11:18:27","modified_gmt":"2025-08-05T11:18:27","slug":"malalar-el-yapimi-tespihler","status":"publish","type":"product","link":"https:\/\/mypalmleaf.com\/tr\/prices\/malalar-el-yapimi-tespihler\/","title":{"rendered":"Malalar &#8211; el yap\u0131m\u0131 tespihler"},"content":{"rendered":"<p>Bir Mala veya dua boncu\u011fu, Mantra uygulamas\u0131nda odaklanmay\u0131 s\u00fcrd\u00fcrmenize ve meditasyonunuzu derinle\u015ftirmenize yard\u0131mc\u0131 olmak i\u00e7in tasarlanm\u0131\u015f g\u00fc\u00e7l\u00fc bir ara\u00e7t\u0131r. Her bir Mala uygulaman\u0131z\u0131n enerjisiyle a\u015f\u0131lan\u0131r ve yolculu\u011funuzda ruhani bir yol arkada\u015f\u0131 olarak hizmet eder. Her biri \u00f6zen ve ama\u00e7la haz\u0131rlanm\u0131\u015f iki benzersiz varyasyon sunuyoruz:<\/p>\n<ul>\n<li><strong>Himalayalardan Rudraksha Mala<\/strong><br \/>\nBu geleneksel Mala, ruhani \u00f6nemi ve Shiva ile ili\u015fkisi nedeniyle sayg\u0131 duyulan kutsal Rudraksha tohumlar\u0131ndan yap\u0131lm\u0131\u015ft\u0131r. Derin meditasyonu destekleme yetenekleriyle bilinen bu boncuklar, Himalaya b\u00f6lgesinden \u00f6zenle temin edilir ve ruhsal geli\u015fimi ve korumay\u0131 art\u0131rd\u0131\u011f\u0131na inan\u0131l\u0131r. Rudraksha Mala&#8217;n\u0131z, kayna\u011f\u0131n\u0131n kutsal enerjisini ta\u015f\u0131yarak kap\u0131n\u0131za kadar g\u00f6nderilecektir.<\/li>\n<li><strong>Sanat\u00e7\u0131m\u0131z Spanda&#8217;dan El<\/strong> Yap\u0131m\u0131 Mala<br \/>\nDaha ki\u015fiselle\u015ftirilmi\u015f bir deneyim i\u00e7in, Mala sanat\u00e7\u0131m\u0131z Spanda taraf\u0131ndan yap\u0131lan birinci s\u0131n\u0131f, el yap\u0131m\u0131 bir Mala se\u00e7in. Malan\u0131z\u0131 yaratmaya ba\u015flamadan \u00f6nce Spanda sizinle bir video g\u00f6r\u00fc\u015fmesi yaparak niyetlerinizi, hayat\u0131n\u0131za davet etmek istedi\u011finiz enerjileri ve yar\u0131 de\u011ferli ta\u015f tercihlerinizi tart\u0131\u015facakt\u0131r. Ard\u0131ndan Mala&#8217;y\u0131 sizin i\u00e7in \u00f6zel olarak el i\u015f\u00e7ili\u011fiyle haz\u0131rlayacak ve size g\u00f6ndermeden \u00f6nce onu kutsamalar ve ruhani enerjiyle dolduracakt\u0131r. Bu \u00f6zel Mala bir meditasyon arac\u0131ndan daha fazlas\u0131d\u0131r; ki\u015fisel ruhani yolculu\u011funuzun bir yans\u0131mas\u0131d\u0131r.<\/li>\n<\/ul>\n","protected":false},"excerpt":{"rendered":"<p>Bir Mala veya dua boncu\u011fu, Mantra uygulamas\u0131nda odaklanman\u0131z\u0131 s\u00fcrd\u00fcrmenize ve meditasyonunuzu derinle\u015ftirmenize yard\u0131mc\u0131 olmak i\u00e7in tasarlanm\u0131\u015f g\u00fc\u00e7l\u00fc bir ara\u00e7t\u0131r.<\/p>\n","protected":false},"featured_media":4195,"comment_status":"open","ping_status":"closed","template":"","meta":{"_acf_changed":false},"product_brand":[],"product_cat":[362],"product_tag":[],"class_list":{"0":"post-38851","1":"product","2":"type-product","3":"status-publish","4":"has-post-thumbnail","6":"product_cat-uncategorized-tr","7":"product_shipping_class-fiziksel-urun","9":"first","10":"instock","11":"taxable","12":"shipping-taxable","13":"purchasable","14":"product-type-variable"},"exclude_global_add_ons":[],"addons":[],"acf":[],"yoast_head":"<!-- This site is optimized with the Yoast SEO plugin v26.4 - https:\/\/yoast.com\/wordpress\/plugins\/seo\/ -->\n<title>El Yap\u0131m\u0131 Tespihler \u2013 Mantra ve Meditasyon \u0130\u00e7in<\/title>\n<meta name=\"description\" content=\"Meditasyon ve manevi uygulamalar\u0131n\u0131z\u0131 desteklemek i\u00e7in \u00f6zel olarak haz\u0131rlanan el yap\u0131m\u0131 malalar\u0131m\u0131z\u0131 ke\u015ffedin ve sat\u0131n al\u0131n hemen \u015fimdi burada.\" \/>\n<meta name=\"robots\" content=\"index, follow, max-snippet:-1, max-image-preview:large, max-video-preview:-1\" \/>\n<link rel=\"canonical\" href=\"https:\/\/mypalmleaf.com\/tr\/prices\/malalar-el-yapimi-tespihler\/\" \/>\n<meta property=\"og:locale\" content=\"tr_TR\" \/>\n<meta property=\"og:type\" content=\"article\" \/>\n<meta property=\"og:title\" content=\"El Yap\u0131m\u0131 Tespihler \u2013 Mantra ve Meditasyon \u0130\u00e7in\" \/>\n<meta property=\"og:description\" content=\"Meditasyon ve manevi uygulamalar\u0131n\u0131z\u0131 desteklemek i\u00e7in \u00f6zel olarak haz\u0131rlanan el yap\u0131m\u0131 malalar\u0131m\u0131z\u0131 ke\u015ffedin ve sat\u0131n al\u0131n hemen \u015fimdi burada.\" \/>\n<meta property=\"og:url\" content=\"https:\/\/mypalmleaf.com\/tr\/prices\/malalar-el-yapimi-tespihler\/\" \/>\n<meta property=\"og:site_name\" content=\"My Palm Leaf\" \/>\n<meta property=\"article:modified_time\" content=\"2025-08-05T11:18:27+00:00\" \/>\n<meta property=\"og:image\" content=\"https:\/\/mypalmleaf.com\/wp-content\/uploads\/2024\/09\/mala.jpg\" \/>\n\t<meta property=\"og:image:width\" content=\"1280\" \/>\n\t<meta property=\"og:image:height\" content=\"720\" \/>\n\t<meta property=\"og:image:type\" content=\"image\/jpeg\" \/>\n<meta name=\"twitter:card\" content=\"summary_large_image\" \/>\n<meta name=\"twitter:label1\" content=\"Tahmini okuma s\u00fcresi\" \/>\n\t<meta name=\"twitter:data1\" content=\"1 dakika\" \/>\n<script type=\"application\/ld+json\" class=\"yoast-schema-graph\">{\"@context\":\"https:\/\/schema.org\",\"@graph\":[{\"@type\":\"WebPage\",\"@id\":\"https:\/\/mypalmleaf.com\/tr\/prices\/malalar-el-yapimi-tespihler\/\",\"url\":\"https:\/\/mypalmleaf.com\/tr\/prices\/malalar-el-yapimi-tespihler\/\",\"name\":\"El Yap\u0131m\u0131 Tespihler \u2013 Mantra ve Meditasyon \u0130\u00e7in\",\"isPartOf\":{\"@id\":\"https:\/\/mypalmleaf.com\/#website\"},\"primaryImageOfPage\":{\"@id\":\"https:\/\/mypalmleaf.com\/tr\/prices\/malalar-el-yapimi-tespihler\/#primaryimage\"},\"image\":{\"@id\":\"https:\/\/mypalmleaf.com\/tr\/prices\/malalar-el-yapimi-tespihler\/#primaryimage\"},\"thumbnailUrl\":\"https:\/\/mypalmleaf.com\/wp-content\/uploads\/2024\/09\/mala.jpg\",\"datePublished\":\"2024-09-04T10:44:34+00:00\",\"dateModified\":\"2025-08-05T11:18:27+00:00\",\"description\":\"Meditasyon ve manevi uygulamalar\u0131n\u0131z\u0131 desteklemek i\u00e7in \u00f6zel olarak haz\u0131rlanan el yap\u0131m\u0131 malalar\u0131m\u0131z\u0131 ke\u015ffedin ve sat\u0131n al\u0131n hemen \u015fimdi burada.\",\"breadcrumb\":{\"@id\":\"https:\/\/mypalmleaf.com\/tr\/prices\/malalar-el-yapimi-tespihler\/#breadcrumb\"},\"inLanguage\":\"tr\",\"potentialAction\":[{\"@type\":\"ReadAction\",\"target\":[\"https:\/\/mypalmleaf.com\/tr\/prices\/malalar-el-yapimi-tespihler\/\"]}]},{\"@type\":\"ImageObject\",\"inLanguage\":\"tr\",\"@id\":\"https:\/\/mypalmleaf.com\/tr\/prices\/malalar-el-yapimi-tespihler\/#primaryimage\",\"url\":\"https:\/\/mypalmleaf.com\/wp-content\/uploads\/2024\/09\/mala.jpg\",\"contentUrl\":\"https:\/\/mypalmleaf.com\/wp-content\/uploads\/2024\/09\/mala.jpg\",\"width\":1280,\"height\":720,\"caption\":\"mala\"},{\"@type\":\"BreadcrumbList\",\"@id\":\"https:\/\/mypalmleaf.com\/tr\/prices\/malalar-el-yapimi-tespihler\/#breadcrumb\",\"itemListElement\":[{\"@type\":\"ListItem\",\"position\":1,\"name\":\"Home\",\"item\":\"https:\/\/mypalmleaf.com\/tr\/\"},{\"@type\":\"ListItem\",\"position\":2,\"name\":\"Shop\",\"item\":\"https:\/\/mypalmleaf.com\/et\/shop\/\"},{\"@type\":\"ListItem\",\"position\":3,\"name\":\"Malalar &#8211; el yap\u0131m\u0131 tespihler\"}]},{\"@type\":\"WebSite\",\"@id\":\"https:\/\/mypalmleaf.com\/#website\",\"url\":\"https:\/\/mypalmleaf.com\/\",\"name\":\"My Palm Leaf\",\"description\":\"\",\"potentialAction\":[{\"@type\":\"SearchAction\",\"target\":{\"@type\":\"EntryPoint\",\"urlTemplate\":\"https:\/\/mypalmleaf.com\/?s={search_term_string}\"},\"query-input\":{\"@type\":\"PropertyValueSpecification\",\"valueRequired\":true,\"valueName\":\"search_term_string\"}}],\"inLanguage\":\"tr\"}]}<\/script>\n<!-- \/ Yoast SEO plugin. -->","yoast_head_json":{"title":"El Yap\u0131m\u0131 Tespihler \u2013 Mantra ve Meditasyon \u0130\u00e7in","description":"Meditasyon ve manevi uygulamalar\u0131n\u0131z\u0131 desteklemek i\u00e7in \u00f6zel olarak haz\u0131rlanan el yap\u0131m\u0131 malalar\u0131m\u0131z\u0131 ke\u015ffedin ve sat\u0131n al\u0131n hemen \u015fimdi burada.","robots":{"index":"index","follow":"follow","max-snippet":"max-snippet:-1","max-image-preview":"max-image-preview:large","max-video-preview":"max-video-preview:-1"},"canonical":"https:\/\/mypalmleaf.com\/tr\/prices\/malalar-el-yapimi-tespihler\/","og_locale":"tr_TR","og_type":"article","og_title":"El Yap\u0131m\u0131 Tespihler \u2013 Mantra ve Meditasyon \u0130\u00e7in","og_description":"Meditasyon ve manevi uygulamalar\u0131n\u0131z\u0131 desteklemek i\u00e7in \u00f6zel olarak haz\u0131rlanan el yap\u0131m\u0131 malalar\u0131m\u0131z\u0131 ke\u015ffedin ve sat\u0131n al\u0131n hemen \u015fimdi burada.","og_url":"https:\/\/mypalmleaf.com\/tr\/prices\/malalar-el-yapimi-tespihler\/","og_site_name":"My Palm Leaf","article_modified_time":"2025-08-05T11:18:27+00:00","og_image":[{"width":1280,"height":720,"url":"https:\/\/mypalmleaf.com\/wp-content\/uploads\/2024\/09\/mala.jpg","type":"image\/jpeg"}],"twitter_card":"summary_large_image","twitter_misc":{"Tahmini okuma s\u00fcresi":"1 dakika"},"schema":{"@context":"https:\/\/schema.org","@graph":[{"@type":"WebPage","@id":"https:\/\/mypalmleaf.com\/tr\/prices\/malalar-el-yapimi-tespihler\/","url":"https:\/\/mypalmleaf.com\/tr\/prices\/malalar-el-yapimi-tespihler\/","name":"El Yap\u0131m\u0131 Tespihler \u2013 Mantra ve Meditasyon \u0130\u00e7in","isPartOf":{"@id":"https:\/\/mypalmleaf.com\/#website"},"primaryImageOfPage":{"@id":"https:\/\/mypalmleaf.com\/tr\/prices\/malalar-el-yapimi-tespihler\/#primaryimage"},"image":{"@id":"https:\/\/mypalmleaf.com\/tr\/prices\/malalar-el-yapimi-tespihler\/#primaryimage"},"thumbnailUrl":"https:\/\/mypalmleaf.com\/wp-content\/uploads\/2024\/09\/mala.jpg","datePublished":"2024-09-04T10:44:34+00:00","dateModified":"2025-08-05T11:18:27+00:00","description":"Meditasyon ve manevi uygulamalar\u0131n\u0131z\u0131 desteklemek i\u00e7in \u00f6zel olarak haz\u0131rlanan el yap\u0131m\u0131 malalar\u0131m\u0131z\u0131 ke\u015ffedin ve sat\u0131n al\u0131n hemen \u015fimdi burada.","breadcrumb":{"@id":"https:\/\/mypalmleaf.com\/tr\/prices\/malalar-el-yapimi-tespihler\/#breadcrumb"},"inLanguage":"tr","potentialAction":[{"@type":"ReadAction","target":["https:\/\/mypalmleaf.com\/tr\/prices\/malalar-el-yapimi-tespihler\/"]}]},{"@type":"ImageObject","inLanguage":"tr","@id":"https:\/\/mypalmleaf.com\/tr\/prices\/malalar-el-yapimi-tespihler\/#primaryimage","url":"https:\/\/mypalmleaf.com\/wp-content\/uploads\/2024\/09\/mala.jpg","contentUrl":"https:\/\/mypalmleaf.com\/wp-content\/uploads\/2024\/09\/mala.jpg","width":1280,"height":720,"caption":"mala"},{"@type":"BreadcrumbList","@id":"https:\/\/mypalmleaf.com\/tr\/prices\/malalar-el-yapimi-tespihler\/#breadcrumb","itemListElement":[{"@type":"ListItem","position":1,"name":"Home","item":"https:\/\/mypalmleaf.com\/tr\/"},{"@type":"ListItem","position":2,"name":"Shop","item":"https:\/\/mypalmleaf.com\/et\/shop\/"},{"@type":"ListItem","position":3,"name":"Malalar &#8211; el yap\u0131m\u0131 tespihler"}]},{"@type":"WebSite","@id":"https:\/\/mypalmleaf.com\/#website","url":"https:\/\/mypalmleaf.com\/","name":"My Palm Leaf","description":"","potentialAction":[{"@type":"SearchAction","target":{"@type":"EntryPoint","urlTemplate":"https:\/\/mypalmleaf.com\/?s={search_term_string}"},"query-input":{"@type":"PropertyValueSpecification","valueRequired":true,"valueName":"search_term_string"}}],"inLanguage":"tr"}]}},"_links":{"self":[{"href":"https:\/\/mypalmleaf.com\/tr\/wp-json\/wp\/v2\/product\/38851","targetHints":{"allow":["GET"]}}],"collection":[{"href":"https:\/\/mypalmleaf.com\/tr\/wp-json\/wp\/v2\/product"}],"about":[{"href":"https:\/\/mypalmleaf.com\/tr\/wp-json\/wp\/v2\/types\/product"}],"replies":[{"embeddable":true,"href":"https:\/\/mypalmleaf.com\/tr\/wp-json\/wp\/v2\/comments?post=38851"}],"wp:featuredmedia":[{"embeddable":true,"href":"https:\/\/mypalmleaf.com\/tr\/wp-json\/wp\/v2\/media\/4195"}],"wp:attachment":[{"href":"https:\/\/mypalmleaf.com\/tr\/wp-json\/wp\/v2\/media?parent=38851"}],"wp:term":[{"taxonomy":"product_brand","embeddable":true,"href":"https:\/\/mypalmleaf.com\/tr\/wp-json\/wp\/v2\/product_brand?post=38851"},{"taxonomy":"product_cat","embeddable":true,"href":"https:\/\/mypalmleaf.com\/tr\/wp-json\/wp\/v2\/product_cat?post=38851"},{"taxonomy":"product_tag","embeddable":true,"href":"https:\/\/mypalmleaf.com\/tr\/wp-json\/wp\/v2\/product_tag?post=38851"}],"curies":[{"name":"wp","href":"https:\/\/api.w.org\/{rel}","templated":true}]}}