
{"id":38892,"date":"2024-09-04T10:45:22","date_gmt":"2024-09-04T10:45:22","guid":{"rendered":"https:\/\/mypalmleaf.com\/prices\/moderatorlerimizden-biriyle-60-dakikalik-danisma-gorusmesi\/"},"modified":"2025-08-05T07:01:58","modified_gmt":"2025-08-05T07:01:58","slug":"moderatorlerimizden-biriyle-60-dakikalik-danisma-gorusmesi","status":"publish","type":"product","link":"https:\/\/mypalmleaf.com\/tr\/prices\/moderatorlerimizden-biriyle-60-dakikalik-danisma-gorusmesi\/","title":{"rendered":"Moderat\u00f6rlerimizden biriyle 60 dakikal\u0131k dan\u0131\u015fma g\u00f6r\u00fc\u015fmesi"},"content":{"rendered":"<p>Avu\u00e7 \u0130\u00e7i Yapra\u011f\u0131 okumas\u0131, sonunda sizi daha fazla mutlulu\u011fa g\u00f6t\u00fcrecek derin d\u00f6n\u00fc\u015f\u00fcmsel s\u00fcre\u00e7leri ba\u015flatabilir, ancak ayn\u0131 zamanda zorlay\u0131c\u0131 da olabilir. Bu bilgi ve deneyimi hayat\u0131n\u0131za entegre etme konusunda destek isterseniz, Zoom \u00fczerinden entegrasyon ve ko\u00e7luk g\u00f6r\u00fc\u015fmeleri sunuyoruz.<\/p>\n<p>Kalp merkezli rehberlerimizden kimlerin entegrasyon g\u00f6r\u00fc\u015fmeleri i\u00e7in m\u00fcsait oldu\u011funu <a href=\"https:\/\/mypalmleaf.com\/tr\/entegrasyon-ve-rehberlik-cagrilari\/\">buradan g\u00f6rebilirsiniz<\/a>. Aramay\u0131 rezerve ettikten sonra, t\u00fcm takvimlerine ba\u011flant\u0131lar alacaks\u0131n\u0131z ve randevuyu ne zaman almak istedi\u011finizi mevcut tarihlerinden se\u00e7ebilirsiniz.<\/p>\n","protected":false},"excerpt":{"rendered":"<p>Avu\u00e7 i\u00e7i fal\u0131, sonunda sizi daha fazla mutlulu\u011fa g\u00f6t\u00fcrecek derin d\u00f6n\u00fc\u015f\u00fcmsel s\u00fcre\u00e7leri ba\u015flatabilir, ancak ayn\u0131 zamanda zorlay\u0131c\u0131 da olabilir&#8230;<\/p>\n","protected":false},"featured_media":44431,"comment_status":"open","ping_status":"closed","template":"","meta":{"_acf_changed":false},"product_brand":[],"product_cat":[362],"product_tag":[],"class_list":{"0":"post-38892","1":"product","2":"type-product","3":"status-publish","4":"has-post-thumbnail","6":"product_cat-uncategorized-tr","8":"first","9":"instock","10":"taxable","11":"shipping-taxable","12":"purchasable","13":"product-type-variable"},"exclude_global_add_ons":[],"addons":[],"acf":[],"yoast_head":"<!-- This site is optimized with the Yoast SEO plugin v26.4 - https:\/\/yoast.com\/wordpress\/plugins\/seo\/ -->\n<title>60 Dakikal\u0131k Dan\u0131\u015fma G\u00f6r\u00fc\u015fmesi | My Palm Leaf Moderat\u00f6r\u00fc<\/title>\n<meta name=\"description\" content=\"60 dakikal\u0131k dan\u0131\u015fma g\u00f6r\u00fc\u015fmesi i\u00e7in uzmanlar\u0131m\u0131zdan biriyle ileti\u015fime ge\u00e7in ve ya\u015fam\u0131n\u0131zdaki \u00f6nemli sorulara derinlemesine cevaplar al\u0131n.\" \/>\n<meta name=\"robots\" content=\"index, follow, max-snippet:-1, max-image-preview:large, max-video-preview:-1\" \/>\n<link rel=\"canonical\" href=\"https:\/\/mypalmleaf.com\/tr\/prices\/moderatorlerimizden-biriyle-60-dakikalik-danisma-gorusmesi\/\" \/>\n<meta property=\"og:locale\" content=\"tr_TR\" \/>\n<meta property=\"og:type\" content=\"article\" \/>\n<meta property=\"og:title\" content=\"60 Dakikal\u0131k Dan\u0131\u015fma G\u00f6r\u00fc\u015fmesi | My Palm Leaf Moderat\u00f6r\u00fc\" \/>\n<meta property=\"og:description\" content=\"60 dakikal\u0131k dan\u0131\u015fma g\u00f6r\u00fc\u015fmesi i\u00e7in uzmanlar\u0131m\u0131zdan biriyle ileti\u015fime ge\u00e7in ve ya\u015fam\u0131n\u0131zdaki \u00f6nemli sorulara derinlemesine cevaplar al\u0131n.\" \/>\n<meta property=\"og:url\" content=\"https:\/\/mypalmleaf.com\/tr\/prices\/moderatorlerimizden-biriyle-60-dakikalik-danisma-gorusmesi\/\" \/>\n<meta property=\"og:site_name\" content=\"My Palm Leaf\" \/>\n<meta property=\"article:modified_time\" content=\"2025-08-05T07:01:58+00:00\" \/>\n<meta property=\"og:image\" content=\"https:\/\/mypalmleaf.com\/wp-content\/uploads\/2024\/09\/integrationcall-prd-thumb2.jpg\" \/>\n\t<meta property=\"og:image:width\" content=\"819\" \/>\n\t<meta property=\"og:image:height\" content=\"464\" \/>\n\t<meta property=\"og:image:type\" content=\"image\/jpeg\" \/>\n<meta name=\"twitter:card\" content=\"summary_large_image\" \/>\n<meta name=\"twitter:label1\" content=\"Tahmini okuma s\u00fcresi\" \/>\n\t<meta name=\"twitter:data1\" content=\"1 dakika\" \/>\n<script type=\"application\/ld+json\" class=\"yoast-schema-graph\">{\"@context\":\"https:\/\/schema.org\",\"@graph\":[{\"@type\":\"WebPage\",\"@id\":\"https:\/\/mypalmleaf.com\/tr\/prices\/moderatorlerimizden-biriyle-60-dakikalik-danisma-gorusmesi\/\",\"url\":\"https:\/\/mypalmleaf.com\/tr\/prices\/moderatorlerimizden-biriyle-60-dakikalik-danisma-gorusmesi\/\",\"name\":\"60 Dakikal\u0131k Dan\u0131\u015fma G\u00f6r\u00fc\u015fmesi | My Palm Leaf Moderat\u00f6r\u00fc\",\"isPartOf\":{\"@id\":\"https:\/\/mypalmleaf.com\/#website\"},\"primaryImageOfPage\":{\"@id\":\"https:\/\/mypalmleaf.com\/tr\/prices\/moderatorlerimizden-biriyle-60-dakikalik-danisma-gorusmesi\/#primaryimage\"},\"image\":{\"@id\":\"https:\/\/mypalmleaf.com\/tr\/prices\/moderatorlerimizden-biriyle-60-dakikalik-danisma-gorusmesi\/#primaryimage\"},\"thumbnailUrl\":\"https:\/\/mypalmleaf.com\/wp-content\/uploads\/2024\/09\/integrationcall-prd-thumb2.jpg\",\"datePublished\":\"2024-09-04T10:45:22+00:00\",\"dateModified\":\"2025-08-05T07:01:58+00:00\",\"description\":\"60 dakikal\u0131k dan\u0131\u015fma g\u00f6r\u00fc\u015fmesi i\u00e7in uzmanlar\u0131m\u0131zdan biriyle ileti\u015fime ge\u00e7in ve ya\u015fam\u0131n\u0131zdaki \u00f6nemli sorulara derinlemesine cevaplar al\u0131n.\",\"breadcrumb\":{\"@id\":\"https:\/\/mypalmleaf.com\/tr\/prices\/moderatorlerimizden-biriyle-60-dakikalik-danisma-gorusmesi\/#breadcrumb\"},\"inLanguage\":\"tr\",\"potentialAction\":[{\"@type\":\"ReadAction\",\"target\":[\"https:\/\/mypalmleaf.com\/tr\/prices\/moderatorlerimizden-biriyle-60-dakikalik-danisma-gorusmesi\/\"]}]},{\"@type\":\"ImageObject\",\"inLanguage\":\"tr\",\"@id\":\"https:\/\/mypalmleaf.com\/tr\/prices\/moderatorlerimizden-biriyle-60-dakikalik-danisma-gorusmesi\/#primaryimage\",\"url\":\"https:\/\/mypalmleaf.com\/wp-content\/uploads\/2024\/09\/integrationcall-prd-thumb2.jpg\",\"contentUrl\":\"https:\/\/mypalmleaf.com\/wp-content\/uploads\/2024\/09\/integrationcall-prd-thumb2.jpg\",\"width\":819,\"height\":464,\"caption\":\"listening\"},{\"@type\":\"BreadcrumbList\",\"@id\":\"https:\/\/mypalmleaf.com\/tr\/prices\/moderatorlerimizden-biriyle-60-dakikalik-danisma-gorusmesi\/#breadcrumb\",\"itemListElement\":[{\"@type\":\"ListItem\",\"position\":1,\"name\":\"Home\",\"item\":\"https:\/\/mypalmleaf.com\/tr\/\"},{\"@type\":\"ListItem\",\"position\":2,\"name\":\"Shop\",\"item\":\"https:\/\/mypalmleaf.com\/et\/shop\/\"},{\"@type\":\"ListItem\",\"position\":3,\"name\":\"Moderat\u00f6rlerimizden biriyle 60 dakikal\u0131k dan\u0131\u015fma g\u00f6r\u00fc\u015fmesi\"}]},{\"@type\":\"WebSite\",\"@id\":\"https:\/\/mypalmleaf.com\/#website\",\"url\":\"https:\/\/mypalmleaf.com\/\",\"name\":\"My Palm Leaf\",\"description\":\"\",\"potentialAction\":[{\"@type\":\"SearchAction\",\"target\":{\"@type\":\"EntryPoint\",\"urlTemplate\":\"https:\/\/mypalmleaf.com\/?s={search_term_string}\"},\"query-input\":{\"@type\":\"PropertyValueSpecification\",\"valueRequired\":true,\"valueName\":\"search_term_string\"}}],\"inLanguage\":\"tr\"}]}<\/script>\n<!-- \/ Yoast SEO plugin. -->","yoast_head_json":{"title":"60 Dakikal\u0131k Dan\u0131\u015fma G\u00f6r\u00fc\u015fmesi | My Palm Leaf Moderat\u00f6r\u00fc","description":"60 dakikal\u0131k dan\u0131\u015fma g\u00f6r\u00fc\u015fmesi i\u00e7in uzmanlar\u0131m\u0131zdan biriyle ileti\u015fime ge\u00e7in ve ya\u015fam\u0131n\u0131zdaki \u00f6nemli sorulara derinlemesine cevaplar al\u0131n.","robots":{"index":"index","follow":"follow","max-snippet":"max-snippet:-1","max-image-preview":"max-image-preview:large","max-video-preview":"max-video-preview:-1"},"canonical":"https:\/\/mypalmleaf.com\/tr\/prices\/moderatorlerimizden-biriyle-60-dakikalik-danisma-gorusmesi\/","og_locale":"tr_TR","og_type":"article","og_title":"60 Dakikal\u0131k Dan\u0131\u015fma G\u00f6r\u00fc\u015fmesi | My Palm Leaf Moderat\u00f6r\u00fc","og_description":"60 dakikal\u0131k dan\u0131\u015fma g\u00f6r\u00fc\u015fmesi i\u00e7in uzmanlar\u0131m\u0131zdan biriyle ileti\u015fime ge\u00e7in ve ya\u015fam\u0131n\u0131zdaki \u00f6nemli sorulara derinlemesine cevaplar al\u0131n.","og_url":"https:\/\/mypalmleaf.com\/tr\/prices\/moderatorlerimizden-biriyle-60-dakikalik-danisma-gorusmesi\/","og_site_name":"My Palm Leaf","article_modified_time":"2025-08-05T07:01:58+00:00","og_image":[{"width":819,"height":464,"url":"https:\/\/mypalmleaf.com\/wp-content\/uploads\/2024\/09\/integrationcall-prd-thumb2.jpg","type":"image\/jpeg"}],"twitter_card":"summary_large_image","twitter_misc":{"Tahmini okuma s\u00fcresi":"1 dakika"},"schema":{"@context":"https:\/\/schema.org","@graph":[{"@type":"WebPage","@id":"https:\/\/mypalmleaf.com\/tr\/prices\/moderatorlerimizden-biriyle-60-dakikalik-danisma-gorusmesi\/","url":"https:\/\/mypalmleaf.com\/tr\/prices\/moderatorlerimizden-biriyle-60-dakikalik-danisma-gorusmesi\/","name":"60 Dakikal\u0131k Dan\u0131\u015fma G\u00f6r\u00fc\u015fmesi | My Palm Leaf Moderat\u00f6r\u00fc","isPartOf":{"@id":"https:\/\/mypalmleaf.com\/#website"},"primaryImageOfPage":{"@id":"https:\/\/mypalmleaf.com\/tr\/prices\/moderatorlerimizden-biriyle-60-dakikalik-danisma-gorusmesi\/#primaryimage"},"image":{"@id":"https:\/\/mypalmleaf.com\/tr\/prices\/moderatorlerimizden-biriyle-60-dakikalik-danisma-gorusmesi\/#primaryimage"},"thumbnailUrl":"https:\/\/mypalmleaf.com\/wp-content\/uploads\/2024\/09\/integrationcall-prd-thumb2.jpg","datePublished":"2024-09-04T10:45:22+00:00","dateModified":"2025-08-05T07:01:58+00:00","description":"60 dakikal\u0131k dan\u0131\u015fma g\u00f6r\u00fc\u015fmesi i\u00e7in uzmanlar\u0131m\u0131zdan biriyle ileti\u015fime ge\u00e7in ve ya\u015fam\u0131n\u0131zdaki \u00f6nemli sorulara derinlemesine cevaplar al\u0131n.","breadcrumb":{"@id":"https:\/\/mypalmleaf.com\/tr\/prices\/moderatorlerimizden-biriyle-60-dakikalik-danisma-gorusmesi\/#breadcrumb"},"inLanguage":"tr","potentialAction":[{"@type":"ReadAction","target":["https:\/\/mypalmleaf.com\/tr\/prices\/moderatorlerimizden-biriyle-60-dakikalik-danisma-gorusmesi\/"]}]},{"@type":"ImageObject","inLanguage":"tr","@id":"https:\/\/mypalmleaf.com\/tr\/prices\/moderatorlerimizden-biriyle-60-dakikalik-danisma-gorusmesi\/#primaryimage","url":"https:\/\/mypalmleaf.com\/wp-content\/uploads\/2024\/09\/integrationcall-prd-thumb2.jpg","contentUrl":"https:\/\/mypalmleaf.com\/wp-content\/uploads\/2024\/09\/integrationcall-prd-thumb2.jpg","width":819,"height":464,"caption":"listening"},{"@type":"BreadcrumbList","@id":"https:\/\/mypalmleaf.com\/tr\/prices\/moderatorlerimizden-biriyle-60-dakikalik-danisma-gorusmesi\/#breadcrumb","itemListElement":[{"@type":"ListItem","position":1,"name":"Home","item":"https:\/\/mypalmleaf.com\/tr\/"},{"@type":"ListItem","position":2,"name":"Shop","item":"https:\/\/mypalmleaf.com\/et\/shop\/"},{"@type":"ListItem","position":3,"name":"Moderat\u00f6rlerimizden biriyle 60 dakikal\u0131k dan\u0131\u015fma g\u00f6r\u00fc\u015fmesi"}]},{"@type":"WebSite","@id":"https:\/\/mypalmleaf.com\/#website","url":"https:\/\/mypalmleaf.com\/","name":"My Palm Leaf","description":"","potentialAction":[{"@type":"SearchAction","target":{"@type":"EntryPoint","urlTemplate":"https:\/\/mypalmleaf.com\/?s={search_term_string}"},"query-input":{"@type":"PropertyValueSpecification","valueRequired":true,"valueName":"search_term_string"}}],"inLanguage":"tr"}]}},"_links":{"self":[{"href":"https:\/\/mypalmleaf.com\/tr\/wp-json\/wp\/v2\/product\/38892","targetHints":{"allow":["GET"]}}],"collection":[{"href":"https:\/\/mypalmleaf.com\/tr\/wp-json\/wp\/v2\/product"}],"about":[{"href":"https:\/\/mypalmleaf.com\/tr\/wp-json\/wp\/v2\/types\/product"}],"replies":[{"embeddable":true,"href":"https:\/\/mypalmleaf.com\/tr\/wp-json\/wp\/v2\/comments?post=38892"}],"wp:featuredmedia":[{"embeddable":true,"href":"https:\/\/mypalmleaf.com\/tr\/wp-json\/wp\/v2\/media\/44431"}],"wp:attachment":[{"href":"https:\/\/mypalmleaf.com\/tr\/wp-json\/wp\/v2\/media?parent=38892"}],"wp:term":[{"taxonomy":"product_brand","embeddable":true,"href":"https:\/\/mypalmleaf.com\/tr\/wp-json\/wp\/v2\/product_brand?post=38892"},{"taxonomy":"product_cat","embeddable":true,"href":"https:\/\/mypalmleaf.com\/tr\/wp-json\/wp\/v2\/product_cat?post=38892"},{"taxonomy":"product_tag","embeddable":true,"href":"https:\/\/mypalmleaf.com\/tr\/wp-json\/wp\/v2\/product_tag?post=38892"}],"curies":[{"name":"wp","href":"https:\/\/api.w.org\/{rel}","templated":true}]}}