
{"id":38973,"date":"2024-09-04T10:46:48","date_gmt":"2024-09-04T10:46:48","guid":{"rendered":"https:\/\/mypalmleaf.com\/prices\/el-faliniza-baktirin-ve-ozetini-alin\/"},"modified":"2025-08-28T10:01:21","modified_gmt":"2025-08-28T10:01:21","slug":"el-faliniza-baktirin-ve-ozetini-alin","status":"publish","type":"product","link":"https:\/\/mypalmleaf.com\/tr\/prices\/el-faliniza-baktirin-ve-ozetini-alin\/","title":{"rendered":"El fal\u0131n\u0131za bakt\u0131r\u0131n ve \u00f6zetini al\u0131n."},"content":{"rendered":"<p>Palm Leaf okumalar\u0131n\u0131z\u0131 yaz\u0131ya d\u00f6kecek, d\u00fczenleyecek ve \u00f6zetleyece\u011fiz ve sizin i\u00e7in okunmas\u0131 kolay, iyi yap\u0131land\u0131r\u0131lm\u0131\u015f bir metin olarak bir araya getirece\u011fiz.<\/p>\n<p>Bu, okumay\u0131 b\u00fct\u00fcnle\u015ftirmek ve t\u00fcm kayd\u0131 tekrar dinlemeden i\u00e7eri\u011fine bakmak i\u00e7in \u00e7ok yararl\u0131d\u0131r.<\/p>\n<p>Ayr\u0131ca ek a\u00e7\u0131klamalar da i\u00e7ermektedir.<\/p>\n<p>\u00d6nce el fal\u0131n\u0131za bakt\u0131rmadan bu hizmet i\u00e7in rezervasyon yapt\u0131rman\u0131z m\u00fcmk\u00fcn DE\u011e\u0130LD\u0130R.<\/p>\n<p>L\u00fctfen a\u015fa\u011f\u0131da genel b\u00f6l\u00fcm okumalar\u0131n\u0131z\u0131n m\u0131 yoksa ek b\u00f6l\u00fcmlerin okunmas\u0131n\u0131n m\u0131 yaz\u0131ya d\u00f6k\u00fclmesini istedi\u011finizi se\u00e7in.<\/p>\n","protected":false},"excerpt":{"rendered":"<p>El fal\u0131 okumalar\u0131n\u0131z\u0131 yaz\u0131ya d\u00f6kecek, d\u00fczenleyecek, \u00f6zetleyecek ve sizin i\u00e7in okunmas\u0131 kolay, iyi yap\u0131land\u0131r\u0131lm\u0131\u015f bir metin olarak bir araya getirece\u011fiz.<br \/>\nBu ancak bir Avu\u00e7 i\u00e7i yapra\u011f\u0131 okumas\u0131ndan sonra m\u00fcmk\u00fcnd\u00fcr&#8230;<\/p>\n","protected":false},"featured_media":9974,"comment_status":"open","ping_status":"closed","template":"","meta":{"_acf_changed":false},"product_brand":[],"product_cat":[362],"product_tag":[],"class_list":{"0":"post-38973","1":"product","2":"type-product","3":"status-publish","4":"has-post-thumbnail","6":"product_cat-uncategorized-tr","8":"first","9":"instock","10":"virtual","11":"taxable","12":"purchasable","13":"product-type-simple"},"exclude_global_add_ons":false,"addons":[{"name":"Genel B\u00f6l\u00fcm","type":"checkbox","position":0,"required":false,"title_format":"label","description_enable":true,"description":"General Chapter","placeholder_enable":false,"placeholder":"","display":"select","restrictions_type":"any_text","adjust_price":false,"price":"","price_type":"flat_fee","restrictions":false,"min":0,"max":0,"options":[{"label":"\u0130ngilizce","price":"59","price_type":"flat_fee","image":0},{"label":"Alman","price":"99","price_type":"flat_fee","image":0},{"label":"Japonca","price":"99","price_type":"flat_fee","image":0},{"label":"\u0130talyan","price":"99","price_type":"flat_fee","image":0},{"label":"Rus\u00e7a","price":"99","price_type":"flat_fee","image":0},{"label":"Frans\u0131zca","price":"99","price_type":"flat_fee","image":0},{"label":"\u0130spanyolca","price":"99","price_type":"flat_fee","image":0}],"id":1731263144},{"name":"Ek B\u00f6l\u00fcmler","type":"checkbox","position":1,"required":false,"title_format":"label","description_enable":true,"description":"Additional Chapters","placeholder_enable":false,"placeholder":"","display":"select","restrictions_type":"any_text","adjust_price":false,"price":"","price_type":"flat_fee","restrictions":false,"min":0,"max":0,"options":[{"label":"\u0130ngilizce","price":"18","price_type":"flat_fee","image":0},{"label":"Alman","price":"27","price_type":"flat_fee","image":0},{"label":"Japonca","price":"27","price_type":"flat_fee","image":0},{"label":"\u0130talyan","price":"27","price_type":"flat_fee","image":0},{"label":"Rus\u00e7a","price":"27","price_type":"flat_fee","image":0},{"label":"Frans\u0131zca","price":"27","price_type":"flat_fee","image":0},{"label":"\u0130spanyolca","price":"27","price_type":"flat_fee","image":0}],"id":1731263145},{"name":"B\u00f6l\u00fcm Say\u0131s\u0131","type":"checkbox","position":2,"required":false,"title_format":"label","description_enable":true,"description":"No of Chapters","placeholder_enable":false,"placeholder":"","display":"select","restrictions_type":"any_text","adjust_price":false,"price":"","price_type":"flat_fee","restrictions":false,"min":0,"max":0,"options":[{"label":"1","price":"18","price_type":"flat_fee","image":0},{"label":"2","price":"27","price_type":"flat_fee","image":0},{"label":"3","price":"27","price_type":"flat_fee","image":0},{"label":"4","price":"27","price_type":"flat_fee","image":0},{"label":"5","price":"27","price_type":"flat_fee","image":0},{"label":"6","price":"27","price_type":"flat_fee","image":0},{"label":"7","price":"27","price_type":"flat_fee","image":0},{"label":"8","price":"","price_type":"flat_fee","image":0},{"label":"9","price":"","price_type":"flat_fee","image":0},{"label":"10","price":"","price_type":"flat_fee","image":0},{"label":"11","price":"","price_type":"flat_fee","image":0},{"label":"12","price":"","price_type":"flat_fee","image":0},{"label":"13","price":"","price_type":"flat_fee","image":0},{"label":"14","price":"","price_type":"flat_fee","image":0},{"label":"15","price":"","price_type":"flat_fee","image":0}],"id":1731263146}],"acf":[],"yoast_head":"<!-- This site is optimized with the Yoast SEO plugin v26.4 - https:\/\/yoast.com\/wordpress\/plugins\/seo\/ -->\n<title>El fal\u0131n\u0131za bakt\u0131r\u0131n ve \u00f6zetini al\u0131n. - My Palm Leaf<\/title>\n<meta name=\"description\" content=\"El fal\u0131n\u0131z\u0131 okutup \u00f6zetini al\u0131n. Net, anla\u015f\u0131l\u0131r ve derinlemesine rehberlik i\u00e7in hemen ke\u015ffedin ve ruhsal yolculu\u011funuza ba\u015flay\u0131n!\" \/>\n<meta name=\"robots\" content=\"index, follow, max-snippet:-1, max-image-preview:large, max-video-preview:-1\" \/>\n<link rel=\"canonical\" href=\"https:\/\/mypalmleaf.com\/tr\/prices\/el-faliniza-baktirin-ve-ozetini-alin\/\" \/>\n<meta property=\"og:locale\" content=\"tr_TR\" \/>\n<meta property=\"og:type\" content=\"article\" \/>\n<meta property=\"og:title\" content=\"El fal\u0131n\u0131za bakt\u0131r\u0131n ve \u00f6zetini al\u0131n. - My Palm Leaf\" \/>\n<meta property=\"og:description\" content=\"El fal\u0131n\u0131z\u0131 okutup \u00f6zetini al\u0131n. Net, anla\u015f\u0131l\u0131r ve derinlemesine rehberlik i\u00e7in hemen ke\u015ffedin ve ruhsal yolculu\u011funuza ba\u015flay\u0131n!\" \/>\n<meta property=\"og:url\" content=\"https:\/\/mypalmleaf.com\/tr\/prices\/el-faliniza-baktirin-ve-ozetini-alin\/\" \/>\n<meta property=\"og:site_name\" content=\"My Palm Leaf\" \/>\n<meta property=\"article:modified_time\" content=\"2025-08-28T10:01:21+00:00\" \/>\n<meta property=\"og:image\" content=\"https:\/\/mypalmleaf.com\/wp-content\/uploads\/2024\/09\/mantra-product-page-4-1.jpg\" \/>\n\t<meta property=\"og:image:width\" content=\"800\" \/>\n\t<meta property=\"og:image:height\" content=\"444\" \/>\n\t<meta property=\"og:image:type\" content=\"image\/jpeg\" \/>\n<meta name=\"twitter:card\" content=\"summary_large_image\" \/>\n<meta name=\"twitter:label1\" content=\"Tahmini okuma s\u00fcresi\" \/>\n\t<meta name=\"twitter:data1\" content=\"1 dakika\" \/>\n<script type=\"application\/ld+json\" class=\"yoast-schema-graph\">{\"@context\":\"https:\/\/schema.org\",\"@graph\":[{\"@type\":\"WebPage\",\"@id\":\"https:\/\/mypalmleaf.com\/tr\/prices\/el-faliniza-baktirin-ve-ozetini-alin\/\",\"url\":\"https:\/\/mypalmleaf.com\/tr\/prices\/el-faliniza-baktirin-ve-ozetini-alin\/\",\"name\":\"El fal\u0131n\u0131za bakt\u0131r\u0131n ve \u00f6zetini al\u0131n. - My Palm Leaf\",\"isPartOf\":{\"@id\":\"https:\/\/mypalmleaf.com\/#website\"},\"primaryImageOfPage\":{\"@id\":\"https:\/\/mypalmleaf.com\/tr\/prices\/el-faliniza-baktirin-ve-ozetini-alin\/#primaryimage\"},\"image\":{\"@id\":\"https:\/\/mypalmleaf.com\/tr\/prices\/el-faliniza-baktirin-ve-ozetini-alin\/#primaryimage\"},\"thumbnailUrl\":\"https:\/\/mypalmleaf.com\/wp-content\/uploads\/2024\/09\/mantra-product-page-4-1.jpg\",\"datePublished\":\"2024-09-04T10:46:48+00:00\",\"dateModified\":\"2025-08-28T10:01:21+00:00\",\"description\":\"El fal\u0131n\u0131z\u0131 okutup \u00f6zetini al\u0131n. Net, anla\u015f\u0131l\u0131r ve derinlemesine rehberlik i\u00e7in hemen ke\u015ffedin ve ruhsal yolculu\u011funuza ba\u015flay\u0131n!\",\"breadcrumb\":{\"@id\":\"https:\/\/mypalmleaf.com\/tr\/prices\/el-faliniza-baktirin-ve-ozetini-alin\/#breadcrumb\"},\"inLanguage\":\"tr\",\"potentialAction\":[{\"@type\":\"ReadAction\",\"target\":[\"https:\/\/mypalmleaf.com\/tr\/prices\/el-faliniza-baktirin-ve-ozetini-alin\/\"]}]},{\"@type\":\"ImageObject\",\"inLanguage\":\"tr\",\"@id\":\"https:\/\/mypalmleaf.com\/tr\/prices\/el-faliniza-baktirin-ve-ozetini-alin\/#primaryimage\",\"url\":\"https:\/\/mypalmleaf.com\/wp-content\/uploads\/2024\/09\/mantra-product-page-4-1.jpg\",\"contentUrl\":\"https:\/\/mypalmleaf.com\/wp-content\/uploads\/2024\/09\/mantra-product-page-4-1.jpg\",\"width\":800,\"height\":444,\"caption\":\"Envelope\"},{\"@type\":\"BreadcrumbList\",\"@id\":\"https:\/\/mypalmleaf.com\/tr\/prices\/el-faliniza-baktirin-ve-ozetini-alin\/#breadcrumb\",\"itemListElement\":[{\"@type\":\"ListItem\",\"position\":1,\"name\":\"Home\",\"item\":\"https:\/\/mypalmleaf.com\/tr\/\"},{\"@type\":\"ListItem\",\"position\":2,\"name\":\"Shop\",\"item\":\"https:\/\/mypalmleaf.com\/et\/shop\/\"},{\"@type\":\"ListItem\",\"position\":3,\"name\":\"El fal\u0131n\u0131za bakt\u0131r\u0131n ve \u00f6zetini al\u0131n.\"}]},{\"@type\":\"WebSite\",\"@id\":\"https:\/\/mypalmleaf.com\/#website\",\"url\":\"https:\/\/mypalmleaf.com\/\",\"name\":\"My Palm Leaf\",\"description\":\"\",\"potentialAction\":[{\"@type\":\"SearchAction\",\"target\":{\"@type\":\"EntryPoint\",\"urlTemplate\":\"https:\/\/mypalmleaf.com\/?s={search_term_string}\"},\"query-input\":{\"@type\":\"PropertyValueSpecification\",\"valueRequired\":true,\"valueName\":\"search_term_string\"}}],\"inLanguage\":\"tr\"}]}<\/script>\n<!-- \/ Yoast SEO plugin. -->","yoast_head_json":{"title":"El fal\u0131n\u0131za bakt\u0131r\u0131n ve \u00f6zetini al\u0131n. - My Palm Leaf","description":"El fal\u0131n\u0131z\u0131 okutup \u00f6zetini al\u0131n. Net, anla\u015f\u0131l\u0131r ve derinlemesine rehberlik i\u00e7in hemen ke\u015ffedin ve ruhsal yolculu\u011funuza ba\u015flay\u0131n!","robots":{"index":"index","follow":"follow","max-snippet":"max-snippet:-1","max-image-preview":"max-image-preview:large","max-video-preview":"max-video-preview:-1"},"canonical":"https:\/\/mypalmleaf.com\/tr\/prices\/el-faliniza-baktirin-ve-ozetini-alin\/","og_locale":"tr_TR","og_type":"article","og_title":"El fal\u0131n\u0131za bakt\u0131r\u0131n ve \u00f6zetini al\u0131n. - My Palm Leaf","og_description":"El fal\u0131n\u0131z\u0131 okutup \u00f6zetini al\u0131n. Net, anla\u015f\u0131l\u0131r ve derinlemesine rehberlik i\u00e7in hemen ke\u015ffedin ve ruhsal yolculu\u011funuza ba\u015flay\u0131n!","og_url":"https:\/\/mypalmleaf.com\/tr\/prices\/el-faliniza-baktirin-ve-ozetini-alin\/","og_site_name":"My Palm Leaf","article_modified_time":"2025-08-28T10:01:21+00:00","og_image":[{"width":800,"height":444,"url":"https:\/\/mypalmleaf.com\/wp-content\/uploads\/2024\/09\/mantra-product-page-4-1.jpg","type":"image\/jpeg"}],"twitter_card":"summary_large_image","twitter_misc":{"Tahmini okuma s\u00fcresi":"1 dakika"},"schema":{"@context":"https:\/\/schema.org","@graph":[{"@type":"WebPage","@id":"https:\/\/mypalmleaf.com\/tr\/prices\/el-faliniza-baktirin-ve-ozetini-alin\/","url":"https:\/\/mypalmleaf.com\/tr\/prices\/el-faliniza-baktirin-ve-ozetini-alin\/","name":"El fal\u0131n\u0131za bakt\u0131r\u0131n ve \u00f6zetini al\u0131n. - My Palm Leaf","isPartOf":{"@id":"https:\/\/mypalmleaf.com\/#website"},"primaryImageOfPage":{"@id":"https:\/\/mypalmleaf.com\/tr\/prices\/el-faliniza-baktirin-ve-ozetini-alin\/#primaryimage"},"image":{"@id":"https:\/\/mypalmleaf.com\/tr\/prices\/el-faliniza-baktirin-ve-ozetini-alin\/#primaryimage"},"thumbnailUrl":"https:\/\/mypalmleaf.com\/wp-content\/uploads\/2024\/09\/mantra-product-page-4-1.jpg","datePublished":"2024-09-04T10:46:48+00:00","dateModified":"2025-08-28T10:01:21+00:00","description":"El fal\u0131n\u0131z\u0131 okutup \u00f6zetini al\u0131n. Net, anla\u015f\u0131l\u0131r ve derinlemesine rehberlik i\u00e7in hemen ke\u015ffedin ve ruhsal yolculu\u011funuza ba\u015flay\u0131n!","breadcrumb":{"@id":"https:\/\/mypalmleaf.com\/tr\/prices\/el-faliniza-baktirin-ve-ozetini-alin\/#breadcrumb"},"inLanguage":"tr","potentialAction":[{"@type":"ReadAction","target":["https:\/\/mypalmleaf.com\/tr\/prices\/el-faliniza-baktirin-ve-ozetini-alin\/"]}]},{"@type":"ImageObject","inLanguage":"tr","@id":"https:\/\/mypalmleaf.com\/tr\/prices\/el-faliniza-baktirin-ve-ozetini-alin\/#primaryimage","url":"https:\/\/mypalmleaf.com\/wp-content\/uploads\/2024\/09\/mantra-product-page-4-1.jpg","contentUrl":"https:\/\/mypalmleaf.com\/wp-content\/uploads\/2024\/09\/mantra-product-page-4-1.jpg","width":800,"height":444,"caption":"Envelope"},{"@type":"BreadcrumbList","@id":"https:\/\/mypalmleaf.com\/tr\/prices\/el-faliniza-baktirin-ve-ozetini-alin\/#breadcrumb","itemListElement":[{"@type":"ListItem","position":1,"name":"Home","item":"https:\/\/mypalmleaf.com\/tr\/"},{"@type":"ListItem","position":2,"name":"Shop","item":"https:\/\/mypalmleaf.com\/et\/shop\/"},{"@type":"ListItem","position":3,"name":"El fal\u0131n\u0131za bakt\u0131r\u0131n ve \u00f6zetini al\u0131n."}]},{"@type":"WebSite","@id":"https:\/\/mypalmleaf.com\/#website","url":"https:\/\/mypalmleaf.com\/","name":"My Palm Leaf","description":"","potentialAction":[{"@type":"SearchAction","target":{"@type":"EntryPoint","urlTemplate":"https:\/\/mypalmleaf.com\/?s={search_term_string}"},"query-input":{"@type":"PropertyValueSpecification","valueRequired":true,"valueName":"search_term_string"}}],"inLanguage":"tr"}]}},"_links":{"self":[{"href":"https:\/\/mypalmleaf.com\/tr\/wp-json\/wp\/v2\/product\/38973","targetHints":{"allow":["GET"]}}],"collection":[{"href":"https:\/\/mypalmleaf.com\/tr\/wp-json\/wp\/v2\/product"}],"about":[{"href":"https:\/\/mypalmleaf.com\/tr\/wp-json\/wp\/v2\/types\/product"}],"replies":[{"embeddable":true,"href":"https:\/\/mypalmleaf.com\/tr\/wp-json\/wp\/v2\/comments?post=38973"}],"wp:featuredmedia":[{"embeddable":true,"href":"https:\/\/mypalmleaf.com\/tr\/wp-json\/wp\/v2\/media\/9974"}],"wp:attachment":[{"href":"https:\/\/mypalmleaf.com\/tr\/wp-json\/wp\/v2\/media?parent=38973"}],"wp:term":[{"taxonomy":"product_brand","embeddable":true,"href":"https:\/\/mypalmleaf.com\/tr\/wp-json\/wp\/v2\/product_brand?post=38973"},{"taxonomy":"product_cat","embeddable":true,"href":"https:\/\/mypalmleaf.com\/tr\/wp-json\/wp\/v2\/product_cat?post=38973"},{"taxonomy":"product_tag","embeddable":true,"href":"https:\/\/mypalmleaf.com\/tr\/wp-json\/wp\/v2\/product_tag?post=38973"}],"curies":[{"name":"wp","href":"https:\/\/api.w.org\/{rel}","templated":true}]}}