
{"id":39004,"date":"2024-09-04T10:59:13","date_gmt":"2024-09-04T10:59:13","guid":{"rendered":"https:\/\/mypalmleaf.com\/prices\/athma-shanthi-puja-vefat-eden-birinin-ruhunun-huzur-icinde-yatmasina-yardimci-olmak-icin-yapilan-ozel-rituel\/"},"modified":"2025-08-04T13:14:49","modified_gmt":"2025-08-04T13:14:49","slug":"athma-shanthi-puja-vefat-eden-birinin-ruhunun-huzur-icinde-yatmasina-yardimci-olmak-icin-yapilan-ozel-rituel","status":"publish","type":"product","link":"https:\/\/mypalmleaf.com\/tr\/prices\/athma-shanthi-puja-vefat-eden-birinin-ruhunun-huzur-icinde-yatmasina-yardimci-olmak-icin-yapilan-ozel-rituel\/","title":{"rendered":"Atma Shanti Pooja &#8211; \u00d6len ruhlar\u0131n huzuru i\u00e7in kutsal bir sunu"},"content":{"rendered":"<p><strong>Atma Shanti Pooja<\/strong><br \/>\nVefat eden sevdi\u011finiz birinin ruhunu onurland\u0131rmak ve desteklemek i\u00e7in kutsal bir rit\u00fcel<\/p>\n<p>Atma Shanti Pooja, aram\u0131zdan ayr\u0131lan birinin ruhuna huzur getirmek i\u00e7in yap\u0131lan son derece anlaml\u0131 bir Vedik t\u00f6rendir &#8211; \u00f6zellikle de vefatlar\u0131 ani, beklenmedik veya duygusal olarak \u00e7\u00f6z\u00fclmemi\u015fse.<\/p>\n<p>\u00d6l\u00fcm ister yak\u0131n zamanda ister uzun zaman \u00f6nce ger\u00e7ekle\u015fmi\u015f olsun, bu pooja ruhun yolculu\u011funa manevi destek sunarak iyile\u015fme, \u00e7\u00f6z\u00fcm ve huzura do\u011fru ilerlemesine yard\u0131mc\u0131 olur. Bu, ruhun yolculu\u011funu s\u00fcrekli olarak desteklemek i\u00e7in ya\u015fam boyunca bir\u00e7ok kez yap\u0131labilir. <\/p>\n<p><strong>Dahil olanlar:<\/strong><\/p>\n<ul>\n<li>Deneyimli Vedik rahipler taraf\u0131ndan ger\u00e7ekle\u015ftirilen geleneksel Atma Shanti Pooja<\/li>\n<li>Size en anlaml\u0131 gelen tarih se\u00e7imi<\/li>\n<li>Pooja&#8217;ya Zoom \u00fczerinden canl\u0131 kat\u0131lma se\u00e7ene\u011fi<\/li>\n<li>T\u00fcm rit\u00fcelin video kayd\u0131<\/li>\n<li>Ekibimizden ba\u015ftan sona nazik destek ve ileti\u015fim<\/li>\n<\/ul>\n<p>Her y\u0131l Pitru Paksha ad\u0131 verilen ve Atma Shanti Pooja&#8217;n\u0131n \u00f6zellikle g\u00fc\u00e7l\u00fc ve ruhsal a\u00e7\u0131dan etkili oldu\u011fu d\u00fc\u015f\u00fcn\u00fclen \u00f6zel bir d\u00f6nem vard\u0131r.<\/p>\n<p>Bu y\u0131l Pitru Paksha d\u00f6nemi 7 Eyl\u00fcl &#8211; 21 Eyl\u00fcl 2025 tarihleri aras\u0131na denk geliyor. Daha fazlas\u0131n\u0131 <a href=\"https:\/\/mypalmleaf.com\/zh-hans\/pitru-paksha-2025\/\">buradan<\/a> okuyun. <\/p>\n","protected":false},"excerpt":{"rendered":"<p>Atma Shanti Pooja, aram\u0131zdan ayr\u0131lan birinin ruhuna huzur getirmek i\u00e7in yap\u0131lan son derece anlaml\u0131 bir Vedik t\u00f6rendir &#8211; \u00f6zellikle de vefatlar\u0131 ani, beklenmedik veya duygusal olarak \u00e7\u00f6z\u00fclmemi\u015fse.<\/p>\n","protected":false},"featured_media":9954,"comment_status":"open","ping_status":"closed","template":"","meta":{"_acf_changed":false},"product_brand":[],"product_cat":[362],"product_tag":[],"class_list":{"0":"post-39004","1":"product","2":"type-product","3":"status-publish","4":"has-post-thumbnail","6":"product_cat-uncategorized-tr","8":"first","9":"instock","10":"virtual","11":"purchasable","12":"product-type-simple"},"exclude_global_add_ons":[],"addons":[],"acf":[],"yoast_head":"<!-- This site is optimized with the Yoast SEO plugin v26.4 - https:\/\/yoast.com\/wordpress\/plugins\/seo\/ -->\n<title>Athma Shanthi Pooja - Atalar\u0131m\u0131z\u0131n Huzuru i\u00e7in Kutsal Rit\u00fcel<\/title>\n<meta name=\"description\" content=\"Sevdi\u011finiz birinin ruhunun huzur i\u00e7inde yatmas\u0131na yard\u0131mc\u0131 olmak i\u00e7in Athma Shanthi Puja&#039;y\u0131 ger\u00e7ekle\u015ftirin. Bu e\u015fsiz rit\u00fcel beklenmedik bir \u015fekilde vefat edenler i\u00e7indir. Canl\u0131 yay\u0131n arac\u0131l\u0131\u011f\u0131yla kullan\u0131labilir.\" \/>\n<meta name=\"robots\" content=\"index, follow, max-snippet:-1, max-image-preview:large, max-video-preview:-1\" \/>\n<link rel=\"canonical\" href=\"https:\/\/mypalmleaf.com\/tr\/prices\/athma-shanthi-puja-vefat-eden-birinin-ruhunun-huzur-icinde-yatmasina-yardimci-olmak-icin-yapilan-ozel-rituel\/\" \/>\n<meta property=\"og:locale\" content=\"tr_TR\" \/>\n<meta property=\"og:type\" content=\"article\" \/>\n<meta property=\"og:title\" content=\"Athma Shanthi Pooja - Atalar\u0131m\u0131z\u0131n Huzuru i\u00e7in Kutsal Rit\u00fcel\" \/>\n<meta property=\"og:description\" content=\"Sevdi\u011finiz birinin ruhunun huzur i\u00e7inde yatmas\u0131na yard\u0131mc\u0131 olmak i\u00e7in Athma Shanthi Puja&#039;y\u0131 ger\u00e7ekle\u015ftirin. Bu e\u015fsiz rit\u00fcel beklenmedik bir \u015fekilde vefat edenler i\u00e7indir. Canl\u0131 yay\u0131n arac\u0131l\u0131\u011f\u0131yla kullan\u0131labilir.\" \/>\n<meta property=\"og:url\" content=\"https:\/\/mypalmleaf.com\/tr\/prices\/athma-shanthi-puja-vefat-eden-birinin-ruhunun-huzur-icinde-yatmasina-yardimci-olmak-icin-yapilan-ozel-rituel\/\" \/>\n<meta property=\"og:site_name\" content=\"My Palm Leaf\" \/>\n<meta property=\"article:modified_time\" content=\"2025-08-04T13:14:49+00:00\" \/>\n<meta property=\"og:image\" content=\"https:\/\/mypalmleaf.com\/wp-content\/uploads\/2024\/09\/mantra-product-page-3-1.jpg\" \/>\n\t<meta property=\"og:image:width\" content=\"800\" \/>\n\t<meta property=\"og:image:height\" content=\"444\" \/>\n\t<meta property=\"og:image:type\" content=\"image\/jpeg\" \/>\n<meta name=\"twitter:card\" content=\"summary_large_image\" \/>\n<meta name=\"twitter:label1\" content=\"Tahmini okuma s\u00fcresi\" \/>\n\t<meta name=\"twitter:data1\" content=\"1 dakika\" \/>\n<script type=\"application\/ld+json\" class=\"yoast-schema-graph\">{\"@context\":\"https:\/\/schema.org\",\"@graph\":[{\"@type\":\"WebPage\",\"@id\":\"https:\/\/mypalmleaf.com\/tr\/prices\/athma-shanthi-puja-vefat-eden-birinin-ruhunun-huzur-icinde-yatmasina-yardimci-olmak-icin-yapilan-ozel-rituel\/\",\"url\":\"https:\/\/mypalmleaf.com\/tr\/prices\/athma-shanthi-puja-vefat-eden-birinin-ruhunun-huzur-icinde-yatmasina-yardimci-olmak-icin-yapilan-ozel-rituel\/\",\"name\":\"Athma Shanthi Pooja - Atalar\u0131m\u0131z\u0131n Huzuru i\u00e7in Kutsal Rit\u00fcel\",\"isPartOf\":{\"@id\":\"https:\/\/mypalmleaf.com\/#website\"},\"primaryImageOfPage\":{\"@id\":\"https:\/\/mypalmleaf.com\/tr\/prices\/athma-shanthi-puja-vefat-eden-birinin-ruhunun-huzur-icinde-yatmasina-yardimci-olmak-icin-yapilan-ozel-rituel\/#primaryimage\"},\"image\":{\"@id\":\"https:\/\/mypalmleaf.com\/tr\/prices\/athma-shanthi-puja-vefat-eden-birinin-ruhunun-huzur-icinde-yatmasina-yardimci-olmak-icin-yapilan-ozel-rituel\/#primaryimage\"},\"thumbnailUrl\":\"https:\/\/mypalmleaf.com\/wp-content\/uploads\/2024\/09\/mantra-product-page-3-1.jpg\",\"datePublished\":\"2024-09-04T10:59:13+00:00\",\"dateModified\":\"2025-08-04T13:14:49+00:00\",\"description\":\"Sevdi\u011finiz birinin ruhunun huzur i\u00e7inde yatmas\u0131na yard\u0131mc\u0131 olmak i\u00e7in Athma Shanthi Puja'y\u0131 ger\u00e7ekle\u015ftirin. Bu e\u015fsiz rit\u00fcel beklenmedik bir \u015fekilde vefat edenler i\u00e7indir. Canl\u0131 yay\u0131n arac\u0131l\u0131\u011f\u0131yla kullan\u0131labilir.\",\"breadcrumb\":{\"@id\":\"https:\/\/mypalmleaf.com\/tr\/prices\/athma-shanthi-puja-vefat-eden-birinin-ruhunun-huzur-icinde-yatmasina-yardimci-olmak-icin-yapilan-ozel-rituel\/#breadcrumb\"},\"inLanguage\":\"tr\",\"potentialAction\":[{\"@type\":\"ReadAction\",\"target\":[\"https:\/\/mypalmleaf.com\/tr\/prices\/athma-shanthi-puja-vefat-eden-birinin-ruhunun-huzur-icinde-yatmasina-yardimci-olmak-icin-yapilan-ozel-rituel\/\"]}]},{\"@type\":\"ImageObject\",\"inLanguage\":\"tr\",\"@id\":\"https:\/\/mypalmleaf.com\/tr\/prices\/athma-shanthi-puja-vefat-eden-birinin-ruhunun-huzur-icinde-yatmasina-yardimci-olmak-icin-yapilan-ozel-rituel\/#primaryimage\",\"url\":\"https:\/\/mypalmleaf.com\/wp-content\/uploads\/2024\/09\/mantra-product-page-3-1.jpg\",\"contentUrl\":\"https:\/\/mypalmleaf.com\/wp-content\/uploads\/2024\/09\/mantra-product-page-3-1.jpg\",\"width\":800,\"height\":444,\"caption\":\"Homa procedure\"},{\"@type\":\"BreadcrumbList\",\"@id\":\"https:\/\/mypalmleaf.com\/tr\/prices\/athma-shanthi-puja-vefat-eden-birinin-ruhunun-huzur-icinde-yatmasina-yardimci-olmak-icin-yapilan-ozel-rituel\/#breadcrumb\",\"itemListElement\":[{\"@type\":\"ListItem\",\"position\":1,\"name\":\"Home\",\"item\":\"https:\/\/mypalmleaf.com\/tr\/\"},{\"@type\":\"ListItem\",\"position\":2,\"name\":\"Shop\",\"item\":\"https:\/\/mypalmleaf.com\/et\/shop\/\"},{\"@type\":\"ListItem\",\"position\":3,\"name\":\"Atma Shanti Pooja &#8211; \u00d6len ruhlar\u0131n huzuru i\u00e7in kutsal bir sunu\"}]},{\"@type\":\"WebSite\",\"@id\":\"https:\/\/mypalmleaf.com\/#website\",\"url\":\"https:\/\/mypalmleaf.com\/\",\"name\":\"My Palm Leaf\",\"description\":\"\",\"potentialAction\":[{\"@type\":\"SearchAction\",\"target\":{\"@type\":\"EntryPoint\",\"urlTemplate\":\"https:\/\/mypalmleaf.com\/?s={search_term_string}\"},\"query-input\":{\"@type\":\"PropertyValueSpecification\",\"valueRequired\":true,\"valueName\":\"search_term_string\"}}],\"inLanguage\":\"tr\"}]}<\/script>\n<!-- \/ Yoast SEO plugin. -->","yoast_head_json":{"title":"Athma Shanthi Pooja - Atalar\u0131m\u0131z\u0131n Huzuru i\u00e7in Kutsal Rit\u00fcel","description":"Sevdi\u011finiz birinin ruhunun huzur i\u00e7inde yatmas\u0131na yard\u0131mc\u0131 olmak i\u00e7in Athma Shanthi Puja'y\u0131 ger\u00e7ekle\u015ftirin. Bu e\u015fsiz rit\u00fcel beklenmedik bir \u015fekilde vefat edenler i\u00e7indir. Canl\u0131 yay\u0131n arac\u0131l\u0131\u011f\u0131yla kullan\u0131labilir.","robots":{"index":"index","follow":"follow","max-snippet":"max-snippet:-1","max-image-preview":"max-image-preview:large","max-video-preview":"max-video-preview:-1"},"canonical":"https:\/\/mypalmleaf.com\/tr\/prices\/athma-shanthi-puja-vefat-eden-birinin-ruhunun-huzur-icinde-yatmasina-yardimci-olmak-icin-yapilan-ozel-rituel\/","og_locale":"tr_TR","og_type":"article","og_title":"Athma Shanthi Pooja - Atalar\u0131m\u0131z\u0131n Huzuru i\u00e7in Kutsal Rit\u00fcel","og_description":"Sevdi\u011finiz birinin ruhunun huzur i\u00e7inde yatmas\u0131na yard\u0131mc\u0131 olmak i\u00e7in Athma Shanthi Puja'y\u0131 ger\u00e7ekle\u015ftirin. Bu e\u015fsiz rit\u00fcel beklenmedik bir \u015fekilde vefat edenler i\u00e7indir. Canl\u0131 yay\u0131n arac\u0131l\u0131\u011f\u0131yla kullan\u0131labilir.","og_url":"https:\/\/mypalmleaf.com\/tr\/prices\/athma-shanthi-puja-vefat-eden-birinin-ruhunun-huzur-icinde-yatmasina-yardimci-olmak-icin-yapilan-ozel-rituel\/","og_site_name":"My Palm Leaf","article_modified_time":"2025-08-04T13:14:49+00:00","og_image":[{"width":800,"height":444,"url":"https:\/\/mypalmleaf.com\/wp-content\/uploads\/2024\/09\/mantra-product-page-3-1.jpg","type":"image\/jpeg"}],"twitter_card":"summary_large_image","twitter_misc":{"Tahmini okuma s\u00fcresi":"1 dakika"},"schema":{"@context":"https:\/\/schema.org","@graph":[{"@type":"WebPage","@id":"https:\/\/mypalmleaf.com\/tr\/prices\/athma-shanthi-puja-vefat-eden-birinin-ruhunun-huzur-icinde-yatmasina-yardimci-olmak-icin-yapilan-ozel-rituel\/","url":"https:\/\/mypalmleaf.com\/tr\/prices\/athma-shanthi-puja-vefat-eden-birinin-ruhunun-huzur-icinde-yatmasina-yardimci-olmak-icin-yapilan-ozel-rituel\/","name":"Athma Shanthi Pooja - Atalar\u0131m\u0131z\u0131n Huzuru i\u00e7in Kutsal Rit\u00fcel","isPartOf":{"@id":"https:\/\/mypalmleaf.com\/#website"},"primaryImageOfPage":{"@id":"https:\/\/mypalmleaf.com\/tr\/prices\/athma-shanthi-puja-vefat-eden-birinin-ruhunun-huzur-icinde-yatmasina-yardimci-olmak-icin-yapilan-ozel-rituel\/#primaryimage"},"image":{"@id":"https:\/\/mypalmleaf.com\/tr\/prices\/athma-shanthi-puja-vefat-eden-birinin-ruhunun-huzur-icinde-yatmasina-yardimci-olmak-icin-yapilan-ozel-rituel\/#primaryimage"},"thumbnailUrl":"https:\/\/mypalmleaf.com\/wp-content\/uploads\/2024\/09\/mantra-product-page-3-1.jpg","datePublished":"2024-09-04T10:59:13+00:00","dateModified":"2025-08-04T13:14:49+00:00","description":"Sevdi\u011finiz birinin ruhunun huzur i\u00e7inde yatmas\u0131na yard\u0131mc\u0131 olmak i\u00e7in Athma Shanthi Puja'y\u0131 ger\u00e7ekle\u015ftirin. Bu e\u015fsiz rit\u00fcel beklenmedik bir \u015fekilde vefat edenler i\u00e7indir. Canl\u0131 yay\u0131n arac\u0131l\u0131\u011f\u0131yla kullan\u0131labilir.","breadcrumb":{"@id":"https:\/\/mypalmleaf.com\/tr\/prices\/athma-shanthi-puja-vefat-eden-birinin-ruhunun-huzur-icinde-yatmasina-yardimci-olmak-icin-yapilan-ozel-rituel\/#breadcrumb"},"inLanguage":"tr","potentialAction":[{"@type":"ReadAction","target":["https:\/\/mypalmleaf.com\/tr\/prices\/athma-shanthi-puja-vefat-eden-birinin-ruhunun-huzur-icinde-yatmasina-yardimci-olmak-icin-yapilan-ozel-rituel\/"]}]},{"@type":"ImageObject","inLanguage":"tr","@id":"https:\/\/mypalmleaf.com\/tr\/prices\/athma-shanthi-puja-vefat-eden-birinin-ruhunun-huzur-icinde-yatmasina-yardimci-olmak-icin-yapilan-ozel-rituel\/#primaryimage","url":"https:\/\/mypalmleaf.com\/wp-content\/uploads\/2024\/09\/mantra-product-page-3-1.jpg","contentUrl":"https:\/\/mypalmleaf.com\/wp-content\/uploads\/2024\/09\/mantra-product-page-3-1.jpg","width":800,"height":444,"caption":"Homa procedure"},{"@type":"BreadcrumbList","@id":"https:\/\/mypalmleaf.com\/tr\/prices\/athma-shanthi-puja-vefat-eden-birinin-ruhunun-huzur-icinde-yatmasina-yardimci-olmak-icin-yapilan-ozel-rituel\/#breadcrumb","itemListElement":[{"@type":"ListItem","position":1,"name":"Home","item":"https:\/\/mypalmleaf.com\/tr\/"},{"@type":"ListItem","position":2,"name":"Shop","item":"https:\/\/mypalmleaf.com\/et\/shop\/"},{"@type":"ListItem","position":3,"name":"Atma Shanti Pooja &#8211; \u00d6len ruhlar\u0131n huzuru i\u00e7in kutsal bir sunu"}]},{"@type":"WebSite","@id":"https:\/\/mypalmleaf.com\/#website","url":"https:\/\/mypalmleaf.com\/","name":"My Palm Leaf","description":"","potentialAction":[{"@type":"SearchAction","target":{"@type":"EntryPoint","urlTemplate":"https:\/\/mypalmleaf.com\/?s={search_term_string}"},"query-input":{"@type":"PropertyValueSpecification","valueRequired":true,"valueName":"search_term_string"}}],"inLanguage":"tr"}]}},"_links":{"self":[{"href":"https:\/\/mypalmleaf.com\/tr\/wp-json\/wp\/v2\/product\/39004","targetHints":{"allow":["GET"]}}],"collection":[{"href":"https:\/\/mypalmleaf.com\/tr\/wp-json\/wp\/v2\/product"}],"about":[{"href":"https:\/\/mypalmleaf.com\/tr\/wp-json\/wp\/v2\/types\/product"}],"replies":[{"embeddable":true,"href":"https:\/\/mypalmleaf.com\/tr\/wp-json\/wp\/v2\/comments?post=39004"}],"wp:featuredmedia":[{"embeddable":true,"href":"https:\/\/mypalmleaf.com\/tr\/wp-json\/wp\/v2\/media\/9954"}],"wp:attachment":[{"href":"https:\/\/mypalmleaf.com\/tr\/wp-json\/wp\/v2\/media?parent=39004"}],"wp:term":[{"taxonomy":"product_brand","embeddable":true,"href":"https:\/\/mypalmleaf.com\/tr\/wp-json\/wp\/v2\/product_brand?post=39004"},{"taxonomy":"product_cat","embeddable":true,"href":"https:\/\/mypalmleaf.com\/tr\/wp-json\/wp\/v2\/product_cat?post=39004"},{"taxonomy":"product_tag","embeddable":true,"href":"https:\/\/mypalmleaf.com\/tr\/wp-json\/wp\/v2\/product_tag?post=39004"}],"curies":[{"name":"wp","href":"https:\/\/api.w.org\/{rel}","templated":true}]}}