
{"id":39026,"date":"2024-09-04T10:56:25","date_gmt":"2024-09-04T10:56:25","guid":{"rendered":"https:\/\/mypalmleaf.com\/prices\/ates-toreni-homa\/"},"modified":"2025-04-24T05:29:29","modified_gmt":"2025-04-24T05:29:29","slug":"ates-toreni-homa","status":"publish","type":"product","link":"https:\/\/mypalmleaf.com\/tr\/prices\/ates-toreni-homa\/","title":{"rendered":"Ate\u015f t\u00f6reni &#8211; Homa"},"content":{"rendered":"<div class=\"description\">\n<p>Bir ate\u015f seremonisi olan &#8220;Homa&#8221;, faydal\u0131 enerjileri hayat\u0131n\u0131za davet etmek i\u00e7in g\u00fc\u00e7l\u00fc bir enerjik ara\u00e7t\u0131r ve kendiniz veya sevdikleriniz i\u00e7in bir\u00e7ok farkl\u0131 ama\u00e7 i\u00e7in ger\u00e7ekle\u015ftirilebilir. Ate\u015f seremonisi i\u00e7in rezervasyon yapt\u0131ktan sonra, seremoninin ne zaman yap\u0131lmas\u0131n\u0131 istedi\u011finizi se\u00e7meniz i\u00e7in bir takvim ba\u011flant\u0131s\u0131 alacaks\u0131n\u0131z. Bu t\u00f6ren Hindistan&#8217;daki bir tap\u0131nakta e\u011fitimli rahipler taraf\u0131ndan ger\u00e7ekle\u015ftirilecek ve Zoom \u00fczerinden sizin i\u00e7in canl\u0131 olarak yay\u0131nlanacakt\u0131r.<\/p>\n<p>E\u011fer el fal\u0131n\u0131z s\u0131ras\u0131nda ate\u015f seremonisi tavsiye edildiyse, sizin i\u00e7in hangi seremoninin tavsiye edildi\u011fini kontrol edip rahibe bildirece\u011fiz. Daha \u00f6nce el fal\u0131 bakt\u0131rmadan da kendiniz veya sevdikleriniz i\u00e7in ate\u015f seremonisi i\u00e7in rezervasyon yapt\u0131rabilirsiniz. Bu durumda, rezervasyonunuzdan sonra size t\u00f6renin amac\u0131n\u0131 soraca\u011f\u0131z.<\/p>\n<\/div>\n","protected":false},"excerpt":{"rendered":"<p>Bir ate\u015f seremonisi olan &#8220;Homa&#8221;, faydal\u0131 enerjileri hayat\u0131n\u0131za davet etmek i\u00e7in g\u00fc\u00e7l\u00fc bir enerjik ara\u00e7t\u0131r ve kendiniz veya sevdikleriniz i\u00e7in bir\u00e7ok farkl\u0131 ama\u00e7 i\u00e7in ger\u00e7ekle\u015ftirilebilir. Ate\u015f seremonisi i\u00e7in rezervasyon yapt\u0131ktan sonra, seremoninin ne zaman yap\u0131lmas\u0131n\u0131 istedi\u011finizi se\u00e7meniz i\u00e7in bir takvim ba\u011flant\u0131s\u0131 alacaks\u0131n\u0131z&#8230; <\/p>\n","protected":false},"featured_media":9915,"comment_status":"open","ping_status":"closed","template":"","meta":{"_acf_changed":false},"product_brand":[],"product_cat":[362],"product_tag":[],"class_list":{"0":"post-39026","1":"product","2":"type-product","3":"status-publish","4":"has-post-thumbnail","6":"product_cat-uncategorized-tr","8":"first","9":"instock","10":"virtual","11":"purchasable","12":"product-type-simple"},"exclude_global_add_ons":[],"addons":[],"acf":[],"yoast_head":"<!-- This site is optimized with the Yoast SEO plugin v26.4 - https:\/\/yoast.com\/wordpress\/plugins\/seo\/ -->\n<title>Ate\u015f t\u00f6reni - Homa - My Palm Leaf<\/title>\n<meta name=\"description\" content=\"Kadim bir ar\u0131nma rit\u00fceli olan ate\u015f t\u00f6reni ile negatif enerjilerden kurtulun, spirit\u00fcel dengeyi sa\u011flay\u0131n ve ilahi enerjilerle ba\u011flant\u0131n\u0131z\u0131 g\u00fc\u00e7lendirin.\" \/>\n<meta name=\"robots\" content=\"index, follow, max-snippet:-1, max-image-preview:large, max-video-preview:-1\" \/>\n<link rel=\"canonical\" href=\"https:\/\/mypalmleaf.com\/prices\/fire-ceremony-homa\/\" \/>\n<meta property=\"og:locale\" content=\"tr_TR\" \/>\n<meta property=\"og:type\" content=\"article\" \/>\n<meta property=\"og:title\" content=\"Ate\u015f t\u00f6reni - Homa - My Palm Leaf\" \/>\n<meta property=\"og:description\" content=\"Kadim bir ar\u0131nma rit\u00fceli olan ate\u015f t\u00f6reni ile negatif enerjilerden kurtulun, spirit\u00fcel dengeyi sa\u011flay\u0131n ve ilahi enerjilerle ba\u011flant\u0131n\u0131z\u0131 g\u00fc\u00e7lendirin.\" \/>\n<meta property=\"og:url\" content=\"https:\/\/mypalmleaf.com\/prices\/fire-ceremony-homa\/\" \/>\n<meta property=\"og:site_name\" content=\"My Palm Leaf\" \/>\n<meta property=\"article:modified_time\" content=\"2025-04-24T05:29:29+00:00\" \/>\n<meta property=\"og:image\" content=\"https:\/\/mypalmleaf.com\/wp-content\/uploads\/2024\/09\/mantra-product-page-2-1.jpg\" \/>\n\t<meta property=\"og:image:width\" content=\"800\" \/>\n\t<meta property=\"og:image:height\" content=\"444\" \/>\n\t<meta property=\"og:image:type\" content=\"image\/jpeg\" \/>\n<meta name=\"twitter:card\" content=\"summary_large_image\" \/>\n<meta name=\"twitter:label1\" content=\"Tahmini okuma s\u00fcresi\" \/>\n\t<meta name=\"twitter:data1\" content=\"1 dakika\" \/>\n<script type=\"application\/ld+json\" class=\"yoast-schema-graph\">{\"@context\":\"https:\/\/schema.org\",\"@graph\":[{\"@type\":\"WebPage\",\"@id\":\"https:\/\/mypalmleaf.com\/prices\/fire-ceremony-homa\/\",\"url\":\"https:\/\/mypalmleaf.com\/prices\/fire-ceremony-homa\/\",\"name\":\"Ate\u015f t\u00f6reni - Homa - My Palm Leaf\",\"isPartOf\":{\"@id\":\"https:\/\/mypalmleaf.com\/#website\"},\"primaryImageOfPage\":{\"@id\":\"https:\/\/mypalmleaf.com\/prices\/fire-ceremony-homa\/#primaryimage\"},\"image\":{\"@id\":\"https:\/\/mypalmleaf.com\/prices\/fire-ceremony-homa\/#primaryimage\"},\"thumbnailUrl\":\"https:\/\/mypalmleaf.com\/wp-content\/uploads\/2024\/09\/mantra-product-page-2-1.jpg\",\"datePublished\":\"2024-09-04T10:56:25+00:00\",\"dateModified\":\"2025-04-24T05:29:29+00:00\",\"description\":\"Kadim bir ar\u0131nma rit\u00fceli olan ate\u015f t\u00f6reni ile negatif enerjilerden kurtulun, spirit\u00fcel dengeyi sa\u011flay\u0131n ve ilahi enerjilerle ba\u011flant\u0131n\u0131z\u0131 g\u00fc\u00e7lendirin.\",\"breadcrumb\":{\"@id\":\"https:\/\/mypalmleaf.com\/prices\/fire-ceremony-homa\/#breadcrumb\"},\"inLanguage\":\"tr\",\"potentialAction\":[{\"@type\":\"ReadAction\",\"target\":[\"https:\/\/mypalmleaf.com\/prices\/fire-ceremony-homa\/\"]}]},{\"@type\":\"ImageObject\",\"inLanguage\":\"tr\",\"@id\":\"https:\/\/mypalmleaf.com\/prices\/fire-ceremony-homa\/#primaryimage\",\"url\":\"https:\/\/mypalmleaf.com\/wp-content\/uploads\/2024\/09\/mantra-product-page-2-1.jpg\",\"contentUrl\":\"https:\/\/mypalmleaf.com\/wp-content\/uploads\/2024\/09\/mantra-product-page-2-1.jpg\",\"width\":800,\"height\":444,\"caption\":\"Homa procedure-1\"},{\"@type\":\"BreadcrumbList\",\"@id\":\"https:\/\/mypalmleaf.com\/prices\/fire-ceremony-homa\/#breadcrumb\",\"itemListElement\":[{\"@type\":\"ListItem\",\"position\":1,\"name\":\"Home\",\"item\":\"https:\/\/mypalmleaf.com\/tr\/\"},{\"@type\":\"ListItem\",\"position\":2,\"name\":\"Shop\",\"item\":\"https:\/\/mypalmleaf.com\/et\/shop\/\"},{\"@type\":\"ListItem\",\"position\":3,\"name\":\"Ate\u015f t\u00f6reni &#8211; Homa\"}]},{\"@type\":\"WebSite\",\"@id\":\"https:\/\/mypalmleaf.com\/#website\",\"url\":\"https:\/\/mypalmleaf.com\/\",\"name\":\"My Palm Leaf\",\"description\":\"\",\"potentialAction\":[{\"@type\":\"SearchAction\",\"target\":{\"@type\":\"EntryPoint\",\"urlTemplate\":\"https:\/\/mypalmleaf.com\/?s={search_term_string}\"},\"query-input\":{\"@type\":\"PropertyValueSpecification\",\"valueRequired\":true,\"valueName\":\"search_term_string\"}}],\"inLanguage\":\"tr\"}]}<\/script>\n<!-- \/ Yoast SEO plugin. -->","yoast_head_json":{"title":"Ate\u015f t\u00f6reni - Homa - My Palm Leaf","description":"Kadim bir ar\u0131nma rit\u00fceli olan ate\u015f t\u00f6reni ile negatif enerjilerden kurtulun, spirit\u00fcel dengeyi sa\u011flay\u0131n ve ilahi enerjilerle ba\u011flant\u0131n\u0131z\u0131 g\u00fc\u00e7lendirin.","robots":{"index":"index","follow":"follow","max-snippet":"max-snippet:-1","max-image-preview":"max-image-preview:large","max-video-preview":"max-video-preview:-1"},"canonical":"https:\/\/mypalmleaf.com\/prices\/fire-ceremony-homa\/","og_locale":"tr_TR","og_type":"article","og_title":"Ate\u015f t\u00f6reni - Homa - My Palm Leaf","og_description":"Kadim bir ar\u0131nma rit\u00fceli olan ate\u015f t\u00f6reni ile negatif enerjilerden kurtulun, spirit\u00fcel dengeyi sa\u011flay\u0131n ve ilahi enerjilerle ba\u011flant\u0131n\u0131z\u0131 g\u00fc\u00e7lendirin.","og_url":"https:\/\/mypalmleaf.com\/prices\/fire-ceremony-homa\/","og_site_name":"My Palm Leaf","article_modified_time":"2025-04-24T05:29:29+00:00","og_image":[{"width":800,"height":444,"url":"https:\/\/mypalmleaf.com\/wp-content\/uploads\/2024\/09\/mantra-product-page-2-1.jpg","type":"image\/jpeg"}],"twitter_card":"summary_large_image","twitter_misc":{"Tahmini okuma s\u00fcresi":"1 dakika"},"schema":{"@context":"https:\/\/schema.org","@graph":[{"@type":"WebPage","@id":"https:\/\/mypalmleaf.com\/prices\/fire-ceremony-homa\/","url":"https:\/\/mypalmleaf.com\/prices\/fire-ceremony-homa\/","name":"Ate\u015f t\u00f6reni - Homa - My Palm Leaf","isPartOf":{"@id":"https:\/\/mypalmleaf.com\/#website"},"primaryImageOfPage":{"@id":"https:\/\/mypalmleaf.com\/prices\/fire-ceremony-homa\/#primaryimage"},"image":{"@id":"https:\/\/mypalmleaf.com\/prices\/fire-ceremony-homa\/#primaryimage"},"thumbnailUrl":"https:\/\/mypalmleaf.com\/wp-content\/uploads\/2024\/09\/mantra-product-page-2-1.jpg","datePublished":"2024-09-04T10:56:25+00:00","dateModified":"2025-04-24T05:29:29+00:00","description":"Kadim bir ar\u0131nma rit\u00fceli olan ate\u015f t\u00f6reni ile negatif enerjilerden kurtulun, spirit\u00fcel dengeyi sa\u011flay\u0131n ve ilahi enerjilerle ba\u011flant\u0131n\u0131z\u0131 g\u00fc\u00e7lendirin.","breadcrumb":{"@id":"https:\/\/mypalmleaf.com\/prices\/fire-ceremony-homa\/#breadcrumb"},"inLanguage":"tr","potentialAction":[{"@type":"ReadAction","target":["https:\/\/mypalmleaf.com\/prices\/fire-ceremony-homa\/"]}]},{"@type":"ImageObject","inLanguage":"tr","@id":"https:\/\/mypalmleaf.com\/prices\/fire-ceremony-homa\/#primaryimage","url":"https:\/\/mypalmleaf.com\/wp-content\/uploads\/2024\/09\/mantra-product-page-2-1.jpg","contentUrl":"https:\/\/mypalmleaf.com\/wp-content\/uploads\/2024\/09\/mantra-product-page-2-1.jpg","width":800,"height":444,"caption":"Homa procedure-1"},{"@type":"BreadcrumbList","@id":"https:\/\/mypalmleaf.com\/prices\/fire-ceremony-homa\/#breadcrumb","itemListElement":[{"@type":"ListItem","position":1,"name":"Home","item":"https:\/\/mypalmleaf.com\/tr\/"},{"@type":"ListItem","position":2,"name":"Shop","item":"https:\/\/mypalmleaf.com\/et\/shop\/"},{"@type":"ListItem","position":3,"name":"Ate\u015f t\u00f6reni &#8211; Homa"}]},{"@type":"WebSite","@id":"https:\/\/mypalmleaf.com\/#website","url":"https:\/\/mypalmleaf.com\/","name":"My Palm Leaf","description":"","potentialAction":[{"@type":"SearchAction","target":{"@type":"EntryPoint","urlTemplate":"https:\/\/mypalmleaf.com\/?s={search_term_string}"},"query-input":{"@type":"PropertyValueSpecification","valueRequired":true,"valueName":"search_term_string"}}],"inLanguage":"tr"}]}},"_links":{"self":[{"href":"https:\/\/mypalmleaf.com\/tr\/wp-json\/wp\/v2\/product\/39026","targetHints":{"allow":["GET"]}}],"collection":[{"href":"https:\/\/mypalmleaf.com\/tr\/wp-json\/wp\/v2\/product"}],"about":[{"href":"https:\/\/mypalmleaf.com\/tr\/wp-json\/wp\/v2\/types\/product"}],"replies":[{"embeddable":true,"href":"https:\/\/mypalmleaf.com\/tr\/wp-json\/wp\/v2\/comments?post=39026"}],"wp:featuredmedia":[{"embeddable":true,"href":"https:\/\/mypalmleaf.com\/tr\/wp-json\/wp\/v2\/media\/9915"}],"wp:attachment":[{"href":"https:\/\/mypalmleaf.com\/tr\/wp-json\/wp\/v2\/media?parent=39026"}],"wp:term":[{"taxonomy":"product_brand","embeddable":true,"href":"https:\/\/mypalmleaf.com\/tr\/wp-json\/wp\/v2\/product_brand?post=39026"},{"taxonomy":"product_cat","embeddable":true,"href":"https:\/\/mypalmleaf.com\/tr\/wp-json\/wp\/v2\/product_cat?post=39026"},{"taxonomy":"product_tag","embeddable":true,"href":"https:\/\/mypalmleaf.com\/tr\/wp-json\/wp\/v2\/product_tag?post=39026"}],"curies":[{"name":"wp","href":"https:\/\/api.w.org\/{rel}","templated":true}]}}