{"id":40143,"date":"2024-09-04T10:57:16","date_gmt":"2024-09-04T10:57:16","guid":{"rendered":"https:\/\/mypalmleaf.com\/prices\/hindistanda-sizin-icin-gerceklestirilen-ozel-mantra-yantra-pooja\/"},"modified":"2025-03-31T11:05:03","modified_gmt":"2025-03-31T11:05:03","slug":"hindistanda-sizin-icin-gerceklestirilen-ozel-mantra-yantra-pooja","status":"publish","type":"product","link":"https:\/\/mypalmleaf.com\/tr\/prices\/hindistanda-sizin-icin-gerceklestirilen-ozel-mantra-yantra-pooja\/","title":{"rendered":"Hindistan&#8217;da sizin i\u00e7in ger\u00e7ekle\u015ftirilen \u00f6zel mantra yantra pooja"},"content":{"rendered":"<p>Avu\u00e7 \u0130\u00e7i Yapra\u011f\u0131 okumas\u0131nda Rishiler taraf\u0131ndan size verilen tavsiyelere dayanarak, bir Hint tap\u0131na\u011f\u0131nda bir rahip taraf\u0131ndan sizin i\u00e7in \u00e7ok \u00f6zel bir t\u00f6ren ger\u00e7ekle\u015ftirilecektir.<\/p>\n<p>Bu enerjileri ve kutsamalar\u0131 hayat\u0131n\u0131za \u00e7a\u011f\u0131rmak i\u00e7in belirli dualar ve mantralarla g\u00fcnde iki kez rit\u00fceli ger\u00e7ekle\u015ftirecektir.<\/p>\n<p>Rit\u00fcel s\u0131ras\u0131nda, bak\u0131r bir Yantra (kutsal geometrik diyagram) rit\u00fcelin enerjisiyle \u015farj edilecek ve tamamland\u0131ktan sonra size g\u00f6nderilecektir.<\/p>\n","protected":false},"excerpt":{"rendered":"<p>Rishiler taraf\u0131ndan size verilen tavsiyeye dayanarak, Palmiye Yapra\u011f\u0131 okumas\u0131nda, bir Hint tap\u0131na\u011f\u0131nda bir rahip taraf\u0131ndan sizin i\u00e7in \u00e7ok \u00f6zel bir t\u00f6ren ger\u00e7ekle\u015ftirilecektir&#8230;<\/p>\n","protected":false},"featured_media":3189,"comment_status":"open","ping_status":"closed","template":"","meta":{"_acf_changed":false},"product_brand":[],"product_cat":[362],"product_tag":[],"class_list":{"0":"post-40143","1":"product","2":"type-product","3":"status-publish","4":"has-post-thumbnail","6":"product_cat-uncategorized-tr","8":"first","9":"instock","10":"purchasable","11":"product-type-variable"},"exclude_global_add_ons":[],"addons":[],"acf":[],"yoast_head":"<!-- This site is optimized with the Yoast SEO plugin v26.4 - https:\/\/yoast.com\/wordpress\/plugins\/seo\/ -->\n<title>\u00d6zel Mantra Yantra Pooja Hizmeti Hindistan\u2019da \u2013 My Palm Leaf<\/title>\n<meta name=\"description\" content=\"Hindistan\u2019da sizin i\u00e7in \u00f6zel olarak ger\u00e7ekle\u015ftirilen Mantra Yantra Pooja ile enerjinizi y\u00fckseltin ve ruhsal g\u00fcc\u00fcn\u00fcz\u00fc art\u0131r\u0131n hemen \u015fimdi burada.\" \/>\n<meta name=\"robots\" content=\"index, follow, max-snippet:-1, max-image-preview:large, max-video-preview:-1\" \/>\n<link rel=\"canonical\" href=\"https:\/\/mypalmleaf.com\/prices\/specific-mantra-yantra-pooja-performed-for-you-in-india\/\" \/>\n<meta property=\"og:locale\" content=\"tr_TR\" \/>\n<meta property=\"og:type\" content=\"article\" \/>\n<meta property=\"og:title\" content=\"\u00d6zel Mantra Yantra Pooja Hizmeti Hindistan\u2019da \u2013 My Palm Leaf\" \/>\n<meta property=\"og:description\" content=\"Hindistan\u2019da sizin i\u00e7in \u00f6zel olarak ger\u00e7ekle\u015ftirilen Mantra Yantra Pooja ile enerjinizi y\u00fckseltin ve ruhsal g\u00fcc\u00fcn\u00fcz\u00fc art\u0131r\u0131n hemen \u015fimdi burada.\" \/>\n<meta property=\"og:url\" content=\"https:\/\/mypalmleaf.com\/prices\/specific-mantra-yantra-pooja-performed-for-you-in-india\/\" \/>\n<meta property=\"og:site_name\" content=\"My Palm Leaf\" \/>\n<meta property=\"article:modified_time\" content=\"2025-03-31T11:05:03+00:00\" \/>\n<meta property=\"og:image\" content=\"https:\/\/mypalmleaf.com\/wp-content\/uploads\/2024\/09\/mantra-product-page-1-1.jpg\" \/>\n\t<meta property=\"og:image:width\" content=\"800\" \/>\n\t<meta property=\"og:image:height\" content=\"444\" \/>\n\t<meta property=\"og:image:type\" content=\"image\/jpeg\" \/>\n<meta name=\"twitter:card\" content=\"summary_large_image\" \/>\n<meta name=\"twitter:label1\" content=\"Tahmini okuma s\u00fcresi\" \/>\n\t<meta name=\"twitter:data1\" content=\"1 dakika\" \/>\n<script type=\"application\/ld+json\" class=\"yoast-schema-graph\">{\"@context\":\"https:\/\/schema.org\",\"@graph\":[{\"@type\":\"WebPage\",\"@id\":\"https:\/\/mypalmleaf.com\/prices\/specific-mantra-yantra-pooja-performed-for-you-in-india\/\",\"url\":\"https:\/\/mypalmleaf.com\/prices\/specific-mantra-yantra-pooja-performed-for-you-in-india\/\",\"name\":\"\u00d6zel Mantra Yantra Pooja Hizmeti Hindistan\u2019da \u2013 My Palm Leaf\",\"isPartOf\":{\"@id\":\"https:\/\/mypalmleaf.com\/#website\"},\"primaryImageOfPage\":{\"@id\":\"https:\/\/mypalmleaf.com\/prices\/specific-mantra-yantra-pooja-performed-for-you-in-india\/#primaryimage\"},\"image\":{\"@id\":\"https:\/\/mypalmleaf.com\/prices\/specific-mantra-yantra-pooja-performed-for-you-in-india\/#primaryimage\"},\"thumbnailUrl\":\"https:\/\/mypalmleaf.com\/wp-content\/uploads\/2024\/09\/mantra-product-page-1-1.jpg\",\"datePublished\":\"2024-09-04T10:57:16+00:00\",\"dateModified\":\"2025-03-31T11:05:03+00:00\",\"description\":\"Hindistan\u2019da sizin i\u00e7in \u00f6zel olarak ger\u00e7ekle\u015ftirilen Mantra Yantra Pooja ile enerjinizi y\u00fckseltin ve ruhsal g\u00fcc\u00fcn\u00fcz\u00fc art\u0131r\u0131n hemen \u015fimdi burada.\",\"breadcrumb\":{\"@id\":\"https:\/\/mypalmleaf.com\/prices\/specific-mantra-yantra-pooja-performed-for-you-in-india\/#breadcrumb\"},\"inLanguage\":\"tr\",\"potentialAction\":[{\"@type\":\"ReadAction\",\"target\":[\"https:\/\/mypalmleaf.com\/prices\/specific-mantra-yantra-pooja-performed-for-you-in-india\/\"]}]},{\"@type\":\"ImageObject\",\"inLanguage\":\"tr\",\"@id\":\"https:\/\/mypalmleaf.com\/prices\/specific-mantra-yantra-pooja-performed-for-you-in-india\/#primaryimage\",\"url\":\"https:\/\/mypalmleaf.com\/wp-content\/uploads\/2024\/09\/mantra-product-page-1-1.jpg\",\"contentUrl\":\"https:\/\/mypalmleaf.com\/wp-content\/uploads\/2024\/09\/mantra-product-page-1-1.jpg\",\"width\":800,\"height\":444,\"caption\":\"Homa procedure-2\"},{\"@type\":\"BreadcrumbList\",\"@id\":\"https:\/\/mypalmleaf.com\/prices\/specific-mantra-yantra-pooja-performed-for-you-in-india\/#breadcrumb\",\"itemListElement\":[{\"@type\":\"ListItem\",\"position\":1,\"name\":\"Home\",\"item\":\"https:\/\/mypalmleaf.com\/tr\/\"},{\"@type\":\"ListItem\",\"position\":2,\"name\":\"Shop\",\"item\":\"https:\/\/mypalmleaf.com\/et\/shop\/\"},{\"@type\":\"ListItem\",\"position\":3,\"name\":\"Hindistan&#8217;da sizin i\u00e7in ger\u00e7ekle\u015ftirilen \u00f6zel mantra yantra pooja\"}]},{\"@type\":\"WebSite\",\"@id\":\"https:\/\/mypalmleaf.com\/#website\",\"url\":\"https:\/\/mypalmleaf.com\/\",\"name\":\"My Palm Leaf\",\"description\":\"\",\"potentialAction\":[{\"@type\":\"SearchAction\",\"target\":{\"@type\":\"EntryPoint\",\"urlTemplate\":\"https:\/\/mypalmleaf.com\/?s={search_term_string}\"},\"query-input\":{\"@type\":\"PropertyValueSpecification\",\"valueRequired\":true,\"valueName\":\"search_term_string\"}}],\"inLanguage\":\"tr\"}]}<\/script>\n<!-- \/ Yoast SEO plugin. -->","yoast_head_json":{"title":"\u00d6zel Mantra Yantra Pooja Hizmeti Hindistan\u2019da \u2013 My Palm Leaf","description":"Hindistan\u2019da sizin i\u00e7in \u00f6zel olarak ger\u00e7ekle\u015ftirilen Mantra Yantra Pooja ile enerjinizi y\u00fckseltin ve ruhsal g\u00fcc\u00fcn\u00fcz\u00fc art\u0131r\u0131n hemen \u015fimdi burada.","robots":{"index":"index","follow":"follow","max-snippet":"max-snippet:-1","max-image-preview":"max-image-preview:large","max-video-preview":"max-video-preview:-1"},"canonical":"https:\/\/mypalmleaf.com\/prices\/specific-mantra-yantra-pooja-performed-for-you-in-india\/","og_locale":"tr_TR","og_type":"article","og_title":"\u00d6zel Mantra Yantra Pooja Hizmeti Hindistan\u2019da \u2013 My Palm Leaf","og_description":"Hindistan\u2019da sizin i\u00e7in \u00f6zel olarak ger\u00e7ekle\u015ftirilen Mantra Yantra Pooja ile enerjinizi y\u00fckseltin ve ruhsal g\u00fcc\u00fcn\u00fcz\u00fc art\u0131r\u0131n hemen \u015fimdi burada.","og_url":"https:\/\/mypalmleaf.com\/prices\/specific-mantra-yantra-pooja-performed-for-you-in-india\/","og_site_name":"My Palm Leaf","article_modified_time":"2025-03-31T11:05:03+00:00","og_image":[{"width":800,"height":444,"url":"https:\/\/mypalmleaf.com\/wp-content\/uploads\/2024\/09\/mantra-product-page-1-1.jpg","type":"image\/jpeg"}],"twitter_card":"summary_large_image","twitter_misc":{"Tahmini okuma s\u00fcresi":"1 dakika"},"schema":{"@context":"https:\/\/schema.org","@graph":[{"@type":"WebPage","@id":"https:\/\/mypalmleaf.com\/prices\/specific-mantra-yantra-pooja-performed-for-you-in-india\/","url":"https:\/\/mypalmleaf.com\/prices\/specific-mantra-yantra-pooja-performed-for-you-in-india\/","name":"\u00d6zel Mantra Yantra Pooja Hizmeti Hindistan\u2019da \u2013 My Palm Leaf","isPartOf":{"@id":"https:\/\/mypalmleaf.com\/#website"},"primaryImageOfPage":{"@id":"https:\/\/mypalmleaf.com\/prices\/specific-mantra-yantra-pooja-performed-for-you-in-india\/#primaryimage"},"image":{"@id":"https:\/\/mypalmleaf.com\/prices\/specific-mantra-yantra-pooja-performed-for-you-in-india\/#primaryimage"},"thumbnailUrl":"https:\/\/mypalmleaf.com\/wp-content\/uploads\/2024\/09\/mantra-product-page-1-1.jpg","datePublished":"2024-09-04T10:57:16+00:00","dateModified":"2025-03-31T11:05:03+00:00","description":"Hindistan\u2019da sizin i\u00e7in \u00f6zel olarak ger\u00e7ekle\u015ftirilen Mantra Yantra Pooja ile enerjinizi y\u00fckseltin ve ruhsal g\u00fcc\u00fcn\u00fcz\u00fc art\u0131r\u0131n hemen \u015fimdi burada.","breadcrumb":{"@id":"https:\/\/mypalmleaf.com\/prices\/specific-mantra-yantra-pooja-performed-for-you-in-india\/#breadcrumb"},"inLanguage":"tr","potentialAction":[{"@type":"ReadAction","target":["https:\/\/mypalmleaf.com\/prices\/specific-mantra-yantra-pooja-performed-for-you-in-india\/"]}]},{"@type":"ImageObject","inLanguage":"tr","@id":"https:\/\/mypalmleaf.com\/prices\/specific-mantra-yantra-pooja-performed-for-you-in-india\/#primaryimage","url":"https:\/\/mypalmleaf.com\/wp-content\/uploads\/2024\/09\/mantra-product-page-1-1.jpg","contentUrl":"https:\/\/mypalmleaf.com\/wp-content\/uploads\/2024\/09\/mantra-product-page-1-1.jpg","width":800,"height":444,"caption":"Homa procedure-2"},{"@type":"BreadcrumbList","@id":"https:\/\/mypalmleaf.com\/prices\/specific-mantra-yantra-pooja-performed-for-you-in-india\/#breadcrumb","itemListElement":[{"@type":"ListItem","position":1,"name":"Home","item":"https:\/\/mypalmleaf.com\/tr\/"},{"@type":"ListItem","position":2,"name":"Shop","item":"https:\/\/mypalmleaf.com\/et\/shop\/"},{"@type":"ListItem","position":3,"name":"Hindistan&#8217;da sizin i\u00e7in ger\u00e7ekle\u015ftirilen \u00f6zel mantra yantra pooja"}]},{"@type":"WebSite","@id":"https:\/\/mypalmleaf.com\/#website","url":"https:\/\/mypalmleaf.com\/","name":"My Palm Leaf","description":"","potentialAction":[{"@type":"SearchAction","target":{"@type":"EntryPoint","urlTemplate":"https:\/\/mypalmleaf.com\/?s={search_term_string}"},"query-input":{"@type":"PropertyValueSpecification","valueRequired":true,"valueName":"search_term_string"}}],"inLanguage":"tr"}]}},"_links":{"self":[{"href":"https:\/\/mypalmleaf.com\/tr\/wp-json\/wp\/v2\/product\/40143","targetHints":{"allow":["GET"]}}],"collection":[{"href":"https:\/\/mypalmleaf.com\/tr\/wp-json\/wp\/v2\/product"}],"about":[{"href":"https:\/\/mypalmleaf.com\/tr\/wp-json\/wp\/v2\/types\/product"}],"replies":[{"embeddable":true,"href":"https:\/\/mypalmleaf.com\/tr\/wp-json\/wp\/v2\/comments?post=40143"}],"wp:featuredmedia":[{"embeddable":true,"href":"https:\/\/mypalmleaf.com\/tr\/wp-json\/wp\/v2\/media\/3189"}],"wp:attachment":[{"href":"https:\/\/mypalmleaf.com\/tr\/wp-json\/wp\/v2\/media?parent=40143"}],"wp:term":[{"taxonomy":"product_brand","embeddable":true,"href":"https:\/\/mypalmleaf.com\/tr\/wp-json\/wp\/v2\/product_brand?post=40143"},{"taxonomy":"product_cat","embeddable":true,"href":"https:\/\/mypalmleaf.com\/tr\/wp-json\/wp\/v2\/product_cat?post=40143"},{"taxonomy":"product_tag","embeddable":true,"href":"https:\/\/mypalmleaf.com\/tr\/wp-json\/wp\/v2\/product_tag?post=40143"}],"curies":[{"name":"wp","href":"https:\/\/api.w.org\/{rel}","templated":true}]}}