
{"id":40167,"date":"2024-09-04T10:57:26","date_gmt":"2024-09-04T10:57:26","guid":{"rendered":"https:\/\/mypalmleaf.com\/prices\/ek-bolum-okumasi\/"},"modified":"2025-10-09T16:10:39","modified_gmt":"2025-10-09T16:10:39","slug":"ek-bolum-okumasi","status":"publish","type":"product","link":"https:\/\/mypalmleaf.com\/tr\/prices\/ek-bolum-okumasi\/","title":{"rendered":"Mypalmleaf&#8217;da Ek B\u00f6l\u00fcm Okumalar\u0131"},"content":{"rendered":"<div class=\"description\">\n<p><strong>Hizmet \u015funlar\u0131 i\u00e7erir<\/strong><\/p>\n<ul>\n<li>Se\u00e7ti\u011finiz b\u00f6l\u00fcmlerin palmiye yapra\u011f\u0131 k\u00fct\u00fcphanesi taraf\u0131ndan okunmas\u0131<\/li>\n<li>MPL moderat\u00f6r\u00fc taraf\u0131ndan okuma moderasyonu<\/li>\n<li>Video kayd\u0131<\/li>\n<\/ul>\n<\/div>\n<div class=\"additional-addons-wrap\">\n<p>Avu\u00e7 i\u00e7i yapraklar\u0131, her biri bir ki\u015finin hayat\u0131n\u0131n belirli bir konusuna ayr\u0131lm\u0131\u015f 17 b\u00f6l\u00fcme kadar i\u00e7erir.<\/p>\n<p>Genel b\u00f6l\u00fcm okumaya dahildir, bu nedenle ek b\u00f6l\u00fcmler <strong>yaln\u0131zca Genel B\u00f6l\u00fcm okuman\u0131z\u0131 ald\u0131ktan sonra okunabilir<\/strong>.<\/p>\n<p>Hen\u00fcz Genel B\u00f6l\u00fcm Okumas\u0131n\u0131 almad\u0131n\u0131z m\u0131? <a class=\"fw-bold text-body\" href=\"https:\/\/mypalmleaf.com\/tr\/prices\/yaprak-bulma-genel-bolum-okuma\/\">Buradan alabilirsiniz<\/a>.<\/p>\n<p>A\u015fa\u011f\u0131da, herhangi bir ek b\u00f6l\u00fcm\u00fcn okuma hizmetini se\u00e7ebilirsiniz.<\/p>\n<p>\u00d6zel b\u00f6l\u00fcmler, normal b\u00f6l\u00fcmlerden daha uzun ve daha ayr\u0131nt\u0131l\u0131d\u0131r.<\/p>\n<\/div>\n","protected":false},"excerpt":{"rendered":"<p><strong>Hizmet \u015funlar\u0131 i\u00e7erir<\/strong><\/p>\n<ul>\n<li>Se\u00e7ti\u011finiz b\u00f6l\u00fcmlerin palmiye yapra\u011f\u0131 k\u00fct\u00fcphanesi taraf\u0131ndan okunmas\u0131<\/li>\n<li>MPL moderat\u00f6r\u00fc taraf\u0131ndan okuman\u0131n moderasyonu&#8230;<\/li>\n<\/ul>\n","protected":false},"featured_media":9831,"comment_status":"open","ping_status":"closed","template":"","meta":{"_acf_changed":false},"product_brand":[],"product_cat":[362],"product_tag":[],"class_list":{"0":"post-40167","1":"product","2":"type-product","3":"status-publish","4":"has-post-thumbnail","6":"product_cat-uncategorized-tr","8":"first","9":"instock","10":"virtual","11":"taxable","12":"purchasable","13":"product-type-simple"},"exclude_global_add_ons":false,"addons":[{"name":"B\u00f6l\u00fcmler","type":"checkbox","position":0,"required":false,"title_format":"label","description_enable":true,"description":"b\u00f6l\u00fcmler","placeholder_enable":false,"placeholder":null,"display":"select","restrictions_type":"any_text","adjust_price":false,"price":"","price_type":"flat_fee","restrictions":false,"min":0,"max":0,"options":[{"label":"1. Genel B\u00f6l\u00fcm (Bunu Genel Okuma'da zaten duymu\u015ftunuz)","price":"","price_type":"flat_fee","image":0},{"label":"2. E\u011fitim ve Zenginlik","price":"79","price_type":"flat_fee","image":0},{"label":"3. Karde\u015fler","price":"79","price_type":"flat_fee","image":0},{"label":"4. Anneniz, ev, arsa, ara\u00e7lar ve maddi konfor gibi maddi y\u00f6nler","price":"79","price_type":"flat_fee","image":0},{"label":"5. \u00c7ocuklar","price":"79","price_type":"flat_fee","image":0},{"label":"6. D\u00fc\u015fmanlar ve Hastal\u0131klar","price":"79","price_type":"flat_fee","image":0},{"label":"7. Evlilik\/\u0130li\u015fkiler","price":"79","price_type":"flat_fee","image":0},{"label":"8. Ya\u015fam s\u00fcresi","price":"79","price_type":"flat_fee","image":0},{"label":"9. Baban\u0131z ve ruhani yolunuz","price":"79","price_type":"flat_fee","image":0},{"label":"10. Kariyer\/\u0130\u015f\/\u0130\u015fletme","price":"79","price_type":"flat_fee","image":0},{"label":"11. \u015eans, kazan\u00e7, potansiyel ikinci evlilik","price":"79","price_type":"flat_fee","image":0},{"label":"12. D\u0131\u015f ba\u011flant\u0131 ve bir sonraki enkarnasyon","price":"79","price_type":"flat_fee","image":0},{"label":"13. \u00d6nceki do\u011fum ve eski Karma","price":"79","price_type":"flat_fee","image":0},{"label":"14. Ya\u015fam yolunuzu iyile\u015ftirmek i\u00e7in enerjik \u00e7areler (Bunu Genel Okuma'da zaten duymu\u015ftunuz)","price":"","price_type":"flat_fee","image":0},{"label":"15. Ayurveda T\u0131bb\u0131","price":"130","price_type":"flat_fee","image":0},{"label":"16. Ruhsal Geli\u015fim","price":"130","price_type":"flat_fee","image":0},{"label":"17. G\u00fcncel Gezegensel etkiler","price":"130","price_type":"flat_fee","image":0}],"id":1725236907},{"name":"B\u00f6l\u00fcm ba\u015f\u0131na \u00e7eviri","type":"checkbox","position":1,"required":false,"title_format":"label","description_enable":true,"description":"\u00e7eviri","placeholder_enable":false,"placeholder":null,"display":"select","restrictions_type":"any_text","adjust_price":false,"price":"","price_type":"flat_fee","restrictions":false,"min":0,"max":0,"options":[{"label":"\u0130ngilizce","price":"","price_type":"flat_fee","image":0},{"label":"Alman","price":"12","price_type":"flat_fee","image":0},{"label":"Rus\u00e7a","price":"12","price_type":"flat_fee","image":0},{"label":"Japonca","price":"12","price_type":"flat_fee","image":0},{"label":"\u0130talyan","price":"12","price_type":"flat_fee","image":0},{"label":"Frans\u0131zca","price":"12","price_type":"flat_fee","image":0},{"label":"\u0130spanyolca","price":"12","price_type":"flat_fee","image":0},{"label":"Hollandaca","price":"12","price_type":"flat_fee","image":0},{"label":"Di\u011ferleri","price":"12","price_type":"flat_fee","image":0}],"id":1725236908},{"name":"B\u00f6l\u00fcm ba\u015f\u0131na transkripsiyon","type":"checkbox","position":2,"required":false,"title_format":"label","description_enable":true,"description":"transkripsiyon","placeholder_enable":false,"placeholder":null,"display":"select","restrictions_type":"any_text","adjust_price":false,"price":"","price_type":"flat_fee","restrictions":false,"min":0,"max":0,"options":[{"label":"\u0130ngilizce","price":"18","price_type":"flat_fee","image":0},{"label":"Alman","price":"27","price_type":"flat_fee","image":0},{"label":"Rus\u00e7a","price":"27","price_type":"flat_fee","image":0},{"label":"Japonca","price":"27","price_type":"flat_fee","image":0},{"label":"\u0130talyan","price":"27","price_type":"flat_fee","image":0},{"label":"Frans\u0131zca","price":"27","price_type":"flat_fee","image":0},{"label":"\u0130spanyolca","price":"27","price_type":"flat_fee","image":0},{"label":"Hollandaca","price":"27","price_type":"flat_fee","image":0},{"label":"Di\u011ferleri","price":"27","price_type":"flat_fee","image":0}],"id":1725236909}],"acf":[],"yoast_head":"<!-- This site is optimized with the Yoast SEO plugin v26.4 - https:\/\/yoast.com\/wordpress\/plugins\/seo\/ -->\n<title>Kitap Ek B\u00f6l\u00fcmler Okuma | Avu\u00e7 \u0130\u00e7i Yapra\u011f\u0131m - 79 \u20ac ve Sonras\u0131<\/title>\n<meta name=\"description\" content=\"Ek palmiye yapra\u011f\u0131 b\u00f6l\u00fcmleri ile daha derin i\u00e7g\u00f6r\u00fcleri ke\u015ffedin. A\u015fk, kariyer ve ya\u015fam yolunuz hakk\u0131nda netlik kazan\u0131n. Ki\u015fiselle\u015ftirilmi\u015f fal\u0131n\u0131z\u0131 bug\u00fcn My Palm Leaf&#039;te ay\u0131rt\u0131n!\" \/>\n<meta name=\"robots\" content=\"index, follow, max-snippet:-1, max-image-preview:large, max-video-preview:-1\" \/>\n<link rel=\"canonical\" href=\"https:\/\/mypalmleaf.com\/tr\/prices\/ek-bolum-okumasi\/\" \/>\n<meta property=\"og:locale\" content=\"tr_TR\" \/>\n<meta property=\"og:type\" content=\"article\" \/>\n<meta property=\"og:title\" content=\"Kitap Ek B\u00f6l\u00fcmler Okuma | Avu\u00e7 \u0130\u00e7i Yapra\u011f\u0131m - 79 \u20ac ve Sonras\u0131\" \/>\n<meta property=\"og:description\" content=\"Ek palmiye yapra\u011f\u0131 b\u00f6l\u00fcmleri ile daha derin i\u00e7g\u00f6r\u00fcleri ke\u015ffedin. A\u015fk, kariyer ve ya\u015fam yolunuz hakk\u0131nda netlik kazan\u0131n. Ki\u015fiselle\u015ftirilmi\u015f fal\u0131n\u0131z\u0131 bug\u00fcn My Palm Leaf&#039;te ay\u0131rt\u0131n!\" \/>\n<meta property=\"og:url\" content=\"https:\/\/mypalmleaf.com\/tr\/prices\/ek-bolum-okumasi\/\" \/>\n<meta property=\"og:site_name\" content=\"My Palm Leaf\" \/>\n<meta property=\"article:modified_time\" content=\"2025-10-09T16:10:39+00:00\" \/>\n<meta property=\"og:image\" content=\"https:\/\/mypalmleaf.com\/wp-content\/uploads\/2024\/09\/services-thumb-2.jpg\" \/>\n\t<meta property=\"og:image:width\" content=\"800\" \/>\n\t<meta property=\"og:image:height\" content=\"444\" \/>\n\t<meta property=\"og:image:type\" content=\"image\/jpeg\" \/>\n<meta name=\"twitter:card\" content=\"summary_large_image\" \/>\n<meta name=\"twitter:label1\" content=\"Tahmini okuma s\u00fcresi\" \/>\n\t<meta name=\"twitter:data1\" content=\"1 dakika\" \/>\n<script type=\"application\/ld+json\" class=\"yoast-schema-graph\">{\"@context\":\"https:\/\/schema.org\",\"@graph\":[{\"@type\":\"WebPage\",\"@id\":\"https:\/\/mypalmleaf.com\/tr\/prices\/ek-bolum-okumasi\/\",\"url\":\"https:\/\/mypalmleaf.com\/tr\/prices\/ek-bolum-okumasi\/\",\"name\":\"Kitap Ek B\u00f6l\u00fcmler Okuma | Avu\u00e7 \u0130\u00e7i Yapra\u011f\u0131m - 79 \u20ac ve Sonras\u0131\",\"isPartOf\":{\"@id\":\"https:\/\/mypalmleaf.com\/#website\"},\"primaryImageOfPage\":{\"@id\":\"https:\/\/mypalmleaf.com\/tr\/prices\/ek-bolum-okumasi\/#primaryimage\"},\"image\":{\"@id\":\"https:\/\/mypalmleaf.com\/tr\/prices\/ek-bolum-okumasi\/#primaryimage\"},\"thumbnailUrl\":\"https:\/\/mypalmleaf.com\/wp-content\/uploads\/2024\/09\/services-thumb-2.jpg\",\"datePublished\":\"2024-09-04T10:57:26+00:00\",\"dateModified\":\"2025-10-09T16:10:39+00:00\",\"description\":\"Ek palmiye yapra\u011f\u0131 b\u00f6l\u00fcmleri ile daha derin i\u00e7g\u00f6r\u00fcleri ke\u015ffedin. A\u015fk, kariyer ve ya\u015fam yolunuz hakk\u0131nda netlik kazan\u0131n. Ki\u015fiselle\u015ftirilmi\u015f fal\u0131n\u0131z\u0131 bug\u00fcn My Palm Leaf'te ay\u0131rt\u0131n!\",\"breadcrumb\":{\"@id\":\"https:\/\/mypalmleaf.com\/tr\/prices\/ek-bolum-okumasi\/#breadcrumb\"},\"inLanguage\":\"tr\",\"potentialAction\":[{\"@type\":\"ReadAction\",\"target\":[\"https:\/\/mypalmleaf.com\/tr\/prices\/ek-bolum-okumasi\/\"]}]},{\"@type\":\"ImageObject\",\"inLanguage\":\"tr\",\"@id\":\"https:\/\/mypalmleaf.com\/tr\/prices\/ek-bolum-okumasi\/#primaryimage\",\"url\":\"https:\/\/mypalmleaf.com\/wp-content\/uploads\/2024\/09\/services-thumb-2.jpg\",\"contentUrl\":\"https:\/\/mypalmleaf.com\/wp-content\/uploads\/2024\/09\/services-thumb-2.jpg\",\"width\":800,\"height\":444,\"caption\":\"Palm leaves-548\"},{\"@type\":\"BreadcrumbList\",\"@id\":\"https:\/\/mypalmleaf.com\/tr\/prices\/ek-bolum-okumasi\/#breadcrumb\",\"itemListElement\":[{\"@type\":\"ListItem\",\"position\":1,\"name\":\"Home\",\"item\":\"https:\/\/mypalmleaf.com\/tr\/\"},{\"@type\":\"ListItem\",\"position\":2,\"name\":\"Shop\",\"item\":\"https:\/\/mypalmleaf.com\/et\/shop\/\"},{\"@type\":\"ListItem\",\"position\":3,\"name\":\"Mypalmleaf&#8217;da Ek B\u00f6l\u00fcm Okumalar\u0131\"}]},{\"@type\":\"WebSite\",\"@id\":\"https:\/\/mypalmleaf.com\/#website\",\"url\":\"https:\/\/mypalmleaf.com\/\",\"name\":\"My Palm Leaf\",\"description\":\"\",\"potentialAction\":[{\"@type\":\"SearchAction\",\"target\":{\"@type\":\"EntryPoint\",\"urlTemplate\":\"https:\/\/mypalmleaf.com\/?s={search_term_string}\"},\"query-input\":{\"@type\":\"PropertyValueSpecification\",\"valueRequired\":true,\"valueName\":\"search_term_string\"}}],\"inLanguage\":\"tr\"}]}<\/script>\n<!-- \/ Yoast SEO plugin. -->","yoast_head_json":{"title":"Kitap Ek B\u00f6l\u00fcmler Okuma | Avu\u00e7 \u0130\u00e7i Yapra\u011f\u0131m - 79 \u20ac ve Sonras\u0131","description":"Ek palmiye yapra\u011f\u0131 b\u00f6l\u00fcmleri ile daha derin i\u00e7g\u00f6r\u00fcleri ke\u015ffedin. A\u015fk, kariyer ve ya\u015fam yolunuz hakk\u0131nda netlik kazan\u0131n. Ki\u015fiselle\u015ftirilmi\u015f fal\u0131n\u0131z\u0131 bug\u00fcn My Palm Leaf'te ay\u0131rt\u0131n!","robots":{"index":"index","follow":"follow","max-snippet":"max-snippet:-1","max-image-preview":"max-image-preview:large","max-video-preview":"max-video-preview:-1"},"canonical":"https:\/\/mypalmleaf.com\/tr\/prices\/ek-bolum-okumasi\/","og_locale":"tr_TR","og_type":"article","og_title":"Kitap Ek B\u00f6l\u00fcmler Okuma | Avu\u00e7 \u0130\u00e7i Yapra\u011f\u0131m - 79 \u20ac ve Sonras\u0131","og_description":"Ek palmiye yapra\u011f\u0131 b\u00f6l\u00fcmleri ile daha derin i\u00e7g\u00f6r\u00fcleri ke\u015ffedin. A\u015fk, kariyer ve ya\u015fam yolunuz hakk\u0131nda netlik kazan\u0131n. Ki\u015fiselle\u015ftirilmi\u015f fal\u0131n\u0131z\u0131 bug\u00fcn My Palm Leaf'te ay\u0131rt\u0131n!","og_url":"https:\/\/mypalmleaf.com\/tr\/prices\/ek-bolum-okumasi\/","og_site_name":"My Palm Leaf","article_modified_time":"2025-10-09T16:10:39+00:00","og_image":[{"width":800,"height":444,"url":"https:\/\/mypalmleaf.com\/wp-content\/uploads\/2024\/09\/services-thumb-2.jpg","type":"image\/jpeg"}],"twitter_card":"summary_large_image","twitter_misc":{"Tahmini okuma s\u00fcresi":"1 dakika"},"schema":{"@context":"https:\/\/schema.org","@graph":[{"@type":"WebPage","@id":"https:\/\/mypalmleaf.com\/tr\/prices\/ek-bolum-okumasi\/","url":"https:\/\/mypalmleaf.com\/tr\/prices\/ek-bolum-okumasi\/","name":"Kitap Ek B\u00f6l\u00fcmler Okuma | Avu\u00e7 \u0130\u00e7i Yapra\u011f\u0131m - 79 \u20ac ve Sonras\u0131","isPartOf":{"@id":"https:\/\/mypalmleaf.com\/#website"},"primaryImageOfPage":{"@id":"https:\/\/mypalmleaf.com\/tr\/prices\/ek-bolum-okumasi\/#primaryimage"},"image":{"@id":"https:\/\/mypalmleaf.com\/tr\/prices\/ek-bolum-okumasi\/#primaryimage"},"thumbnailUrl":"https:\/\/mypalmleaf.com\/wp-content\/uploads\/2024\/09\/services-thumb-2.jpg","datePublished":"2024-09-04T10:57:26+00:00","dateModified":"2025-10-09T16:10:39+00:00","description":"Ek palmiye yapra\u011f\u0131 b\u00f6l\u00fcmleri ile daha derin i\u00e7g\u00f6r\u00fcleri ke\u015ffedin. A\u015fk, kariyer ve ya\u015fam yolunuz hakk\u0131nda netlik kazan\u0131n. Ki\u015fiselle\u015ftirilmi\u015f fal\u0131n\u0131z\u0131 bug\u00fcn My Palm Leaf'te ay\u0131rt\u0131n!","breadcrumb":{"@id":"https:\/\/mypalmleaf.com\/tr\/prices\/ek-bolum-okumasi\/#breadcrumb"},"inLanguage":"tr","potentialAction":[{"@type":"ReadAction","target":["https:\/\/mypalmleaf.com\/tr\/prices\/ek-bolum-okumasi\/"]}]},{"@type":"ImageObject","inLanguage":"tr","@id":"https:\/\/mypalmleaf.com\/tr\/prices\/ek-bolum-okumasi\/#primaryimage","url":"https:\/\/mypalmleaf.com\/wp-content\/uploads\/2024\/09\/services-thumb-2.jpg","contentUrl":"https:\/\/mypalmleaf.com\/wp-content\/uploads\/2024\/09\/services-thumb-2.jpg","width":800,"height":444,"caption":"Palm leaves-548"},{"@type":"BreadcrumbList","@id":"https:\/\/mypalmleaf.com\/tr\/prices\/ek-bolum-okumasi\/#breadcrumb","itemListElement":[{"@type":"ListItem","position":1,"name":"Home","item":"https:\/\/mypalmleaf.com\/tr\/"},{"@type":"ListItem","position":2,"name":"Shop","item":"https:\/\/mypalmleaf.com\/et\/shop\/"},{"@type":"ListItem","position":3,"name":"Mypalmleaf&#8217;da Ek B\u00f6l\u00fcm Okumalar\u0131"}]},{"@type":"WebSite","@id":"https:\/\/mypalmleaf.com\/#website","url":"https:\/\/mypalmleaf.com\/","name":"My Palm Leaf","description":"","potentialAction":[{"@type":"SearchAction","target":{"@type":"EntryPoint","urlTemplate":"https:\/\/mypalmleaf.com\/?s={search_term_string}"},"query-input":{"@type":"PropertyValueSpecification","valueRequired":true,"valueName":"search_term_string"}}],"inLanguage":"tr"}]}},"_links":{"self":[{"href":"https:\/\/mypalmleaf.com\/tr\/wp-json\/wp\/v2\/product\/40167","targetHints":{"allow":["GET"]}}],"collection":[{"href":"https:\/\/mypalmleaf.com\/tr\/wp-json\/wp\/v2\/product"}],"about":[{"href":"https:\/\/mypalmleaf.com\/tr\/wp-json\/wp\/v2\/types\/product"}],"replies":[{"embeddable":true,"href":"https:\/\/mypalmleaf.com\/tr\/wp-json\/wp\/v2\/comments?post=40167"}],"wp:featuredmedia":[{"embeddable":true,"href":"https:\/\/mypalmleaf.com\/tr\/wp-json\/wp\/v2\/media\/9831"}],"wp:attachment":[{"href":"https:\/\/mypalmleaf.com\/tr\/wp-json\/wp\/v2\/media?parent=40167"}],"wp:term":[{"taxonomy":"product_brand","embeddable":true,"href":"https:\/\/mypalmleaf.com\/tr\/wp-json\/wp\/v2\/product_brand?post=40167"},{"taxonomy":"product_cat","embeddable":true,"href":"https:\/\/mypalmleaf.com\/tr\/wp-json\/wp\/v2\/product_cat?post=40167"},{"taxonomy":"product_tag","embeddable":true,"href":"https:\/\/mypalmleaf.com\/tr\/wp-json\/wp\/v2\/product_tag?post=40167"}],"curies":[{"name":"wp","href":"https:\/\/api.w.org\/{rel}","templated":true}]}}